{"id":1013,"date":"2018-09-16T18:41:45","date_gmt":"2018-09-16T16:41:45","guid":{"rendered":"https:\/\/2018.granada.wordcamp.org\/?page_id=1013"},"modified":"2018-10-06T12:50:55","modified_gmt":"2018-10-06T10:50:55","slug":"como-venir-a-granada","status":"publish","type":"page","link":"https:\/\/granada.wordcamp.org\/2018\/informacion-practica\/como-venir-a-granada\/","title":{"rendered":"C\u00f3mo venir a Granada"},"content":{"rendered":"\n<figure class=\"wp-block-embed-twitter wp-block-embed is-type-rich is-provider-twitter\"><div class=\"wp-block-embed__wrapper\">\n<blockquote class=\"twitter-tweet\" data-width=\"550\" data-dnt=\"true\"><p lang=\"es\" dir=\"ltr\">Si vienes a Granada en avi\u00f3n, esta es la forma de llegar en bus al Palacio de Congresos. <a href=\"https:\/\/t.co\/YUCYmvjGhz\">pic.twitter.com\/YUCYmvjGhz<\/a><\/p>&mdash; WordPress Granada (@WPGranada) <a href=\"https:\/\/twitter.com\/WPGranada\/status\/1047798517077614592?ref_src=twsrc%5Etfw\">October 4, 2018<\/a><\/blockquote><script async src=\"https:\/\/platform.twitter.com\/widgets.js\" charset=\"utf-8\"><\/script>\n<\/div><\/figure>\n\n\n<p>Granada dispone de conexiones con todas las principales ciudades de Andaluc\u00eda y otros destinos nacionales. La Alhambra es el segundo monumento m\u00e1s visitado de Espa\u00f1a, de alg\u00fan modo viene toda esa gente \u00bfno?<\/p>\n<p>A nivel general, disponemos de:<\/p>\n<ul>\n<li><strong>Estaci\u00f3n de bus<\/strong> con conexiones a sitios inimaginables. La principal empresa es <a href=\"https:\/\/www.alsa.es\">ALSA<\/a>.<\/li>\n<li><a href=\"http:\/\/www.aena.es\/es\/aeropuerto-federico-garcia-lorca-granada-jaen\/index.html\"><strong>Aeropuerto<\/strong><\/a> con conexiones con: Madrid, Barcelona, Bilbao, Gran Canaria, Palma de Mallorca, Tenerife Sur, Berlin, Londres, Manchester, Milan, Napoles y Par\u00eds. Las principales compa\u00f1\u00edas son: Iberia, Vueling, Air Europa, Air Nostrum y Easyjet. Existe un bus que por 3\u20ac conecta el aeropuerto con el centro de la ciudad, tarda 45 minutos y no hay que mirar horarios porque simplemente sale del aeropuerto cuando aterriza un avi\u00f3n y han salido todos los pasajeros.<\/li>\n<li><strong>Estaci\u00f3n de trenes: <\/strong>Conecta con Almer\u00eda y, mediante AVE con Madrid, Zaragoza y Barcelona con un tramo de 1 hora en bus debido a las obras del AVE. Tambi\u00e9n debido a las obras el precio es reducido.<\/li>\n<li>Conexi\u00f3n con las <strong>autov\u00edas<\/strong> A-92 y A-4\/A-44.<\/li>\n<\/ul>\n<p>\u00bfDesde d\u00f3nde vienes? Te indicamos las opciones que puedes barajar. (Los precios y servicios son aproximados, redondeados y consultados a mediados de Septiembre. Precio de solo ida).<\/p>\n<h2>M\u00e1laga<\/h2>\n<ul>\n<li>Autob\u00fas: Por unos 5-12\u20ac y en 1 horas 45 minutos (ALSA).<\/li>\n<li>Coche: Por la A92 puedes llegar en 1 horas 30 minutos.<\/li>\n<\/ul>\n<h2>Ja\u00e9n<\/h2>\n<ul>\n<li>Autob\u00fas: Por unos 5-9\u20ac y en 1 hora (ALSA).<\/li>\n<li>Coche: Por la A44 puedes llegar en 1 hora.<\/li>\n<li>Tren: Algunos trenes por unos 27\u20ac en 3 horas (RENFE).<\/li>\n<\/ul>\n<h2>Almer\u00eda<\/h2>\n<ul>\n<li>Autob\u00fas: Por unos 5-17\u20ac y en 2 horas (ALSA).<\/li>\n<li>Coche: Por la A-7 y A44 puedes llegar en 1 hora 45 minutos.<\/li>\n<li>Tren: Por unos 20\u20ac en 2 horas 30 minutos (RENFE).<\/li>\n<\/ul>\n<h2>Sevilla<\/h2>\n<ul>\n<li>Autob\u00fas: Por unos 5-29\u20ac y en 3 horas (ALSA).<\/li>\n<li>Coche: Por la A92 puedes llegar en 2 horas 30 minutos.<\/li>\n<li>Tren: Existe conexi\u00f3n pero debido a las obras del AVE con trasbordo en Antequera no lo podemos recomendar (parte del trayecto es en bus, es m\u00e1s caro, se tarda m\u00e1s y hay menos opciones).<\/li>\n<\/ul>\n<h2>C\u00e1diz<\/h2>\n<ul>\n<li>Coche: Por la A92 puedes llegar en 3 horas 15 minutos.<\/li>\n<li>Tren: Por unos 34\u20ac en 5 horas (RENFE).<\/li>\n<li>Autob\u00fas: Por unos 36\u20ac y en 5 horas 15 minutos (ALSA).<\/li>\n<\/ul>\n<h2>C\u00f3rdoba<\/h2>\n<ul>\n<li>Autob\u00fas:&nbsp;Por unos 5-15\u20ac y en 2 horas 45 minutos (ALSA).<\/li>\n<li>Coche: Por la N432 puedes llegar en 2 horas 15 minutos.<\/li>\n<\/ul>\n<h2>Melilla, Nador, Al-Hoceima, T\u00e1nger<\/h2>\n<p>Existen conexiones por Ferry a trav\u00e9s del puerto de Motril. Desde ah\u00ed puedes tomar un bus hasta Granada (ALSA).<\/p>\n<h2>Murcia<\/h2>\n<ul>\n<li>Autob\u00fas: Por unos 9-23\u20ac en unas 3 horas y 30 minutos (ALSA).<\/li>\n<li>Coche: Por la A-7 puedes llegar en 2 horas 40 minutos.<\/li>\n<\/ul>\n<h2>Valencia<\/h2>\n<ul>\n<li>Coche: Por la A-7 puedes llegar en 5 horas.<\/li>\n<li>Autob\u00fas: Por unos 19-40\u20ac en unas c\u00f3modas 8 horas (ALSA).<\/li>\n<\/ul>\n<h2>Ciudad Real<\/h2>\n<ul>\n<li>Autob\u00fas: Por unos 15\u20ac en unas 5 horas (ALSA).<\/li>\n<li>Coche: Por la A-4 puedes llegar en 2 horas 40 minutos.<\/li>\n<\/ul>\n<h2>Madrid<\/h2>\n<ul>\n<li>Tren: AVE con trasbordo a bus el \u00faltimo tramo (incluido en el billete). Desde 30\u20ac y en 4 horas (RENFE).<\/li>\n<li>Avi\u00f3n: Tarifas rid\u00edculamente variables desde 20\u20ac. Comprar con antelaci\u00f3n. En la mayor\u00eda de ocasiones seleccionar ida y vuelta es mucho m\u00e1s barato que seleccionar solo ida. En 1 hora. (Iber\u00eda-Air Nostrum)<\/li>\n<li>Autob\u00fas: Por unos 18\u20ac en unas 5 horas (ALSA).<\/li>\n<li>Coche: Por la A-4 puedes llegar en 4 horas.<\/li>\n<\/ul>\n<h2>Zaragoza<\/h2>\n<ul>\n<li>Tren: AVE con trasbordo a bus el \u00faltimo tramo (incluido en el billete). Desde 40\u20ac y en 5 horas 30 minutos (RENFE).<\/li>\n<li>Coche: Por la A-2 y A4 puedes llegar en 7 horas.<\/li>\n<li>Autob\u00fas: Por unos 35\u20ac en unas 10 horas (ALSA). Valorar tambi\u00e9n ir en AVE hasta Madrid y tomar el bus all\u00ed.<\/li>\n<\/ul>\n<h2>Barcelona<\/h2>\n<ul>\n<li>Tren: AVE con trasbordo a bus el \u00faltimo tramo (incluido en el billete). Desde 40\u20ac y en 7 horas (RENFE).<\/li>\n<li>Avi\u00f3n: Desde 20\u20ac puedes llegar en 1 hora 30 minutos de vuelo (Vueling).<\/li>\n<li>Coche: Por la AP-7 puedes llegar en 8 horas.<\/li>\n<li>Autob\u00fas: Por unos 30-96\u20ac en unas 12-14 horas (ALSA).<\/li>\n<\/ul>\n<h2>Bilbao<\/h2>\n<ul>\n<li>Autob\u00fas: Por unos 50\u20ac en unas 11 horas (ALSA).<\/li>\n<li>Coche: Por la A-62 y A-66 puedes llegar en 8 horas.<\/li>\n<li>Avi\u00f3n: Desde 50\u20ac puedes llegar en 2 horas de vuelo (Vueling).<\/li>\n<\/ul>\n<h2>Portugal<\/h2>\n<ul>\n<li>Autob\u00fas: Existe un servicio operado por ALSA-Eurolines entre principales ciudades de Portugal y Granada.<\/li>\n<li>Coche: Existen autov\u00edas que conectan, seg\u00fan origen.<\/li>\n<li>Avi\u00f3n: Existen vuelos de conexi\u00f3n con Iberia.<\/li>\n<\/ul>\n<h2>Santiago de Compostela<\/h2>\n<ul>\n<li>Avi\u00f3n: Puedes volar al Aeropuerto de M\u00e1laga (Vueling), desde el aeropuerto salen autobuses que conectan el aeropuerto de M\u00e1laga con Granada (ALSA).<\/li>\n<li>Autob\u00fas: Por unos 78\u20ac en unas 14 horas (ALSA).<\/li>\n<li>Coche: Por la A-52 puedes llegar en 9 horas.<\/li>\n<\/ul>\n<h2>Palma de Mallorca, Tenerife, Gran Canaria<\/h2>\n<ul>\n<li>Autob\u00fas: Mmmm\u2026<\/li>\n<li>Coche: Esto\u2026<\/li>\n<li>Tren: Espera\u2026<\/li>\n<li>Avi\u00f3n: Existen aviones de Vueling que conectan directamente (puede que haya d\u00edas que no operen). Si eres residente podr\u00e1s usar tu descuento. Si con el aeropuerto de Granada no encuentras un horario que te convenga, busca con el aeropuerto de M\u00e1laga, desde all\u00ed hay buses que conectan con Granada (ALSA).<\/li>\n<\/ul>\n<h2>Otras ciudades fuera de Espa\u00f1a<\/h2>\n<p>Hay vuelos directos con:&nbsp;Berlin, Londres, Manchester, Milan, Napoles y Par\u00eds.<\/p>\n<p>Para otros or\u00edgenes ten en cuenta:<\/p>\n<ul>\n<li>Puedes hacer escalas en Madrid y Barcelona con servicios de Iberia \/ Vueling \/ <a href=\"https:\/\/www.iberia.com\/es\/nuestras-alianzas\/oneworld\/\">Alianza One World<\/a>.<\/li>\n<li>Aprovecha tambi\u00e9n escalas en las dem\u00e1s ciudades que tienen vuelos directos con Granada.<\/li>\n<li>Si no encuentras una conexi\u00f3n adecuada, recuerda mirar tambi\u00e9n el <strong>Aeropuerto de M\u00e1laga<\/strong>, tiene m\u00e1s de 100 destinos y existe un bus que conecta el aeropuerto con Granada (ALSA).<\/li>\n<\/ul>\n<p>Consejos:<\/p>\n<ul>\n<li>Los servicios de Alta Velocidad de RENFE tienen precios muy variables. Si ves la tarifa \u00abAlhambra\u00bb, esa es la m\u00e1s barata que puedes encontrar. Recomendamos comprar con anticipaci\u00f3n y observar la fluctuaci\u00f3n de precios.<\/li>\n<li>Los servicios de Vueling tienen tambi\u00e9n precios fluctuantes.<\/li>\n<li>Los servicios de Iberia pueden ser mucho m\u00e1s caros si solo seleccionas ida. Suele ser mejor seleccionar ida y vuelta aunque no uses la vuelta.<\/li>\n<li>ALSA al comprar con antelaciones altas puedes tener precios exageradamente bajos.<\/li>\n<li>ALSA dispone promociones del 30% de descuento para grupos y antelaci\u00f3n de m\u00e1s de 5 d\u00edas, \u00fanete con gente de tu ciudad.<\/li>\n<li>Muchos servicios est\u00e1n promocionados al comprar ida y vuelta, \u00a1aprov\u00e9chalo!<\/li>\n<li>\u00bfLa gasolina es cara? \u00danete con gente de tu ciudad y compartid el coche.<\/li>\n<\/ul>","protected":false},"excerpt":{"rendered":"<p>Granada dispone de conexiones con todas las principales ciudades de Andaluc\u00eda y otros destinos nacionales. La Alhambra es el segundo monumento m\u00e1s visitado de Espa\u00f1a, de alg\u00fan modo viene toda esa gente \u00bfno? A nivel general, disponemos de: Estaci\u00f3n de bus con conexiones a sitios inimaginables. La principal empresa es ALSA. Aeropuerto con conexiones con: [&hellip;]<\/p>\n","protected":false},"author":8967770,"featured_media":0,"parent":251,"menu_order":0,"comment_status":"closed","ping_status":"closed","template":"","meta":{"jetpack_post_was_ever_published":false,"footnotes":""},"class_list":["post-1013","page","type-page","status-publish","hentry"],"jetpack_sharing_enabled":true,"jetpack_shortlink":"https:\/\/wp.me\/P9ygk4-gl","_links":{"self":[{"href":"https:\/\/granada.wordcamp.org\/2018\/wp-json\/wp\/v2\/pages\/1013","targetHints":{"allow":["GET"]}}],"collection":[{"href":"https:\/\/granada.wordcamp.org\/2018\/wp-json\/wp\/v2\/pages"}],"about":[{"href":"https:\/\/granada.wordcamp.org\/2018\/wp-json\/wp\/v2\/types\/page"}],"author":[{"embeddable":true,"href":"https:\/\/granada.wordcamp.org\/2018\/wp-json\/wp\/v2\/users\/8967770"}],"replies":[{"embeddable":true,"href":"https:\/\/granada.wordcamp.org\/2018\/wp-json\/wp\/v2\/comments?post=1013"}],"version-history":[{"count":8,"href":"https:\/\/granada.wordcamp.org\/2018\/wp-json\/wp\/v2\/pages\/1013\/revisions"}],"predecessor-version":[{"id":1514,"href":"https:\/\/granada.wordcamp.org\/2018\/wp-json\/wp\/v2\/pages\/1013\/revisions\/1514"}],"up":[{"embeddable":true,"href":"https:\/\/granada.wordcamp.org\/2018\/wp-json\/wp\/v2\/pages\/251"}],"wp:attachment":[{"href":"https:\/\/granada.wordcamp.org\/2018\/wp-json\/wp\/v2\/media?parent=1013"}],"curies":[{"name":"wp","href":"https:\/\/api.w.org\/{rel}","templated":true}]}}