{"id":11,"date":"2018-01-11T21:46:22","date_gmt":"2018-01-11T21:46:22","guid":{"rendered":"https:\/\/2018.granada.wordcamp.org\/location\/"},"modified":"2018-11-09T18:22:18","modified_gmt":"2018-11-09T17:22:18","slug":"ubicacion","status":"publish","type":"page","link":"https:\/\/granada.wordcamp.org\/2018\/informacion-practica\/ubicacion\/","title":{"rendered":"Ubicaci\u00f3n"},"content":{"rendered":"\n<p>WordCamp Granada 2018 se celebrar\u00e1 en tres bonitas localizaciones:<\/p>\n\n\n\n<ul class=\"wp-block-list\"><li><a href=\"#unpalacio\">Palacio de Congresos de Granada<\/a>. S\u00e1bado 17, d\u00eda principal.<\/li><li><a href=\"#esperemosnosebreaker\">Espacio BREAKER de la Universidad de Granada<\/a>. Viernes 16, Contributor Day.<\/li><li>Ciudad de Granada. Domingo 18, StreetNetworking + Tapas. (Quedamos en Palacio de Congresos).<\/li><\/ul>\n\n\n\n<h2 class=\"wp-block-heading\" id=\"unpalacio\">Palacio de Congresos de Granada<\/h2>\n\n\n\n<p>El grueso de <strong>WordCamp<\/strong> <strong>Granada<\/strong> <strong>2018<\/strong> se celebrar\u00e1 en el <a href=\"https:\/\/www.pcgr.org\/\" rel=\"nofollow\">Palacio de Congresos de Granada.<\/a><\/p>\n\n\n\n<figure class=\"wp-block-image\"><img loading=\"lazy\" decoding=\"async\" width=\"1024\" height=\"682\" src=\"https:\/\/2018.granada.wordcamp.org\/files\/2018\/05\/IMG_3413_2000x1333-1024x682.jpg\" alt=\"\" class=\"wp-image-227\" srcset=\"https:\/\/granada.wordcamp.org\/2018\/files\/2018\/05\/IMG_3413_2000x1333-1024x682.jpg 1024w, https:\/\/granada.wordcamp.org\/2018\/files\/2018\/05\/IMG_3413_2000x1333-300x200.jpg 300w, https:\/\/granada.wordcamp.org\/2018\/files\/2018\/05\/IMG_3413_2000x1333-768x512.jpg 768w, https:\/\/granada.wordcamp.org\/2018\/files\/2018\/05\/IMG_3413_2000x1333-450x300.jpg 450w, https:\/\/granada.wordcamp.org\/2018\/files\/2018\/05\/IMG_3413_2000x1333.jpg 2000w\" sizes=\"auto, (max-width: 1024px) 100vw, 1024px\" \/><\/figure>\n\n\n\n<h3 class=\"wp-block-heading\">Direcci\u00f3n<\/h3>\n\n\n\n<p>Paseo del Viol\u00f3n, s\/n, 18006 Granada.<\/p>\n\n\n\n<h3 class=\"wp-block-heading\">Mapa<\/h3>\n\n\n<div class=\"googlemaps\">\n\t\t\t\t<iframe loading=\"lazy\" width=\"600\" height=\"450\" frameborder=\"0\" scrolling=\"no\" marginheight=\"0\" marginwidth=\"0\"  src=\"https:\/\/www.google.com\/maps\/embed?pb=!1m18!1m12!1m3!1d3179.465928866028!2d-3.600871084226979!3d37.16539677987509!2m3!1f0!2f0!3f0!3m2!1i1024!2i768!4f13.1!3m3!1m2!1s0xd71fca305aa656b:0xde24e4346346018!2sPalacio%20de%20Congresos%20de%20Granada!5e0!3m2!1ses!2sus!4v1525424058859\"><\/iframe>\n\t\t\t<\/div>\n\n\n\n<p>Si tienes cualquier duda sobre la ubicaci\u00f3n del evento, no dudes en <a href=\"https:\/\/2018.granada.wordcamp.org\/contacto\/\">contactarnos<\/a><\/p>\n\n\n\n<h3 class=\"wp-block-heading\">C\u00f3mo llegar<\/h3>\n\n\n\n<p><strong>Si vienes desde los principales puntos:<\/strong><\/p>\n\n\n\n<ul class=\"wp-block-list\"><li><strong>Estaci\u00f3n de autobuses o Estaci\u00f3n de tren<\/strong>:\n<ul><li>Metro: Toma el Metropolitano de Granada (informaci\u00f3n sobre tarifas abajo) y baja en la parada \u00abAlc\u00e1zar Genil\u00bb. Desde ah\u00ed camina hac\u00eda la rotonda que tiene un helic\u00f3ptero y cuando llegues a la rotonda toma la calle que queda a tu izquierda, a 300m est\u00e1 el Palacio de Congresos.<\/li><\/ul>\n<\/li><li><strong>Aeropuerto de Granada<\/strong>:\n<ul><li>Bus: Toma el bus que conecta el aeropuerto con la ciudad, tiene un coste de 3\u20ac y la \u00faltima parada es el Palacio de Congresos.<\/li><li>Taxi: Hay taxis que se pueden tomar tanto en el aeropuerto como en la ciudad. La tarifa aproximada desde\/hac\u00eda el aeropuerto son 20-23\u20ac, pero depender\u00e1 de lo que marque el tax\u00edmetro.<\/li><\/ul>\n<\/li><\/ul>\n\n\n\n<p><strong>Si vienes desde cualquier otro sitio:<\/strong><\/p>\n\n\n\n<ul class=\"wp-block-list\"><li><strong>En metro<\/strong>:\n<ul><li>Toma la \u00fanica l\u00ednea que hay. \u00a1Simple!<\/li><li>Baja en&nbsp;\u00abAlc\u00e1zar Genil\u00bb y desde ah\u00ed camina hac\u00eda la rotonda que tiene un helic\u00f3ptero, y cuando llegues a la rotonda toma la calle que queda a tu izquierda, a 300m est\u00e1 el Palacio de Congresos.<\/li><\/ul>\n<\/li><li><strong>En bus urbano (buses rojos y gris-azul)<\/strong>:\n<ul><li>Toma cualquiera de estas l\u00edneas 4, 8, 11, 21, 13, SN4, C7 y todas las l\u00edneas de la zona sur (S1, S2, S3)<\/li><li>Baja en cualquiera de estas paradas: Palacio de Congresos, Profesor tierno galv\u00e1n &#8211; Palacio de Congresos, Plaza Rotary, Paseo del Viol\u00f3n, Poeta Manuel de G\u00f3ngora.&nbsp;Todas estas paradas pertenecen a un mismo intercambiador de transportes que rodea el edificio del Palacio de Congresos.<\/li><\/ul>\n<\/li><li><strong>En bus Interurbano (buses amarillos)<\/strong>:\n<ul><li>Toma cualquiera de estas l\u00edneas:\n<ul><li>Aeropuerto de Granada (esta l\u00ednea empieza y termina en el Palacio de Congresos, tiene una tarifa especial de 3\u20ac).<\/li><li>Corredor Armilla &#8211; Churriana \/ Las Gabias \/ Alhend\u00edn \/ Otura: 151, 154, 155, 156, 157, 160, 360, etc.<\/li><li>Corredor Og\u00edjares y la Zubia &#8211; G\u00f3jar \/ D\u00edlar: 170, 171, 174A, 174B, 175, 176, 177, etc.<\/li><li>Corredor Huetor Vega &#8211; Monachil \/ C\u00e1jar: 181, 183, 184.<\/li><li>Corredor Cenes de la Vega: SN1.<\/li><\/ul>\n<\/li><li>Baja en las paradas: Palacio de Congresos o Plaza Rotary o Parque sur de bomberos.&nbsp;Todas estas paradas pertenecen a un mismo intercambiador de transportes que rodea el edificio del Palacio de Congresos.<\/li><\/ul>\n<\/li><li><strong>En coche<\/strong>: Dado que es zona c\u00e9ntrica el aparcamiento y el desplazamiento libre en coche est\u00e1 limitado.\n<ul><li>Parkings cercanos: Parking Palacio de Congresos, Parking Violon y Parking APK2 Escolapios.<\/li><\/ul>\n<\/li><\/ul>\n\n\n\n<h2 class=\"wp-block-heading\" id=\"esperemosnosebreaker\">Espacio BREAKER Universidad de Granada<\/h2>\n\n\n\n<p>El d\u00eda del contribuidor (Contributor day) de <strong>WordCamp<\/strong> <strong>Granada<\/strong> <strong>2018<\/strong> se celebrar\u00e1 en el <a href=\"https:\/\/ugremprendedora.ugr.es\/breaker\/\" rel=\"nofollow\">Espacio BREAKER de la Universidad de Granada<\/a>.<\/p>\n\n\n\n<h3 class=\"wp-block-heading\">Direcci\u00f3n<\/h3>\n\n\n\n<p>Av. de Madrid, 18012 Granada<\/p>\n\n\n\n<p>Es en la antigua Facultad de Medicina de la Universidad de Granada. Para llegar al edificio donde estaremos has de seguir las siguientes instrucciones.&nbsp;<\/p>\n\n\n\n<figure class=\"wp-block-image\"><img loading=\"lazy\" decoding=\"async\" width=\"1750\" height=\"1152\" src=\"https:\/\/2018.granada.wordcamp.org\/files\/2018\/11\/Selecci\u00f3n_999017.png\" alt=\"\" class=\"wp-image-2507\" srcset=\"https:\/\/granada.wordcamp.org\/2018\/files\/2018\/11\/Selecci\u00f3n_999017.png 1750w, https:\/\/granada.wordcamp.org\/2018\/files\/2018\/11\/Selecci\u00f3n_999017-300x197.png 300w, https:\/\/granada.wordcamp.org\/2018\/files\/2018\/11\/Selecci\u00f3n_999017-768x506.png 768w, https:\/\/granada.wordcamp.org\/2018\/files\/2018\/11\/Selecci\u00f3n_999017-1024x674.png 1024w, https:\/\/granada.wordcamp.org\/2018\/files\/2018\/11\/Selecci\u00f3n_999017-456x300.png 456w\" sizes=\"auto, (max-width: 1750px) 100vw, 1750px\" \/><\/figure>\n\n\n\n<p>1 &#8211; Ver\u00e1s cerca el edificio de \u00a1Cervezas Alhambra!<\/p>\n\n\n\n<figure class=\"wp-block-image\"><img loading=\"lazy\" decoding=\"async\" width=\"2257\" height=\"1109\" src=\"https:\/\/2018.granada.wordcamp.org\/files\/2018\/11\/Selecci\u00f3n_999018-1.png\" alt=\"\" class=\"wp-image-2510\" srcset=\"https:\/\/granada.wordcamp.org\/2018\/files\/2018\/11\/Selecci\u00f3n_999018-1.png 2257w, https:\/\/granada.wordcamp.org\/2018\/files\/2018\/11\/Selecci\u00f3n_999018-1-300x147.png 300w, https:\/\/granada.wordcamp.org\/2018\/files\/2018\/11\/Selecci\u00f3n_999018-1-768x377.png 768w, https:\/\/granada.wordcamp.org\/2018\/files\/2018\/11\/Selecci\u00f3n_999018-1-1024x503.png 1024w, https:\/\/granada.wordcamp.org\/2018\/files\/2018\/11\/Selecci\u00f3n_999018-1-500x246.png 500w\" sizes=\"auto, (max-width: 2257px) 100vw, 2257px\" \/><\/figure>\n\n\n\n<p>2 &#8211; M\u00e1s cerca a\u00fan ver\u00e1s la Parroquia de San Isidro. El acceso est\u00e1 justo enfrente.<\/p>\n\n\n\n<figure class=\"wp-block-image\"><img loading=\"lazy\" decoding=\"async\" width=\"2444\" height=\"1010\" src=\"https:\/\/2018.granada.wordcamp.org\/files\/2018\/11\/Selecci\u00f3n_999020.png\" alt=\"\" class=\"wp-image-2509\" srcset=\"https:\/\/granada.wordcamp.org\/2018\/files\/2018\/11\/Selecci\u00f3n_999020.png 2444w, https:\/\/granada.wordcamp.org\/2018\/files\/2018\/11\/Selecci\u00f3n_999020-300x124.png 300w, https:\/\/granada.wordcamp.org\/2018\/files\/2018\/11\/Selecci\u00f3n_999020-768x317.png 768w, https:\/\/granada.wordcamp.org\/2018\/files\/2018\/11\/Selecci\u00f3n_999020-1024x423.png 1024w, https:\/\/granada.wordcamp.org\/2018\/files\/2018\/11\/Selecci\u00f3n_999020-500x207.png 500w\" sizes=\"auto, (max-width: 2444px) 100vw, 2444px\" \/><\/figure>\n\n\n\n<p>3 &#8211; Si est\u00e1 abierto, entra por este acceso<\/p>\n\n\n\n<figure class=\"wp-block-image\"><img loading=\"lazy\" decoding=\"async\" width=\"2415\" height=\"998\" src=\"https:\/\/2018.granada.wordcamp.org\/files\/2018\/11\/Selecci\u00f3n_999021.png\" alt=\"\" class=\"wp-image-2511\" srcset=\"https:\/\/granada.wordcamp.org\/2018\/files\/2018\/11\/Selecci\u00f3n_999021.png 2415w, https:\/\/granada.wordcamp.org\/2018\/files\/2018\/11\/Selecci\u00f3n_999021-300x124.png 300w, https:\/\/granada.wordcamp.org\/2018\/files\/2018\/11\/Selecci\u00f3n_999021-768x317.png 768w, https:\/\/granada.wordcamp.org\/2018\/files\/2018\/11\/Selecci\u00f3n_999021-1024x423.png 1024w, https:\/\/granada.wordcamp.org\/2018\/files\/2018\/11\/Selecci\u00f3n_999021-500x207.png 500w\" sizes=\"auto, (max-width: 2415px) 100vw, 2415px\" \/><\/figure>\n\n\n\n<p>4 &#8211; Opcionalmente tambi\u00e9n puedes entrar por este acceso, andando unos metros m\u00e1s<\/p>\n\n\n\n<figure class=\"wp-block-image\"><img loading=\"lazy\" decoding=\"async\" width=\"2115\" height=\"914\" src=\"https:\/\/2018.granada.wordcamp.org\/files\/2018\/11\/Selecci\u00f3n_999022.png\" alt=\"\" class=\"wp-image-2512\" srcset=\"https:\/\/granada.wordcamp.org\/2018\/files\/2018\/11\/Selecci\u00f3n_999022.png 2115w, https:\/\/granada.wordcamp.org\/2018\/files\/2018\/11\/Selecci\u00f3n_999022-300x130.png 300w, https:\/\/granada.wordcamp.org\/2018\/files\/2018\/11\/Selecci\u00f3n_999022-768x332.png 768w, https:\/\/granada.wordcamp.org\/2018\/files\/2018\/11\/Selecci\u00f3n_999022-1024x443.png 1024w, https:\/\/granada.wordcamp.org\/2018\/files\/2018\/11\/Selecci\u00f3n_999022-500x216.png 500w\" sizes=\"auto, (max-width: 2115px) 100vw, 2115px\" \/><\/figure>\n\n\n\n<h3 class=\"wp-block-heading\">Mapa<\/h3>\n\n\n\n\n\n\n<p>Si tienes cualquier duda sobre la ubicaci\u00f3n del evento, no dudes en <a href=\"https:\/\/2018.granada.wordcamp.org\/contacto\/\">contactarnos<\/a><\/p>\n\n\n\n<h3 class=\"wp-block-heading\">C\u00f3mo llegar<\/h3>\n\n\n\n<p><strong>Si vienes desde los principales puntos:<\/strong><\/p>\n\n\n\n<ul class=\"wp-block-list\"><li><strong>Estaci\u00f3n de autobuses<\/strong>:<ul><li>Metro: Toma el Metropolitano de Granada  y baja en la parada \u00abCaleta\u00bb. Desde ah\u00ed andando.<\/li><li>Bus: L\u00ednea 33 hasta parada \u00abAvenida de la Constituci\u00f3n, 9\u00bb. Desde ah\u00ed andando.<\/li><\/ul><\/li><li><strong>Estaci\u00f3n de tren<\/strong>: Andando.<\/li><li><strong>Aeropuerto de Granada<\/strong>:<ul><li>Bus: Toma el bus que conecta el aeropuerto con la ciudad, tiene un coste de 3\u20ac y baja en la parada \u00abAvda. Constituci\u00f3n, Hotel Condor\u00bb.<\/li><li>Taxi: Hay taxis que se pueden tomar tanto en el aeropuerto como en la ciudad. La tarifa aproximada desde\/hac\u00eda el aeropuerto son 20-23\u20ac, pero depender\u00e1 de lo que marque el tax\u00edmetro.<\/li><\/ul><\/li><\/ul>\n\n\n\n<p><strong>Si vienes desde cualquier otro sitio:<\/strong><\/p>\n\n\n\n<ul class=\"wp-block-list\"><li><strong>En metro<\/strong>:<ul><li>Toma la \u00fanica l\u00ednea que hay. \u00a1Simple!<\/li><li>Baja en&nbsp;\u00abCaleta\u00bb y desde ah\u00ed andando.<\/li><\/ul><\/li><li><strong>En bus urbano (buses rojos y gris-azul)<\/strong>:<ul><li>Toma cualquiera de estas l\u00edneas 4, 8, 11, 21, 33, U2, U3, N1, N3, N5, N8, N9<\/li><li>Baja en cualquiera de estas paradas: Plaza de San Isidro, Ancha de Capuchinos 15, Fuente Nueva, Avenida Constituci\u00f3n 9, Triunfo, Avenida Constituci\u00f3n 4, Cardenal Parrado 1, Doctor Ol\u00f3riz 14.<\/li><\/ul><\/li><li><strong>En coche<\/strong>: Dado que es zona c\u00e9ntrica el aparcamiento y el desplazamiento libre en coche est\u00e1 limitado.<ul><li>Parkings cercanos: Parking Triunfo, Parking la caleta.<\/li><\/ul><\/li><\/ul>\n\n\n\n<p><\/p>\n","protected":false},"excerpt":{"rendered":"<p>WordCamp Granada 2018 se celebrar\u00e1 en tres bonitas localizaciones: Palacio de Congresos de Granada. S\u00e1bado 17, d\u00eda principal. Espacio BREAKER de la Universidad de Granada. Viernes 16, Contributor Day. Ciudad de Granada. Domingo 18, StreetNetworking + Tapas. (Quedamos en Palacio de Congresos). Palacio de Congresos de Granada El grueso de WordCamp Granada 2018 se celebrar\u00e1 [&hellip;]<\/p>\n","protected":false},"author":8967770,"featured_media":227,"parent":251,"menu_order":0,"comment_status":"closed","ping_status":"closed","template":"","meta":{"jetpack_post_was_ever_published":false,"footnotes":""},"class_list":["post-11","page","type-page","status-publish","has-post-thumbnail","hentry"],"jetpack_sharing_enabled":true,"jetpack_shortlink":"https:\/\/wp.me\/P9ygk4-b","_links":{"self":[{"href":"https:\/\/granada.wordcamp.org\/2018\/wp-json\/wp\/v2\/pages\/11","targetHints":{"allow":["GET"]}}],"collection":[{"href":"https:\/\/granada.wordcamp.org\/2018\/wp-json\/wp\/v2\/pages"}],"about":[{"href":"https:\/\/granada.wordcamp.org\/2018\/wp-json\/wp\/v2\/types\/page"}],"author":[{"embeddable":true,"href":"https:\/\/granada.wordcamp.org\/2018\/wp-json\/wp\/v2\/users\/8967770"}],"replies":[{"embeddable":true,"href":"https:\/\/granada.wordcamp.org\/2018\/wp-json\/wp\/v2\/comments?post=11"}],"version-history":[{"count":20,"href":"https:\/\/granada.wordcamp.org\/2018\/wp-json\/wp\/v2\/pages\/11\/revisions"}],"predecessor-version":[{"id":2516,"href":"https:\/\/granada.wordcamp.org\/2018\/wp-json\/wp\/v2\/pages\/11\/revisions\/2516"}],"up":[{"embeddable":true,"href":"https:\/\/granada.wordcamp.org\/2018\/wp-json\/wp\/v2\/pages\/251"}],"wp:featuredmedia":[{"embeddable":true,"href":"https:\/\/granada.wordcamp.org\/2018\/wp-json\/wp\/v2\/media\/227"}],"wp:attachment":[{"href":"https:\/\/granada.wordcamp.org\/2018\/wp-json\/wp\/v2\/media?parent=11"}],"curies":[{"name":"wp","href":"https:\/\/api.w.org\/{rel}","templated":true}]}}