{"id":12,"date":"2018-01-11T21:46:22","date_gmt":"2018-01-11T21:46:22","guid":{"rendered":"https:\/\/2018.granada.wordcamp.org\/organizers\/"},"modified":"2018-11-15T11:55:40","modified_gmt":"2018-11-15T10:55:40","slug":"organizadores","status":"publish","type":"page","link":"https:\/\/granada.wordcamp.org\/2018\/contacto\/organizadores\/","title":{"rendered":"Organizadores"},"content":{"rendered":"<p>WordCamp Granada 2018 es posible gracias al trabajo desinteresado de los miembros de la comunidad de WordPress.<\/p>\n<p>El equipo de organizaci\u00f3n de WordCamp Granada 2018 est\u00e1 formado por las siguientes personas que se encargan de los diferentes apartados como la coordinaci\u00f3n de equipo, gesti\u00f3n de presupuestos, contacto con patrocinadores y ponentes, log\u00edstica del evento, comunicaci\u00f3n, dise\u00f1o, web y otras \u00e1reas.<\/p>\n<p>No dudes en <a href=\"https:\/\/2018.granada.wordcamp.org\/contacto\/\">contactar con nosotros<\/a> si quieres colaborar de alg\u00fan modo o si necesitas m\u00e1s informaci\u00f3n.<\/p>\n\t<div class=\"wcorg-organizers\">\n\n\t\t\n\t\t\t<div class=\"wcorg-organizer\">\n\t\t\t\t<h2>Antonio Mart\u00ednez<\/h2>\n\t\t\t\t<div class=\"wcorg-organizer-description\">\n\t\t\t\t\t\t\t\t\t\t<img alt='' src='https:\/\/secure.gravatar.com\/avatar\/4839ed15e7fcec237f7cc407e01ea32bc217e73c19cb4fc40e7dbb3d4a74d8b5?s=100&#038;d=mm&#038;r=g' srcset='https:\/\/secure.gravatar.com\/avatar\/4839ed15e7fcec237f7cc407e01ea32bc217e73c19cb4fc40e7dbb3d4a74d8b5?s=200&#038;d=mm&#038;r=g 2x' class='avatar avatar-100 photo' height='100' width='100' \/>\t\t\t\t\t<p>Amante de los ordenadores y cacharros desde el Spectrum+2 y en Internet desde la \u00e9poca en la que tenias que esperar a la noche y una llamada para conectarte. IRC\/Arrakis\/astalavista &#8230; Pero he estado desenchufado durante 15 a\u00f1os ya que me hice cargo del Catering de la familia. Y tras la crisis y el cierre, me volv\u00ed a conectar gracias a WordPress.<br \/>\nTras un tiempo en el desierto solo, descubr\u00ed esta maravillosa comunidad, donde aprender y aportar.<br \/>\nActualmente tengo varios proyectos propios en WordPress y ayudo a crear\/gestionar otros. En Twitter soy <a href=\"https:\/\/twitter.com\/baron_dla_birra\" target=\"_blank\" rel=\"noopener\">@baron_dla_birra<\/a><\/p>\n\t\t\t\t<\/div>\n\t\t\t<\/div>\n\n\t\t\n\t\t\t<div class=\"wcorg-organizer\">\n\t\t\t\t<h2>Francisco Torres<\/h2>\n\t\t\t\t<div class=\"wcorg-organizer-description\">\n\t\t\t\t\t\t\t\t\t\t<img alt='' src='https:\/\/secure.gravatar.com\/avatar\/b08a8aa77a5e6b8a5190d1cc14e17d3e2215d1995c09045c2b165c859642e806?s=100&#038;d=mm&#038;r=g' srcset='https:\/\/secure.gravatar.com\/avatar\/b08a8aa77a5e6b8a5190d1cc14e17d3e2215d1995c09045c2b165c859642e806?s=200&#038;d=mm&#038;r=g 2x' class='avatar avatar-100 photo' height='100' width='100' \/>\t\t\t\t\t<p>A mi me han liado. Yo nac\u00ed en el 1987, en plena d\u00e9cada de explosi\u00f3n de la m\u00fasica digital, pero sin autotune, lo cual es de agradecer.<\/p>\n<p>Fui a un sitio d\u00f3nde relacionaba animales con sus sonidos y pintaba intentando no salirme de la raya, me liaron y fui a otro sitio d\u00f3nde me ense\u00f1aron a sumar, me liaron y que si las derivadas y las tangentes, me liaron m\u00e1s y las matrices escalonadas, L\u2019H\u00f4pital, integrales, diferenciales y un mont\u00f3n de cosas m\u00e1s. Total, que me dicen que soy Ingeniero Inform\u00e1tico.<\/p>\n<p>Pero no contentos con eso, me engatusan, y salgo con una Licenciatura en Comunicaci\u00f3n Audiovisual. Que claro, ahora qu\u00e9 hago yo con estas alforjas, pues voy y monto una empresica d\u00f3nde hacemos asesor\u00eda y desarrollo web con WordPress como eje central.<\/p>\n<p>Y ya que estoy en lo del WordPress&#8230; pues me l\u00edan, y aqu\u00ed estoy, organizando una WordCamp, y haci\u00e9ndola acogedora para que vengas a disfrutarla.<\/p>\n<p>&#8212;<\/p>\n<p>I have got entangled. I was born in 1987, in the middle of the explosion of digital music, but without autotune, which is something to be welcomed.<\/p>\n<p>I went to a place where I related animals to their sounds and I painted trying not to get out of the line, they entangled me and I went to another place where they taught me how to do sums, they entangled me again and I did derivatives and tangents, they entangled me again and i discovered stepped matrices, L&#8217;H\u00f4pital, integrals, differentials and a bunch of things. At the end of the day, they tell me that I&#8217;m an IT Engineer.<\/p>\n<p>But not satisfied with that, they cajole me, and I ended up with a degree in Audiovisual Communication. So, thinking about what can I do, I set up a company where we do consultancy and web development with WordPress as the central axis.<\/p>\n<p>And since I&#8217;m working with the WordPress &#8230; well, they cajole me into, and here I am, organizing a WordCamp, and welcoming you to come and enjoy it.<\/p>\n\t\t\t\t<\/div>\n\t\t\t<\/div>\n\n\t\t\n\t\t\t<div class=\"wcorg-organizer\">\n\t\t\t\t<h2>Amal Amrani<\/h2>\n\t\t\t\t<div class=\"wcorg-organizer-description\">\n\t\t\t\t\t\t\t\t\t\t<img alt='' src='https:\/\/secure.gravatar.com\/avatar\/d059d030e8a1d5407ffc6a5272bf355c49f6cea9a40cfb7b5f298cf9289039bc?s=100&#038;d=mm&#038;r=g' srcset='https:\/\/secure.gravatar.com\/avatar\/d059d030e8a1d5407ffc6a5272bf355c49f6cea9a40cfb7b5f298cf9289039bc?s=200&#038;d=mm&#038;r=g 2x' class='avatar avatar-100 photo' height='100' width='100' \/>\t\t\t\t\t<p>Soy Ingeniera T\u00e9cnica en Inform\u00e1tica de Gesti\u00f3n por la Universidad de Granada.<\/p>\n<p>Programadora y Dise\u00f1adora de Interacci\u00f3n desde el 2005. He trabajado para diferentes empresas del sector y actualmente soy freelance. Apasionada de WordPress, mont\u00e9 varios blogs, uno de ellos a\u00fan lo mantengo desde el 2010 en <a href=\"http:\/\/artizana.es\/\">Artizana: cocina artesanal<\/a>.<\/p>\n<p>He desarrollado varios proyectos basados en WordPress y contribuyo a la comunidad con algunos plugins y un tema en camino. <a href=\"https:\/\/profiles.wordpress.org\/amrania\">@amrania<\/a> en WordPress.org. Mi sitio web es <a href=\"http:\/\/amrani.es\">amrani.es<\/a> y en Twitter soy <a href=\"https:\/\/twitter.com\/amrani_es\">@amrani_es<\/a><\/p>\n\t\t\t\t<\/div>\n\t\t\t<\/div>\n\n\t\t\n\t\t\t<div class=\"wcorg-organizer\">\n\t\t\t\t<h2>Jes\u00fas Yesares<\/h2>\n\t\t\t\t<div class=\"wcorg-organizer-description\">\n\t\t\t\t\t\t\t\t\t\t<img alt='' src='https:\/\/secure.gravatar.com\/avatar\/1c3331ba2ca79d22915892bb71bd5cb0a560f6ae23b6048f7974169518664f9b?s=100&#038;d=mm&#038;r=g' srcset='https:\/\/secure.gravatar.com\/avatar\/1c3331ba2ca79d22915892bb71bd5cb0a560f6ae23b6048f7974169518664f9b?s=200&#038;d=mm&#038;r=g 2x' class='avatar avatar-100 photo' height='100' width='100' \/>\t\t\t\t\t<p>Del mundo de las piedras y los mapas, o lo que es lo mismo, de la Geolog\u00eda y los SIG, hac\u00eda mis escarceos por el mundo web. Un buen d\u00eda decid\u00ed que me pasaba profesionalmente a la web y, aunque ca\u00ed equivocadamente en Joomla, encontrar a WordPress en el momento adecuado fue clave.<\/p>\n<p>Despu\u00e9s de vivir un pasado oscuro por los bajos fondos de ThemeForest, descubr\u00ed Genesis Framework y fue como llegar al para\u00edso.<\/p>\n<p>Se me puede encontrar en <a href=\"http:\/\/jesusyesares.com\">jesusyesares.com<\/a>.<\/p>\n\t\t\t\t<\/div>\n\t\t\t<\/div>\n\n\t\t\n\t\t\t<div class=\"wcorg-organizer\">\n\t\t\t\t<h2>Zacar\u00edas Calabria<\/h2>\n\t\t\t\t<div class=\"wcorg-organizer-description\">\n\t\t\t\t\t\t\t\t\t\t<img alt='' src='https:\/\/secure.gravatar.com\/avatar\/3ddc5e6b52e80844d4b4c2953745cef760a449ca7c9b7886ceff8b298f86fe55?s=100&#038;d=mm&#038;r=g' srcset='https:\/\/secure.gravatar.com\/avatar\/3ddc5e6b52e80844d4b4c2953745cef760a449ca7c9b7886ceff8b298f86fe55?s=200&#038;d=mm&#038;r=g 2x' class='avatar avatar-100 photo' height='100' width='100' \/>\t\t\t\t\t<p>Trabajador incansable desde hace ya casi 25 a\u00f1os, aprendiz perenne desde hace m\u00e1s de 40 con amplia formaci\u00f3n en distintas disciplinas (dependiente, camarero, mozo de almac\u00e9n, montador de ascensores,&#8230;) y autodidacta empedernido. La curiosidad, que mat\u00f3 al gato, y un tutorial para hacer un peque\u00f1iiiiiiiiisimo programa en un Commodore 64 (haya por los ochenta) unieron mi vida al mundo binario.<\/p>\n<p>Pago mis factura programando como trabajador aut\u00f3nomo, preferentemente, en entorno PHP, pero sin hacerle ascos a retos fuera de mi zona de confort.<\/p>\n<p>El coraz\u00f3n me trajo a Granada, desde Barcelona, donde me he establecido como compa\u00f1ero de Oprah (mi perrita), pareja de la mujer m\u00e1s maravillosa del muno (y parte del universo) y pap\u00e1 del ser m\u00e1s extraordinario que he conocido.<\/p>\n\t\t\t\t<\/div>\n\t\t\t<\/div>\n\n\t\t\n\t\t\t<div class=\"wcorg-organizer\">\n\t\t\t\t<h2>Ra\u00fal P\u00e9rez<\/h2>\n\t\t\t\t<div class=\"wcorg-organizer-description\">\n\t\t\t\t\t\t\t\t\t\t<img alt='' src='https:\/\/secure.gravatar.com\/avatar\/?s=100&#038;d=mm&#038;r=g' srcset='https:\/\/secure.gravatar.com\/avatar\/?s=200&#038;d=mm&#038;r=g 2x' class='avatar avatar-100 photo avatar-default' height='100' width='100' \/>\t\t\t\t\t<p>Instal\u00e9 mi primera distribuci\u00f3n de Linux en el 99. Una Slackware 4.0. Desde entonces, amante del software libre y su comunidad. Desarrollador de ruby y python en mis ratos libres como hobby. Usuario de WordPress en el 2009 y bloggero procastinador desde entonces.<\/p>\n<p>Adoro la tipograf\u00eda y tengo obsesi\u00f3n por los m\u00e1rgenes. Intento cuidar los detalles hasta el punto de volver locos a los que me rodean. Para mi, el dise\u00f1o es algo m\u00e1s que crear cosas bonitas, es una herramienta para mejorar lo que nos rodea.<\/p>\n<p>Mani\u00e1tico de humanizar y empatizar. De un mundo sostenible y equitativo. Inconformista profesional.<\/p>\n\t\t\t\t<\/div>\n\t\t\t<\/div>\n\n\t\t\n\t\t\t<div class=\"wcorg-organizer\">\n\t\t\t\t<h2>Daniel Jimenez<\/h2>\n\t\t\t\t<div class=\"wcorg-organizer-description\">\n\t\t\t\t\t\t\t\t\t\t<img alt='' src='https:\/\/secure.gravatar.com\/avatar\/75ae24441a3e018fb4ec46455ac25998f4453999f4a743f2f10ecd4d80665f2d?s=100&#038;d=mm&#038;r=g' srcset='https:\/\/secure.gravatar.com\/avatar\/75ae24441a3e018fb4ec46455ac25998f4453999f4a743f2f10ecd4d80665f2d?s=200&#038;d=mm&#038;r=g 2x' class='avatar avatar-100 photo' height='100' width='100' \/>\t\t\t\t\t<p>Estudiar ing. inform\u00e1tica me condujo a la tecnolog\u00eda, que conjuga con mi <a href=\"https:\/\/danijimenez.es\/\">placer por dise\u00f1ar<\/a>\u00a0y ayudar a la gente a encontrar soluciones para sus negocios. WordPress lleva democratizando la web y la comunicaci\u00f3n en <a href=\"https:\/\/profiles.wordpress.org\/djimenezsi2\" target=\"_blank\" rel=\"noopener\">mi vida<\/a> desde 2010, donde lo disfruto a diario como dise\u00f1ador UX en <a href=\"https:\/\/agencia.si2soluciones.es\/\">SI2 Soluciones<\/a>.<\/p>\n\t\t\t\t<\/div>\n\t\t\t<\/div>\n\n\t\t\n\t\t\t<div class=\"wcorg-organizer\">\n\t\t\t\t<h2>Guillermo Garc\u00eda<\/h2>\n\t\t\t\t<div class=\"wcorg-organizer-description\">\n\t\t\t\t\t\t\t\t\t\t<img alt='' src='https:\/\/secure.gravatar.com\/avatar\/44fe5638b5ea2c5bedfdcdd942405373783c14740974b0778cde5f8872a91afd?s=100&#038;d=mm&#038;r=g' srcset='https:\/\/secure.gravatar.com\/avatar\/44fe5638b5ea2c5bedfdcdd942405373783c14740974b0778cde5f8872a91afd?s=200&#038;d=mm&#038;r=g 2x' class='avatar avatar-100 photo' height='100' width='100' \/>\t\t\t\t\t<p>Soy desarrollador web de esos que llaman <em>fullstack, <\/em>aunque especializado en Backend,\u00a0en los \u00faltimos a\u00f1os me he centrado en el desarrollo con WordPress. Soy intolerante a la lactosa y al c\u00f3digo mal tabulado. Aunque llevo aqu\u00ed los mismos a\u00f1os que Matusalem, a\u00fan sigo disfrutando como el primer d\u00eda aprendiendo y compartiendo conocimientos, siempre empap\u00e1ndome de <a href=\"https:\/\/make.wordpress.org\/\">esta comunidad<\/a>.<\/p>\n<p>Actualmente tengo la suerte de trabajar en un gran equipo en <a href=\"http:\/\/si2.info\/\">SI2 Soluciones<\/a> en el que hacemos proyectos inimaginables con WordPress. Puedes encontrarme c\u00f3mo <a href=\"https:\/\/twitter.com\/FlewPs\">@Flewps<\/a>\u00a0y <a href=\"https:\/\/profiles.wordpress.org\/guillegarcia\">GuilleGarcia<\/a>\u00a0y en las <a href=\"https:\/\/www.meetup.com\/es-ES\/Granada-WordPress-Meetup\/\">meetups que hacemos en Granada<\/a>.<\/p>\n\t\t\t\t<\/div>\n\t\t\t<\/div>\n\n\t\t\n\t\t\t<div class=\"wcorg-organizer\">\n\t\t\t\t<h2>\u00c1ngel Moreno<\/h2>\n\t\t\t\t<div class=\"wcorg-organizer-description\">\n\t\t\t\t\t\t\t\t\t\t<img alt='' src='https:\/\/secure.gravatar.com\/avatar\/dfa64e44c9091bf3a1f9178433903ffb541e0c61c0d15b8b3737ca4931f22925?s=100&#038;d=mm&#038;r=g' srcset='https:\/\/secure.gravatar.com\/avatar\/dfa64e44c9091bf3a1f9178433903ffb541e0c61c0d15b8b3737ca4931f22925?s=200&#038;d=mm&#038;r=g 2x' class='avatar avatar-100 photo' height='100' width='100' \/>\t\t\t\t\t<p>En una relaci\u00f3n complicada con Internet desde 1995, soy un entusiasta de WordPress desde que se llamaba <a href=\"https:\/\/web.archive.org\/web\/20031211071316\/http:\/\/arkangel.info:80\/b2\/\">b2<\/a>. Intentando devolver a la Comunidad al menos un poquito de las sonrisas que me ha aportado.<\/p>\n<p>Actualmente me gano la vida como CTO y responsable de proyectos en <a href=\"http:\/\/si2.info\/\">SI2 Soluciones<\/a>, una min\u00fascula Agencia con <a href=\"https:\/\/si2.info\/nuestros-principios\/\">Principios<\/a> que fund\u00e9 alrededor de 2009 y se va refinando poco a poco.<\/p>\n<p>Aprendiz de Kung Fu de Wudang, <a href=\"https:\/\/www.instagram.com\/p\/BhRcGssnxIt\/\">construyo gallineros<\/a>, soy aficionado a la fotograf\u00eda y suelo ir <a href=\"http:\/\/blog.arkangel.info\/2016\/08\/27\/noespordeporte\/\">en bici por Granada<\/a>.<\/p>\n\t\t\t\t<\/div>\n\t\t\t<\/div>\n\n\t\t\n\t\t\t<div class=\"wcorg-organizer\">\n\t\t\t\t<h2>David P\u00e9rez<\/h2>\n\t\t\t\t<div class=\"wcorg-organizer-description\">\n\t\t\t\t\t\t\t\t\t\t<img alt='' src='https:\/\/secure.gravatar.com\/avatar\/a556f0c812162ab6f10fc8748912889c4b1135aafaa4452badcf5b733bb1f91d?s=100&#038;d=mm&#038;r=g' srcset='https:\/\/secure.gravatar.com\/avatar\/a556f0c812162ab6f10fc8748912889c4b1135aafaa4452badcf5b733bb1f91d?s=200&#038;d=mm&#038;r=g 2x' class='avatar avatar-100 photo' height='100' width='100' \/>\t\t\t\t\t<p>David es Cofundador de la <a href=\"https:\/\/close.marketing\/\">Agencia de Marketing Online Closemarketing<\/a>, una Agencia especializada en WordPress desde 2010, y realiza un servicio integral a las empresas. Actualmente es co-organizador\u00a0 de las reuniones mensuales de la comunidad de Granada. Tambi\u00e9n colaboro en otras asociaciones como la Asociaci\u00f3n de J\u00f3venes Empresarios de Granada, intentando aportar mi granito de arena.<\/p>\n<p>Y ya me he liado para el a\u00f1o 2019 a organizar una Carrera Solidaria Memorial de mi padre. Si quieres conocer m\u00e1s sobre m\u00ed, <a href=\"https:\/\/davidperezgar.com\">tienes mi p\u00e1gina web personal<\/a>.<\/p>\n\t\t\t\t<\/div>\n\t\t\t<\/div>\n\n\t\t\n\t<\/div><!-- .wcorg-organizers -->\n\t\n","protected":false},"excerpt":{"rendered":"<p>WordCamp Granada 2018 es posible gracias al trabajo desinteresado de los miembros de la comunidad de WordPress. El equipo de organizaci\u00f3n de WordCamp Granada 2018 est\u00e1 formado por las siguientes personas que se encargan de los diferentes apartados como la coordinaci\u00f3n de equipo, gesti\u00f3n de presupuestos, contacto con patrocinadores y ponentes, log\u00edstica del evento, comunicaci\u00f3n, [&hellip;]<\/p>\n","protected":false},"author":8967770,"featured_media":0,"parent":17,"menu_order":0,"comment_status":"closed","ping_status":"closed","template":"","meta":{"jetpack_post_was_ever_published":false,"footnotes":""},"class_list":["post-12","page","type-page","status-publish","hentry"],"jetpack_sharing_enabled":true,"jetpack_shortlink":"https:\/\/wp.me\/P9ygk4-c","_links":{"self":[{"href":"https:\/\/granada.wordcamp.org\/2018\/wp-json\/wp\/v2\/pages\/12","targetHints":{"allow":["GET"]}}],"collection":[{"href":"https:\/\/granada.wordcamp.org\/2018\/wp-json\/wp\/v2\/pages"}],"about":[{"href":"https:\/\/granada.wordcamp.org\/2018\/wp-json\/wp\/v2\/types\/page"}],"author":[{"embeddable":true,"href":"https:\/\/granada.wordcamp.org\/2018\/wp-json\/wp\/v2\/users\/8967770"}],"replies":[{"embeddable":true,"href":"https:\/\/granada.wordcamp.org\/2018\/wp-json\/wp\/v2\/comments?post=12"}],"version-history":[{"count":5,"href":"https:\/\/granada.wordcamp.org\/2018\/wp-json\/wp\/v2\/pages\/12\/revisions"}],"predecessor-version":[{"id":2786,"href":"https:\/\/granada.wordcamp.org\/2018\/wp-json\/wp\/v2\/pages\/12\/revisions\/2786"}],"up":[{"embeddable":true,"href":"https:\/\/granada.wordcamp.org\/2018\/wp-json\/wp\/v2\/pages\/17"}],"wp:attachment":[{"href":"https:\/\/granada.wordcamp.org\/2018\/wp-json\/wp\/v2\/media?parent=12"}],"curies":[{"name":"wp","href":"https:\/\/api.w.org\/{rel}","templated":true}]}}