{"id":1630,"date":"2018-10-12T01:33:13","date_gmt":"2018-10-11T23:33:13","guid":{"rendered":"https:\/\/2018.granada.wordcamp.org\/?page_id=1630"},"modified":"2018-10-12T01:33:13","modified_gmt":"2018-10-11T23:33:13","slug":"cuidado-de-peques","status":"publish","type":"page","link":"https:\/\/granada.wordcamp.org\/2018\/cuidado-de-peques\/","title":{"rendered":"Cuidado de peques"},"content":{"rendered":"<p><em>WordCamp Granada 2018 te ofrece un servicio de cuidado de peques durante el d\u00eda de las charlas en el Palacio de Congresos, 17 de noviembre. Es necesario inscribirse con antelaci\u00f3n utilizando el formulario de m\u00e1s abajo.<\/em><\/p>\n<hr \/>\n<p>Puedes encontrar m\u00e1s detalles <a href=\"https:\/\/2018.granada.wordcamp.org\/?p=1625\">en esta entrada donde hablamos de nuestra motivaci\u00f3n y c\u00f3mo la haremos posible<\/a>.<\/p>\n<hr \/>\n<h2>Detalles del servicio de cuidado de peques<\/h2>\n<ul>\n<li><strong>Dos voluntarias con experiencia<\/strong> est\u00e1n asignadas espec\u00edficamente a esta tarea en un espacio designado para ello <strong>durante el s\u00e1bado 17N<\/strong>, para <strong>atender a peques entre 2 y 10 a\u00f1os<\/strong> (si te sales por poco de este rango, cont\u00e1ctanos igualmente y lo hablamos). Otras voluntarias y voluntarios colaborar\u00e1n con ellas para permitir cierto descanso y dinamizar, disfrutar, de la experiencia.<\/li>\n<li>El servicio estar\u00e1 disponible <strong>desde las 9.00 hasta las 19.30<\/strong>, salvo durante el tiempo de la comida (te agradeceremos que est\u00e9s disponible durante algunos momentos de la jornada, quiz\u00e1 utilizando el cuidado no de forma continuada sino aprovechando tambi\u00e9n algunos momentos junto a ellos).<\/li>\n<li><strong>La comida depende de ti<\/strong>.<\/li>\n<\/ul>\n<p>Por supuesto, las ni\u00f1as y ni\u00f1os son bienvenidas a las charlas. Este servicio es totalmente opcional para facilitar una mejor experiencia a madres y padres, \u00a1y a las peques! De hecho, los menores de 10 a\u00f1os no necesitan comprar entrada, salvo que quieras que conserven su acreditaci\u00f3n y bolsita con <em>swag (tenemos unas pegatinas con el Wapuu grana\u00edno muy muy molonas\u00a0<\/em>: ).<\/p>\n<h2>Formulario de solicitud<\/h2>\n<p><em>Si vienes con m\u00e1s de un ni\u00f1o o ni\u00f1a, por favor, reg\u00edstralos en este formulario de forma individual (env\u00eda el formulario varias veces) \/ Recuerda que eres responsable de su comida<\/em><\/p>\n<div data-test='contact-form'\n\t\t\tid='contact-form-1630'\n\t\t\tclass='wp-block-jetpack-contact-form-container '\n\t\t\tdata-wp-interactive='jetpack\/form' data-wp-context='{\"formId\":\"1630\",\"formHash\":\"a09e974b914d3e8e9b5edd4089b6cfb6a1d0951c\",\"showErrors\":false,\"errors\":[],\"fields\":[],\"isMultiStep\":false,\"useAjax\":true,\"submissionData\":null,\"formattedSubmissionData\":[],\"submissionSuccess\":false,\"submissionError\":null,\"elementId\":\"jp-form-a09e974b914d3e8e9b5edd4089b6cfb6a1d0951c\",\"isSingleInputForm\":false}'\n\t\t\tdata-wp-watch--scroll-to-wrapper=\"callbacks.scrollToWrapper\"\n\t\t>\n<div class=\"contact-form-submission contact-form-ajax-submission\" data-wp-bind--aria-hidden=\"state.isSuccessMessageAriaHidden\" data-wp-class--submission-success=\"context.submissionSuccess\" id=\"contact-form-success-a09e974b914d3e8e9b5edd4089b6cfb6a1d0951c\" tabindex=\"-1\" aria-labelledby=\"contact-form-success-header-a09e974b914d3e8e9b5edd4089b6cfb6a1d0951c\"><p class=\"go-back-message\"><a class=\"link\" role=\"button\" tabindex=\"0\" data-wp-on--click=\"actions.goBack\" href=\"\/2018\/wp-json\/wp\/v2\/pages\/1630\">\u2190 Back<\/a><\/p><h4 data-wp-bind--aria-hidden=\"state.isSuccessMessageAriaHidden\" id=\"contact-form-success-header-a09e974b914d3e8e9b5edd4089b6cfb6a1d0951c\">Tu mensaje se ha enviado<\/h4>\n\n<template data-wp-each--submission=\"context.formattedSubmissionData\">\n\t\t\t\t\t<div class=\"jetpack_forms_contact-form-success-summary\">\n\t\t\t\t\t\t<div class=\"field-name\" data-wp-text=\"context.submission.label\" data-wp-bind--hidden=\"!context.submission.label\"><\/div>\n\t\t\t\t\t\t<div class=\"field-value\" data-wp-text=\"context.submission.value\" data-wp-bind--hidden=\"!context.submission.showPlainValue\"><\/div>\n\t\t\t\t\t\t<a class=\"field-url\" data-wp-bind--href=\"context.submission.url\" data-wp-text=\"context.submission.value\" data-wp-bind--hidden=\"!context.submission.url\" target=\"_blank\" rel=\"noopener noreferrer\"><\/a>\n\t\t\t\t\t\t<div class=\"field-rating\" data-wp-bind--hidden=\"!context.submission.rating\" data-wp-watch=\"callbacks.watchRatingIcons\"><\/div>\n\t\t\t\t\t\t<div class=\"field-images\" data-wp-bind--hidden=\"!context.submission.images\">\n\t\t\t\t\t\t\t<template data-wp-each--image=\"context.submission.images\">\n\t\t\t\t\t\t\t\t<div class=\"field-image-option\" data-wp-class--is-empty=\"!context.image.src\">\n\t\t\t\t\t\t\t\t\t<figure class=\"field-image-option__image\" data-wp-class--is-empty=\"!context.image.src\">\n\t\t\t\t\t\t\t\t\t\t<img data-wp-bind--src=\"context.image.src\" data-wp-bind--hidden=\"!context.image.src\" \/>\n\t\t\t\t\t\t\t\t\t\t<img decoding=\"async\" src=\"data:image\/gif;base64,R0lGODlhAQABAAD\/ACwAAAAAAQABAAACADs=\" data-wp-bind--hidden=\"context.image.src\" \/>\n\t\t\t\t\t\t\t\t\t<\/figure>\n\t\t\t\t\t\t\t\t\t<div class=\"field-image-option__label-wrapper\">\n\t\t\t\t\t\t\t\t\t\t<span class=\"field-image-option__label-code\" data-wp-text=\"context.image.letterCode\"><\/span>\n\t\t\t\t\t\t\t\t\t\t<span class=\"field-image-option__label\" data-wp-text=\"context.image.label\" data-wp-bind--hidden=\"!context.image.label\"><\/span>\n\t\t\t\t\t\t\t\t\t<\/div>\n\t\t\t\t\t\t\t\t<\/div>\n\t\t\t\t\t\t\t<\/template>\n\t\t\t\t\t\t<\/div>\n\t\t\t\t\t\t<div class=\"field-files\" data-wp-bind--hidden=\"!context.submission.files\">\n\t\t\t\t\t\t\t<template data-wp-each--file=\"context.submission.files\">\n\t\t\t\t\t\t\t\t<div class=\"field-file\">\n\t\t\t\t\t\t\t\t\t<div class=\"field-file__thumbnail\" data-wp-style--background-image=\"context.file.previewUrl\" data-wp-style--mask-image=\"context.file.iconUrl\" data-wp-bind--hidden=\"!context.file.hasPreview\"><\/div>\n\t\t\t\t\t\t\t\t\t<svg class=\"field-file__icon\" data-wp-bind--hidden=\"context.file.hasPreview\" width=\"20\" height=\"20\" viewBox=\"0 0 24 24\" fill=\"none\" xmlns=\"http:\/\/www.w3.org\/2000\/svg\" aria-hidden=\"true\">\n\t\t\t\t\t\t\t\t\t\t<path d=\"M14 2H6C4.9 2 4 2.9 4 4V20C4 21.1 4.89 22 5.99 22H18C19.1 22 20 21.1 20 20V8L14 2ZM18 20H6V4H13V9H18V20Z\" fill=\"currentColor\"\/>\n\t\t\t\t\t\t\t\t\t<\/svg>\n\t\t\t\t\t\t\t\t\t<span class=\"field-file__name\" data-wp-text=\"context.file.name\"><\/span>\n\t\t\t\t\t\t\t\t\t<span class=\"field-file__size\" data-wp-text=\"context.file.size\"><\/span>\n\t\t\t\t\t\t\t\t<\/div>\n\t\t\t\t\t\t\t<\/template>\n\t\t\t\t\t\t<\/div>\n\t\t\t\t\t<\/div>\n\t\t\t\t<\/template><\/div><form action='https:\/\/granada.wordcamp.org\/2018\/cuidado-de-peques\/'\n\t\t\t\tid='jp-form-a09e974b914d3e8e9b5edd4089b6cfb6a1d0951c'\n\t\t\t\tmethod='post'\n\t\t\t\tclass='contact-form commentsblock' aria-label=\"Cuidado de peques\"\n\t\t\t\tdata-wp-on--submit=\"actions.onFormSubmit\"\n\t\t\t\tdata-wp-on--reset=\"actions.onFormReset\"\n\t\t\t\tdata-wp-class--submission-success=\"context.submissionSuccess\"\n\t\t\t\tdata-wp-class--is-first-step=\"state.isFirstStep\"\n\t\t\t\tdata-wp-class--is-last-step=\"state.isLastStep\"\n\t\t\t\tdata-wp-class--is-ajax-form=\"context.useAjax\"\n\t\t\t\tnovalidate >\n<input type='hidden' name='jetpack_contact_form_jwt' value='eyJ0eXAiOiJKV1QiLCJhbGciOiJIUzI1NiJ9.eyJlbmNyeXB0ZWRfYXR0cmlidXRlcyI6IkdOZ25CbGEvZC8vN2t3M1k5bGJIZkQrRmN3Yit1WjR2ZklOQjFwZ3Zja2tkUFlFczMrNFUvYWY5bGdCeUdOUW5uYnJFYTNLWWFSRUhUWUFDWTcxUXJZeUhXTGNaZFdSZE1xYTFqMU44Um52V2l6ZkdxR1crS2FHOFpMTmpUU29TMjlPMm9PQUZJb3d0dEplQURNbENKRmtsSXVRZVY3WVBnV0VnekR4d05JUUpldlpNL1ZaQ0lqc3dqdlB2R3crQWU1VlZKZkZFc28zRVNSdk1Mb2U0RTR1bStWZ0FSVHhjbk5oY0FRTjg1MVh1VjlWTkFtZjZlQjI0Si9tdkNLdm4rbW9oMVZOK082MmFKM20zS3BJZ0FxbXVFRTVIN3YyVXk4Vk0rek5MUWR3WCtvWnByRlc2TVVrQ0lqYWZqQXZ1VDQ4YmlMclNQNTQvcXZpdGoyaEdQZG5UcUROY2pnNEJmVGRadG5SL0ZyVGFONU1EaFpHMDNNYTh1VUpwRWFBVTBNK1d1WlNRYm14dFVRVXlUUjlPeUx2STlPT042QmZmWHA2RkdxM1FiZXMvN3kyNmJaNzJuWHhVOW9kNmRic1hDT1lwRWN4b2lDY1lhcWdMeUx0QkdLTW9sbEtDemIrNXpCZVk5TGhTdTFNZDlZVUZlMjJKSHpZY1RvVDY5S1hWZkZSRTZhTGladW9XcDVuYkF0ZWt5di9ob2hPcXFNVjNIczRCeUU2VjRWM0dIOU4vVWtLcTZMZ1ZUN3JJOHZ1Y3Y4Z2VLMjN4S0xvYVN5WjNPZGQydDZpWUt0YXBrUkpLWGlBQ2FiUzY5UGltZGxlY0J0T3NvM0tJSTNXSC9OSkRLY29QVFJScHZhZG1BZDdIc2NmWi85RTR3MkhxeUZ2cjN0RjN5MWdqc2IrMXBaUmwrdDdtRkRzeDZsUzVBZFNuazZDNGx2T3FXS1ZPMmQ3R0kyWGhueTd0VktLYmFxblBMQ3luNDI1dkk2dGZma1pmSHM0bC9wWk1oZFdraW92RXZ3K1JzeGk3ak5GZWo2ckhYQnA0djBOUmdjTXdWU3hHMXg5UG53WGNRc2Ywa3JUQWFMdTlUSVZpSDBMMHdLTytvMTBEZzg5WXZoT2NZQ0tWUjRPdElMRlZ3eVZscHRqS1BJVUowL1RYN0p5RnNJVzFRU0E2SkE9PSIsImNvbnRlbnQiOiJbY29udGFjdC1maWVsZCBsYWJlbD1cIk5vbWJyZSBkZWwgbyBsYSByZXNwb25zYWJsZSAodFx1MDBmYSlcIiB0eXBlPVwibmFtZVwiIHJlcXVpcmVkPVwiMVwiXVtjb250YWN0LWZpZWxkIGxhYmVsPVwiRW1haWwgKGRlYmUgc2VyIGlndWFsIGFsIHF1ZSB1c2FzdGUgcGFyYSBjb21wcmFyIHR1IGVudHJhZGEpXCIgdHlwZT1cImVtYWlsXCIgcmVxdWlyZWQ9XCIxXCJdW2NvbnRhY3QtZmllbGQgbGFiZWw9XCJOb21icmUgZGVsIG5pXHUwMGYxbyBvIG5pXHUwMGYxYVwiIHR5cGU9XCJ0ZXh0XCIgcmVxdWlyZWQ9XCIxXCJdW2NvbnRhY3QtZmllbGQgbGFiZWw9XCJFZGFkXCIgdHlwZT1cInJhZGlvXCIgcmVxdWlyZWQ9XCIxXCIgb3B0aW9ucz1cIjEyIGEgMjQgbWVzZXMsMiBhIDQgYVx1MDBmMW9zLDUgYSA3IGFcdTAwZjFvcyw3IGEgMTAgYVx1MDBmMW9zXCJdW2NvbnRhY3QtZmllbGQgbGFiZWw9XCJDb21lbnRhcmlvcywgbmVjZXNpZGFkZXMgZXNwZWNpYWxlcy4uLlwiIHR5cGU9XCJ0ZXh0YXJlYVwiXSIsImhhc2giOiJhMDllOTc0YjkxNGQzZThlOWI1ZWRkNDA4OWI2Y2ZiNmExZDA5NTFjIiwic291cmNlIjp7ImVudHJ5X3RpdGxlIjoiQ3VpZGFkbyBkZSBwZXF1ZXMiLCJlbnRyeV9wYWdlIjoxLCJzb3VyY2VfaWQiOjE2MzAsInNvdXJjZV90eXBlIjoic2luZ2xlIiwicmVxdWVzdF91cmwiOiJodHRwczovL2dyYW5hZGEud29yZGNhbXAub3JnLzIwMTgvd3AtanNvbi93cC92Mi9wYWdlcy8xNjMwIn0sInZlcnNpb24iOjIsImNpcGhlciI6ImFlcy0yNTYtZ2NtIn0.xKMPJidYXrfVyK6fK3OQw4P6ANY7swxzFbTkbk_i5Ic' \/>\n\n<div style=\"\"  data-wp-interactive=\"jetpack\/form\" data-wp-context='{\"fieldId\":\"g1630-nombredelolaresponsablet\",\"fieldType\":\"name\",\"fieldLabel\":\"Nombre del o la responsable (t\\u00fa)\",\"fieldValue\":\"\",\"fieldPlaceholder\":\"\",\"fieldIsRequired\":\"1\",\"fieldErrorMessage\":\"\",\"fieldExtra\":[],\"formHash\":\"a09e974b914d3e8e9b5edd4089b6cfb6a1d0951c\"}'  class='grunion-field-name-wrap grunion-field-wrap'  data-wp-init='callbacks.initializeField' data-wp-on--jetpack-form-reset='callbacks.initializeField' >\n<label\n\t\t\t\tfor='g1630-nombredelolaresponsablet' class=\"grunion-field-label name\" >Nombre del o la responsable (t\u00fa)<span class=\"grunion-label-required\" aria-hidden=\"true\">(obligatorio)<\/span><\/label>\n<input\n\t\t\t\t\ttype='text'\n\t\t\t\t\tname='g1630-nombredelolaresponsablet'\n\t\t\t\t\tid='g1630-nombredelolaresponsablet'\n\t\t\t\t\tvalue=''\n\n\t\t\t\t\tdata-wp-bind--aria-invalid='state.fieldAriaInvalid'\n\t\t\t\t\tdata-wp-bind--value='state.getFieldValue'\n\t\t\t\t\taria-describedby='g1630-nombredelolaresponsablet-text-error-message'\n\t\t\t\t\tdata-wp-on--input='actions.onFieldChange'\n\t\t\t\t\tdata-wp-on--blur='actions.onFieldBlur'\n\t\t\t\t\tdata-wp-class--has-value='state.hasFieldValue'\n\n\t\t\t\t\tclass='name  grunion-field' \n\t\t\t\t\trequired='true' aria-required='true'  \/>\n \n\t\t\t<div id=\"g1630-nombredelolaresponsablet-text-error\" class=\"contact-form__input-error\" data-wp-class--has-errors=\"state.fieldHasErrors\">\n\t\t\t\t<span class=\"contact-form__warning-icon\" aria-hidden=\"true\">\n\t\t\t\t\t<svg width=\"16\" height=\"16\" viewBox=\"0 0 16 16\" fill=\"none\" xmlns=\"http:\/\/www.w3.org\/2000\/svg\">\n\t\t\t\t\t\t<path d=\"M8.50015 11.6402H7.50015V10.6402H8.50015V11.6402Z\" \/>\n\t\t\t\t\t\t<path d=\"M7.50015 9.64018H8.50015V6.30684H7.50015V9.64018Z\" \/>\n\t\t\t\t\t\t<path fill-rule=\"evenodd\" clip-rule=\"evenodd\" d=\"M6.98331 3.0947C7.42933 2.30177 8.57096 2.30177 9.01698 3.09469L13.8771 11.7349C14.3145 12.5126 13.7525 13.4735 12.8602 13.4735H3.14004C2.24774 13.4735 1.68575 12.5126 2.12321 11.7349L6.98331 3.0947ZM8.14541 3.58496C8.08169 3.47168 7.9186 3.47168 7.85488 3.58496L2.99478 12.2251C2.93229 12.3362 3.01257 12.4735 3.14004 12.4735H12.8602C12.9877 12.4735 13.068 12.3362 13.0055 12.2251L8.14541 3.58496Z\" \/>\n\t\t\t\t\t<\/svg>\n\t\t\t\t<\/span>\n\t\t\t\t<span data-wp-text=\"state.errorMessage\" id=\"g1630-nombredelolaresponsablet-text-error-message\"><\/span>\n\t\t\t<\/div> \n\t<\/div>\n\n<div style=\"\"  data-wp-interactive=\"jetpack\/form\" data-wp-context='{\"fieldId\":\"g1630-emaildebeserigualalqueusasteparacomprartuentrada\",\"fieldType\":\"email\",\"fieldLabel\":\"Email (debe ser igual al que usaste para comprar tu entrada)\",\"fieldValue\":\"\",\"fieldPlaceholder\":\"\",\"fieldIsRequired\":\"1\",\"fieldErrorMessage\":\"\",\"fieldExtra\":[],\"formHash\":\"a09e974b914d3e8e9b5edd4089b6cfb6a1d0951c\"}'  class='grunion-field-email-wrap grunion-field-wrap'  data-wp-init='callbacks.initializeField' data-wp-on--jetpack-form-reset='callbacks.initializeField' >\n<label\n\t\t\t\tfor='g1630-emaildebeserigualalqueusasteparacomprartuentrada' class=\"grunion-field-label email\" >Email (debe ser igual al que usaste para comprar tu entrada)<span class=\"grunion-label-required\" aria-hidden=\"true\">(obligatorio)<\/span><\/label>\n<input\n\t\t\t\t\ttype='email'\n\t\t\t\t\tname='g1630-emaildebeserigualalqueusasteparacomprartuentrada'\n\t\t\t\t\tid='g1630-emaildebeserigualalqueusasteparacomprartuentrada'\n\t\t\t\t\tvalue=''\n\n\t\t\t\t\tdata-wp-bind--aria-invalid='state.fieldAriaInvalid'\n\t\t\t\t\tdata-wp-bind--value='state.getFieldValue'\n\t\t\t\t\taria-describedby='g1630-emaildebeserigualalqueusasteparacomprartuentrada-email-error-message'\n\t\t\t\t\tdata-wp-on--input='actions.onFieldChange'\n\t\t\t\t\tdata-wp-on--blur='actions.onFieldBlur'\n\t\t\t\t\tdata-wp-class--has-value='state.hasFieldValue'\n\n\t\t\t\t\tclass='email  grunion-field' \n\t\t\t\t\trequired='true' aria-required='true'  \/>\n \n\t\t\t<div id=\"g1630-emaildebeserigualalqueusasteparacomprartuentrada-email-error\" class=\"contact-form__input-error\" data-wp-class--has-errors=\"state.fieldHasErrors\">\n\t\t\t\t<span class=\"contact-form__warning-icon\" aria-hidden=\"true\">\n\t\t\t\t\t<svg width=\"16\" height=\"16\" viewBox=\"0 0 16 16\" fill=\"none\" xmlns=\"http:\/\/www.w3.org\/2000\/svg\">\n\t\t\t\t\t\t<path d=\"M8.50015 11.6402H7.50015V10.6402H8.50015V11.6402Z\" \/>\n\t\t\t\t\t\t<path d=\"M7.50015 9.64018H8.50015V6.30684H7.50015V9.64018Z\" \/>\n\t\t\t\t\t\t<path fill-rule=\"evenodd\" clip-rule=\"evenodd\" d=\"M6.98331 3.0947C7.42933 2.30177 8.57096 2.30177 9.01698 3.09469L13.8771 11.7349C14.3145 12.5126 13.7525 13.4735 12.8602 13.4735H3.14004C2.24774 13.4735 1.68575 12.5126 2.12321 11.7349L6.98331 3.0947ZM8.14541 3.58496C8.08169 3.47168 7.9186 3.47168 7.85488 3.58496L2.99478 12.2251C2.93229 12.3362 3.01257 12.4735 3.14004 12.4735H12.8602C12.9877 12.4735 13.068 12.3362 13.0055 12.2251L8.14541 3.58496Z\" \/>\n\t\t\t\t\t<\/svg>\n\t\t\t\t<\/span>\n\t\t\t\t<span data-wp-text=\"state.errorMessage\" id=\"g1630-emaildebeserigualalqueusasteparacomprartuentrada-email-error-message\"><\/span>\n\t\t\t<\/div> \n\t<\/div>\n\n<div style=\"\"  data-wp-interactive=\"jetpack\/form\" data-wp-context='{\"fieldId\":\"g1630-nombredelnioonia\",\"fieldType\":\"text\",\"fieldLabel\":\"Nombre del ni\\u00f1o o ni\\u00f1a\",\"fieldValue\":\"\",\"fieldPlaceholder\":\"\",\"fieldIsRequired\":\"1\",\"fieldErrorMessage\":\"\",\"fieldExtra\":[],\"formHash\":\"a09e974b914d3e8e9b5edd4089b6cfb6a1d0951c\"}'  class='grunion-field-text-wrap grunion-field-wrap'  data-wp-init='callbacks.initializeField' data-wp-on--jetpack-form-reset='callbacks.initializeField' >\n<label\n\t\t\t\tfor='g1630-nombredelnioonia' class=\"grunion-field-label text\" >Nombre del ni\u00f1o o ni\u00f1a<span class=\"grunion-label-required\" aria-hidden=\"true\">(obligatorio)<\/span><\/label>\n<input\n\t\t\t\t\ttype='text'\n\t\t\t\t\tname='g1630-nombredelnioonia'\n\t\t\t\t\tid='g1630-nombredelnioonia'\n\t\t\t\t\tvalue=''\n\n\t\t\t\t\tdata-wp-bind--aria-invalid='state.fieldAriaInvalid'\n\t\t\t\t\tdata-wp-bind--value='state.getFieldValue'\n\t\t\t\t\taria-describedby='g1630-nombredelnioonia-text-error-message'\n\t\t\t\t\tdata-wp-on--input='actions.onFieldChange'\n\t\t\t\t\tdata-wp-on--blur='actions.onFieldBlur'\n\t\t\t\t\tdata-wp-class--has-value='state.hasFieldValue'\n\n\t\t\t\t\tclass='text  grunion-field' \n\t\t\t\t\trequired='true' aria-required='true'  \/>\n \n\t\t\t<div id=\"g1630-nombredelnioonia-text-error\" class=\"contact-form__input-error\" data-wp-class--has-errors=\"state.fieldHasErrors\">\n\t\t\t\t<span class=\"contact-form__warning-icon\" aria-hidden=\"true\">\n\t\t\t\t\t<svg width=\"16\" height=\"16\" viewBox=\"0 0 16 16\" fill=\"none\" xmlns=\"http:\/\/www.w3.org\/2000\/svg\">\n\t\t\t\t\t\t<path d=\"M8.50015 11.6402H7.50015V10.6402H8.50015V11.6402Z\" \/>\n\t\t\t\t\t\t<path d=\"M7.50015 9.64018H8.50015V6.30684H7.50015V9.64018Z\" \/>\n\t\t\t\t\t\t<path fill-rule=\"evenodd\" clip-rule=\"evenodd\" d=\"M6.98331 3.0947C7.42933 2.30177 8.57096 2.30177 9.01698 3.09469L13.8771 11.7349C14.3145 12.5126 13.7525 13.4735 12.8602 13.4735H3.14004C2.24774 13.4735 1.68575 12.5126 2.12321 11.7349L6.98331 3.0947ZM8.14541 3.58496C8.08169 3.47168 7.9186 3.47168 7.85488 3.58496L2.99478 12.2251C2.93229 12.3362 3.01257 12.4735 3.14004 12.4735H12.8602C12.9877 12.4735 13.068 12.3362 13.0055 12.2251L8.14541 3.58496Z\" \/>\n\t\t\t\t\t<\/svg>\n\t\t\t\t<\/span>\n\t\t\t\t<span data-wp-text=\"state.errorMessage\" id=\"g1630-nombredelnioonia-text-error-message\"><\/span>\n\t\t\t<\/div> \n\t<\/div>\n\n<div style=\"\"  data-wp-interactive=\"jetpack\/form\" data-wp-context='{\"fieldId\":\"g1630-edad\",\"fieldType\":\"radio\",\"fieldLabel\":\"Edad\",\"fieldValue\":\"\",\"fieldPlaceholder\":\"\",\"fieldIsRequired\":\"1\",\"fieldErrorMessage\":\"\",\"fieldExtra\":[],\"formHash\":\"a09e974b914d3e8e9b5edd4089b6cfb6a1d0951c\"}'  class='grunion-field-radio-wrap grunion-field-wrap'  data-wp-init='callbacks.initializeField' data-wp-on--jetpack-form-reset='callbacks.initializeField' >\n<fieldset id='g1630-edad-label' class='jetpack-field-multiple__fieldset' data-wp-bind--aria-invalid='state.fieldAriaInvalid' ><legend class=\"grunion-field-label\" ><span class=\"grunion-label-text\">Edad<\/span><span class=\"grunion-label-required\">(obligatorio)<\/span><\/legend>\n<div class='grunion-radio-options ' style=''><p class='contact-form-field'><input\n\t\t\t\t\t\t\t\t\tid='g1630-edad-12a24meses'\n\t\t\t\t\t\t\t\t\ttype='radio'\n\t\t\t\t\t\t\t\t\tname='g1630-edad'\n\t\t\t\t\t\t\t\t\tvalue='12 a 24 meses'\n\t\t\t\t\t\t\t\t\tdata-wp-on--change='actions.onFieldChange' class='radio  grunion-field'  required aria-required='true'\/> <label for='g1630-edad-12a24meses' style=\"\" class='grunion-radio-label radio'><span class='grunion-field-text'>12 a 24 meses<\/span><\/label><\/p><p class='contact-form-field'><input\n\t\t\t\t\t\t\t\t\tid='g1630-edad-2a4aos'\n\t\t\t\t\t\t\t\t\ttype='radio'\n\t\t\t\t\t\t\t\t\tname='g1630-edad'\n\t\t\t\t\t\t\t\t\tvalue='2 a 4 a\u00f1os'\n\t\t\t\t\t\t\t\t\tdata-wp-on--change='actions.onFieldChange' class='radio  grunion-field'  required aria-required='true'\/> <label for='g1630-edad-2a4aos' style=\"\" class='grunion-radio-label radio'><span class='grunion-field-text'>2 a 4 a\u00f1os<\/span><\/label><\/p><p class='contact-form-field'><input\n\t\t\t\t\t\t\t\t\tid='g1630-edad-5a7aos'\n\t\t\t\t\t\t\t\t\ttype='radio'\n\t\t\t\t\t\t\t\t\tname='g1630-edad'\n\t\t\t\t\t\t\t\t\tvalue='5 a 7 a\u00f1os'\n\t\t\t\t\t\t\t\t\tdata-wp-on--change='actions.onFieldChange' class='radio  grunion-field'  required aria-required='true'\/> <label for='g1630-edad-5a7aos' style=\"\" class='grunion-radio-label radio'><span class='grunion-field-text'>5 a 7 a\u00f1os<\/span><\/label><\/p><p class='contact-form-field'><input\n\t\t\t\t\t\t\t\t\tid='g1630-edad-7a10aos'\n\t\t\t\t\t\t\t\t\ttype='radio'\n\t\t\t\t\t\t\t\t\tname='g1630-edad'\n\t\t\t\t\t\t\t\t\tvalue='7 a 10 a\u00f1os'\n\t\t\t\t\t\t\t\t\tdata-wp-on--change='actions.onFieldChange' class='radio  grunion-field'  required aria-required='true'\/> <label for='g1630-edad-7a10aos' style=\"\" class='grunion-radio-label radio'><span class='grunion-field-text'>7 a 10 a\u00f1os<\/span><\/label><\/p><\/div>\n\t\t\t<div id=\"g1630-edad-radio-error\" class=\"contact-form__input-error\" data-wp-class--has-errors=\"state.fieldHasErrors\">\n\t\t\t\t<span class=\"contact-form__warning-icon\" aria-hidden=\"true\">\n\t\t\t\t\t<svg width=\"16\" height=\"16\" viewBox=\"0 0 16 16\" fill=\"none\" xmlns=\"http:\/\/www.w3.org\/2000\/svg\">\n\t\t\t\t\t\t<path d=\"M8.50015 11.6402H7.50015V10.6402H8.50015V11.6402Z\" \/>\n\t\t\t\t\t\t<path d=\"M7.50015 9.64018H8.50015V6.30684H7.50015V9.64018Z\" \/>\n\t\t\t\t\t\t<path fill-rule=\"evenodd\" clip-rule=\"evenodd\" d=\"M6.98331 3.0947C7.42933 2.30177 8.57096 2.30177 9.01698 3.09469L13.8771 11.7349C14.3145 12.5126 13.7525 13.4735 12.8602 13.4735H3.14004C2.24774 13.4735 1.68575 12.5126 2.12321 11.7349L6.98331 3.0947ZM8.14541 3.58496C8.08169 3.47168 7.9186 3.47168 7.85488 3.58496L2.99478 12.2251C2.93229 12.3362 3.01257 12.4735 3.14004 12.4735H12.8602C12.9877 12.4735 13.068 12.3362 13.0055 12.2251L8.14541 3.58496Z\" \/>\n\t\t\t\t\t<\/svg>\n\t\t\t\t<\/span>\n\t\t\t\t<span data-wp-text=\"state.errorMessage\" id=\"g1630-edad-radio-error-message\"><\/span>\n\t\t\t<\/div><\/fieldset>\t<\/div>\n\n<div style=\"\"  data-wp-interactive=\"jetpack\/form\" data-wp-context='{\"fieldId\":\"g1630-comentariosnecesidadesespeciales\",\"fieldType\":\"textarea\",\"fieldLabel\":\"Comentarios, necesidades especiales...\",\"fieldValue\":\"\",\"fieldPlaceholder\":\"\",\"fieldIsRequired\":\"\",\"fieldErrorMessage\":\"\",\"fieldExtra\":[],\"formHash\":\"a09e974b914d3e8e9b5edd4089b6cfb6a1d0951c\"}'  class='grunion-field-textarea-wrap grunion-field-wrap'  data-wp-init='callbacks.initializeField' data-wp-on--jetpack-form-reset='callbacks.initializeField' >\n<label\n\t\t\t\tfor='contact-form-comment-g1630-comentariosnecesidadesespeciales' class=\"grunion-field-label textarea\" >Comentarios, necesidades especiales...<\/label>\n<textarea\n\t\t                style=''\n\t\t                name='g1630-comentariosnecesidadesespeciales'\n\t\t                id='contact-form-comment-g1630-comentariosnecesidadesespeciales'\n\t\t                rows='20'\n\t\t\t\t\t\tdata-wp-text='state.getFieldValue'\n\t\t\t\t\t\tdata-wp-on--input='actions.onFieldChange'\n\t\t\t\t\t\tdata-wp-on--blur='actions.onFieldBlur'\n\t\t\t\t\t\tdata-wp-class--has-value='state.hasFieldValue'\n\t\t\t\t\t\taria-describedby='g1630-comentariosnecesidadesespeciales-textarea-error-message'\n\t\t\t\t\t\tdata-wp-bind--aria-invalid='state.fieldAriaInvalid'\n\t\t\t\t\t\tclass='textarea  grunion-field'  ><\/textarea>\n \n\t\t\t<div id=\"g1630-comentariosnecesidadesespeciales-textarea-error\" class=\"contact-form__input-error\" data-wp-class--has-errors=\"state.fieldHasErrors\">\n\t\t\t\t<span class=\"contact-form__warning-icon\" aria-hidden=\"true\">\n\t\t\t\t\t<svg width=\"16\" height=\"16\" viewBox=\"0 0 16 16\" fill=\"none\" xmlns=\"http:\/\/www.w3.org\/2000\/svg\">\n\t\t\t\t\t\t<path d=\"M8.50015 11.6402H7.50015V10.6402H8.50015V11.6402Z\" \/>\n\t\t\t\t\t\t<path d=\"M7.50015 9.64018H8.50015V6.30684H7.50015V9.64018Z\" \/>\n\t\t\t\t\t\t<path fill-rule=\"evenodd\" clip-rule=\"evenodd\" d=\"M6.98331 3.0947C7.42933 2.30177 8.57096 2.30177 9.01698 3.09469L13.8771 11.7349C14.3145 12.5126 13.7525 13.4735 12.8602 13.4735H3.14004C2.24774 13.4735 1.68575 12.5126 2.12321 11.7349L6.98331 3.0947ZM8.14541 3.58496C8.08169 3.47168 7.9186 3.47168 7.85488 3.58496L2.99478 12.2251C2.93229 12.3362 3.01257 12.4735 3.14004 12.4735H12.8602C12.9877 12.4735 13.068 12.3362 13.0055 12.2251L8.14541 3.58496Z\" \/>\n\t\t\t\t\t<\/svg>\n\t\t\t\t<\/span>\n\t\t\t\t<span data-wp-text=\"state.errorMessage\" id=\"g1630-comentariosnecesidadesespeciales-textarea-error-message\"><\/span>\n\t\t\t<\/div>\n\t<\/div>\n\t<p class='contact-submit'>\n<div class=\"contact-form__error\" data-wp-class--show-errors=\"state.showFormErrors\"><span class=\"contact-form__warning-icon\" aria-hidden=\"true\"><i><\/i><\/span><span class=\"contact-form__error-message\" tabindex=\"-1\" data-wp-watch=\"callbacks.focusOnValidationError\" data-wp-text=\"state.getFormErrorMessage\"><\/span><ul aria-label=\"Form errors\">\n\t\t\t\t<template data-wp-each=\"state.getErrorList\" data-wp-key=\"context.item.id\">\n\t\t\t\t\t<li><a data-wp-bind--href=\"context.item.anchor\" data-wp-on--click=\"actions.scrollIntoView\" data-wp-text=\"context.item.label\"><\/a><\/li>\n\t\t\t\t<\/template>\n\t\t\t\t<\/ul><\/div><div class=\"contact-form__error\" data-wp-class--show-errors=\"state.showSubmissionError\" data-wp-text=\"context.submissionError\" tabindex=\"-1\" data-wp-watch=\"callbacks.focusOnSubmissionError\"><\/div>\t\t<button type='submit' class='pushbutton-wide'>Enviar<\/button>\t\t<input type='hidden' name='contact-form-id' value='1630' \/>\n\t\t<input type='hidden' name='action' value='grunion-contact-form' \/>\n\t\t<input type='hidden' name='contact-form-hash' value='a09e974b914d3e8e9b5edd4089b6cfb6a1d0951c' \/>\n\t<\/p>\n<p style=\"display: none !important;\" class=\"akismet-fields-container\" data-prefix=\"ak_\"><label>&#916;<textarea name=\"ak_hp_textarea\" cols=\"45\" rows=\"8\" maxlength=\"100\"><\/textarea><\/label><input type=\"hidden\" id=\"ak_js_1\" name=\"ak_js\" value=\"250\"\/><script type=\"text\/javascript\">\n\/* <![CDATA[ *\/\ndocument.getElementById( \"ak_js_1\" ).setAttribute( \"value\", ( new Date() ).getTime() );\n\/* ]]> *\/\n<\/script>\n<\/p><\/form>\n<\/div>\n","protected":false},"excerpt":{"rendered":"<p>WordCamp Granada 2018 te ofrece un servicio de cuidado de peques durante el d\u00eda de las charlas en el Palacio de Congresos, 17 de noviembre. Es necesario inscribirse con antelaci\u00f3n utilizando el formulario de m\u00e1s abajo. Puedes encontrar m\u00e1s detalles en esta entrada donde hablamos de nuestra motivaci\u00f3n y c\u00f3mo la haremos posible. Detalles del [&hellip;]<\/p>\n","protected":false},"author":223145,"featured_media":0,"parent":0,"menu_order":0,"comment_status":"closed","ping_status":"closed","template":"","meta":{"jetpack_post_was_ever_published":false,"footnotes":""},"class_list":["post-1630","page","type-page","status-publish","hentry"],"jetpack_sharing_enabled":true,"jetpack_shortlink":"https:\/\/wp.me\/P9ygk4-qi","_links":{"self":[{"href":"https:\/\/granada.wordcamp.org\/2018\/wp-json\/wp\/v2\/pages\/1630","targetHints":{"allow":["GET"]}}],"collection":[{"href":"https:\/\/granada.wordcamp.org\/2018\/wp-json\/wp\/v2\/pages"}],"about":[{"href":"https:\/\/granada.wordcamp.org\/2018\/wp-json\/wp\/v2\/types\/page"}],"author":[{"embeddable":true,"href":"https:\/\/granada.wordcamp.org\/2018\/wp-json\/wp\/v2\/users\/223145"}],"replies":[{"embeddable":true,"href":"https:\/\/granada.wordcamp.org\/2018\/wp-json\/wp\/v2\/comments?post=1630"}],"version-history":[{"count":10,"href":"https:\/\/granada.wordcamp.org\/2018\/wp-json\/wp\/v2\/pages\/1630\/revisions"}],"predecessor-version":[{"id":1669,"href":"https:\/\/granada.wordcamp.org\/2018\/wp-json\/wp\/v2\/pages\/1630\/revisions\/1669"}],"wp:attachment":[{"href":"https:\/\/granada.wordcamp.org\/2018\/wp-json\/wp\/v2\/media?parent=1630"}],"curies":[{"name":"wp","href":"https:\/\/api.w.org\/{rel}","templated":true}]}}