{"id":17,"date":"2018-01-11T21:46:22","date_gmt":"2018-01-11T21:46:22","guid":{"rendered":"https:\/\/2018.granada.wordcamp.org\/contact\/"},"modified":"2018-11-12T10:16:31","modified_gmt":"2018-11-12T09:16:31","slug":"contacto","status":"publish","type":"page","link":"https:\/\/granada.wordcamp.org\/2018\/contacto\/","title":{"rendered":"Contacto"},"content":{"rendered":"<p>\u00a1Bienvenido al sitio web de la WordCamp Granada 2018! En este sitio web publicamos toda la informaci\u00f3n importante sobre el evento y todo lo relacionado con \u00e9l. Sin embargo, es posible que haya cosas que no hemos cubierto (a\u00fan) que puedan ser \u00fatiles para ti, por favor si\u00e9ntete libre de contactarnos y trataremos de ayudarte.<\/p>\n<p>Env\u00eda tus consultas utilizando el siguiente formulario y un miembro de nuestro equipo te responder\u00e1.<\/p>\n<div class=\"language language-english\">\n<h2 class=\"language-name\">English<\/h2>\n<p>Welcome to the WordCamp Granada 2018 website! This is where we publish all the important info about the coming event and everything connected to it. However, there might be things that we haven\u2019t covered (yet) that might be useful to you, so feel free to get in touch and we\u2019ll try to help.<\/p>\n<p>Please send your inquiries using the form below and someone in our team will get back to you.<\/p>\n<\/div>\n<blockquote><p>Por favor, no uses este formulario de contacto para consultar si quedan entradas, te responderemos lo siguiente:<\/p>\n<ul>\n<li>Lamentamos decirte que las entradas generales est\u00e1n agotadas desde el Domingo 14 de Octubre, de hecho para nosotros ha sido una sorpresa, estamos entusiasmados con esta masiva acogida del evento.<\/li>\n<li>Adem\u00e1s, los dem\u00e1s tipos de entrada se agotaron el S\u00e1bado 10 de Noviembre.<\/li>\n<li>Desde el Viernes 9 de Noviembre no se permite devoluci\u00f3n de la entrada (porque est\u00e1 ya todo contratado), de modo que no es posible que aparezcan m\u00e1s entradas.<\/li>\n<li>En la comunidad WordPress Granada, adem\u00e1s organizamos de forma mensual un meetup. Este es un evento abierto y que intentamos que sea gratuito. <a href=\"https:\/\/www.meetup.com\/es-ES\/Granada-WordPress-Meetup\/\">\u00a1\u00danete!<\/a><\/li>\n<\/ul>\n<\/blockquote>\n<div data-test='contact-form'\n\t\t\tid='contact-form-17'\n\t\t\tclass='wp-block-jetpack-contact-form-container '\n\t\t\tdata-wp-interactive='jetpack\/form' data-wp-context='{\"formId\":\"17\",\"formHash\":\"30241f6dedd104c52e13c72a30a456e18c863229\",\"showErrors\":false,\"errors\":[],\"fields\":[],\"isMultiStep\":false,\"useAjax\":true,\"submissionData\":null,\"formattedSubmissionData\":[],\"submissionSuccess\":false,\"submissionError\":null,\"elementId\":\"jp-form-30241f6dedd104c52e13c72a30a456e18c863229\",\"isSingleInputForm\":false}'\n\t\t\tdata-wp-watch--scroll-to-wrapper=\"callbacks.scrollToWrapper\"\n\t\t>\n<div class=\"contact-form-submission contact-form-ajax-submission\" data-wp-bind--aria-hidden=\"state.isSuccessMessageAriaHidden\" data-wp-class--submission-success=\"context.submissionSuccess\" id=\"contact-form-success-30241f6dedd104c52e13c72a30a456e18c863229\" tabindex=\"-1\" aria-labelledby=\"contact-form-success-header-30241f6dedd104c52e13c72a30a456e18c863229\"><p class=\"go-back-message\"><a class=\"link\" role=\"button\" tabindex=\"0\" data-wp-on--click=\"actions.goBack\" href=\"\/2018\/wp-json\/wp\/v2\/pages\/17\">\u2190 Back<\/a><\/p><h4 data-wp-bind--aria-hidden=\"state.isSuccessMessageAriaHidden\" id=\"contact-form-success-header-30241f6dedd104c52e13c72a30a456e18c863229\">Tu mensaje se ha enviado<\/h4>\n\n<template data-wp-each--submission=\"context.formattedSubmissionData\">\n\t\t\t\t\t<div class=\"jetpack_forms_contact-form-success-summary\">\n\t\t\t\t\t\t<div class=\"field-name\" data-wp-text=\"context.submission.label\" data-wp-bind--hidden=\"!context.submission.label\"><\/div>\n\t\t\t\t\t\t<div class=\"field-value\" data-wp-text=\"context.submission.value\" data-wp-bind--hidden=\"!context.submission.showPlainValue\"><\/div>\n\t\t\t\t\t\t<a class=\"field-url\" data-wp-bind--href=\"context.submission.url\" data-wp-text=\"context.submission.value\" data-wp-bind--hidden=\"!context.submission.url\" target=\"_blank\" rel=\"noopener noreferrer\"><\/a>\n\t\t\t\t\t\t<div class=\"field-rating\" data-wp-bind--hidden=\"!context.submission.rating\" data-wp-watch=\"callbacks.watchRatingIcons\"><\/div>\n\t\t\t\t\t\t<div class=\"field-images\" data-wp-bind--hidden=\"!context.submission.images\">\n\t\t\t\t\t\t\t<template data-wp-each--image=\"context.submission.images\">\n\t\t\t\t\t\t\t\t<div class=\"field-image-option\" data-wp-class--is-empty=\"!context.image.src\">\n\t\t\t\t\t\t\t\t\t<figure class=\"field-image-option__image\" data-wp-class--is-empty=\"!context.image.src\">\n\t\t\t\t\t\t\t\t\t\t<img data-wp-bind--src=\"context.image.src\" data-wp-bind--hidden=\"!context.image.src\" \/>\n\t\t\t\t\t\t\t\t\t\t<img decoding=\"async\" src=\"data:image\/gif;base64,R0lGODlhAQABAAD\/ACwAAAAAAQABAAACADs=\" data-wp-bind--hidden=\"context.image.src\" \/>\n\t\t\t\t\t\t\t\t\t<\/figure>\n\t\t\t\t\t\t\t\t\t<div class=\"field-image-option__label-wrapper\">\n\t\t\t\t\t\t\t\t\t\t<span class=\"field-image-option__label-code\" data-wp-text=\"context.image.letterCode\"><\/span>\n\t\t\t\t\t\t\t\t\t\t<span class=\"field-image-option__label\" data-wp-text=\"context.image.label\" data-wp-bind--hidden=\"!context.image.label\"><\/span>\n\t\t\t\t\t\t\t\t\t<\/div>\n\t\t\t\t\t\t\t\t<\/div>\n\t\t\t\t\t\t\t<\/template>\n\t\t\t\t\t\t<\/div>\n\t\t\t\t\t\t<div class=\"field-files\" data-wp-bind--hidden=\"!context.submission.files\">\n\t\t\t\t\t\t\t<template data-wp-each--file=\"context.submission.files\">\n\t\t\t\t\t\t\t\t<div class=\"field-file\">\n\t\t\t\t\t\t\t\t\t<div class=\"field-file__thumbnail\" data-wp-style--background-image=\"context.file.previewUrl\" data-wp-style--mask-image=\"context.file.iconUrl\" data-wp-bind--hidden=\"!context.file.hasPreview\"><\/div>\n\t\t\t\t\t\t\t\t\t<svg class=\"field-file__icon\" data-wp-bind--hidden=\"context.file.hasPreview\" width=\"20\" height=\"20\" viewBox=\"0 0 24 24\" fill=\"none\" xmlns=\"http:\/\/www.w3.org\/2000\/svg\" aria-hidden=\"true\">\n\t\t\t\t\t\t\t\t\t\t<path d=\"M14 2H6C4.9 2 4 2.9 4 4V20C4 21.1 4.89 22 5.99 22H18C19.1 22 20 21.1 20 20V8L14 2ZM18 20H6V4H13V9H18V20Z\" fill=\"currentColor\"\/>\n\t\t\t\t\t\t\t\t\t<\/svg>\n\t\t\t\t\t\t\t\t\t<span class=\"field-file__name\" data-wp-text=\"context.file.name\"><\/span>\n\t\t\t\t\t\t\t\t\t<span class=\"field-file__size\" data-wp-text=\"context.file.size\"><\/span>\n\t\t\t\t\t\t\t\t<\/div>\n\t\t\t\t\t\t\t<\/template>\n\t\t\t\t\t\t<\/div>\n\t\t\t\t\t<\/div>\n\t\t\t\t<\/template><\/div><form action='https:\/\/granada.wordcamp.org\/2018\/contacto\/'\n\t\t\t\tid='jp-form-30241f6dedd104c52e13c72a30a456e18c863229'\n\t\t\t\tmethod='post'\n\t\t\t\tclass='contact-form commentsblock' aria-label=\"Contacto\"\n\t\t\t\tdata-wp-on--submit=\"actions.onFormSubmit\"\n\t\t\t\tdata-wp-on--reset=\"actions.onFormReset\"\n\t\t\t\tdata-wp-class--submission-success=\"context.submissionSuccess\"\n\t\t\t\tdata-wp-class--is-first-step=\"state.isFirstStep\"\n\t\t\t\tdata-wp-class--is-last-step=\"state.isLastStep\"\n\t\t\t\tdata-wp-class--is-ajax-form=\"context.useAjax\"\n\t\t\t\tnovalidate >\n<input type='hidden' name='jetpack_contact_form_jwt' value='eyJ0eXAiOiJKV1QiLCJhbGciOiJIUzI1NiJ9.eyJlbmNyeXB0ZWRfYXR0cmlidXRlcyI6IitZRHNrRW1NV3Vwa1oxYVVUejQxbWFPb1FYZENQQjNCL2tpMnc1SFIxMk5aMklmTmQxSS96U2ViRkRpZm5CMVRFY3JqZUFFVnpvd3FJTk0rM0RnRndROWN2SlVybjFSL1Y1VWV4cndmanJ5TXZFQzZJWG42ZkNHNXk3MzJOMVJXNlhwc05hRmljRndjNzhJR3hFc29TZmtlNU02Rm1YMTVsTEdqYlJoOTVxclVtVHVHbU9ES1BUdmJLL3RFenEwUjlGbmJXUmFlVmJCS3hwMDREVWdBLy9LdWtLeG1yQVBPaWpnNFBDcWM1OStWTmV1NWJ4KzV3ZTB2L1VvaUJMOHBLODNENHZTSlVVclhQQzFwaSs3REV1cGw4Ty9xWUR3Ny9obGI3dm1rSndGSVlLM0I5bTFMUEJiYUlla1huMUxZZnY1ZjVsV3FQY1VrZUtnMWFXU0Zza1JCQ3A0eFovRko0bytDQVJlellWUVlPSElMOUZGQnBmVWJIOE84SUQ3SWtMblJlY3NnbXZyKzMxZDNVU2JiaHlDYnA3Ri9qbWl5YVBZZ1RsY0hMNzFrYjM0Ris3eWszd1R5VWE5cU55WS9sVGtPV1N3dEt0RHNWcnE2cWNJMExRTWJmWW93T2tSNlhFdmJiUHlYbjhQSDFLQ2VMZDVyeTU0T0UybnR2cTdOWitMWW5pc1dXVWx6SmVPYVZ6dVJoL2dzWUVMWWp1K1ZlRGZGbEp1eDc5ZCttNVFqK1dLeVg1TzdVNys4OUtNQnAxSWxOQmpHd0ptUkhVbVpWdlg0WUNQMHZNZ3dDWkkwYVpPanFZQXdVK0dPQkZSR2FSSU9uNlBZd084M3duaDdWcmJyYzRvQjlXM2oxQWJCQXYwRVJzeEJiUVNDNzVuUXFtSGRGMlhLMkV0U3IxVWJzRVZOR2hWYTk3dEUzelVPMXlwQ3grM1JLa3Nqb28wSWRpZzY3dG5JQnYyVFF3K25BZU9ub1FBRTRSRDFUQTNUVjRhclAvR25FQ0tFZDhPU3pibjkwZ0Q0QUx6cjdHYVV0ZVFsTjFIeFhZZjVFZ1RsZlRRSCtGL3JMVmNYRCtnTTBqUnVLMjVqTHhtaTZ0ZkUwdy92MUtobUV2aFR2WlJuVmRHemIrcGJ5REtRK1BOY3YvQnVMT1VyZjF2aFhRZlNWSEE9IiwiY29udGVudCI6Iltjb250YWN0LWZpZWxkIGxhYmVsPVwiTm9tYnJlXCIgdHlwZT1cIm5hbWVcIiByZXF1aXJlZD1cIjFcIl1bY29udGFjdC1maWVsZCBsYWJlbD1cIkNvcnJlbyBlbGVjdHJcdTAwZjNuaWNvXCIgdHlwZT1cImVtYWlsXCIgcmVxdWlyZWQ9XCIxXCJdW2NvbnRhY3QtZmllbGQgbGFiZWw9XCJNZW5zYWplXCIgdHlwZT1cInRleHRhcmVhXCIgcmVxdWlyZWQ9XCIxXCJdIiwiaGFzaCI6IjMwMjQxZjZkZWRkMTA0YzUyZTEzYzcyYTMwYTQ1NmUxOGM4NjMyMjkiLCJzb3VyY2UiOnsiZW50cnlfdGl0bGUiOiJDb250YWN0byIsImVudHJ5X3BhZ2UiOjEsInNvdXJjZV9pZCI6MTcsInNvdXJjZV90eXBlIjoic2luZ2xlIiwicmVxdWVzdF91cmwiOiJodHRwczovL2dyYW5hZGEud29yZGNhbXAub3JnLzIwMTgvd3AtanNvbi93cC92Mi9wYWdlcy8xNyJ9LCJ2ZXJzaW9uIjoyLCJjaXBoZXIiOiJhZXMtMjU2LWdjbSJ9.-tlOGfOz1l94pWIwAuRDdkFVAcreIbQ9APHnH5oRqws' \/>\n\n<div style=\"\"  data-wp-interactive=\"jetpack\/form\" data-wp-context='{\"fieldId\":\"g17-nombre\",\"fieldType\":\"name\",\"fieldLabel\":\"Nombre\",\"fieldValue\":\"\",\"fieldPlaceholder\":\"\",\"fieldIsRequired\":\"1\",\"fieldErrorMessage\":\"\",\"fieldExtra\":[],\"formHash\":\"30241f6dedd104c52e13c72a30a456e18c863229\"}'  class='grunion-field-name-wrap grunion-field-wrap'  data-wp-init='callbacks.initializeField' data-wp-on--jetpack-form-reset='callbacks.initializeField' >\n<label\n\t\t\t\tfor='g17-nombre' class=\"grunion-field-label name\" >Nombre<span class=\"grunion-label-required\" aria-hidden=\"true\">(obligatorio)<\/span><\/label>\n<input\n\t\t\t\t\ttype='text'\n\t\t\t\t\tname='g17-nombre'\n\t\t\t\t\tid='g17-nombre'\n\t\t\t\t\tvalue=''\n\n\t\t\t\t\tdata-wp-bind--aria-invalid='state.fieldAriaInvalid'\n\t\t\t\t\tdata-wp-bind--value='state.getFieldValue'\n\t\t\t\t\taria-describedby='g17-nombre-text-error-message'\n\t\t\t\t\tdata-wp-on--input='actions.onFieldChange'\n\t\t\t\t\tdata-wp-on--blur='actions.onFieldBlur'\n\t\t\t\t\tdata-wp-class--has-value='state.hasFieldValue'\n\n\t\t\t\t\tclass='name  grunion-field' \n\t\t\t\t\trequired='true' aria-required='true'  \/>\n \n\t\t\t<div id=\"g17-nombre-text-error\" class=\"contact-form__input-error\" data-wp-class--has-errors=\"state.fieldHasErrors\">\n\t\t\t\t<span class=\"contact-form__warning-icon\" aria-hidden=\"true\">\n\t\t\t\t\t<svg width=\"16\" height=\"16\" viewBox=\"0 0 16 16\" fill=\"none\" xmlns=\"http:\/\/www.w3.org\/2000\/svg\">\n\t\t\t\t\t\t<path d=\"M8.50015 11.6402H7.50015V10.6402H8.50015V11.6402Z\" \/>\n\t\t\t\t\t\t<path d=\"M7.50015 9.64018H8.50015V6.30684H7.50015V9.64018Z\" \/>\n\t\t\t\t\t\t<path fill-rule=\"evenodd\" clip-rule=\"evenodd\" d=\"M6.98331 3.0947C7.42933 2.30177 8.57096 2.30177 9.01698 3.09469L13.8771 11.7349C14.3145 12.5126 13.7525 13.4735 12.8602 13.4735H3.14004C2.24774 13.4735 1.68575 12.5126 2.12321 11.7349L6.98331 3.0947ZM8.14541 3.58496C8.08169 3.47168 7.9186 3.47168 7.85488 3.58496L2.99478 12.2251C2.93229 12.3362 3.01257 12.4735 3.14004 12.4735H12.8602C12.9877 12.4735 13.068 12.3362 13.0055 12.2251L8.14541 3.58496Z\" \/>\n\t\t\t\t\t<\/svg>\n\t\t\t\t<\/span>\n\t\t\t\t<span data-wp-text=\"state.errorMessage\" id=\"g17-nombre-text-error-message\"><\/span>\n\t\t\t<\/div> \n\t<\/div>\n\n<div style=\"\"  data-wp-interactive=\"jetpack\/form\" data-wp-context='{\"fieldId\":\"g17-correoelectrnico\",\"fieldType\":\"email\",\"fieldLabel\":\"Correo electr\\u00f3nico\",\"fieldValue\":\"\",\"fieldPlaceholder\":\"\",\"fieldIsRequired\":\"1\",\"fieldErrorMessage\":\"\",\"fieldExtra\":[],\"formHash\":\"30241f6dedd104c52e13c72a30a456e18c863229\"}'  class='grunion-field-email-wrap grunion-field-wrap'  data-wp-init='callbacks.initializeField' data-wp-on--jetpack-form-reset='callbacks.initializeField' >\n<label\n\t\t\t\tfor='g17-correoelectrnico' class=\"grunion-field-label email\" >Correo electr\u00f3nico<span class=\"grunion-label-required\" aria-hidden=\"true\">(obligatorio)<\/span><\/label>\n<input\n\t\t\t\t\ttype='email'\n\t\t\t\t\tname='g17-correoelectrnico'\n\t\t\t\t\tid='g17-correoelectrnico'\n\t\t\t\t\tvalue=''\n\n\t\t\t\t\tdata-wp-bind--aria-invalid='state.fieldAriaInvalid'\n\t\t\t\t\tdata-wp-bind--value='state.getFieldValue'\n\t\t\t\t\taria-describedby='g17-correoelectrnico-email-error-message'\n\t\t\t\t\tdata-wp-on--input='actions.onFieldChange'\n\t\t\t\t\tdata-wp-on--blur='actions.onFieldBlur'\n\t\t\t\t\tdata-wp-class--has-value='state.hasFieldValue'\n\n\t\t\t\t\tclass='email  grunion-field' \n\t\t\t\t\trequired='true' aria-required='true'  \/>\n \n\t\t\t<div id=\"g17-correoelectrnico-email-error\" class=\"contact-form__input-error\" data-wp-class--has-errors=\"state.fieldHasErrors\">\n\t\t\t\t<span class=\"contact-form__warning-icon\" aria-hidden=\"true\">\n\t\t\t\t\t<svg width=\"16\" height=\"16\" viewBox=\"0 0 16 16\" fill=\"none\" xmlns=\"http:\/\/www.w3.org\/2000\/svg\">\n\t\t\t\t\t\t<path d=\"M8.50015 11.6402H7.50015V10.6402H8.50015V11.6402Z\" \/>\n\t\t\t\t\t\t<path d=\"M7.50015 9.64018H8.50015V6.30684H7.50015V9.64018Z\" \/>\n\t\t\t\t\t\t<path fill-rule=\"evenodd\" clip-rule=\"evenodd\" d=\"M6.98331 3.0947C7.42933 2.30177 8.57096 2.30177 9.01698 3.09469L13.8771 11.7349C14.3145 12.5126 13.7525 13.4735 12.8602 13.4735H3.14004C2.24774 13.4735 1.68575 12.5126 2.12321 11.7349L6.98331 3.0947ZM8.14541 3.58496C8.08169 3.47168 7.9186 3.47168 7.85488 3.58496L2.99478 12.2251C2.93229 12.3362 3.01257 12.4735 3.14004 12.4735H12.8602C12.9877 12.4735 13.068 12.3362 13.0055 12.2251L8.14541 3.58496Z\" \/>\n\t\t\t\t\t<\/svg>\n\t\t\t\t<\/span>\n\t\t\t\t<span data-wp-text=\"state.errorMessage\" id=\"g17-correoelectrnico-email-error-message\"><\/span>\n\t\t\t<\/div> \n\t<\/div>\n\n<div style=\"\"  data-wp-interactive=\"jetpack\/form\" data-wp-context='{\"fieldId\":\"g17-mensaje\",\"fieldType\":\"textarea\",\"fieldLabel\":\"Mensaje\",\"fieldValue\":\"\",\"fieldPlaceholder\":\"\",\"fieldIsRequired\":\"1\",\"fieldErrorMessage\":\"\",\"fieldExtra\":[],\"formHash\":\"30241f6dedd104c52e13c72a30a456e18c863229\"}'  class='grunion-field-textarea-wrap grunion-field-wrap'  data-wp-init='callbacks.initializeField' data-wp-on--jetpack-form-reset='callbacks.initializeField' >\n<label\n\t\t\t\tfor='contact-form-comment-g17-mensaje' class=\"grunion-field-label textarea\" >Mensaje<span class=\"grunion-label-required\" aria-hidden=\"true\">(obligatorio)<\/span><\/label>\n<textarea\n\t\t                style=''\n\t\t                name='g17-mensaje'\n\t\t                id='contact-form-comment-g17-mensaje'\n\t\t                rows='20'\n\t\t\t\t\t\tdata-wp-text='state.getFieldValue'\n\t\t\t\t\t\tdata-wp-on--input='actions.onFieldChange'\n\t\t\t\t\t\tdata-wp-on--blur='actions.onFieldBlur'\n\t\t\t\t\t\tdata-wp-class--has-value='state.hasFieldValue'\n\t\t\t\t\t\taria-describedby='g17-mensaje-textarea-error-message'\n\t\t\t\t\t\tdata-wp-bind--aria-invalid='state.fieldAriaInvalid'\n\t\t\t\t\t\tclass='textarea  grunion-field'  required aria-required='true'><\/textarea>\n \n\t\t\t<div id=\"g17-mensaje-textarea-error\" class=\"contact-form__input-error\" data-wp-class--has-errors=\"state.fieldHasErrors\">\n\t\t\t\t<span class=\"contact-form__warning-icon\" aria-hidden=\"true\">\n\t\t\t\t\t<svg width=\"16\" height=\"16\" viewBox=\"0 0 16 16\" fill=\"none\" xmlns=\"http:\/\/www.w3.org\/2000\/svg\">\n\t\t\t\t\t\t<path d=\"M8.50015 11.6402H7.50015V10.6402H8.50015V11.6402Z\" \/>\n\t\t\t\t\t\t<path d=\"M7.50015 9.64018H8.50015V6.30684H7.50015V9.64018Z\" \/>\n\t\t\t\t\t\t<path fill-rule=\"evenodd\" clip-rule=\"evenodd\" d=\"M6.98331 3.0947C7.42933 2.30177 8.57096 2.30177 9.01698 3.09469L13.8771 11.7349C14.3145 12.5126 13.7525 13.4735 12.8602 13.4735H3.14004C2.24774 13.4735 1.68575 12.5126 2.12321 11.7349L6.98331 3.0947ZM8.14541 3.58496C8.08169 3.47168 7.9186 3.47168 7.85488 3.58496L2.99478 12.2251C2.93229 12.3362 3.01257 12.4735 3.14004 12.4735H12.8602C12.9877 12.4735 13.068 12.3362 13.0055 12.2251L8.14541 3.58496Z\" \/>\n\t\t\t\t\t<\/svg>\n\t\t\t\t<\/span>\n\t\t\t\t<span data-wp-text=\"state.errorMessage\" id=\"g17-mensaje-textarea-error-message\"><\/span>\n\t\t\t<\/div>\n\t<\/div>\n\t<p class='contact-submit'>\n<div class=\"contact-form__error\" data-wp-class--show-errors=\"state.showFormErrors\"><span class=\"contact-form__warning-icon\" aria-hidden=\"true\"><i><\/i><\/span><span class=\"contact-form__error-message\" tabindex=\"-1\" data-wp-watch=\"callbacks.focusOnValidationError\" data-wp-text=\"state.getFormErrorMessage\"><\/span><ul aria-label=\"Form errors\">\n\t\t\t\t<template data-wp-each=\"state.getErrorList\" data-wp-key=\"context.item.id\">\n\t\t\t\t\t<li><a data-wp-bind--href=\"context.item.anchor\" data-wp-on--click=\"actions.scrollIntoView\" data-wp-text=\"context.item.label\"><\/a><\/li>\n\t\t\t\t<\/template>\n\t\t\t\t<\/ul><\/div><div class=\"contact-form__error\" data-wp-class--show-errors=\"state.showSubmissionError\" data-wp-text=\"context.submissionError\" tabindex=\"-1\" data-wp-watch=\"callbacks.focusOnSubmissionError\"><\/div>\t\t<button type='submit' class='pushbutton-wide'>Enviar<\/button>\t\t<input type='hidden' name='contact-form-id' value='17' \/>\n\t\t<input type='hidden' name='action' value='grunion-contact-form' \/>\n\t\t<input type='hidden' name='contact-form-hash' value='30241f6dedd104c52e13c72a30a456e18c863229' \/>\n\t<\/p>\n<p style=\"display: none !important;\" class=\"akismet-fields-container\" data-prefix=\"ak_\"><label>&#916;<textarea name=\"ak_hp_textarea\" cols=\"45\" rows=\"8\" maxlength=\"100\"><\/textarea><\/label><input type=\"hidden\" id=\"ak_js_1\" name=\"ak_js\" value=\"5\"\/><script type=\"text\/javascript\">\n\/* <![CDATA[ *\/\ndocument.getElementById( \"ak_js_1\" ).setAttribute( \"value\", ( new Date() ).getTime() );\n\/* ]]> *\/\n<\/script>\n<\/p><\/form>\n<\/div>\n","protected":false},"excerpt":{"rendered":"<p>\u00a1Bienvenido al sitio web de la WordCamp Granada 2018! En este sitio web publicamos toda la informaci\u00f3n importante sobre el evento y todo lo relacionado con \u00e9l. Sin embargo, es posible que haya cosas que no hemos cubierto (a\u00fan) que puedan ser \u00fatiles para ti, por favor si\u00e9ntete libre de contactarnos y trataremos de ayudarte. [&hellip;]<\/p>\n","protected":false},"author":8967770,"featured_media":0,"parent":0,"menu_order":0,"comment_status":"closed","ping_status":"closed","template":"","meta":{"jetpack_post_was_ever_published":false,"footnotes":""},"class_list":["post-17","page","type-page","status-publish","hentry"],"jetpack_sharing_enabled":true,"jetpack_shortlink":"https:\/\/wp.me\/P9ygk4-h","_links":{"self":[{"href":"https:\/\/granada.wordcamp.org\/2018\/wp-json\/wp\/v2\/pages\/17","targetHints":{"allow":["GET"]}}],"collection":[{"href":"https:\/\/granada.wordcamp.org\/2018\/wp-json\/wp\/v2\/pages"}],"about":[{"href":"https:\/\/granada.wordcamp.org\/2018\/wp-json\/wp\/v2\/types\/page"}],"author":[{"embeddable":true,"href":"https:\/\/granada.wordcamp.org\/2018\/wp-json\/wp\/v2\/users\/8967770"}],"replies":[{"embeddable":true,"href":"https:\/\/granada.wordcamp.org\/2018\/wp-json\/wp\/v2\/comments?post=17"}],"version-history":[{"count":12,"href":"https:\/\/granada.wordcamp.org\/2018\/wp-json\/wp\/v2\/pages\/17\/revisions"}],"predecessor-version":[{"id":2685,"href":"https:\/\/granada.wordcamp.org\/2018\/wp-json\/wp\/v2\/pages\/17\/revisions\/2685"}],"wp:attachment":[{"href":"https:\/\/granada.wordcamp.org\/2018\/wp-json\/wp\/v2\/media?parent=17"}],"curies":[{"name":"wp","href":"https:\/\/api.w.org\/{rel}","templated":true}]}}