{"id":19,"date":"2018-01-11T21:46:22","date_gmt":"2018-01-11T21:46:22","guid":{"rendered":"https:\/\/2018.granada.wordcamp.org\/code-of-conduct\/"},"modified":"2018-11-05T08:50:36","modified_gmt":"2018-11-05T07:50:36","slug":"codigo-de-conducta","status":"publish","type":"page","link":"https:\/\/granada.wordcamp.org\/2018\/informacion-practica\/codigo-de-conducta\/","title":{"rendered":"C\u00f3digo de conducta"},"content":{"rendered":"<p><strong>PROP\u00d3SITO<\/strong><\/p>\n<p><strong>WordCamp Granada<\/strong> cree en una <strong>comunidad abierta<\/strong> a todo el mundo. Como tal, estamos comprometidos a proporcionar un<strong> ambiente amigable, seguro y acogedor para todos<\/strong> independientemente de su sexo, orientaci\u00f3n sexual, discapacidad, etnia, religi\u00f3n, sistema operativo preferido, lenguaje de programaci\u00f3n o editor de texto.<\/p>\n<p>Este c\u00f3digo de conducta resume nuestras expectativas para el comportamiento de los participantes, as\u00ed como las consecuencias para el comportamiento inaceptable.<\/p>\n<p>Instamos a todos los patrocinadores, voluntarios, ponentes, asistentes y otros participantes a que ayuden a tener una experiencia de evento segura y agradable para todos.<\/p>\n<p><strong>CIUDADAN\u00cdA OPEN SOURCE<\/strong><\/p>\n<p>Un objetivo adicional de este c\u00f3digo de conducta es <strong>incrementar la ciudadan\u00eda de c\u00f3digo abierto<\/strong> alentando a los participantes a reconocer y fortalecer las relaciones entre lo que hacemos y<strong> la comunidad<\/strong> en general.<\/p>\n<p>En el servicio de este objetivo, los organizadores de <strong>WordCamp Granada<\/strong> recoger\u00e1n candidaturas de ciudadanos ejemplares a lo largo de todo el evento y reconocer\u00e1n selectos participantes despu\u00e9s de la conferencia en el sitio web.<\/p>\n<p>Si ves a alguien que est\u00e1 haciendo un esfuerzo extra para asegurar que nuestra comunidad resulte acogedora, amable, y que anime a todos los participantes a contribuir en la mayor medida posible, lo queremos saber.<\/p>\n<p>Puedes nominar a alguien en la mesa de registro o dici\u00e9ndolo a alg\u00fan miembro de la organizaci\u00f3n.<\/p>\n<p><strong>COMPORTAMIENTO ESPERADO<\/strong><\/p>\n<p>Ser considerado, respetuoso y colaborativo.<br \/>\nAbstenerse de comportamiento degradante, discriminatorio o de acoso.<br \/>\nSer consciente del entorno y de tus compa\u00f1eros participantes. Alerta a los organizadores si observas una situaci\u00f3n peligrosa o alguien en apuros.<br \/>\nParticipa de una manera aut\u00e9ntica y activa. Al hacerlo, est\u00e1s ayudando a que <strong>WordCamp Granada<\/strong> sea una realidad.<\/p>\n<p><strong>COMPORTAMIENTO INACEPTABLE<\/strong><\/p>\n<p>Como comportamientos inaceptables se incluyen: intimidatorio, acosador, abusivo, conducta discriminatoria, despectiva o degradante por cualquier asistente de WordCamp Granada y eventos relacionados. El lugar donde se realiza <strong>WordCamp Granada<\/strong> es un lugar emblem\u00e1tico y puede ser compartido con otros visitantes; por favor, s\u00e9 respetuoso con todos los visitantes de este lugar y con el propio entorno.<\/p>\n<p>El acoso incluye: comentarios verbales ofensivos relacionados con el g\u00e9nero, la orientaci\u00f3n sexual, la raza, la religi\u00f3n, la discapacidad; uso inadecuado de desnudez y\/o im\u00e1genes sexuales en espacios p\u00fablicos (incluyendo diapositivas de la presentaci\u00f3n); intimidaci\u00f3n deliberada, acecho o acoso con fotograf\u00eda o grabaci\u00f3n; interrupci\u00f3n sostenida de charlas y otros eventos; contacto f\u00edsico inapropiado y atenci\u00f3n sexual no deseada.<\/p>\n<p><strong>CONSECUENTAS DE UN COMPORTAMIENTO INACEPTABLE<\/strong><\/p>\n<p>El comportamiento inaceptable no ser\u00e1 tolerado. Ya sea por parte de los asistentes, organizadores, personal local, patrocinadores u otros patronos de lugares <strong>WordCamp Granada<\/strong>.<\/p>\n<p>Se espera que cualquiera cumpla inmediatamente en caso de que se le llame la atenci\u00f3n por un comportamiento inaceptable.<\/p>\n<p>Si un participante se involucra en una conducta inaceptable, los organizadores de la conferencia pueden tomar cualquier acci\u00f3n que consideren apropiada, incluso la expulsi\u00f3n de la conferencia sin previo aviso o reembolso si fuera necesario.<\/p>\n<p><strong>\u00bfQU\u00c9 HACER SI ERES TESTIGO U OBJETO DE UN COMPORTAMIENTO INACEPTABLE?<\/strong><\/p>\n<p>Si est\u00e1s involucrado en un comportamiento inaceptable, eres testigo de otra persona con dicho comportamiento o tienes otras preocupaciones, por favor notif\u00edcalo a un organizador de la conferencia tan pronto como sea posible.<\/p>\n<p>El equipo de <strong>WordCamp Granada<\/strong> estar\u00e1 disponible para ayudar a los participantes de contactos de seguridad local o para ofrecer cualquier tipo de ayuda a aquellos que experimentan un comportamiento inaceptable.<\/p>\n<p>Durante el evento, los voluntarios vestir\u00e1n diferente al resto de asistentes. Cualquier voluntario puede ponerse en contacto con un organizador de la conferencia. Tambi\u00e9n puede venir a la mesa de inscripci\u00f3n en el vest\u00edbulo y preguntar por los organizadores.<\/p>\n<p><strong>\u00c1MBITO DE APLICACI\u00d3N<\/strong><\/p>\n<p>Esperamos que todos los participantes de la conferencia (patrocinadores, voluntarios, ponentes, asistentes y otros invitados) cumplan con el c\u00f3digo de conducta en todas las salas de conferencias y eventos relacionados con la conferencia.<\/p>\n<p><strong>INFORMACI\u00d3N DE CONTACTO<\/strong><\/p>\n<p>Si te ves en la necesidad de contactar con nosotros, <a href=\"https:\/\/2018.granada.wordcamp.org\/contacto\/\">esta p\u00e1gina<\/a> tiene toda la informaci\u00f3n necesaria.<\/p>\n<p><strong>LICENCIA Y ATRIBUCI\u00d3N<\/strong><\/p>\n<p>Este C\u00f3digo de Conducta es una copia directa del impresionante trabajo del Open Source Bridge, pero sustituido con nuestra informaci\u00f3n del evento. El original est\u00e1 disponible en<br \/>\n<a href=\"http:\/\/opensourcebridge.org\/about\/code-of-conduct\/\">http:\/\/opensourcebridge.org\/about\/code-of-conduct\/<\/a> y est\u00e1 liberado bajo una Licencia de <strong>Creative Commons Attribution-ShareAlike<\/strong>.<\/p>\n<p>&nbsp;<\/p>\n","protected":false},"excerpt":{"rendered":"<p>PROP\u00d3SITO WordCamp Granada cree en una comunidad abierta a todo el mundo. Como tal, estamos comprometidos a proporcionar un ambiente amigable, seguro y acogedor para todos independientemente de su sexo, orientaci\u00f3n sexual, discapacidad, etnia, religi\u00f3n, sistema operativo preferido, lenguaje de programaci\u00f3n o editor de texto. Este c\u00f3digo de conducta resume nuestras expectativas para el comportamiento [&hellip;]<\/p>\n","protected":false},"author":8967770,"featured_media":0,"parent":251,"menu_order":0,"comment_status":"closed","ping_status":"closed","template":"","meta":{"jetpack_post_was_ever_published":false,"footnotes":""},"class_list":["post-19","page","type-page","status-publish","hentry"],"jetpack_sharing_enabled":true,"jetpack_shortlink":"https:\/\/wp.me\/P9ygk4-j","_links":{"self":[{"href":"https:\/\/granada.wordcamp.org\/2018\/wp-json\/wp\/v2\/pages\/19","targetHints":{"allow":["GET"]}}],"collection":[{"href":"https:\/\/granada.wordcamp.org\/2018\/wp-json\/wp\/v2\/pages"}],"about":[{"href":"https:\/\/granada.wordcamp.org\/2018\/wp-json\/wp\/v2\/types\/page"}],"author":[{"embeddable":true,"href":"https:\/\/granada.wordcamp.org\/2018\/wp-json\/wp\/v2\/users\/8967770"}],"replies":[{"embeddable":true,"href":"https:\/\/granada.wordcamp.org\/2018\/wp-json\/wp\/v2\/comments?post=19"}],"version-history":[{"count":13,"href":"https:\/\/granada.wordcamp.org\/2018\/wp-json\/wp\/v2\/pages\/19\/revisions"}],"predecessor-version":[{"id":2338,"href":"https:\/\/granada.wordcamp.org\/2018\/wp-json\/wp\/v2\/pages\/19\/revisions\/2338"}],"up":[{"embeddable":true,"href":"https:\/\/granada.wordcamp.org\/2018\/wp-json\/wp\/v2\/pages\/251"}],"wp:attachment":[{"href":"https:\/\/granada.wordcamp.org\/2018\/wp-json\/wp\/v2\/media?parent=19"}],"curies":[{"name":"wp","href":"https:\/\/api.w.org\/{rel}","templated":true}]}}