{"id":2381,"date":"2018-11-06T01:13:24","date_gmt":"2018-11-06T00:13:24","guid":{"rendered":"https:\/\/2018.granada.wordcamp.org\/?page_id=2381"},"modified":"2018-11-07T20:13:51","modified_gmt":"2018-11-07T19:13:51","slug":"como-moverte-por-granada-how-to-move-around-granada","status":"publish","type":"page","link":"https:\/\/granada.wordcamp.org\/2018\/informacion-practica\/como-moverte-por-granada-how-to-move-around-granada\/","title":{"rendered":"C\u00f3mo moverte por Granada \/ How to move around Granada"},"content":{"rendered":"\n<p><em>English version below<\/em><\/p>\n\n\n\n<p>Tendr\u00e1s muchas opciones para moverte por Granada:<\/p>\n\n\n\n<ul class=\"wp-block-list\"><li>\u00a1Andando!<\/li><li>Tranv\u00eda<\/li><li>Buses<br><\/li><li>Taxis<\/li><li>Motos de alquiler por minutos<\/li><li>Coche \/ Alquiler de coche<\/li><\/ul>\n\n\n\n<h2 class=\"wp-block-heading\">Andando<\/h2>\n\n\n\n<p>Una vez est\u00e9s en el centro de la ciudad, esta es tu mejor opci\u00f3n. Granada es segura, hecha para peatones y hermosa, con rinconcitos que solo vas a descubrir andando.<\/p>\n\n\n\n<h2 class=\"wp-block-heading\">Tranv\u00eda \u00abMetropolitano de Granada\u00bb<\/h2>\n\n\n\n<figure class=\"wp-block-image\"><img loading=\"lazy\" decoding=\"async\" width=\"3264\" height=\"2448\" src=\"https:\/\/2018.granada.wordcamp.org\/files\/2018\/11\/IMG_2162.jpg\" alt=\"\" class=\"wp-image-2389\" srcset=\"https:\/\/granada.wordcamp.org\/2018\/files\/2018\/11\/IMG_2162.jpg 3264w, https:\/\/granada.wordcamp.org\/2018\/files\/2018\/11\/IMG_2162-300x225.jpg 300w, https:\/\/granada.wordcamp.org\/2018\/files\/2018\/11\/IMG_2162-768x576.jpg 768w, https:\/\/granada.wordcamp.org\/2018\/files\/2018\/11\/IMG_2162-1024x768.jpg 1024w, https:\/\/granada.wordcamp.org\/2018\/files\/2018\/11\/IMG_2162-400x300.jpg 400w\" sizes=\"auto, (max-width: 3264px) 100vw, 3264px\" \/><\/figure>\n\n\n\n<p><a href=\"https:\/\/metropolitanogranada.es\/\">El nuevo tranv\u00eda<\/a>&nbsp;(solo tiene un a\u00f1o) es la forma de moda de moverte por la ciudad. Es r\u00e1pido, barato y de vez en cuando quita coches de la calzada (literalmente), peeeeero solo tenemos una l\u00ednea de momento.<\/p>\n\n\n\n<ul class=\"wp-block-list\"><li>Billete \u00fanico: cuesta 1.35\u20ac.<\/li><li>Multi-billete (tarjeta monedero): Puedes recargarlo con 5, 10 o 20\u20ac. De este modo cada billete te costar\u00eda 0.82\u20ac<\/li><\/ul>\n\n\n\n<p>Tendr\u00e1s que adquirir los tickets en las m\u00e1quinas de las estaciones de tranv\u00eda. En cualquier caso, deber\u00e1s tener o comprar una tarjeta para recargarla, la m\u00e1s sencilla cuesta 0.30 \u20ac y tambi\u00e9n se puede obtener en las m\u00e1quinas.<\/p>\n\n\n\n<div class=\"wp-block-image\"><figure class=\"alignright is-resized\"><img loading=\"lazy\" decoding=\"async\" src=\"https:\/\/2018.granada.wordcamp.org\/files\/2018\/11\/IMG_2232-e1541461157220.jpg\" alt=\"\" class=\"wp-image-2391\" width=\"232\" height=\"309\" srcset=\"https:\/\/granada.wordcamp.org\/2018\/files\/2018\/11\/IMG_2232-e1541461157220.jpg 2448w, https:\/\/granada.wordcamp.org\/2018\/files\/2018\/11\/IMG_2232-e1541461157220-225x300.jpg 225w, https:\/\/granada.wordcamp.org\/2018\/files\/2018\/11\/IMG_2232-e1541461157220-768x1024.jpg 768w\" sizes=\"auto, (max-width: 232px) 100vw, 232px\" \/><figcaption>Validando el billete dentro del tranv\u00eda<\/figcaption><\/figure><\/div>\n\n\n\n<p>Debes validar tu billete cada vez que hagas uso del tranv\u00eda, esto se hace dentro del tranv\u00eda en las paradas normales y en los tornos de la estaci\u00f3n en las paradas subterr\u00e1neas.<\/p>\n\n\n\n<p>Otros detalles<\/p>\n\n\n\n<ul class=\"wp-block-list\"><li>Puedes usar la tarjeta \u00abConsorcios de transportes de Andaluc\u00eda\u00bb, el billete te costar\u00e1 lo mismo que la opci\u00f3n Multi-billete.<\/li><li>Hay un \u00abbug\u00bb ya conocido en el sistema de tranv\u00eda. La m\u00e1quina de la parada de la Estaci\u00f3n de Autobuses se llena tanto de dinero durante el fin de semana que no admite m\u00e1s dinero y deja de funcionar. Prueba en la m\u00e1quina al otro lado de la parada. Si esto no funciona, no tenemos ning\u00fan otro consejo legal para solucionarlo.<\/li><\/ul>\n\n\n\n<h2 class=\"wp-block-heading\">Bus \u00abTransportes Rober\u00bb<\/h2>\n\n\n\n<figure class=\"wp-block-image\"><img loading=\"lazy\" decoding=\"async\" width=\"3264\" height=\"2448\" src=\"https:\/\/2018.granada.wordcamp.org\/files\/2018\/11\/IMG_20140629_072541.jpg\" alt=\"\" class=\"wp-image-2393\" srcset=\"https:\/\/granada.wordcamp.org\/2018\/files\/2018\/11\/IMG_20140629_072541.jpg 3264w, https:\/\/granada.wordcamp.org\/2018\/files\/2018\/11\/IMG_20140629_072541-300x225.jpg 300w, https:\/\/granada.wordcamp.org\/2018\/files\/2018\/11\/IMG_20140629_072541-768x576.jpg 768w, https:\/\/granada.wordcamp.org\/2018\/files\/2018\/11\/IMG_20140629_072541-1024x768.jpg 1024w, https:\/\/granada.wordcamp.org\/2018\/files\/2018\/11\/IMG_20140629_072541-400x300.jpg 400w\" sizes=\"auto, (max-width: 3264px) 100vw, 3264px\" \/><\/figure>\n\n\n\n<p>La <a href=\"http:\/\/www.transportesrober.com\/\">red de buses urbanos<\/a>&nbsp;(los autobuses rojos y los grandes autobuses azules y grises) pueden llevarte desde casi cualquier lugar a casi cualquier punto. Algunas l\u00edneas tienen una buena frecuencia y velocidad, otras no tanto. Puedes utilizar la aplicaci\u00f3n Moovit para planificar las rutas.<\/p>\n\n\n\n<ul class=\"wp-block-list\"><li>Billete \u00fanico: cuesta 1.40\u20ac.<\/li><li>Multi-billete (tarjeta monedero \u00abCredibus\u00bb): la tarjeta en s\u00ed cuesta 2 \u20ac y puedes recargarla con 5, 10 o 20 \u20ac. De esta manera, cada billete te costar\u00e1 entre 0.87 y 0.83 \u20ac (cuanto m\u00e1s pagas por adelantado, m\u00e1s barato).<\/li><\/ul>\n\n\n\n<div class=\"wp-block-image\"><figure class=\"alignright is-resized\"><img loading=\"lazy\" decoding=\"async\" src=\"https:\/\/2018.granada.wordcamp.org\/files\/2018\/11\/P1080017_2.redimensionado.jpg\" alt=\"\" class=\"wp-image-2394\" width=\"278\" height=\"155\" srcset=\"https:\/\/granada.wordcamp.org\/2018\/files\/2018\/11\/P1080017_2.redimensionado.jpg 1024w, https:\/\/granada.wordcamp.org\/2018\/files\/2018\/11\/P1080017_2.redimensionado-300x168.jpg 300w, https:\/\/granada.wordcamp.org\/2018\/files\/2018\/11\/P1080017_2.redimensionado-768x430.jpg 768w, https:\/\/granada.wordcamp.org\/2018\/files\/2018\/11\/P1080017_2.redimensionado-500x280.jpg 500w\" sizes=\"auto, (max-width: 278px) 100vw, 278px\" \/><\/figure><\/div>\n\n\n\n<p>Puedes comprar esto en el autob\u00fas, pagando directamente al conductor en todas las l\u00edneas, <strong>excepto en la l\u00ednea 4<\/strong>. La l\u00ednea 4 es un poco especial ya que es una \u00abl\u00ednea de alta capacidad\u00bb, por lo que en este caso debes comprarlo en las m\u00e1quinas en la parada de autob\u00fas.<\/p>\n\n\n\n<p>Debes validar tu billete cada vez que tomes el autob\u00fas, esto se hace en la m\u00e1quina azul que est\u00e1 dentro por la puerta principal (y debe entrar al autob\u00fas a trav\u00e9s de la puerta principal y salir por las otras puertas), <strong>excepto para la l\u00ednea 4<\/strong>. La l\u00ednea 4 es un poco especial, por lo que debes validar tu billete en las m\u00e1quinas en la parada de autob\u00fas (y puedes entrar y salir por cualquier puerta).&nbsp;<\/p>\n\n\n\n<p>Otros detalles<\/p>\n\n\n\n<ul class=\"wp-block-list\"><li>Los conductores no admiten billetes superiores a 20\u20ac.<\/li><li>Puede cambiar a otras l\u00edneas de forma gratuita tantas veces como quieras en los siguientes 60 minutos despu\u00e9s de la primera validaci\u00f3n. Debes validar tu billete cada vez que cambies, pero ser\u00e1 gratis.<\/li><li>Puedes usar la tarjeta \u00abConsorcios de transportes de Andaluc\u00eda\u00bb, en este caso el billete te costar\u00e1 1.01\u20ac y no tendr\u00e1s trasbordo.<\/li><\/ul>\n\n\n\n<h2 class=\"wp-block-heading\">Taxi<\/h2>\n\n\n\n<p>Tenemos taxis tambi\u00e9n, no son tan caros, son seguros y la picaresca no es com\u00fan. La \u00fanica forma en que pueden enga\u00f1arte es hacer un viaje m\u00e1s largo, pero como la ciudad no es tan grande, simplemente ver\u00e1s m\u00e1s lugares de nuestra hermosa ciudad y tal vez simplemente te cueste 5 \u20ac m\u00e1s.<\/p>\n\n\n\n<p>Puedes pedir un taxi con la aplicaci\u00f3n PideTaxi.<\/p>\n\n\n\n<h2 class=\"wp-block-heading\">Motos de alquiler<\/h2>\n\n\n\n<p>Puedes utilizar la aplicaci\u00f3n Muving para alquilar motos el\u00e9ctricas que puedes pagar por minuto. Conduce seguro y usa el casco.<\/p>\n\n\n\n<h2 class=\"wp-block-heading\">Coche \/ Alquiler de coche<\/h2>\n\n\n\n<p>Conducir en Granada requiere algunas habilidades ya que el centro de la ciudad est\u00e1 lleno de personas, carriles de autobuses, cruces dif\u00edciles, lugares d\u00f3nde no puedes estacionar, rotondas, tranv\u00edas que cruzan por el centro de las rotondas y lugares donde no puedes llegar con tu coche.<\/p>\n\n\n\n<p>Tu propio coche: <a href=\"https:\/\/2018.granada.wordcamp.org\/blog\/aparcar-en-granada-cerca-del-palacio-de-congresos\/\">Tenemos un art\u00edculo sobre lugares para aparcar<\/a>.<\/p>\n\n\n\n<p>Alquiler de autom\u00f3viles: Si vas a pernoctar fuera de la ciudad hazlo. Si vas a pernoctar dentro de la ciudad, no lo hagas, pagar\u00e1s un coche alquilado y un lugar para estacionar el coche alquilado sin usarlo \ud83d\ude00<\/p>\n\n\n\n<hr class=\"wp-block-separator\" \/>\n\n\n\n<p>You&#8217;ll have plenty of options to move around once you are in Granada:<\/p>\n\n\n\n<ul class=\"wp-block-list\"><li>\u00a1Walking!<\/li><li>Tram<\/li><li>Buses<br><\/li><li>Taxis<\/li><li>Rented per minutes motorbikes<\/li><li>Car \/ Car rental<\/li><\/ul>\n\n\n\n<h2 class=\"wp-block-heading\">Walking<\/h2>\n\n\n\n<p>Once you are in the city center, this is your best option. Granada is a safe, made for pedestrians and beautiful city with spots you are only going to discover by walking.<\/p>\n\n\n\n<h2 class=\"wp-block-heading\">Tram \u00abMetropolitano de Granada\u00bb<\/h2>\n\n\n\n<figure class=\"wp-block-image\"><img loading=\"lazy\" decoding=\"async\" width=\"3264\" height=\"2448\" src=\"https:\/\/2018.granada.wordcamp.org\/files\/2018\/11\/IMG_2162.jpg\" alt=\"\" class=\"wp-image-2389\" srcset=\"https:\/\/granada.wordcamp.org\/2018\/files\/2018\/11\/IMG_2162.jpg 3264w, https:\/\/granada.wordcamp.org\/2018\/files\/2018\/11\/IMG_2162-300x225.jpg 300w, https:\/\/granada.wordcamp.org\/2018\/files\/2018\/11\/IMG_2162-768x576.jpg 768w, https:\/\/granada.wordcamp.org\/2018\/files\/2018\/11\/IMG_2162-1024x768.jpg 1024w, https:\/\/granada.wordcamp.org\/2018\/files\/2018\/11\/IMG_2162-400x300.jpg 400w\" sizes=\"auto, (max-width: 3264px) 100vw, 3264px\" \/><\/figure>\n\n\n\n<p>The <a href=\"https:\/\/metropolitanogranada.es\/\">brand new tram<\/a> (1 year old) is the fanciest way to move around the city. It is fast, cheap and convenient, buuuuut we only have one line, for now.<\/p>\n\n\n\n<ul class=\"wp-block-list\"><li>Single ticket costs 1.35\u20ac.<\/li><li>Multi-ticket: You can top it up with 5, 10 or 20\u20ac. This way every ticket will cost you 0.82\u20ac<\/li><\/ul>\n\n\n\n<p>You&#8217;ll have to acquire the tickets in the machines at tram stations. In either way you&#8217;ll need to have or buy a card to top it up, the simpler one costs 0.30\u20ac and you can get it at the machine as well. All the machines are available in English.<\/p>\n\n\n\n<div class=\"wp-block-image\"><figure class=\"alignright is-resized\"><img loading=\"lazy\" decoding=\"async\" src=\"https:\/\/2018.granada.wordcamp.org\/files\/2018\/11\/IMG_2232-e1541461157220.jpg\" alt=\"\" class=\"wp-image-2391\" width=\"232\" height=\"309\" srcset=\"https:\/\/granada.wordcamp.org\/2018\/files\/2018\/11\/IMG_2232-e1541461157220.jpg 2448w, https:\/\/granada.wordcamp.org\/2018\/files\/2018\/11\/IMG_2232-e1541461157220-225x300.jpg 225w, https:\/\/granada.wordcamp.org\/2018\/files\/2018\/11\/IMG_2232-e1541461157220-768x1024.jpg 768w\" sizes=\"auto, (max-width: 232px) 100vw, 232px\" \/><figcaption>Validating<\/figcaption><\/figure><\/div>\n\n\n\n<p>You have to validate your ticket every time you get into the tram, this is done inside the tram in the normal stops and before getting into at the underground stops.<\/p>\n\n\n\n<p>Other details<\/p>\n\n\n\n<ul class=\"wp-block-list\"><li>You can use the \u00abConsorcios de transportes de Andaluc\u00eda\u00bb card at the tram, it will cost you the same as the Multi-ticket trip.<\/li><li>There is an already know bug in the tram system. The bus station stop machine uses to get that full of money on weekends that it doesn&#8217;t admits more money and stops working. Try in the machine at the other side of the stop. It this stills doesn&#8217;t works we don&#8217;t have any other legal tip for it.<\/li><\/ul>\n\n\n\n<h2 class=\"wp-block-heading\">Bus \u00abTransportes Rober\u00bb<\/h2>\n\n\n\n<figure class=\"wp-block-image\"><img loading=\"lazy\" decoding=\"async\" width=\"3264\" height=\"2448\" src=\"https:\/\/2018.granada.wordcamp.org\/files\/2018\/11\/IMG_20140629_072541.jpg\" alt=\"\" class=\"wp-image-2393\" srcset=\"https:\/\/granada.wordcamp.org\/2018\/files\/2018\/11\/IMG_20140629_072541.jpg 3264w, https:\/\/granada.wordcamp.org\/2018\/files\/2018\/11\/IMG_20140629_072541-300x225.jpg 300w, https:\/\/granada.wordcamp.org\/2018\/files\/2018\/11\/IMG_20140629_072541-768x576.jpg 768w, https:\/\/granada.wordcamp.org\/2018\/files\/2018\/11\/IMG_20140629_072541-1024x768.jpg 1024w, https:\/\/granada.wordcamp.org\/2018\/files\/2018\/11\/IMG_20140629_072541-400x300.jpg 400w\" sizes=\"auto, (max-width: 3264px) 100vw, 3264px\" \/><\/figure>\n\n\n\n<p>The <a href=\"http:\/\/www.transportesrober.com\/\">urban bus network<\/a> (red buses and really big blue and gray buses) can take you from almost any place and take you to any point. Some lines have a good frequency and speed, some aren&#8217;t that good. You can use the Moovit app to plan your routes.<\/p>\n\n\n\n<ul class=\"wp-block-list\"><li>Single ticket costs 1.40\u20ac.<\/li><li>Multi-ticket (\u00abCredibus\u00bb card): The card itself cost 2\u20ac and you can top it up with 5, 10 or 20\u20ac. This way every ticket will cost you between 0.87 and 0.83\u20ac (the more you pay in advance, the cheaper).&nbsp;<\/li><\/ul>\n\n\n\n<div class=\"wp-block-image\"><figure class=\"alignright is-resized\"><img loading=\"lazy\" decoding=\"async\" src=\"https:\/\/2018.granada.wordcamp.org\/files\/2018\/11\/P1080017_2.redimensionado.jpg\" alt=\"\" class=\"wp-image-2394\" width=\"278\" height=\"155\" srcset=\"https:\/\/granada.wordcamp.org\/2018\/files\/2018\/11\/P1080017_2.redimensionado.jpg 1024w, https:\/\/granada.wordcamp.org\/2018\/files\/2018\/11\/P1080017_2.redimensionado-300x168.jpg 300w, https:\/\/granada.wordcamp.org\/2018\/files\/2018\/11\/P1080017_2.redimensionado-768x430.jpg 768w, https:\/\/granada.wordcamp.org\/2018\/files\/2018\/11\/P1080017_2.redimensionado-500x280.jpg 500w\" sizes=\"auto, (max-width: 278px) 100vw, 278px\" \/><\/figure><\/div>\n\n\n\n<p>You can buy this at the bus, paying directly to the driver in all the lines <strong>except for line 4<\/strong>. Line 4 is a bit special line as it&#8217;s a \u00abHigh capacity line\u00bb, so in this case you should buy it at the machines in the bus stop.<\/p>\n\n\n\n<p>You have to validate your ticket every time you hop on the bus, this is done in the blue machine which are inside by the front door (and you should get into the bus trough the front door and out of trough the other doors), <strong>except for line 4<\/strong>. Line 4 is a bit special so you validate your ticket at the machines at the bus stop (and you can enter and exit trough any door).&nbsp;<\/p>\n\n\n\n<p>Other details<\/p>\n\n\n\n<ul class=\"wp-block-list\"><li>The drivers doesn&#8217;t admit bills higher than 20\u20ac.<\/li><li>You can change to other lines for free as many times as you want in the following 60 minutes after first validation. You should validate your ticket every time you change but it&#8217;ll be free.&nbsp;<\/li><li>You can use the \u00abConsorcios de transportes de Andaluc\u00eda\u00bb card at the buses, in this case it will cost you 1.01\u20ac and you won&#8217;t be able to change to other lines for free.<\/li><\/ul>\n\n\n\n<h2 class=\"wp-block-heading\">Taxi<\/h2>\n\n\n\n<p>We have taxis too, those are not so expensive, are safe and picaresque is not common. The only way they can cheat you is to make a longer trip, but since the city is not that big, you&#8217;ll simply see more places in our beautiful city and it may cost you 5\u20ac more.<\/p>\n\n\n\n<p>You can order a taxi with the app PideTaxi.<\/p>\n\n\n\n<h2 class=\"wp-block-heading\">Rented motorbikes<\/h2>\n\n\n\n<p>You can use the app Muving to rent electric motorbikes that you can pay per minute. Drive safe and use the helmet.<\/p>\n\n\n\n<h2 class=\"wp-block-heading\">Car \/ Car rental<\/h2>\n\n\n\n<p>Driving in Granada requires some skills as the city center is full of people, bus lanes, tricky crosses, spots you can&#8217;t park, roundabouts, trams crossing trough the middle of roundabouts and places where you just can&#8217;t get with your car.<\/p>\n\n\n\n<p>Your own Car: <a href=\"https:\/\/2018.granada.wordcamp.org\/blog\/aparcar-en-granada-cerca-del-palacio-de-congresos\/\">We have an article about places to park<\/a>.<\/p>\n\n\n\n<p>Car rental: If you are going to stay out of the city do it. If you are going to stay inside the city, don&#8217;t do it you&#8217;ll pay for a car rental and for a place to park your rented car without using it \ud83d\ude00<\/p>\n","protected":false},"excerpt":{"rendered":"<p>English version below Tendr\u00e1s muchas opciones para moverte por Granada: \u00a1Andando! Tranv\u00eda Buses Taxis Motos de alquiler por minutos Coche \/ Alquiler de coche Andando Una vez est\u00e9s en el centro de la ciudad, esta es tu mejor opci\u00f3n. Granada es segura, hecha para peatones y hermosa, con rinconcitos que solo vas a descubrir andando. [&hellip;]<\/p>\n","protected":false},"author":8967770,"featured_media":2389,"parent":251,"menu_order":0,"comment_status":"closed","ping_status":"closed","template":"","meta":{"jetpack_post_was_ever_published":false,"footnotes":""},"class_list":["post-2381","page","type-page","status-publish","has-post-thumbnail","hentry"],"jetpack_sharing_enabled":true,"jetpack_shortlink":"https:\/\/wp.me\/P9ygk4-Cp","_links":{"self":[{"href":"https:\/\/granada.wordcamp.org\/2018\/wp-json\/wp\/v2\/pages\/2381","targetHints":{"allow":["GET"]}}],"collection":[{"href":"https:\/\/granada.wordcamp.org\/2018\/wp-json\/wp\/v2\/pages"}],"about":[{"href":"https:\/\/granada.wordcamp.org\/2018\/wp-json\/wp\/v2\/types\/page"}],"author":[{"embeddable":true,"href":"https:\/\/granada.wordcamp.org\/2018\/wp-json\/wp\/v2\/users\/8967770"}],"replies":[{"embeddable":true,"href":"https:\/\/granada.wordcamp.org\/2018\/wp-json\/wp\/v2\/comments?post=2381"}],"version-history":[{"count":7,"href":"https:\/\/granada.wordcamp.org\/2018\/wp-json\/wp\/v2\/pages\/2381\/revisions"}],"predecessor-version":[{"id":2452,"href":"https:\/\/granada.wordcamp.org\/2018\/wp-json\/wp\/v2\/pages\/2381\/revisions\/2452"}],"up":[{"embeddable":true,"href":"https:\/\/granada.wordcamp.org\/2018\/wp-json\/wp\/v2\/pages\/251"}],"wp:featuredmedia":[{"embeddable":true,"href":"https:\/\/granada.wordcamp.org\/2018\/wp-json\/wp\/v2\/media\/2389"}],"wp:attachment":[{"href":"https:\/\/granada.wordcamp.org\/2018\/wp-json\/wp\/v2\/media?parent=2381"}],"curies":[{"name":"wp","href":"https:\/\/api.w.org\/{rel}","templated":true}]}}