{"id":2528,"date":"2018-11-11T10:00:48","date_gmt":"2018-11-11T09:00:48","guid":{"rendered":"https:\/\/2018.granada.wordcamp.org\/?page_id=2528"},"modified":"2018-11-18T13:18:13","modified_gmt":"2018-11-18T12:18:13","slug":"streetnetworking","status":"publish","type":"page","link":"https:\/\/granada.wordcamp.org\/2018\/streetnetworking\/","title":{"rendered":"Street Networking"},"content":{"rendered":"\n<p style=\"text-align:left\"><a href=\"#damemandanga\"><em>Dale aqu\u00ed para ir directamente a la lista de puntos y saltarte este rollo.<\/em><\/a><\/p>\n\n\n\n<p><a rel=\"noreferrer noopener\" href=\"https:\/\/t.me\/WCGranada\" target=\"_blank\"><em>Grupo de Telegram donde subir las fotos de grupo.<\/em><\/a><\/p>\n\n\n\n<p>La Comunidad WordPressera grana\u00edna <strong>tiene un nuevo reto<\/strong>: debemos <strong>visitar 10 puntos emblem\u00e1ticos <\/strong>de la ciudad entre todas las que quedemos tras la ardua batalla de estos d\u00edas, en s\u00f3lo 2 horas. \u00a1Es importante! <strong>\u00a1Es nuestro objetivo, equipo!<\/strong><\/p>\n\n\n\n<p>Como despu\u00e9s de estos eventos hemos visto <em>resacas en llamas m\u00e1s all\u00e1 de Ori\u00f3n<\/em>, y no queremos que nadie se agobie despu\u00e9s de haber visto <em>Rayos-c brillar en la puerta del 365<\/em>, debemos ser h\u00e1biles:<\/p>\n\n\n\n<ul class=\"wp-block-list\"><li><strong>formaremos <\/strong><em><strong>comandos <\/strong><\/em><strong>de unas 3-5 personas<\/strong> <em>random<\/em>. Cada equipo dispondr\u00e1 de un tarjet\u00f3n de instruciones donde se designar\u00e1n sus objetivos concretos.<\/li><li><strong>cada equipo tendr\u00e1 3 objetivos de los 10 posibles<\/strong> (el #1 Paseo del Sal\u00f3n lo haremos todos juntos): deber\u00e1n visitar todos los <strong>se\u00f1alados <\/strong>y, opcionalmente, recorrer el resto en la medida que les sea posible.<\/li><\/ul>\n\n\n\n<h2 class=\"wp-block-heading\">La misi\u00f3n<\/h2>\n\n\n\n<p>Primero deber\u00e1s contribuir a poner <strong>un nombre memorable a tu equipo<\/strong> para, cuando llegues a cada ubicaci\u00f3n, leer la informaci\u00f3n que aparece en esta web y <strong>conseguir una fotograf\u00eda original<\/strong> luciendo alg\u00fan s\u00edmbolo WordPresser (pegatina, Wapuu, camiseta&#8230;). \u00a1Ojo! No en cualquier lugar, sino atendiendo a las instrucciones concretas de cada sitio.<\/p>\n\n\n\n<p><strong>El punto quedar\u00e1 registrado cuando uno de los miembros del equipo env\u00ede la foto (identificada con el nombre del comando y el lugar donde se encuentra) <\/strong><a href=\"https:\/\/t.me\/WCGranada\"><strong>al grupo de Telegram<\/strong><\/a><strong> creado para ello.<\/strong><\/p>\n\n\n\n<p>Habremos conseguido el \u00e9xito si 2 horas despu\u00e9s, alrededor de las 13h tenemos un grupo de Telegram plagado de fotos de personas sonrientes, con alguna cosilla especial, con creatividad, colaboraci\u00f3n, conexi\u00f3n,\u2026 Entonces, \u00a1s\u00f3lo entonces! se desvelar\u00e1 la <em><strong>geolocation #11<\/strong><\/em><strong>: la zona de tapas<\/strong>. Y podremos comentar los \u00e9xitos de nuestra andadura.<\/p>\n\n\n\n<a name=\"damemandanga\"><\/a>\n\n\n\n<h2 class=\"wp-block-heading\">Puntos de inter\u00e9s<\/h2>\n\n\n\n<p>La zona de reuni\u00f3n es el <strong>Palacio de Congresos<\/strong>: all\u00ed formaremos los equipos y caminaremos todos juntos hasta el (#1)&nbsp;<strong><a href=\"\/streetnetworking\/paseo-del-salon\">Paseo del Sal\u00f3n<\/a><\/strong>, donde comienza la fiesta cada comando por su lado. Necesitar\u00e9is esta informaci\u00f3n:<\/p>\n\n\n\n<ul class=\"wp-block-list\"><li><strong>#2 <a href=\"\/streetnetworking\/fuente-de-las-batallas\/\">Fuente de las Batallas \/&nbsp;<\/a><em><a href=\"\/streetnetworking\/fuente-de-las-batallas\/\">Puertarr\u00e1h<\/a><\/em><\/strong><\/li><li><strong>#3 <a href=\"\/streetnetworking\/plaza-bibrambla\">Plaza Bib-Rambla<\/a><\/strong><\/li><li><strong>#4&nbsp;<\/strong>\u2139\ufe0f<strong>&nbsp;<a href=\"\/streetnetworking\/catedral\/\">Plaza de las Pasiegas \/ Catedral<\/a>&nbsp;<\/strong><\/li><li><strong>#5 <a href=\"\/streetnetworking\/plaza-isabel-la-catolica\/\">Plaza Isabel la Cat\u00f3lica<\/a><\/strong><\/li><li><strong>#6 <a href=\"\/streetnetworking\/casa-de-porras\/\">Casa de Porras<\/a><\/strong><\/li><li><strong>#7&nbsp;<\/strong>\u2139\ufe0f<strong>&nbsp;<a href=\"\/streetnetworking\/plaza-nueva\/\">Plaza Nueva<\/a>&nbsp;<\/strong><\/li><li><strong>#8&nbsp;<a href=\"https:\/\/2018.granada.wordcamp.org\/streetnetworking\/paseo-de-los-tristes\/\">Paseo de Los Tristes<\/a><\/strong><\/li><li><strong>#9 <a href=\"\/streetnetworking\/mirador-de-la-churra\/\">Mirador de la Churra<\/a><\/strong><\/li><li><strong>#10&nbsp;<a href=\"\/streetnetworking\/lavadero-puerta-del-sol\/\">Lavadero Puerta del Sol<\/a><\/strong><\/li><\/ul>\n\n\n\n<p><em>Los puntos marcados con <\/em>\u2139\ufe0f<em> (Catedral y Plaza Nueva) son especiales: encontrar\u00e1s a dos voluntari_s convenientemente camuflados, que podr\u00e1n acercarse para daros alg\u00fan consejillo y contaros como va la cosa.<\/em><\/p>\n\n\n\n<p><br>El final de la jornada ser\u00e1 a partir de las 13h en\u00a0<br>la\u00a0<em><strong>geolocation #11<\/strong><\/em><strong>:\u00a0la zona de tapas<\/strong>. [Se desvelar\u00e1 este punto cuando se haya conseguido la misi\u00f3n]: <a href=\"\/streetnetworking\/campo-del-principe\/\">CAMPO DEL PR\u00cdNCIPE<\/a><\/p>\n\n\n\n<h2 class=\"wp-block-heading\">Mapa de las ubicaciones<\/h2>\n\n\n\n<p><a rel=\"noreferrer noopener\" href=\"https:\/\/www.google.com\/maps\/d\/u\/0\/viewer?mid=1hTHDfs1FBX7WPi2LASmJSXhOsWHeS-jd&amp;ll=37.17402398705943%2C-3.5976722649550084&amp;z=16\" target=\"_blank\">Aqu\u00ed tienes un mapa con todas los ubicaciones<\/a> para que te sirva de ayuda a localizar los tuyos. Adem\u00e1s, hemos se\u00f1alado en azul otros puntos relevantes por las que seguro pasar\u00e1s, por si vais de sobraos y quer\u00e9is dar un vistazo.<\/p>\n\n\n\n<p style=\"text-align:left\"><em>En el mapa hemos incluido algunas sugerencias de rutas que podr\u00e1s activar pulsando en el t\u00edtulo (desde m\u00f3vil) o a la izquierda (si est\u00e1s en un ordenador).<\/em><\/p>\n","protected":false},"excerpt":{"rendered":"<p>Dale aqu\u00ed para ir directamente a la lista de puntos y saltarte este rollo. Grupo de Telegram donde subir las fotos de grupo. La Comunidad WordPressera grana\u00edna tiene un nuevo reto: debemos visitar 10 puntos emblem\u00e1ticos de la ciudad entre todas las que quedemos tras la ardua batalla de estos d\u00edas, en s\u00f3lo 2 horas. [&hellip;]<\/p>\n","protected":false},"author":14405179,"featured_media":0,"parent":0,"menu_order":0,"comment_status":"closed","ping_status":"closed","template":"","meta":{"jetpack_post_was_ever_published":false,"footnotes":""},"class_list":["post-2528","page","type-page","status-publish","hentry"],"jetpack_sharing_enabled":true,"jetpack_shortlink":"https:\/\/wp.me\/P9ygk4-EM","_links":{"self":[{"href":"https:\/\/granada.wordcamp.org\/2018\/wp-json\/wp\/v2\/pages\/2528","targetHints":{"allow":["GET"]}}],"collection":[{"href":"https:\/\/granada.wordcamp.org\/2018\/wp-json\/wp\/v2\/pages"}],"about":[{"href":"https:\/\/granada.wordcamp.org\/2018\/wp-json\/wp\/v2\/types\/page"}],"author":[{"embeddable":true,"href":"https:\/\/granada.wordcamp.org\/2018\/wp-json\/wp\/v2\/users\/14405179"}],"replies":[{"embeddable":true,"href":"https:\/\/granada.wordcamp.org\/2018\/wp-json\/wp\/v2\/comments?post=2528"}],"version-history":[{"count":24,"href":"https:\/\/granada.wordcamp.org\/2018\/wp-json\/wp\/v2\/pages\/2528\/revisions"}],"predecessor-version":[{"id":2839,"href":"https:\/\/granada.wordcamp.org\/2018\/wp-json\/wp\/v2\/pages\/2528\/revisions\/2839"}],"wp:attachment":[{"href":"https:\/\/granada.wordcamp.org\/2018\/wp-json\/wp\/v2\/media?parent=2528"}],"curies":[{"name":"wp","href":"https:\/\/api.w.org\/{rel}","templated":true}]}}