{"id":2555,"date":"2018-11-11T12:11:14","date_gmt":"2018-11-11T11:11:14","guid":{"rendered":"https:\/\/2018.granada.wordcamp.org\/?page_id=2555"},"modified":"2018-11-18T03:02:57","modified_gmt":"2018-11-18T02:02:57","slug":"plaza-bibrambla","status":"publish","type":"page","link":"https:\/\/granada.wordcamp.org\/2018\/streetnetworking\/plaza-bibrambla\/","title":{"rendered":"#3 Plaza Bib-Rambla"},"content":{"rendered":"\n<p>Su origen se remonta al periodo nazar\u00ed, debiendo desempe\u00f1ar un papel importante debido a su proximidad al n\u00facleo comercial de la ciudad: son todas esas calles peque\u00f1as que salen \u00abhacia arriba\u00bb conformando <strong>la Alcaicer\u00eda<\/strong>: antiguo mercado de seda bruta que fue evolucionando hacia productos elaborados. A la derecha se encuentra la calle <strong>Zacat\u00edn<\/strong>,<strong>&nbsp;<\/strong>en \u00e1rabe \u00abmercado de ropas\u00bb, que de alguna forma sigue ejerciendo esa funci\u00f3n desde hace algunos siglos.<\/p>\n\n\n\n<div class=\"wp-block-image\"><figure class=\"aligncenter\"><img loading=\"lazy\" decoding=\"async\" width=\"660\" height=\"330\" src=\"https:\/\/2018.granada.wordcamp.org\/files\/2018\/11\/alcaiceria-mercado-arabe-granada-660x330.jpg\" alt=\"\" class=\"wp-image-2718\" srcset=\"https:\/\/granada.wordcamp.org\/2018\/files\/2018\/11\/alcaiceria-mercado-arabe-granada-660x330.jpg 660w, https:\/\/granada.wordcamp.org\/2018\/files\/2018\/11\/alcaiceria-mercado-arabe-granada-660x330-300x150.jpg 300w, https:\/\/granada.wordcamp.org\/2018\/files\/2018\/11\/alcaiceria-mercado-arabe-granada-660x330-500x250.jpg 500w\" sizes=\"auto, (max-width: 660px) 100vw, 660px\" \/><figcaption>Si entras por aqu\u00ed, \u00a1igual te pierdes! [<a href=\"https:\/\/granadaescultura.com\/monumentos-granada\/alcaiceria-granada\/\" target=\"_blank\" rel=\"noreferrer noopener\">Granada Es Cultura<\/a>]<\/figcaption><\/figure><\/div>\n\n\n\n<p>En esta plaza  a lo largo del tiempo ha habido mercados, se han hecho justas a caballo, corridas de toros y se han celebrado fiestas. Fue la reina Do\u00f1a Juana la que orden\u00f3 comprar casas de alrededor para darle su distribuci\u00f3n actual, convirti\u00e9ndola en el centro neur\u00e1lgico de la ciudad, alojando en la Casa de los Miradores (1583) la Real Aduana de especier\u00eda, de pa\u00f1os y lienzos, y otros organismos oficiales.<\/p>\n\n\n\n<figure class=\"wp-block-image\"><img loading=\"lazy\" decoding=\"async\" width=\"800\" height=\"523\" src=\"https:\/\/2018.granada.wordcamp.org\/files\/2018\/11\/800px-Granada_Moorish_Gate_c1830.jpg\" alt=\"\" class=\"wp-image-2610\" srcset=\"https:\/\/granada.wordcamp.org\/2018\/files\/2018\/11\/800px-Granada_Moorish_Gate_c1830.jpg 800w, https:\/\/granada.wordcamp.org\/2018\/files\/2018\/11\/800px-Granada_Moorish_Gate_c1830-300x196.jpg 300w, https:\/\/granada.wordcamp.org\/2018\/files\/2018\/11\/800px-Granada_Moorish_Gate_c1830-768x502.jpg 768w, https:\/\/granada.wordcamp.org\/2018\/files\/2018\/11\/800px-Granada_Moorish_Gate_c1830-459x300.jpg 459w\" sizes=\"auto, (max-width: 800px) 100vw, 800px\" \/><figcaption>En este grabado se aprecia el aspecto de la plaza en el s. XIX, cuando a\u00fan conectaba con la calle Reyes Cat\u00f3licos por el Arco de las Orejas [<a href=\"https:\/\/es.wikipedia.org\/wiki\/Archivo:Granada_Moorish_Gate_c1830.jpg\" target=\"_blank\" rel=\"noreferrer noopener\">Wikipedia<\/a>]<\/figcaption><\/figure>\n\n\n\n<p>El curioso nombre del <strong>Arco de las Orejas<\/strong>, principal v\u00eda de acceso a la plaza hasta su demolici\u00f3n y traslado tiene, como casi todo en esta Granada antigua, varias posibles explicaciones: la m\u00e1s extendida quiz\u00e1 es la de que en este \u00abarco de los cuchillos\u00bb, donde se exhib\u00edan las armas incautadas a criminales y maleantes.. tambi\u00e9n se colgaban orejas y manos cortadas como castigo. Pero antes de eso tuvo el nombre de&nbsp;Bab-Al-Rambla, puerta del arenal (que da nombre a la a plaza hoy d\u00eda) por el sencillo hecho de estaba ubicada en los arenales del r\u00edo Darro (que, recordemos, hoy d\u00eda pasa bajo la calle Reyes Cat\u00f3licos, junto al Ayuntamiento).<\/p>\n\n\n\n<figure class=\"wp-block-image\"><img decoding=\"async\" src=\"https:\/\/lh6.googleusercontent.com\/UbVQs4MX6PifcFJSfpEtA5vCTyYytBdgzdA-umoH10CJ44Y0KFYN8UvvReJ3VFrzehmMxnzz3b08wjIxkVFFavbzymrX5Up3THpRyzfIoNHhtg0sCxqNWZbSQJpEYl-5CYbgzPtY\" alt=\"10960386_634565893339198_903249346258658500_o\" \/><figcaption>El arco de las orejas en su ubicaci\u00f3n actual: el bosque de la Alhambra [<a href=\"http:\/\/miradordeatarfe.es\/?p=8184\" target=\"_blank\" rel=\"noreferrer noopener\">Mirador de Atarfe<\/a>]<\/figcaption><\/figure>\n\n\n\n<p>Quiz\u00e1 lo m\u00e1s destacable de la plaza en el momento actual sea la fuente que se erige en su centro: <strong>Fuente de los Gigantones<\/strong>, que estaba ubicada en el paseo del Sal\u00f3n hasta 1892, cuando all\u00ed se situ\u00f3 el monumento a Col\u00f3n (pero ese es otro punto de esta historia, dio varias vueltas esta fuente). Posiblemente se trate de la fuente m\u00e1s antigua de Granada, construida en el s. XVII con piedra de Sierra Elvira.&nbsp;<\/p>\n\n\n\n<figure class=\"wp-block-image\"><img loading=\"lazy\" decoding=\"async\" width=\"1024\" height=\"684\" src=\"https:\/\/2018.granada.wordcamp.org\/files\/2018\/11\/24736008995_59e2083d26_b.jpg\" alt=\"\" class=\"wp-image-2720\" srcset=\"https:\/\/granada.wordcamp.org\/2018\/files\/2018\/11\/24736008995_59e2083d26_b.jpg 1024w, https:\/\/granada.wordcamp.org\/2018\/files\/2018\/11\/24736008995_59e2083d26_b-300x200.jpg 300w, https:\/\/granada.wordcamp.org\/2018\/files\/2018\/11\/24736008995_59e2083d26_b-768x513.jpg 768w, https:\/\/granada.wordcamp.org\/2018\/files\/2018\/11\/24736008995_59e2083d26_b-449x300.jpg 449w\" sizes=\"auto, (max-width: 1024px) 100vw, 1024px\" \/><figcaption>Neptuno contra el Arc\u00e1ngel San Miguel [<a rel=\"noreferrer noopener\" href=\"https:\/\/www.flickr.com\/photos\/landahlauts\/24736008995\/\" target=\"_blank\">Landahlauts &#8211; Flickr<\/a>]<\/figcaption><\/figure>\n\n\n\n<h2 class=\"wp-block-heading\">Reto en este punto<\/h2>\n\n\n\n<div class=\"wp-block-image\"><figure class=\"alignright is-resized\"><img loading=\"lazy\" decoding=\"async\" src=\"https:\/\/2018.granada.wordcamp.org\/files\/2018\/11\/image-13.png\" alt=\"\" class=\"wp-image-2723\" width=\"123\" height=\"151\" srcset=\"https:\/\/granada.wordcamp.org\/2018\/files\/2018\/11\/image-13.png 321w, https:\/\/granada.wordcamp.org\/2018\/files\/2018\/11\/image-13-244x300.png 244w\" sizes=\"auto, (max-width: 123px) 100vw, 123px\" \/><\/figure><\/div>\n\n\n\n<p>Consigue tu foto donde aparezca la fuente, \u00a1y poned cara de gigantones con el brazo sobre la cabeza!<\/p>\n\n\n\n<h2 class=\"wp-block-heading\">Ubicaci\u00f3n<\/h2>\n\n\n\n<p><a href=\"https:\/\/www.google.com\/maps\/place\/Plaza+de+Bib-Rambla,+18001+Granada\/@37.1754371,-3.601817,17z\/data=!3m1!4b1!4m5!3m4!1s0xd71fcbe4f7800c5:0x354aad42eed40bd2!8m2!3d37.1753234!4d-3.5997404\" target=\"_blank\" rel=\"noreferrer noopener\">Plaza de Bib-Rambla, Granada<\/a><\/p>\n\n\n\n<p><a href=\"https:\/\/2018.granada.wordcamp.org\/streetnetworking\/\">\u2190 Volver a Street Networking WCGranada<\/a><\/p>\n","protected":false},"excerpt":{"rendered":"<p>Su origen se remonta al periodo nazar\u00ed, debiendo desempe\u00f1ar un papel importante debido a su proximidad al n\u00facleo comercial de la ciudad: son todas esas calles peque\u00f1as que salen \u00abhacia arriba\u00bb conformando la Alcaicer\u00eda: antiguo mercado de seda bruta que fue evolucionando hacia productos elaborados. A la derecha se encuentra la calle Zacat\u00edn,&nbsp;en \u00e1rabe \u00abmercado [&hellip;]<\/p>\n","protected":false},"author":223145,"featured_media":0,"parent":2528,"menu_order":0,"comment_status":"closed","ping_status":"closed","template":"","meta":{"jetpack_post_was_ever_published":false,"footnotes":""},"class_list":["post-2555","page","type-page","status-publish","hentry"],"jetpack_sharing_enabled":true,"jetpack_shortlink":"https:\/\/wp.me\/P9ygk4-Fd","_links":{"self":[{"href":"https:\/\/granada.wordcamp.org\/2018\/wp-json\/wp\/v2\/pages\/2555","targetHints":{"allow":["GET"]}}],"collection":[{"href":"https:\/\/granada.wordcamp.org\/2018\/wp-json\/wp\/v2\/pages"}],"about":[{"href":"https:\/\/granada.wordcamp.org\/2018\/wp-json\/wp\/v2\/types\/page"}],"author":[{"embeddable":true,"href":"https:\/\/granada.wordcamp.org\/2018\/wp-json\/wp\/v2\/users\/223145"}],"replies":[{"embeddable":true,"href":"https:\/\/granada.wordcamp.org\/2018\/wp-json\/wp\/v2\/comments?post=2555"}],"version-history":[{"count":8,"href":"https:\/\/granada.wordcamp.org\/2018\/wp-json\/wp\/v2\/pages\/2555\/revisions"}],"predecessor-version":[{"id":2724,"href":"https:\/\/granada.wordcamp.org\/2018\/wp-json\/wp\/v2\/pages\/2555\/revisions\/2724"}],"up":[{"embeddable":true,"href":"https:\/\/granada.wordcamp.org\/2018\/wp-json\/wp\/v2\/pages\/2528"}],"wp:attachment":[{"href":"https:\/\/granada.wordcamp.org\/2018\/wp-json\/wp\/v2\/media?parent=2555"}],"curies":[{"name":"wp","href":"https:\/\/api.w.org\/{rel}","templated":true}]}}