{"id":2556,"date":"2018-11-11T12:10:53","date_gmt":"2018-11-11T11:10:53","guid":{"rendered":"https:\/\/2018.granada.wordcamp.org\/?page_id=2556"},"modified":"2018-11-18T03:03:01","modified_gmt":"2018-11-18T02:03:01","slug":"catedral","status":"publish","type":"page","link":"https:\/\/granada.wordcamp.org\/2018\/streetnetworking\/catedral\/","title":{"rendered":"#4 Plaza de las Pasiegas \/ Catedral"},"content":{"rendered":"\n<p>Preside esta plaza <strong>la primera Catedral renacentista<\/strong> de Espa\u00f1a, proyectada por Diego de Silo\u00e9 y construida en el lugar donde estaba la Gran Mezquita.<\/p>\n\n\n\n<p>Siendo una de las catedrales cat\u00f3licas m\u00e1s grandes del mundo (por detr\u00e1s del Vaticano y Sevilla), hay un hecho llamativo: <strong>su \u00fanica torre campanario<\/strong>, que no coincide con el proyecto original de dos enormes torres de 81 metros a ambos lados de la fachada principal. Estas torres no terminaron de materializarse por diversos problemas (fundamentalmente por el peso de las grandes piedras y la cimentaci\u00f3n) pero,&nbsp;de haber sido as\u00ed, tendr\u00edan este aspecto:<\/p>\n\n\n\n<div class=\"wp-block-image\"><figure class=\"aligncenter\"><img decoding=\"async\" src=\"https:\/\/lh6.googleusercontent.com\/BEkNTPcgxkr3eYwQBxG096VeBmXulgEhYqdrSDnRB2Y_3aJVDqn5JZaKh0mc-wc4mpbvdYMG6IIZaJtnlFTYC5Y3ovSf7KE00HPwCsmbG4RFFor2UVapOL0L6WidhAEn1TlrEcKO\" alt=\"Este ser\u00eda el aspecto que tendr\u00eda la Catedral de Granada, de haber sido acabada seg\u00fan el proyecto ideado por Diego de Siloe en 1528. Dibujo y fotomontaje de Juan L\u00f3pez Fern\u00e1ndez\/ Gabilondis.\" \/><figcaption>Nuveas el Silo\u00e9, lo que ten\u00eda en mente [<a href=\"http:\/\/www.elindependientedegranada.es\/cultura\/imponente-catedral-granada-que-diseno-siloe-quedo-torremocha\" target=\"_blank\" rel=\"noreferrer noopener\">El Independiente de Granada<\/a>]<\/figcaption><\/figure><\/div>\n\n\n\n<p>Como curiosidad,<strong> la torre estuvo habitada<\/strong> hasta hace relativamente poco (1989) por Don Santiago Mart\u00edn, el \u00faltimo campanero de la Catedral que lo fue desde ni\u00f1o y hasta los 77 a\u00f1os, convertido en una especie de ermita\u00f1o haciendo su vida all\u00ed arriba y bajando poco o nada. Se cuenta que se le pod\u00eda ver asomado al mejor y m\u00e1s monumental balc\u00f3n de la ciudad, colgando sus ropas a secar, cuando no estaba dedicado a sus tareas de diario, que inclu\u00edan la limpieza y engrase de una forma especial de las diecis\u00e9is campanas, pero tambi\u00e9n el cuidado de sus gallinas, conejos, y hasta dos cerdos por a\u00f1o que criaba con esas vistas.<br><\/p>\n\n\n\n<div class=\"wp-block-image\"><figure class=\"aligncenter\"><img loading=\"lazy\" decoding=\"async\" width=\"575\" height=\"322\" src=\"https:\/\/2018.granada.wordcamp.org\/files\/2018\/11\/campanas-dos-k0GE-U204045918466j5G-575x323@Ideal.jpg\" alt=\"\" class=\"wp-image-2729\" srcset=\"https:\/\/granada.wordcamp.org\/2018\/files\/2018\/11\/campanas-dos-k0GE-U204045918466j5G-575x323@Ideal.jpg 575w, https:\/\/granada.wordcamp.org\/2018\/files\/2018\/11\/campanas-dos-k0GE-U204045918466j5G-575x323@Ideal-300x168.jpg 300w, https:\/\/granada.wordcamp.org\/2018\/files\/2018\/11\/campanas-dos-k0GE-U204045918466j5G-575x323@Ideal-500x280.jpg 500w\" sizes=\"auto, (max-width: 575px) 100vw, 575px\" \/><figcaption>All\u00ed habit\u00f3 casi toda su vida el buen hombre [<a href=\"https:\/\/www.ideal.es\/granada\/201701\/29\/misterios-esconden-campanas-catedral-20161104112206.html\" target=\"_blank\" rel=\"noreferrer noopener\">Ideal<\/a>]<\/figcaption><\/figure><\/div>\n\n\n\n<p><strong>Una de las campanas<\/strong>, la del lado de C\u00e1rcel Baja, no son\u00f3 durante nada menos que 100 a\u00f1os, ya que fue sometida a juicio por el cabildo catedralicio al causar la muerte del campanero de entonces (1890) por un giro inesperado de los acontecimientos (y de ella misma, suponemos). Cien a\u00f1os y un d\u00eda de silencio le cayeron a la campana \u00abasesina\u00bb.<\/p>\n\n\n\n<p>Entre las muy numerosas Capillas de esta Catedral destaca por motivos hit\u00f3ricos la <strong>Capilla Real<\/strong>, anexa al edificio principal y donde descansan los Reyes Cat\u00f3licos (a pesar de Do\u00f1a Isabel, que hubiera preferido quedarse en el monasterio de San Francisco en la Alhambra, como as\u00ed reflej\u00f3 en su testamento; sin adornos, adem\u00e1s, ped\u00eda). Tambi\u00e9n se encuentran reposan aqu\u00ed los restos de su hija, Juana I de Castilla (a la que llamaban \u00abla Loca\u00bb) y su Felipe (\u00abel Hermoso\u00bb). Ya veis, as\u00ed es la historia.<\/p>\n\n\n\n<div class=\"wp-block-image\"><figure class=\"aligncenter\"><img loading=\"lazy\" decoding=\"async\" width=\"956\" height=\"768\" src=\"https:\/\/2018.granada.wordcamp.org\/files\/2018\/11\/Dibujo-de-la-Cripta-de-la-Capilla-Real-Nuria-B.-1859.jpg\" alt=\"\" class=\"wp-image-2730\" srcset=\"https:\/\/granada.wordcamp.org\/2018\/files\/2018\/11\/Dibujo-de-la-Cripta-de-la-Capilla-Real-Nuria-B.-1859.jpg 956w, https:\/\/granada.wordcamp.org\/2018\/files\/2018\/11\/Dibujo-de-la-Cripta-de-la-Capilla-Real-Nuria-B.-1859-300x241.jpg 300w, https:\/\/granada.wordcamp.org\/2018\/files\/2018\/11\/Dibujo-de-la-Cripta-de-la-Capilla-Real-Nuria-B.-1859-768x617.jpg 768w, https:\/\/granada.wordcamp.org\/2018\/files\/2018\/11\/Dibujo-de-la-Cripta-de-la-Capilla-Real-Nuria-B.-1859-373x300.jpg 373w\" sizes=\"auto, (max-width: 956px) 100vw, 956px\" \/><figcaption>Dibujo de la Cripta de los Reyes Cat\u00f3licos en la Capilla Real [<a href=\"http:\/\/brunoalcaraz.blogspot.com\/2014\/11\/criptas-de-granada-2-la-cripta.html\" target=\"_blank\" rel=\"noreferrer noopener\">Criptas de Granada(2) &#8211; Bruno Alcaraz<\/a>)<\/figcaption><\/figure><\/div>\n\n\n\n<p>Terminaremos con el nombre de la plaza: <strong>Las Pasiegas<\/strong>. Otra curiosidad m\u00e1s que debi\u00f3 tener su importancia como para quitarle el nombre a la posiblemente \u00abplaza de La Catedral\u00bb, o la \u00abplaza de las flores\u00bb, por el comercio que exist\u00eda&#8230; Los hechos parecen apuntar a la presencia de nodrizas, amas de cr\u00eda, que ten\u00edan alta fama: procedentes del valle del Pas, en Cantabria, alimentaban con su leche a hijos de la nobleza y alta burgues\u00eda. Pero&#8230; \u00bfPor qu\u00e9 pasiegas? Esto que contamos de Granada (alrededor del s. XIX) viene de un par de siglos antes, cuando las nodrizas de aquella zona ya eran comunes entre los borbones. La fama hizo que los nobles quisieran imitar a la realeza, generando migraciones de mujeres c\u00e1ntabras en carretas para este cometido.<\/p>\n\n\n\n<div class=\"wp-block-image\"><figure class=\"aligncenter\"><img loading=\"lazy\" decoding=\"async\" width=\"490\" height=\"578\" src=\"https:\/\/2018.granada.wordcamp.org\/files\/2018\/11\/nodrizas1-490x578.jpg\" alt=\"\" class=\"wp-image-2731\" srcset=\"https:\/\/granada.wordcamp.org\/2018\/files\/2018\/11\/nodrizas1-490x578.jpg 490w, https:\/\/granada.wordcamp.org\/2018\/files\/2018\/11\/nodrizas1-490x578-254x300.jpg 254w\" sizes=\"auto, (max-width: 490px) 100vw, 490px\" \/><figcaption>Aqu\u00ed Do\u00f1a Concha, una pasiega, posa con la criatura a la que daba servicio hace un siglo [<a rel=\"noreferrer noopener\" href=\"https:\/\/www.elcorreo.com\/bizkaia\/sociedad\/201601\/30\/leche-materna-pasiega-20160127130413.html\" target=\"_blank\">El Correo<\/a>]<\/figcaption><\/figure><\/div>\n\n\n\n<h2 class=\"wp-block-heading\">Reto en este punto<\/h2>\n\n\n\n<p>Consigue tu foto en la Plaza de las Pasiegas, se\u00f1alando la torre de la Catedral.<\/p>\n\n\n\n<h2 class=\"wp-block-heading\">Ubicaci\u00f3n<\/h2>\n\n\n\n<p><a href=\"https:\/\/www.google.com\/maps\/place\/Plaza+de+las+Pasiegas,+18001+Granada\/@37.1762077,-3.6019233,17z\/data=!3m1!4b1!4m5!3m4!1s0xd71fcbfb3b383d5:0x88d92d52cc46f3f!8m2!3d37.1762077!4d-3.5997293\" target=\"_blank\" rel=\"noreferrer noopener\">Plaza de las Pasiegas, Granada<\/a><\/p>\n\n\n\n<p><a href=\"https:\/\/2018.granada.wordcamp.org\/streetnetworking\/\">\u2190 Volver a Street Networking WCGranada<\/a><\/p>\n","protected":false},"excerpt":{"rendered":"<p>Preside esta plaza la primera Catedral renacentista de Espa\u00f1a, proyectada por Diego de Silo\u00e9 y construida en el lugar donde estaba la Gran Mezquita. Siendo una de las catedrales cat\u00f3licas m\u00e1s grandes del mundo (por detr\u00e1s del Vaticano y Sevilla), hay un hecho llamativo: su \u00fanica torre campanario, que no coincide con el proyecto original [&hellip;]<\/p>\n","protected":false},"author":223145,"featured_media":0,"parent":2528,"menu_order":0,"comment_status":"closed","ping_status":"closed","template":"","meta":{"jetpack_post_was_ever_published":false,"footnotes":""},"class_list":["post-2556","page","type-page","status-publish","hentry"],"jetpack_sharing_enabled":true,"jetpack_shortlink":"https:\/\/wp.me\/P9ygk4-Fe","_links":{"self":[{"href":"https:\/\/granada.wordcamp.org\/2018\/wp-json\/wp\/v2\/pages\/2556","targetHints":{"allow":["GET"]}}],"collection":[{"href":"https:\/\/granada.wordcamp.org\/2018\/wp-json\/wp\/v2\/pages"}],"about":[{"href":"https:\/\/granada.wordcamp.org\/2018\/wp-json\/wp\/v2\/types\/page"}],"author":[{"embeddable":true,"href":"https:\/\/granada.wordcamp.org\/2018\/wp-json\/wp\/v2\/users\/223145"}],"replies":[{"embeddable":true,"href":"https:\/\/granada.wordcamp.org\/2018\/wp-json\/wp\/v2\/comments?post=2556"}],"version-history":[{"count":7,"href":"https:\/\/granada.wordcamp.org\/2018\/wp-json\/wp\/v2\/pages\/2556\/revisions"}],"predecessor-version":[{"id":2818,"href":"https:\/\/granada.wordcamp.org\/2018\/wp-json\/wp\/v2\/pages\/2556\/revisions\/2818"}],"up":[{"embeddable":true,"href":"https:\/\/granada.wordcamp.org\/2018\/wp-json\/wp\/v2\/pages\/2528"}],"wp:attachment":[{"href":"https:\/\/granada.wordcamp.org\/2018\/wp-json\/wp\/v2\/media?parent=2556"}],"curies":[{"name":"wp","href":"https:\/\/api.w.org\/{rel}","templated":true}]}}