{"id":2557,"date":"2018-11-11T12:04:00","date_gmt":"2018-11-11T11:04:00","guid":{"rendered":"https:\/\/2018.granada.wordcamp.org\/?page_id=2557"},"modified":"2018-11-18T13:13:20","modified_gmt":"2018-11-18T12:13:20","slug":"campo-del-principe","status":"publish","type":"page","link":"https:\/\/granada.wordcamp.org\/2018\/streetnetworking\/campo-del-principe\/","title":{"rendered":"#11 Campo del Pr\u00edncipe \/ Realejo"},"content":{"rendered":"\r\n<p>Esta plaza fue el centro del <strong>Barrio Jud\u00edo<\/strong>, el <strong>Realejo,<\/strong> se sit\u00faa sobre el antiguo cementerio musulm\u00e1n. En \u00e9poca nazar\u00ed se conoc\u00eda como Campo de la Loma y se celebraban multitudinarios festejos ecuestres y actos p\u00fablicos al aire libre.<\/p>\r\n\r\n\r\n\r\n<p>Existe tal como lo vemos en la actualidad\u00a0desde 1497 cuando parece ser que se construy\u00f3 para celebrar la boda de <strong>Juan, el hijo de Isabel y Fernando<\/strong> despu\u00e9s de casarse en Cantabria con D\u00f1a. Margarita de Austria. Sin embargo, finalmente no se celebr\u00f3 aqu\u00ed (y adem\u00e1s el pr\u00edncipe muri\u00f3 a los pocos meses de casarse).<\/p>\r\n\r\n\r\n\r\n<p>Destaca la estatua en jaspe y alabastro del <strong>Cristo de los Favores<\/strong>, que pagaron los residentes del realejo Alto y se instal\u00f3 en 1640. Entre 1679 y 1682 la provincia de Granada fue azotada por la Peste Bub\u00f3nica, el barrio del Realejo fue el menos afectado, y la gente cre\u00eda que se debi\u00f3 al hecho de que los vecinos rezaban continuamente ante la estatua.<\/p>\r\n\r\n\r\n\r\n<p>En la actualidad el Viernes Santo a las 15:00 se hace una oraci\u00f3n a la hora de la muerte de Cristo y es muy impresionante ver toda la extensi\u00f3n de la plaza absolutamente llena de personas en un silencio absoluto, \u00fanicamente se oye una campana. Adem\u00e1s, se piden tres deseos.<\/p>\r\n\r\n\r\n\r\n<figure class=\"wp-block-image\"><img loading=\"lazy\" decoding=\"async\" width=\"606\" height=\"416\" class=\"wp-image-2832 aligncenter\" src=\"https:\/\/2018.granada.wordcamp.org\/files\/2018\/11\/3_088g.jpg\" alt=\"\" srcset=\"https:\/\/granada.wordcamp.org\/2018\/files\/2018\/11\/3_088g.jpg 606w, https:\/\/granada.wordcamp.org\/2018\/files\/2018\/11\/3_088g-300x206.jpg 300w, https:\/\/granada.wordcamp.org\/2018\/files\/2018\/11\/3_088g-437x300.jpg 437w\" sizes=\"auto, (max-width: 606px) 100vw, 606px\" \/>\r\n<figcaption>[<a href=\"http:\/\/www.orcero.com\/granada\/realejo\/Realejo.htm\" target=\"_blank\" rel=\"noreferrer noopener\">Orcero<\/a>]<\/figcaption>\r\n<\/figure>\r\n\r\n\r\n\r\n<p>Si mir\u00e1is hacia arriba, por encima de la Iglesia de San Cecilio, ver\u00e9is el <strong>Hotel Alhambra Palace<\/strong>, construido por el Duque de San Pedro de Galatinos, un visionario empresario y noble granadino que fue autor, adem\u00e1s de este hotel, del Hotel del Duque en Sierra Nevada, del tranv\u00eda de la Sierra y de la Carretera de Sierra Nevada. \u00c9sta, que hoy d\u00eda sigue funcionando (ya muy reformada) hasta la estaci\u00f3n de esqu\u00ed, originalmente permit\u00eda cruzar por las cumbres de Sierra Nevada al otro lado para llegar a la Alpujarra. Fue la carretera m\u00e1s alta de Europa.<\/p>\r\n\r\n\r\n\r\n<p>Esta plaza es muy conocida por los innumerables <strong>bares de tapas<\/strong> que la rodean en los que celebraremos que finaliza la primera WordCamp Granada.<\/p>\r\n","protected":false},"excerpt":{"rendered":"<p>Esta plaza fue el centro del Barrio Jud\u00edo, el Realejo, se sit\u00faa sobre el antiguo cementerio musulm\u00e1n. En \u00e9poca nazar\u00ed se conoc\u00eda como Campo de la Loma y se celebraban multitudinarios festejos ecuestres y actos p\u00fablicos al aire libre. Existe tal como lo vemos en la actualidad\u00a0desde 1497 cuando parece ser que se construy\u00f3 para [&hellip;]<\/p>\n","protected":false},"author":223145,"featured_media":0,"parent":2528,"menu_order":0,"comment_status":"closed","ping_status":"closed","template":"","meta":{"jetpack_post_was_ever_published":false,"footnotes":""},"class_list":["post-2557","page","type-page","status-publish","hentry"],"jetpack_sharing_enabled":true,"jetpack_shortlink":"https:\/\/wp.me\/P9ygk4-Ff","_links":{"self":[{"href":"https:\/\/granada.wordcamp.org\/2018\/wp-json\/wp\/v2\/pages\/2557","targetHints":{"allow":["GET"]}}],"collection":[{"href":"https:\/\/granada.wordcamp.org\/2018\/wp-json\/wp\/v2\/pages"}],"about":[{"href":"https:\/\/granada.wordcamp.org\/2018\/wp-json\/wp\/v2\/types\/page"}],"author":[{"embeddable":true,"href":"https:\/\/granada.wordcamp.org\/2018\/wp-json\/wp\/v2\/users\/223145"}],"replies":[{"embeddable":true,"href":"https:\/\/granada.wordcamp.org\/2018\/wp-json\/wp\/v2\/comments?post=2557"}],"version-history":[{"count":9,"href":"https:\/\/granada.wordcamp.org\/2018\/wp-json\/wp\/v2\/pages\/2557\/revisions"}],"predecessor-version":[{"id":2837,"href":"https:\/\/granada.wordcamp.org\/2018\/wp-json\/wp\/v2\/pages\/2557\/revisions\/2837"}],"up":[{"embeddable":true,"href":"https:\/\/granada.wordcamp.org\/2018\/wp-json\/wp\/v2\/pages\/2528"}],"wp:attachment":[{"href":"https:\/\/granada.wordcamp.org\/2018\/wp-json\/wp\/v2\/media?parent=2557"}],"curies":[{"name":"wp","href":"https:\/\/api.w.org\/{rel}","templated":true}]}}