{"id":2558,"date":"2018-11-11T12:07:45","date_gmt":"2018-11-11T11:07:45","guid":{"rendered":"https:\/\/2018.granada.wordcamp.org\/?page_id=2558"},"modified":"2018-11-18T03:03:06","modified_gmt":"2018-11-18T02:03:06","slug":"plaza-isabel-la-catolica%ef%bb%bf","status":"publish","type":"page","link":"https:\/\/granada.wordcamp.org\/2018\/streetnetworking\/plaza-isabel-la-catolica%ef%bb%bf\/","title":{"rendered":"#5 Plaza Isabel la Cat\u00f3lica\ufeff"},"content":{"rendered":"\n<p>En esta plaza se encuentra el <strong>Monumento a Isabel la Cat\u00f3lica<\/strong>, en el que podemos ver a la reina Isabel sentada en su trono, recibiendo a <strong>Crist\u00f3bal Col\u00f3n<\/strong>.<\/p>\n\n\n\n<figure class=\"wp-block-image\"><img loading=\"lazy\" decoding=\"async\" width=\"640\" height=\"512\" src=\"https:\/\/2018.granada.wordcamp.org\/files\/2018\/11\/catolica_colon_4871-copia-640x512.jpg\" alt=\"\" class=\"wp-image-2735\" srcset=\"https:\/\/granada.wordcamp.org\/2018\/files\/2018\/11\/catolica_colon_4871-copia-640x512.jpg 640w, https:\/\/granada.wordcamp.org\/2018\/files\/2018\/11\/catolica_colon_4871-copia-640x512-300x240.jpg 300w, https:\/\/granada.wordcamp.org\/2018\/files\/2018\/11\/catolica_colon_4871-copia-640x512-375x300.jpg 375w\" sizes=\"auto, (max-width: 640px) 100vw, 640px\" \/><figcaption>\u00abTienes cara de venir pidiendo dineros, Crist\u00f3bal\u00bb &#8211; parece decir la Reyna <br>[<a rel=\"noreferrer noopener\" href=\"http:\/\/lastresgranadas.blogspot.com\/2011\/10\/monumento-isabel-la-catolica-y.html\" target=\"_blank\">Las Tres Granadas<\/a>]<\/figcaption><\/figure>\n\n\n\n<ul class=\"wp-block-list\"><li>Su origen est\u00e1 unos a\u00f1os antes de 1892, \u00e9poca de ilustrados en la que proliferan los estudios sobre la conquista de Am\u00e9rica y todo lo relacionado con Col\u00f3n. Pensaron en conmemorar el descubrimiento de Am\u00e9rica de alguna forma.<\/li><li>El Ministerio de Fomento convoca un concurso entre artistas espa\u00f1oles, pero a principio de 1892 todav\u00eda no hay ning\u00fan proyecto iniciado.<\/li><li>La Comisi\u00f3n encargada de programar los actos del centenario llama a Mariano Benlliure de urgencia, \u00e9ste firma el 20 de marzo de 1892 y se inaugur\u00f3 el d\u00eda de la Hispanidad de 1892.<\/li><li>Se compone de una figura de la Reina Isabel la Cat\u00f3lica de 2 m de alto, sentada en una silla g\u00f3tica. A su lado est\u00e1 Cristobal Col\u00f3n, tambi\u00e9n de 2 m, recibiendo las capitulaciones que le permitieron iniciar su viaje a las Indias (lo que posteriormente result\u00f3 ser Am\u00e9rica).<\/li><\/ul>\n\n\n\n<div class=\"wp-block-image\"><figure class=\"aligncenter\"><img decoding=\"async\" src=\"https:\/\/lh3.googleusercontent.com\/uP6YBZhV8QYcPu0zGTeycgzgbcxCsK50lbLtZYm7TMdNfi7hn1pYPOeAxLw0t6KTP1thVCrrVzu7dwC6h8MWsv-tbyK2dtBMqyeV4FLbrtOHH9RBo4vjpYX7htfXpvIXR1YKc4Qb\" alt=\"\" \/><figcaption>Anterior ubicaci\u00f3n de este monumento, en el Paseo del Sal\u00f3n [<a href=\"http:\/\/lugaresdegranada.blogspot.com\/2015\/02\/monumento-colon.html\" target=\"_blank\" rel=\"noreferrer noopener\">Lugares de Granada con Encanto<\/a>]<\/figcaption><\/figure><\/div>\n\n\n\n<ul class=\"wp-block-list\"><li>El tapiz que cae por el frontal est\u00e1 sostenido por dos figuras aleg\u00f3ricas de 1 m cada una.<\/li><li>Inicialmente la obra se ubic\u00f3 en el Paseo del Sal\u00f3n, donde hoy est\u00e1 la fuente de las Granadas que vimos en el Punto 1. En aquel punto estaba la Fuente de los Gigantones, que habr\u00e9is visto los que hay\u00e1is estado en la plaza de Bib-Rambla (Punto 3).<\/li><li>El edificio que hay tras el monumento es el \u201cEdificio Santander\u201d, que fue sede del conocido banco durante muchos a\u00f1os, y que ha sido fuente de pol\u00e9mica por su est\u00e9tica en el conjunto de la plaza y de la propia confluencia de Gran V\u00eda y la calle Reyes Cat\u00f3licos.<\/li><\/ul>\n\n\n\n<div class=\"wp-block-image\"><figure class=\"aligncenter\"><img decoding=\"async\" src=\"https:\/\/lh6.googleusercontent.com\/1KgfuIsTS0Bhffeq-W8vp55FDER9_cz4vBsZLDktVIEvua604YjkGgCJOGQ5PuGfZaedSfptsPfCX2_PZwZs6MEXPEfmh-fSSQAyUh-HgPYqG_w_PVfEDsmMNiGs3T-O0SORop2X\" alt=\"\" \/><figcaption>El Sr. Col\u00f3n, muy habilidoso, saltando hacia donde deb\u00eda colocarse al trasladar el monumento. Al fondo, la Gran V\u00eda que lleva su nombre [<a href=\"http:\/\/lastresgranadas.blogspot.com\/2011\/10\/monumento-isabel-la-catolica-y.html\" target=\"_blank\" rel=\"noreferrer noopener\">Las Tres Granadas<\/a>]<\/figcaption><\/figure><\/div>\n\n\n\n<div class=\"wp-block-image\"><figure class=\"aligncenter\"><img decoding=\"async\" src=\"https:\/\/lh3.googleusercontent.com\/3h-Vh5JmiADzpQzxsBQkuGKNDY1UKjrIsgGDlr8hjk8K0hv9w3BmbhmXhVMk-ndlnF0R_zELYE02dl9anXEt5L6qZxoH9hQrtIzSjA8u4WbBWucikZrf_kqJxI5xG6eprs4iM7zi\" alt=\"\" \/><figcaption>Traslado de las estatuas a su ubicaci\u00f3n actual. Parece ser que la que pagaba el transporte era ella&nbsp; [<a rel=\"noreferrer noopener\" href=\"http:\/\/lastresgranadas.blogspot.com\/2011\/10\/monumento-isabel-la-catolica-y.html\" target=\"_blank\">Las Tres Granadas<\/a>]<\/figcaption><\/figure><\/div>\n\n\n\n<h2 class=\"wp-block-heading\">Reto en este punto<\/h2>\n\n\n\n<p>Dos miembros del equipo deber\u00e9is haceros una fotograf\u00eda representando a Isabel y a Col\u00f3n. La foto habr\u00e1 que hacerla de forma que aparezca el lado del monumento en que se ven escritos los nombres de Hern\u00e1n P\u00e9rez del Pulgar y Gonzalo de C\u00f3rdoba (ambos capitanes que lucharon en el ej\u00e9rcito de Isabel la Cat\u00f3lica). <\/p>\n\n\n\n<h2 class=\"wp-block-heading\">Ubicaci\u00f3n<\/h2>\n\n\n\n<p><a href=\"https:\/\/www.google.com\/maps\/place\/Plaza+Isabel+la+Cat%C3%B3lica,+18009+Granada\/@37.1754737,-3.599502,17z\/data=!3m1!4b1!4m5!3m4!1s0xd71fcbedc791921:0x8afe508c29dbeb59!8m2!3d37.1754737!4d-3.597308\" target=\"_blank\" rel=\"noreferrer noopener\">Plaza Isabel la Cat\u00f3lica, Granada<\/a><\/p>\n\n\n\n<p><a href=\"https:\/\/2018.granada.wordcamp.org\/streetnetworking\/\">\u2190 Volver a Street Networking WCGranada<\/a><\/p>\n\n\n\n<p><br><\/p>\n","protected":false},"excerpt":{"rendered":"<p>En esta plaza se encuentra el Monumento a Isabel la Cat\u00f3lica, en el que podemos ver a la reina Isabel sentada en su trono, recibiendo a Crist\u00f3bal Col\u00f3n. Su origen est\u00e1 unos a\u00f1os antes de 1892, \u00e9poca de ilustrados en la que proliferan los estudios sobre la conquista de Am\u00e9rica y todo lo relacionado con [&hellip;]<\/p>\n","protected":false},"author":223145,"featured_media":0,"parent":2528,"menu_order":0,"comment_status":"closed","ping_status":"closed","template":"","meta":{"jetpack_post_was_ever_published":false,"footnotes":""},"class_list":["post-2558","page","type-page","status-publish","hentry"],"jetpack_sharing_enabled":true,"jetpack_shortlink":"https:\/\/wp.me\/P9ygk4-Fg","_links":{"self":[{"href":"https:\/\/granada.wordcamp.org\/2018\/wp-json\/wp\/v2\/pages\/2558","targetHints":{"allow":["GET"]}}],"collection":[{"href":"https:\/\/granada.wordcamp.org\/2018\/wp-json\/wp\/v2\/pages"}],"about":[{"href":"https:\/\/granada.wordcamp.org\/2018\/wp-json\/wp\/v2\/types\/page"}],"author":[{"embeddable":true,"href":"https:\/\/granada.wordcamp.org\/2018\/wp-json\/wp\/v2\/users\/223145"}],"replies":[{"embeddable":true,"href":"https:\/\/granada.wordcamp.org\/2018\/wp-json\/wp\/v2\/comments?post=2558"}],"version-history":[{"count":7,"href":"https:\/\/granada.wordcamp.org\/2018\/wp-json\/wp\/v2\/pages\/2558\/revisions"}],"predecessor-version":[{"id":2819,"href":"https:\/\/granada.wordcamp.org\/2018\/wp-json\/wp\/v2\/pages\/2558\/revisions\/2819"}],"up":[{"embeddable":true,"href":"https:\/\/granada.wordcamp.org\/2018\/wp-json\/wp\/v2\/pages\/2528"}],"wp:attachment":[{"href":"https:\/\/granada.wordcamp.org\/2018\/wp-json\/wp\/v2\/media?parent=2558"}],"curies":[{"name":"wp","href":"https:\/\/api.w.org\/{rel}","templated":true}]}}