{"id":2562,"date":"2018-11-11T11:41:15","date_gmt":"2018-11-11T10:41:15","guid":{"rendered":"https:\/\/2018.granada.wordcamp.org\/?page_id=2562"},"modified":"2018-11-18T03:03:27","modified_gmt":"2018-11-18T02:03:27","slug":"mirador-de-la-churra","status":"publish","type":"page","link":"https:\/\/granada.wordcamp.org\/2018\/streetnetworking\/mirador-de-la-churra\/","title":{"rendered":"#9 Mirador de la Churra"},"content":{"rendered":"\n<p>Uno de los miradores m\u00e1s desconocidos entre los granadinos. Desde aqu\u00ed tendr\u00e1s una vista del Albaic\u00edn completamente diferente.<\/p>\n\n\n\n<figure class=\"wp-block-image\"><img loading=\"lazy\" decoding=\"async\" width=\"1024\" height=\"568\" src=\"https:\/\/2018.granada.wordcamp.org\/files\/2018\/11\/37368981382_37e8ec0633_b.jpg\" alt=\"\" class=\"wp-image-2752\" srcset=\"https:\/\/granada.wordcamp.org\/2018\/files\/2018\/11\/37368981382_37e8ec0633_b.jpg 1024w, https:\/\/granada.wordcamp.org\/2018\/files\/2018\/11\/37368981382_37e8ec0633_b-300x166.jpg 300w, https:\/\/granada.wordcamp.org\/2018\/files\/2018\/11\/37368981382_37e8ec0633_b-768x426.jpg 768w, https:\/\/granada.wordcamp.org\/2018\/files\/2018\/11\/37368981382_37e8ec0633_b-500x277.jpg 500w\" sizes=\"auto, (max-width: 1024px) 100vw, 1024px\" \/><figcaption>[<a href=\"https:\/\/www.flickr.com\/photos\/10952193@N04\/37368981382\" target=\"_blank\" rel=\"noreferrer noopener\">Rafael Cejudo &#8211; Flickr<\/a>]<\/figcaption><\/figure>\n\n\n\n<p>Este barrio en el que nos encontramos fue ocupado desde el siglo XIV con africanos procedentes de las sierras de V\u00e9lez de la Gomera, y que eran conocidos como Gomeres (de ah\u00ed el nombre de la cercana Cuesta de Gom\u00e9rez).<\/p>\n\n\n\n<p>Los Gomeres eran la guardia personal del Emir, y serv\u00edan en las milicias. Se fueron asentando en el cerro del Mauror (Mawr\u00fbr) o \u201cde los aguadores\u201d, ya que all\u00ed eran donde viv\u00edan estas personas que ejerc\u00edan el oficio de vender agua a la ciudad.<\/p>\n\n\n\n<p>Para llegar al <strong>mirador de la Churra<\/strong> se pasa por la P<strong>laceta de la Miga<\/strong>, \u00e9sta est\u00e1 a mitad de la Cuesta de Gom\u00e9rez (pasando por una calle muy estrecha a la izquierda, \u00a1no te pierdas!).<\/p>\n\n\n\n<p>El nombre de Miga viene de las \u201cescuelas migas\u201d, unas escuelas que ya exist\u00edan en el siglo XVI y que funcionaron hasta el primer tercio del siglo XX. Era como una especie de parvulario en el que las personas con menos recursos dejaban sus hijos menores de 6 a\u00f1os a cargo de una mujer viuda o soltera de la zona. Las ni\u00f1as eran admitidas hasta los 10 a\u00f1os. El nombre proviene de \u201cEscuelas de amiga\u201d y de ah\u00ed el nombre de escuelas-miga o simplemente \u201cmigas\u201d. Con el tiempo, estas escuelas se ampliaron e institucionalizaron.<\/p>\n\n\n\n<p>El nombre original del mirador de la Churra es <strong>Y\u00fbrra<\/strong>, y el barrio en que se encuentra tiene el mismo nombre. Est\u00e1 a los pies de la Alhambra en la margen izquierda del R\u00edo Darro, en la colina de la Al-Sabika.<\/p>\n\n\n\n<h2 class=\"wp-block-heading\"><strong>Reto en este punto<\/strong><\/h2>\n\n\n\n<p>Buscar la Catedral o el Carmen de la Victoria y salir en la foto se\u00f1alando con el dedo&nbsp;<br><\/p>\n\n\n\n<h2 class=\"wp-block-heading\">Ubicaci\u00f3n<\/h2>\n\n\n\n<p><a href=\"https:\/\/www.google.com\/maps\/place\/Mirador+de+la+Churra\/@37.1774887,-3.5957703,17z\/data=!3m1!4b1!4m5!3m4!1s0xd71fcb86769355b:0x857dc6e90776f3ae!8m2!3d37.1774887!4d-3.5935763\" target=\"_blank\" rel=\"noreferrer noopener\">Mirador de la Churra<\/a><\/p>\n\n\n\n<p><a href=\"https:\/\/2018.granada.wordcamp.org\/streetnetworking\/\">\u2190 Volver a Street Networking WCGranada<\/a><\/p>\n","protected":false},"excerpt":{"rendered":"<p>Uno de los miradores m\u00e1s desconocidos entre los granadinos. Desde aqu\u00ed tendr\u00e1s una vista del Albaic\u00edn completamente diferente. Este barrio en el que nos encontramos fue ocupado desde el siglo XIV con africanos procedentes de las sierras de V\u00e9lez de la Gomera, y que eran conocidos como Gomeres (de ah\u00ed el nombre de la cercana [&hellip;]<\/p>\n","protected":false},"author":223145,"featured_media":0,"parent":2528,"menu_order":0,"comment_status":"closed","ping_status":"closed","template":"","meta":{"jetpack_post_was_ever_published":false,"footnotes":""},"class_list":["post-2562","page","type-page","status-publish","hentry"],"jetpack_sharing_enabled":true,"jetpack_shortlink":"https:\/\/wp.me\/P9ygk4-Fk","_links":{"self":[{"href":"https:\/\/granada.wordcamp.org\/2018\/wp-json\/wp\/v2\/pages\/2562","targetHints":{"allow":["GET"]}}],"collection":[{"href":"https:\/\/granada.wordcamp.org\/2018\/wp-json\/wp\/v2\/pages"}],"about":[{"href":"https:\/\/granada.wordcamp.org\/2018\/wp-json\/wp\/v2\/types\/page"}],"author":[{"embeddable":true,"href":"https:\/\/granada.wordcamp.org\/2018\/wp-json\/wp\/v2\/users\/223145"}],"replies":[{"embeddable":true,"href":"https:\/\/granada.wordcamp.org\/2018\/wp-json\/wp\/v2\/comments?post=2562"}],"version-history":[{"count":7,"href":"https:\/\/granada.wordcamp.org\/2018\/wp-json\/wp\/v2\/pages\/2562\/revisions"}],"predecessor-version":[{"id":2754,"href":"https:\/\/granada.wordcamp.org\/2018\/wp-json\/wp\/v2\/pages\/2562\/revisions\/2754"}],"up":[{"embeddable":true,"href":"https:\/\/granada.wordcamp.org\/2018\/wp-json\/wp\/v2\/pages\/2528"}],"wp:attachment":[{"href":"https:\/\/granada.wordcamp.org\/2018\/wp-json\/wp\/v2\/media?parent=2562"}],"curies":[{"name":"wp","href":"https:\/\/api.w.org\/{rel}","templated":true}]}}