{"id":2629,"date":"2018-11-11T19:09:41","date_gmt":"2018-11-11T18:09:41","guid":{"rendered":"https:\/\/2018.granada.wordcamp.org\/?page_id=2629"},"modified":"2018-11-18T03:03:20","modified_gmt":"2018-11-18T02:03:20","slug":"paseo-de-los-tristes","status":"publish","type":"page","link":"https:\/\/granada.wordcamp.org\/2018\/streetnetworking\/paseo-de-los-tristes\/","title":{"rendered":"#8 Paseo de Los Tristes"},"content":{"rendered":"\n<p>Posiblemente uno de los puntos m\u00e1s bonitos de la Ruta. Hay que ir desde Plaza Nueva junto al cauce del R\u00edo Darro (uno de los paseos m\u00e1s bonitos por Granada) hasta llegar al<strong> Paseo de los Tristes<\/strong>.<\/p>\n\n\n\n<div class=\"wp-block-image\"><figure class=\"aligncenter\"><img loading=\"lazy\" decoding=\"async\" width=\"600\" height=\"402\" src=\"https:\/\/2018.granada.wordcamp.org\/files\/2018\/11\/1343797200_134379_1343797200_noticia_normal.jpg\" alt=\"\" class=\"wp-image-2750\" srcset=\"https:\/\/granada.wordcamp.org\/2018\/files\/2018\/11\/1343797200_134379_1343797200_noticia_normal.jpg 600w, https:\/\/granada.wordcamp.org\/2018\/files\/2018\/11\/1343797200_134379_1343797200_noticia_normal-300x201.jpg 300w, https:\/\/granada.wordcamp.org\/2018\/files\/2018\/11\/1343797200_134379_1343797200_noticia_normal-448x300.jpg 448w\" sizes=\"auto, (max-width: 600px) 100vw, 600px\" \/><figcaption>En Granada somos bastante exagerados, y decimos que es una de las calles m\u00e1s bonitas del mundo [<a rel=\"noreferrer noopener\" href=\"https:\/\/elpais.com\/elpais\/2012\/08\/01\/paco_nadal\/1343797200_134379.html\" target=\"_blank\">El Pa\u00eds<\/a>]<\/figcaption><\/figure><\/div>\n\n\n\n<p>A lo largo de la Carrera del Darro podremos ver:<\/p>\n\n\n\n<ul class=\"wp-block-list\"><li>Los restos de la puerta defensiva sobre el r\u00edo llamada la Puerta de los Tableros. Aqu\u00ed puedes ver una reconstrucci\u00f3n 3D de c\u00f3mo era esta puerta defensiva.<br><a href=\"https:\/\/twitter.com\/Policia_Granada\/status\/954987033155469312\">https:\/\/twitter.com\/Policia_Granada\/status\/954987033155469312<\/a><\/li><li>Justo frente a la Puerta de los Tableros, hay un peque\u00f1o edificio haciendo esquina que es <strong>El Ba\u00f1uelo<\/strong>, unos antiguos ba\u00f1os \u00e1rabes.<\/li><\/ul>\n\n\n\n<div class=\"wp-block-image\"><figure class=\"aligncenter\"><img loading=\"lazy\" decoding=\"async\" width=\"552\" height=\"827\" src=\"https:\/\/2018.granada.wordcamp.org\/files\/2018\/11\/Banuelo-Carrera-Darro-AG-2014.jpg\" alt=\"\" class=\"wp-image-2748\" srcset=\"https:\/\/granada.wordcamp.org\/2018\/files\/2018\/11\/Banuelo-Carrera-Darro-AG-2014.jpg 552w, https:\/\/granada.wordcamp.org\/2018\/files\/2018\/11\/Banuelo-Carrera-Darro-AG-2014-200x300.jpg 200w\" sizes=\"auto, (max-width: 552px) 100vw, 552px\" \/><figcaption>El Ba\u00f1uelo [<a rel=\"noreferrer noopener\" href=\"http:\/\/albayzin.info\/la-alhambra-abre-de-nuevo-al-publico-el-banuelo-un-bano-arabe-del-siglo-xi\/\" target=\"_blank\">Albayzin.info<\/a>]<\/figcaption><\/figure><\/div>\n\n\n\n<ul class=\"wp-block-list\"><li>A lo largo del recorrido encontrar\u00e1s el <strong>Convento de Zafra<\/strong> (donde puedes comprar exquisitos dulces hechos por las monjas), la casa de Zafra o <strong>Museo Arqueol\u00f3gico<\/strong> Etnol\u00f3gico de Granada, la iglesia de San Pedro y San Pablo.<\/li><li>A tu derecha podr\u00e1s admirar parte de <strong>La Alhambra<\/strong> en todo momento.<\/li><\/ul>\n\n\n\n<p>Cuando desemboques en el Paseo de los Tristes, \u00e9ste comienza donde est\u00e1 el Puente de las Chirim\u00edas.<\/p>\n\n\n\n<p>El <strong>puente de las Chirim\u00edas<\/strong> es un antiguo puente \u00e1rabe reconstruido en 1882. &nbsp;Es el que permite pasar a la casita que hay al otro lado del r\u00edo llamada Hotel Re\u00fama.<\/p>\n\n\n\n<ul class=\"wp-block-list\"><li><em>La chirim\u00eda es un instrumento de viento-madera antepasado del oboe, que suena muy parecido a la dulzaina.<\/em><\/li><\/ul>\n\n\n\n<p>El <strong>Hotel Re\u00fama<\/strong>, que otros llaman \u201ccasita de mu\u00f1ecas\u201d, fue el Hotel Bosques de la Alhambra, que se construy\u00f3 en 1910. Su ubicaci\u00f3n lo hizo muy popular para bien por el enclave maravilloso en el que se encuentra, pero fue tambi\u00e9n causa de su muerte, ya que al estar en un terreno extremadamente h\u00famedo, quedarse all\u00ed era una experiencia insufrible, por lo que la gente dej\u00f3 de ir.&nbsp;<br><\/p>\n\n\n\n<p>Despu\u00e9s de cerrarlo, alg\u00fan genio decidi\u00f3 abrir all\u00ed un hospital. Hoy d\u00eda tiene sus propias leyendas de \u201cesp\u00edritus enfermos\u00bb que vagan por all\u00ed.<\/p>\n\n\n\n<div class=\"wp-block-image\"><figure class=\"aligncenter\"><img decoding=\"async\" src=\"https:\/\/lh3.googleusercontent.com\/M4x6aqZPPKuPX9NV0eIwvd7yXJFdG0scY52LPeV5jQa_Dqa9y2XjjECES4b5Eyfpto4Gmloag066WozFU6UN7vzMYI0TMk1Y0rpGZPVve1WGBiZbXVHLGFeKnG2c4_q58zgTFQQw\" alt=\"\" \/><\/figure><\/div>\n\n\n\n<p>El nombre oficial de esta plaza alargada es el Paseo del Padre Manj\u00f3n (anteriormente Paseo de la Puerta de Guadix, ya que por aqu\u00ed se sal\u00eda de la ciudad hacia esa localidad). Pero en el siglo XIX \u00e9ste era el camino <strong>hacia el cementerio de San Jos\u00e9<\/strong>, que se encuentra a espaldas de la Alhambra, en la parte alta de la colina de La Sabica. Todos los cortejos f\u00fanebres pasaban por el paseo del Padre Manj\u00f3n y muchas personas desped\u00edan al difunto antes de subir la cuesta hacia la Sabica, llamada Cuesta de los Chinos, que circula paralela a la Alhambra.<\/p>\n\n\n\n<p>Era normal a principios del siglo XX (de 1900 a 1910) que la persona muerta no hubiese dejado ninguna fotograf\u00eda en vida, y hab\u00eda fotografos que se anunciaban de la siguiente forma, como hac\u00eda \u00e9ste:<\/p>\n\n\n\n<p><em>\u201cJos\u00e9 Pimentel. Fot\u00f3grafo. Especialista en difuntos. Trabajos a domicilio. Las salidas extraordinarias al camino del cementerio no tienen sobreprecio\u201d.<\/em><\/p>\n\n\n\n<p>Esto es porque era t\u00edpico que acudiesen estos fot\u00f3grafos a la Cuesta de los Chinos (o de los muertos), y aprovechando la soledad y los recovecos del camino, se sacase al cad\u00e1ver del ata\u00fad, se apoyara en la tapia del cementerio y se hicieran con \u00e9l sus acompa\u00f1antes.<\/p>\n\n\n\n<h2 class=\"wp-block-heading\"><strong>Reto en este punto<\/strong><\/h2>\n\n\n\n<p>Hacer una foto del Hotel Re\u00fama de fondo con cara de ir a un entierro.<br><\/p>\n\n\n\n<h2 class=\"wp-block-heading\">Ubicaci\u00f3n<\/h2>\n\n\n\n<p><a href=\"https:\/\/www.google.com\/maps\/place\/Paseo+de+los+Tristes,+18010+Granada\/@37.1791889,-3.5910146,17z\/data=!3m1!4b1!4m5!3m4!1s0xd71fcc82c7f5883:0x15138785e068fd19!8m2!3d37.1791889!4d-3.5888206\" target=\"_blank\" rel=\"noreferrer noopener\">Paseo de los Tristes, Granada<\/a><\/p>\n\n\n\n<p><a href=\"https:\/\/2018.granada.wordcamp.org\/streetnetworking\/\">\u2190 Volver a Street Networking WCGranada<\/a><\/p>\n\n\n\n<p><br><\/p>\n","protected":false},"excerpt":{"rendered":"<p>Posiblemente uno de los puntos m\u00e1s bonitos de la Ruta. Hay que ir desde Plaza Nueva junto al cauce del R\u00edo Darro (uno de los paseos m\u00e1s bonitos por Granada) hasta llegar al Paseo de los Tristes. A lo largo de la Carrera del Darro podremos ver: Los restos de la puerta defensiva sobre el [&hellip;]<\/p>\n","protected":false},"author":223145,"featured_media":0,"parent":2528,"menu_order":0,"comment_status":"closed","ping_status":"closed","template":"","meta":{"jetpack_post_was_ever_published":false,"footnotes":""},"class_list":["post-2629","page","type-page","status-publish","hentry"],"jetpack_sharing_enabled":true,"jetpack_shortlink":"https:\/\/wp.me\/P9ygk4-Gp","_links":{"self":[{"href":"https:\/\/granada.wordcamp.org\/2018\/wp-json\/wp\/v2\/pages\/2629","targetHints":{"allow":["GET"]}}],"collection":[{"href":"https:\/\/granada.wordcamp.org\/2018\/wp-json\/wp\/v2\/pages"}],"about":[{"href":"https:\/\/granada.wordcamp.org\/2018\/wp-json\/wp\/v2\/types\/page"}],"author":[{"embeddable":true,"href":"https:\/\/granada.wordcamp.org\/2018\/wp-json\/wp\/v2\/users\/223145"}],"replies":[{"embeddable":true,"href":"https:\/\/granada.wordcamp.org\/2018\/wp-json\/wp\/v2\/comments?post=2629"}],"version-history":[{"count":7,"href":"https:\/\/granada.wordcamp.org\/2018\/wp-json\/wp\/v2\/pages\/2629\/revisions"}],"predecessor-version":[{"id":2759,"href":"https:\/\/granada.wordcamp.org\/2018\/wp-json\/wp\/v2\/pages\/2629\/revisions\/2759"}],"up":[{"embeddable":true,"href":"https:\/\/granada.wordcamp.org\/2018\/wp-json\/wp\/v2\/pages\/2528"}],"wp:attachment":[{"href":"https:\/\/granada.wordcamp.org\/2018\/wp-json\/wp\/v2\/media?parent=2629"}],"curies":[{"name":"wp","href":"https:\/\/api.w.org\/{rel}","templated":true}]}}