{"id":626,"date":"2018-07-09T12:51:13","date_gmt":"2018-07-09T10:51:13","guid":{"rendered":"https:\/\/2018.granada.wordcamp.org\/?page_id=626"},"modified":"2018-07-09T18:23:40","modified_gmt":"2018-07-09T16:23:40","slug":"solicitar-factura-para-mi-entrada","status":"publish","type":"page","link":"https:\/\/granada.wordcamp.org\/2018\/contacto\/solicitar-factura-para-mi-entrada\/","title":{"rendered":"Solicitar factura para mi entrada \/ Request a ticket invoice"},"content":{"rendered":"\r\n<p>\u00bfNecesitas una factura respecto al ticket que has adquirido? \u00a1Te la hacemos! Para solicitar una factura, por favor rellena el siguiente formulario, teniendo en cuenta los siguientes requisitos:<\/p>\r\n\r\n<ul class=\"wp-block-list\">\r\n<li>Tu email debe ser el mismo que has usado para comprar tu entrada.<\/li>\r\n<li>Debes haber comprado ya tu entrada.<\/li>\r\n<\/ul>\r\n\r\n<p>Procesaremos las solicitudes de factura hasta el 30 de Noviembre de 2018. Despu\u00e9s de esta fecha, ya no enviaremos facturas para este evento.<\/p>\r\n\r\n<p>Rellena un formulario por cada entrada que hayas comprado. Despu\u00e9s de rellenar este formulario, por favor perm\u00edtenos hasta 7 d\u00edas laborables para responderte.<\/p>\r\n\r\n\r\n<div class=\"language language-english\">\r\n<h2 class=\"language-name\">English<\/h2>\r\n\r\n<p>Do you need an invoice for the tickets you acquired? We are happy to supply you with one. To request an invoice please complete the form below, noting the following requirements:<\/p>\r\n\r\n<ul class=\"wp-block-list\">\r\n<li>Your email address must be\u00a0<strong>the same one that you used to purchase your ticket<\/strong>.<\/li>\r\n<li>You must have already purchased your tickets.<\/li>\r\n<\/ul>\r\n\r\n<p>We will process invoice requests up until 31st July 2018. After this date we will no longer supply invoices for this event.<\/p>\r\n\r\n<p>Fill one form for each ticket you bought. After submitting this form, please allow up to 7 working days for us to get back to you.<\/p><\/div>\r\n\r\n<div data-test='contact-form'\n\t\t\tid='contact-form-626'\n\t\t\tclass='wp-block-jetpack-contact-form-container '\n\t\t\tdata-wp-interactive='jetpack\/form' data-wp-context='{\"formId\":\"626\",\"formHash\":\"59cd02fd69cf88520642a0969f663490ddeb11d3\",\"showErrors\":false,\"errors\":[],\"fields\":[],\"isMultiStep\":false,\"useAjax\":true,\"submissionData\":null,\"formattedSubmissionData\":[],\"submissionSuccess\":false,\"submissionError\":null,\"elementId\":\"jp-form-59cd02fd69cf88520642a0969f663490ddeb11d3\",\"isSingleInputForm\":false}'\n\t\t\tdata-wp-watch--scroll-to-wrapper=\"callbacks.scrollToWrapper\"\n\t\t>\n<div class=\"contact-form-submission contact-form-ajax-submission\" data-wp-bind--aria-hidden=\"state.isSuccessMessageAriaHidden\" data-wp-class--submission-success=\"context.submissionSuccess\" id=\"contact-form-success-59cd02fd69cf88520642a0969f663490ddeb11d3\" tabindex=\"-1\" aria-labelledby=\"contact-form-success-header-59cd02fd69cf88520642a0969f663490ddeb11d3\"><p class=\"go-back-message\"><a class=\"link\" role=\"button\" tabindex=\"0\" data-wp-on--click=\"actions.goBack\" href=\"\/2018\/wp-json\/wp\/v2\/pages\/626\">\u2190 Back<\/a><\/p><h4 data-wp-bind--aria-hidden=\"state.isSuccessMessageAriaHidden\" id=\"contact-form-success-header-59cd02fd69cf88520642a0969f663490ddeb11d3\">Tu mensaje se ha enviado<\/h4>\n\n<template data-wp-each--submission=\"context.formattedSubmissionData\">\n\t\t\t\t\t<div class=\"jetpack_forms_contact-form-success-summary\">\n\t\t\t\t\t\t<div class=\"field-name\" data-wp-text=\"context.submission.label\" data-wp-bind--hidden=\"!context.submission.label\"><\/div>\n\t\t\t\t\t\t<div class=\"field-value\" data-wp-text=\"context.submission.value\" data-wp-bind--hidden=\"!context.submission.showPlainValue\"><\/div>\n\t\t\t\t\t\t<a class=\"field-url\" data-wp-bind--href=\"context.submission.url\" data-wp-text=\"context.submission.value\" data-wp-bind--hidden=\"!context.submission.url\" target=\"_blank\" rel=\"noopener noreferrer\"><\/a>\n\t\t\t\t\t\t<div class=\"field-rating\" data-wp-bind--hidden=\"!context.submission.rating\" data-wp-watch=\"callbacks.watchRatingIcons\"><\/div>\n\t\t\t\t\t\t<div class=\"field-images\" data-wp-bind--hidden=\"!context.submission.images\">\n\t\t\t\t\t\t\t<template data-wp-each--image=\"context.submission.images\">\n\t\t\t\t\t\t\t\t<div class=\"field-image-option\" data-wp-class--is-empty=\"!context.image.src\">\n\t\t\t\t\t\t\t\t\t<figure class=\"field-image-option__image\" data-wp-class--is-empty=\"!context.image.src\">\n\t\t\t\t\t\t\t\t\t\t<img data-wp-bind--src=\"context.image.src\" data-wp-bind--hidden=\"!context.image.src\" \/>\n\t\t\t\t\t\t\t\t\t\t<img decoding=\"async\" src=\"data:image\/gif;base64,R0lGODlhAQABAAD\/ACwAAAAAAQABAAACADs=\" data-wp-bind--hidden=\"context.image.src\" \/>\n\t\t\t\t\t\t\t\t\t<\/figure>\n\t\t\t\t\t\t\t\t\t<div class=\"field-image-option__label-wrapper\">\n\t\t\t\t\t\t\t\t\t\t<span class=\"field-image-option__label-code\" data-wp-text=\"context.image.letterCode\"><\/span>\n\t\t\t\t\t\t\t\t\t\t<span class=\"field-image-option__label\" data-wp-text=\"context.image.label\" data-wp-bind--hidden=\"!context.image.label\"><\/span>\n\t\t\t\t\t\t\t\t\t<\/div>\n\t\t\t\t\t\t\t\t<\/div>\n\t\t\t\t\t\t\t<\/template>\n\t\t\t\t\t\t<\/div>\n\t\t\t\t\t\t<div class=\"field-files\" data-wp-bind--hidden=\"!context.submission.files\">\n\t\t\t\t\t\t\t<template data-wp-each--file=\"context.submission.files\">\n\t\t\t\t\t\t\t\t<div class=\"field-file\">\n\t\t\t\t\t\t\t\t\t<div class=\"field-file__thumbnail\" data-wp-style--background-image=\"context.file.previewUrl\" data-wp-style--mask-image=\"context.file.iconUrl\" data-wp-bind--hidden=\"!context.file.hasPreview\"><\/div>\n\t\t\t\t\t\t\t\t\t<svg class=\"field-file__icon\" data-wp-bind--hidden=\"context.file.hasPreview\" width=\"20\" height=\"20\" viewBox=\"0 0 24 24\" fill=\"none\" xmlns=\"http:\/\/www.w3.org\/2000\/svg\" aria-hidden=\"true\">\n\t\t\t\t\t\t\t\t\t\t<path d=\"M14 2H6C4.9 2 4 2.9 4 4V20C4 21.1 4.89 22 5.99 22H18C19.1 22 20 21.1 20 20V8L14 2ZM18 20H6V4H13V9H18V20Z\" fill=\"currentColor\"\/>\n\t\t\t\t\t\t\t\t\t<\/svg>\n\t\t\t\t\t\t\t\t\t<span class=\"field-file__name\" data-wp-text=\"context.file.name\"><\/span>\n\t\t\t\t\t\t\t\t\t<span class=\"field-file__size\" data-wp-text=\"context.file.size\"><\/span>\n\t\t\t\t\t\t\t\t<\/div>\n\t\t\t\t\t\t\t<\/template>\n\t\t\t\t\t\t<\/div>\n\t\t\t\t\t<\/div>\n\t\t\t\t<\/template><\/div><form action='https:\/\/granada.wordcamp.org\/2018\/contacto\/solicitar-factura-para-mi-entrada\/'\n\t\t\t\tid='jp-form-59cd02fd69cf88520642a0969f663490ddeb11d3'\n\t\t\t\tmethod='post'\n\t\t\t\tclass='contact-form commentsblock' aria-label=\"Solicitar factura para mi entrada \/ Request a ticket invoice\"\n\t\t\t\tdata-wp-on--submit=\"actions.onFormSubmit\"\n\t\t\t\tdata-wp-on--reset=\"actions.onFormReset\"\n\t\t\t\tdata-wp-class--submission-success=\"context.submissionSuccess\"\n\t\t\t\tdata-wp-class--is-first-step=\"state.isFirstStep\"\n\t\t\t\tdata-wp-class--is-last-step=\"state.isLastStep\"\n\t\t\t\tdata-wp-class--is-ajax-form=\"context.useAjax\"\n\t\t\t\tnovalidate >\n<input type='hidden' name='jetpack_contact_form_jwt' value='eyJ0eXAiOiJKV1QiLCJhbGciOiJIUzI1NiJ9.eyJlbmNyeXB0ZWRfYXR0cmlidXRlcyI6IjZWaDZBVEZZMXJBZXJRZ1d5bXNBc2trN2lGRnorWWVDK25zcENBcHNYOVUzZS9BU2JSbnJZMU0yR3E0NlJWbnZtTDVFRWVwTlQzdFNGQkZFUzVnVkRuZHBVQnVoN1Q4amhoN01BWGxWM2gzdjJTdkZvSzd4bko0N2xMVE81dzlvQmRIR1NLZmNjN1pmOG1SZG40VFRDbjZIMXdKckVmYnl0VlUrZ0V5d2VSOFBtcDFSZ1pxOVZlUkVEOHphbnBXUk9yMmNyS2ZjU29tZGF5dnB2SngzdytKN0pjQTJnUEREUGRmMjJia1hKR2x6R2pPQ0dJS2hzNHoycE5SYlJjdksrQ3NWbzZPVlpBU0xsVGJKUU16SWhtOFc1VUppbTJqTnpqMzg0cEdYbms0MmxhS25SSXVXbi9xZVhFYkkwSldRN0Yxc0hUdll4REo3Zy9KSUVSZHV5Y2Q3SEVVcGkvUG5qMzJlclVkWXhZay9jeWhqQnliV1hZNTJ0WkhLalEwZFFveDNnWWVTa2I3d2o4RFljalBCdjY3emx3U3JlTGdGejFCVHQ2YVl6OS9QbFNBMTFZTHBjMHpUSlI2VHdNU293bmU1RVhIUS9xZ1lUM1VFYzVrSEtyNEtNYnZoUFBiZ05aeTVUaTZGbWNYUW0rcll3QU1LMjl2d04zMXg4YmFiQVhEelo2L1N1UGFQZ0hSSU40VXptVVdtK3RBMSt3OTFHYS9OcUZWYVdKYXRJZHUzeU1KUlh3aUtaNUttZG4xS2tGbWlOQUFvUm1WRHgyZTRKYzNYcTczSWRnU3dZVG44T1lKTW13aER3bGdhTXI2NHl5V1pvUlowb0RFZFZ2WjA0ZWduRE9seWV3dWpxWUYwSnM4WTZFczJyeFpnVmRnUmt3UTFnbXd1VjFOSlJVbVJNL252RmF2VWNMUi8wL3Y3a0JCZG9JZXY4bDVBVEw1WFlQKytIZXlRRUd0VlQ3ZGc3UE5FTk54TkZsNkFxeFRncnBocU13emtDWFYwektnUEtWUHE3ekhkVTZuUzRCYktlRlU2N3dPK3RDc2d6RUFOTngzL0xjUlE1aFZMd1Y5MXZMRWpqMGF3MCtDNzA3Tk9lOGZQUElaeUNqcW9aMnhBQmxZSnNyT3lIZ1JMSEFjejYyK1ZpZTFIcTMvRTVtNmVMSnE4dlV6U2IzY2RaZHFReC9zbDdFdFRyK0wwNlUxUENiSFgwcDg9IiwiY29udGVudCI6Iltjb250YWN0LWZpZWxkIGxhYmVsPVwiRW1haWwgdXNhZG8gcGFyYSBjb21wcmFyIGxhIGVudHJhZGEgLyBFbWFpbCBhZGRyZXNzIHVzZWQgdG8gcHVyY2hhc2UgdGhlIHRpY2tldFwiIHR5cGU9XCJlbWFpbFwiIHJlcXVpcmVkPVwiMVwiXVtjb250YWN0LWZpZWxkIGxhYmVsPVwiRGF0b3MgZGUgbGEgY29tcGFcdTAwZjFcdTAwZWRhIChOb21icmUsIERpcmVjY2lcdTAwZjNuLCBDaXVkYWQsIENcdTAwZjNkaWdvIFBvc3RhbCwgUGFcdTAwZWRzKSAvIENvbXBhbnkgZGF0YSAoTmFtZSwgQWRkcmVzcywgQ2l0eSwgWmlwIENvZGUsIENvdW50cnkpXCIgdHlwZT1cInRleHRhcmVhXCIgcmVxdWlyZWQ9XCIxXCJdW2NvbnRhY3QtZmllbGQgbGFiZWw9XCJOXHUwMGZhbWVybyBkZSBJVkEgLyBDb21wYW55IFZBVCBudW1iZXJcIiB0eXBlPVwibmFtZVwiIHJlcXVpcmVkPVwiMVwiXSIsImhhc2giOiI1OWNkMDJmZDY5Y2Y4ODUyMDY0MmEwOTY5ZjY2MzQ5MGRkZWIxMWQzIiwic291cmNlIjp7ImVudHJ5X3RpdGxlIjoiU29saWNpdGFyIGZhY3R1cmEgcGFyYSBtaSBlbnRyYWRhIC8gUmVxdWVzdCBhIHRpY2tldCBpbnZvaWNlIiwiZW50cnlfcGFnZSI6MSwic291cmNlX2lkIjo2MjYsInNvdXJjZV90eXBlIjoic2luZ2xlIiwicmVxdWVzdF91cmwiOiJodHRwczovL2dyYW5hZGEud29yZGNhbXAub3JnLzIwMTgvd3AtanNvbi93cC92Mi9wYWdlcy82MjYifSwidmVyc2lvbiI6MiwiY2lwaGVyIjoiYWVzLTI1Ni1nY20ifQ.9bynEhhPxM4Y1VBLZ0pO3SW0880EixGTxG3ByIpAHJ4' \/>\n\n<div style=\"\"  data-wp-interactive=\"jetpack\/form\" data-wp-context='{\"fieldId\":\"g626-emailusadoparacomprarlaentradaemailaddressusedtopurchasetheticket\",\"fieldType\":\"email\",\"fieldLabel\":\"Email usado para comprar la entrada \\\/ Email address used to purchase the ticket\",\"fieldValue\":\"\",\"fieldPlaceholder\":\"\",\"fieldIsRequired\":\"1\",\"fieldErrorMessage\":\"\",\"fieldExtra\":[],\"formHash\":\"59cd02fd69cf88520642a0969f663490ddeb11d3\"}'  class='grunion-field-email-wrap grunion-field-wrap'  data-wp-init='callbacks.initializeField' data-wp-on--jetpack-form-reset='callbacks.initializeField' >\n<label\n\t\t\t\tfor='g626-emailusadoparacomprarlaentradaemailaddressusedtopurchasetheticket' class=\"grunion-field-label email\" >Email usado para comprar la entrada \/ Email address used to purchase the ticket<span class=\"grunion-label-required\" aria-hidden=\"true\">(obligatorio)<\/span><\/label>\n<input\n\t\t\t\t\ttype='email'\n\t\t\t\t\tname='g626-emailusadoparacomprarlaentradaemailaddressusedtopurchasetheticket'\n\t\t\t\t\tid='g626-emailusadoparacomprarlaentradaemailaddressusedtopurchasetheticket'\n\t\t\t\t\tvalue=''\n\n\t\t\t\t\tdata-wp-bind--aria-invalid='state.fieldAriaInvalid'\n\t\t\t\t\tdata-wp-bind--value='state.getFieldValue'\n\t\t\t\t\taria-describedby='g626-emailusadoparacomprarlaentradaemailaddressusedtopurchasetheticket-email-error-message'\n\t\t\t\t\tdata-wp-on--input='actions.onFieldChange'\n\t\t\t\t\tdata-wp-on--blur='actions.onFieldBlur'\n\t\t\t\t\tdata-wp-class--has-value='state.hasFieldValue'\n\n\t\t\t\t\tclass='email  grunion-field' \n\t\t\t\t\trequired='true' aria-required='true'  \/>\n \n\t\t\t<div id=\"g626-emailusadoparacomprarlaentradaemailaddressusedtopurchasetheticket-email-error\" class=\"contact-form__input-error\" data-wp-class--has-errors=\"state.fieldHasErrors\">\n\t\t\t\t<span class=\"contact-form__warning-icon\" aria-hidden=\"true\">\n\t\t\t\t\t<svg width=\"16\" height=\"16\" viewBox=\"0 0 16 16\" fill=\"none\" xmlns=\"http:\/\/www.w3.org\/2000\/svg\">\n\t\t\t\t\t\t<path d=\"M8.50015 11.6402H7.50015V10.6402H8.50015V11.6402Z\" \/>\n\t\t\t\t\t\t<path d=\"M7.50015 9.64018H8.50015V6.30684H7.50015V9.64018Z\" \/>\n\t\t\t\t\t\t<path fill-rule=\"evenodd\" clip-rule=\"evenodd\" d=\"M6.98331 3.0947C7.42933 2.30177 8.57096 2.30177 9.01698 3.09469L13.8771 11.7349C14.3145 12.5126 13.7525 13.4735 12.8602 13.4735H3.14004C2.24774 13.4735 1.68575 12.5126 2.12321 11.7349L6.98331 3.0947ZM8.14541 3.58496C8.08169 3.47168 7.9186 3.47168 7.85488 3.58496L2.99478 12.2251C2.93229 12.3362 3.01257 12.4735 3.14004 12.4735H12.8602C12.9877 12.4735 13.068 12.3362 13.0055 12.2251L8.14541 3.58496Z\" \/>\n\t\t\t\t\t<\/svg>\n\t\t\t\t<\/span>\n\t\t\t\t<span data-wp-text=\"state.errorMessage\" id=\"g626-emailusadoparacomprarlaentradaemailaddressusedtopurchasetheticket-email-error-message\"><\/span>\n\t\t\t<\/div> \n\t<\/div>\n\n<div style=\"\"  data-wp-interactive=\"jetpack\/form\" data-wp-context='{\"fieldId\":\"g626-datosdelacompaanombredireccinciudadcdigopostalpascompanydatanameaddresscityzipcodecountry\",\"fieldType\":\"textarea\",\"fieldLabel\":\"Datos de la compa\\u00f1\\u00eda (Nombre, Direcci\\u00f3n, Ciudad, C\\u00f3digo Postal, Pa\\u00eds) \\\/ Company data (Name, Address, City, Zip Code, Country)\",\"fieldValue\":\"\",\"fieldPlaceholder\":\"\",\"fieldIsRequired\":\"1\",\"fieldErrorMessage\":\"\",\"fieldExtra\":[],\"formHash\":\"59cd02fd69cf88520642a0969f663490ddeb11d3\"}'  class='grunion-field-textarea-wrap grunion-field-wrap'  data-wp-init='callbacks.initializeField' data-wp-on--jetpack-form-reset='callbacks.initializeField' >\n<label\n\t\t\t\tfor='contact-form-comment-g626-datosdelacompaanombredireccinciudadcdigopostalpascompanydatanameaddresscityzipcodecountry' class=\"grunion-field-label textarea\" >Datos de la compa\u00f1\u00eda (Nombre, Direcci\u00f3n, Ciudad, C\u00f3digo Postal, Pa\u00eds) \/ Company data (Name, Address, City, Zip Code, Country)<span class=\"grunion-label-required\" aria-hidden=\"true\">(obligatorio)<\/span><\/label>\n<textarea\n\t\t                style=''\n\t\t                name='g626-datosdelacompaanombredireccinciudadcdigopostalpascompanydatanameaddresscityzipcodecountry'\n\t\t                id='contact-form-comment-g626-datosdelacompaanombredireccinciudadcdigopostalpascompanydatanameaddresscityzipcodecountry'\n\t\t                rows='20'\n\t\t\t\t\t\tdata-wp-text='state.getFieldValue'\n\t\t\t\t\t\tdata-wp-on--input='actions.onFieldChange'\n\t\t\t\t\t\tdata-wp-on--blur='actions.onFieldBlur'\n\t\t\t\t\t\tdata-wp-class--has-value='state.hasFieldValue'\n\t\t\t\t\t\taria-describedby='g626-datosdelacompaanombredireccinciudadcdigopostalpascompanydatanameaddresscityzipcodecountry-textarea-error-message'\n\t\t\t\t\t\tdata-wp-bind--aria-invalid='state.fieldAriaInvalid'\n\t\t\t\t\t\tclass='textarea  grunion-field'  required aria-required='true'><\/textarea>\n \n\t\t\t<div id=\"g626-datosdelacompaanombredireccinciudadcdigopostalpascompanydatanameaddresscityzipcodecountry-textarea-error\" class=\"contact-form__input-error\" data-wp-class--has-errors=\"state.fieldHasErrors\">\n\t\t\t\t<span class=\"contact-form__warning-icon\" aria-hidden=\"true\">\n\t\t\t\t\t<svg width=\"16\" height=\"16\" viewBox=\"0 0 16 16\" fill=\"none\" xmlns=\"http:\/\/www.w3.org\/2000\/svg\">\n\t\t\t\t\t\t<path d=\"M8.50015 11.6402H7.50015V10.6402H8.50015V11.6402Z\" \/>\n\t\t\t\t\t\t<path d=\"M7.50015 9.64018H8.50015V6.30684H7.50015V9.64018Z\" \/>\n\t\t\t\t\t\t<path fill-rule=\"evenodd\" clip-rule=\"evenodd\" d=\"M6.98331 3.0947C7.42933 2.30177 8.57096 2.30177 9.01698 3.09469L13.8771 11.7349C14.3145 12.5126 13.7525 13.4735 12.8602 13.4735H3.14004C2.24774 13.4735 1.68575 12.5126 2.12321 11.7349L6.98331 3.0947ZM8.14541 3.58496C8.08169 3.47168 7.9186 3.47168 7.85488 3.58496L2.99478 12.2251C2.93229 12.3362 3.01257 12.4735 3.14004 12.4735H12.8602C12.9877 12.4735 13.068 12.3362 13.0055 12.2251L8.14541 3.58496Z\" \/>\n\t\t\t\t\t<\/svg>\n\t\t\t\t<\/span>\n\t\t\t\t<span data-wp-text=\"state.errorMessage\" id=\"g626-datosdelacompaanombredireccinciudadcdigopostalpascompanydatanameaddresscityzipcodecountry-textarea-error-message\"><\/span>\n\t\t\t<\/div>\n\t<\/div>\n\n<div style=\"\"  data-wp-interactive=\"jetpack\/form\" data-wp-context='{\"fieldId\":\"g626-nmerodeivacompanyvatnumber\",\"fieldType\":\"name\",\"fieldLabel\":\"N\\u00famero de IVA \\\/ Company VAT number\",\"fieldValue\":\"\",\"fieldPlaceholder\":\"\",\"fieldIsRequired\":\"1\",\"fieldErrorMessage\":\"\",\"fieldExtra\":[],\"formHash\":\"59cd02fd69cf88520642a0969f663490ddeb11d3\"}'  class='grunion-field-name-wrap grunion-field-wrap'  data-wp-init='callbacks.initializeField' data-wp-on--jetpack-form-reset='callbacks.initializeField' >\n<label\n\t\t\t\tfor='g626-nmerodeivacompanyvatnumber' class=\"grunion-field-label name\" >N\u00famero de IVA \/ Company VAT number<span class=\"grunion-label-required\" aria-hidden=\"true\">(obligatorio)<\/span><\/label>\n<input\n\t\t\t\t\ttype='text'\n\t\t\t\t\tname='g626-nmerodeivacompanyvatnumber'\n\t\t\t\t\tid='g626-nmerodeivacompanyvatnumber'\n\t\t\t\t\tvalue=''\n\n\t\t\t\t\tdata-wp-bind--aria-invalid='state.fieldAriaInvalid'\n\t\t\t\t\tdata-wp-bind--value='state.getFieldValue'\n\t\t\t\t\taria-describedby='g626-nmerodeivacompanyvatnumber-text-error-message'\n\t\t\t\t\tdata-wp-on--input='actions.onFieldChange'\n\t\t\t\t\tdata-wp-on--blur='actions.onFieldBlur'\n\t\t\t\t\tdata-wp-class--has-value='state.hasFieldValue'\n\n\t\t\t\t\tclass='name  grunion-field' \n\t\t\t\t\trequired='true' aria-required='true'  \/>\n \n\t\t\t<div id=\"g626-nmerodeivacompanyvatnumber-text-error\" class=\"contact-form__input-error\" data-wp-class--has-errors=\"state.fieldHasErrors\">\n\t\t\t\t<span class=\"contact-form__warning-icon\" aria-hidden=\"true\">\n\t\t\t\t\t<svg width=\"16\" height=\"16\" viewBox=\"0 0 16 16\" fill=\"none\" xmlns=\"http:\/\/www.w3.org\/2000\/svg\">\n\t\t\t\t\t\t<path d=\"M8.50015 11.6402H7.50015V10.6402H8.50015V11.6402Z\" \/>\n\t\t\t\t\t\t<path d=\"M7.50015 9.64018H8.50015V6.30684H7.50015V9.64018Z\" \/>\n\t\t\t\t\t\t<path fill-rule=\"evenodd\" clip-rule=\"evenodd\" d=\"M6.98331 3.0947C7.42933 2.30177 8.57096 2.30177 9.01698 3.09469L13.8771 11.7349C14.3145 12.5126 13.7525 13.4735 12.8602 13.4735H3.14004C2.24774 13.4735 1.68575 12.5126 2.12321 11.7349L6.98331 3.0947ZM8.14541 3.58496C8.08169 3.47168 7.9186 3.47168 7.85488 3.58496L2.99478 12.2251C2.93229 12.3362 3.01257 12.4735 3.14004 12.4735H12.8602C12.9877 12.4735 13.068 12.3362 13.0055 12.2251L8.14541 3.58496Z\" \/>\n\t\t\t\t\t<\/svg>\n\t\t\t\t<\/span>\n\t\t\t\t<span data-wp-text=\"state.errorMessage\" id=\"g626-nmerodeivacompanyvatnumber-text-error-message\"><\/span>\n\t\t\t<\/div> \n\t<\/div>\n\t<p class='contact-submit'>\n<div class=\"contact-form__error\" data-wp-class--show-errors=\"state.showFormErrors\"><span class=\"contact-form__warning-icon\" aria-hidden=\"true\"><i><\/i><\/span><span class=\"contact-form__error-message\" tabindex=\"-1\" data-wp-watch=\"callbacks.focusOnValidationError\" data-wp-text=\"state.getFormErrorMessage\"><\/span><ul aria-label=\"Form errors\">\n\t\t\t\t<template data-wp-each=\"state.getErrorList\" data-wp-key=\"context.item.id\">\n\t\t\t\t\t<li><a data-wp-bind--href=\"context.item.anchor\" data-wp-on--click=\"actions.scrollIntoView\" data-wp-text=\"context.item.label\"><\/a><\/li>\n\t\t\t\t<\/template>\n\t\t\t\t<\/ul><\/div><div class=\"contact-form__error\" data-wp-class--show-errors=\"state.showSubmissionError\" data-wp-text=\"context.submissionError\" tabindex=\"-1\" data-wp-watch=\"callbacks.focusOnSubmissionError\"><\/div>\t\t<button type='submit' class='pushbutton-wide'>Enviar<\/button>\t\t<input type='hidden' name='contact-form-id' value='626' \/>\n\t\t<input type='hidden' name='action' value='grunion-contact-form' \/>\n\t\t<input type='hidden' name='contact-form-hash' value='59cd02fd69cf88520642a0969f663490ddeb11d3' \/>\n\t<\/p>\n<p style=\"display: none !important;\" class=\"akismet-fields-container\" data-prefix=\"ak_\"><label>&#916;<textarea name=\"ak_hp_textarea\" cols=\"45\" rows=\"8\" maxlength=\"100\"><\/textarea><\/label><input type=\"hidden\" id=\"ak_js_1\" name=\"ak_js\" value=\"99\"\/><script type=\"text\/javascript\">\n\/* <![CDATA[ *\/\ndocument.getElementById( \"ak_js_1\" ).setAttribute( \"value\", ( new Date() ).getTime() );\n\/* ]]> *\/\n<\/script>\n<\/p><\/form>\n<\/div>\r\n","protected":false},"excerpt":{"rendered":"<p>\u00bfNecesitas una factura respecto al ticket que has adquirido? \u00a1Te la hacemos! Para solicitar una factura, por favor rellena el siguiente formulario, teniendo en cuenta los siguientes requisitos: Tu email debe ser el mismo que has usado para comprar tu entrada. Debes haber comprado ya tu entrada. Procesaremos las solicitudes de factura hasta el 30 [&hellip;]<\/p>\n","protected":false},"author":8967770,"featured_media":0,"parent":17,"menu_order":0,"comment_status":"closed","ping_status":"closed","template":"","meta":{"jetpack_post_was_ever_published":false,"footnotes":""},"class_list":["post-626","page","type-page","status-publish","hentry"],"jetpack_sharing_enabled":true,"jetpack_shortlink":"https:\/\/wp.me\/P9ygk4-a6","_links":{"self":[{"href":"https:\/\/granada.wordcamp.org\/2018\/wp-json\/wp\/v2\/pages\/626","targetHints":{"allow":["GET"]}}],"collection":[{"href":"https:\/\/granada.wordcamp.org\/2018\/wp-json\/wp\/v2\/pages"}],"about":[{"href":"https:\/\/granada.wordcamp.org\/2018\/wp-json\/wp\/v2\/types\/page"}],"author":[{"embeddable":true,"href":"https:\/\/granada.wordcamp.org\/2018\/wp-json\/wp\/v2\/users\/8967770"}],"replies":[{"embeddable":true,"href":"https:\/\/granada.wordcamp.org\/2018\/wp-json\/wp\/v2\/comments?post=626"}],"version-history":[{"count":6,"href":"https:\/\/granada.wordcamp.org\/2018\/wp-json\/wp\/v2\/pages\/626\/revisions"}],"predecessor-version":[{"id":3091,"href":"https:\/\/granada.wordcamp.org\/2018\/wp-json\/wp\/v2\/pages\/626\/revisions\/3091"}],"up":[{"embeddable":true,"href":"https:\/\/granada.wordcamp.org\/2018\/wp-json\/wp\/v2\/pages\/17"}],"wp:attachment":[{"href":"https:\/\/granada.wordcamp.org\/2018\/wp-json\/wp\/v2\/media?parent=626"}],"curies":[{"name":"wp","href":"https:\/\/api.w.org\/{rel}","templated":true}]}}