{"id":902,"date":"2018-09-10T17:40:44","date_gmt":"2018-09-10T15:40:44","guid":{"rendered":"https:\/\/2018.granada.wordcamp.org\/?page_id=902"},"modified":"2018-09-12T17:58:06","modified_gmt":"2018-09-12T15:58:06","slug":"canales-oficiales","status":"publish","type":"page","link":"https:\/\/granada.wordcamp.org\/2018\/informacion-practica\/canales-oficiales\/","title":{"rendered":"Canales oficiales"},"content":{"rendered":"\n<h2 class=\"wp-block-heading\">Redes sociales<\/h2>\n\n\n\n<p>WordCamp Granada 2018 ha establecido dos perfiles de redes sociales para anunciar las diferentes publicaciones, eventos y en definitiva comunicar todo lo relativo al evento. Estos canales son dos:<\/p>\n\n\n\n<div class=\"wp-block-columns has-2-columns is-layout-flex wp-container-core-columns-is-layout-9d6595d7 wp-block-columns-is-layout-flex\">\n<div class=\"wp-block-column is-layout-flow wp-block-column-is-layout-flow\">\n<h3 class=\"wp-block-heading\">Twitter<\/h3>\n\n\n\n<div class=\"wp-block-image\"><figure class=\"aligncenter is-resized\"><a href=\"https:\/\/twitter.com\/WPGranada?lang=es\"><img loading=\"lazy\" decoding=\"async\" src=\"https:\/\/2018.granada.wordcamp.org\/files\/2018\/08\/Captura-de-pantalla-2018-08-29-a-las-20.16.38.png\" alt=\"\" class=\"wp-image-905\" width=\"60\" height=\"72\" \/><\/a><\/figure><\/div>\n\n\n\n<p>En Twitter es donde se est\u00e1n realizando la mayor parte de los anuncios y comunicaciones, especialmente en los previos a la WordCamp Granada.\u00a0\u00a0<\/p>\n\n\n\n<p>Recuerda que si quieres seguirnos, lo puedes hacer a trav\u00e9s de la cuenta <a href=\"https:\/\/twitter.com\/WPGranada\" target=\"_blank\">@WPGranada<\/a>.<\/p>\n\n\n\n<p>Igualmente, una vez finalizado el evento, podr\u00e1s seguir la actualidad de la comunidad\u00a0WordPress\u00a0 en la ciudad de la Alhambra.<\/p>\n<\/div>\n\n\n\n<div class=\"wp-block-column is-layout-flow wp-block-column-is-layout-flow\">\n<h3 class=\"wp-block-heading\">Instagram<\/h3>\n\n\n\n<div class=\"wp-block-image\"><figure class=\"aligncenter is-resized\"><a href=\"https:\/\/www.instagram.com\/wp.granada\/?hl=es\"><img loading=\"lazy\" decoding=\"async\" src=\"https:\/\/2018.granada.wordcamp.org\/files\/2018\/08\/Captura-de-pantalla-2018-08-29-a-las-20.16.47.png\" alt=\"\" class=\"wp-image-906\" width=\"75\" height=\"77\" srcset=\"https:\/\/granada.wordcamp.org\/2018\/files\/2018\/08\/Captura-de-pantalla-2018-08-29-a-las-20.16.47.png 298w, https:\/\/granada.wordcamp.org\/2018\/files\/2018\/08\/Captura-de-pantalla-2018-08-29-a-las-20.16.47-292x300.png 292w\" sizes=\"auto, (max-width: 75px) 100vw, 75px\" \/><\/a><\/figure><\/div>\n\n\n\n<p>Instagram es una red social m\u00e1s visual, por lo que aqu\u00ed se lanzar\u00e1n otro tipo de mensajes que se adapten a ella. <\/p>\n\n\n\n<p>Por ejemplo, podr\u00e1s conocer nuestra ciudad. Asimismo, conforme se vaya acercando el evento, el perfil <a href=\"https:\/\/www.instagram.com\/wp.granada\/\" target=\"_blank\">@wp.granada<\/a> ir\u00e1 aumentando su actividad, y alcanzar\u00e1 su apogeo durante y despu\u00e9s del mismo, donde trataremos de publicar las fotos de los momentos m\u00e1s interesantes.<\/p>\n<\/div>\n<\/div>\n\n\n\n<h3 class=\"wp-block-heading\">El hashtag oficial del evento<\/h3>\n\n\n\n<p>Muchas veces se crean confusiones en torno a los hashtags de algunos eventos, aqu\u00ed lo hemos resuelto desde el principio de una forma sencilla. Tanto en Instagram como en Twitter, si quieres referirte a la\u00a0WordCamp Granada, puedes realizar tus publicaciones etiquetando con <strong>#WCGranada<\/strong>, es indiferente que sea en may\u00fasculas, min\u00fasculas o mezclado, no es\u00a0<em>case sensitive<\/em>.<\/p>\n\n\n\n<div class=\"wp-block-image\"><figure class=\"aligncenter is-resized\"><img loading=\"lazy\" decoding=\"async\" src=\"https:\/\/2018.granada.wordcamp.org\/files\/2018\/08\/hashtag-oficial-WCGranada.png\" alt=\"\" class=\"wp-image-908\" width=\"400\" height=\"400\" srcset=\"https:\/\/granada.wordcamp.org\/2018\/files\/2018\/08\/hashtag-oficial-WCGranada.png 800w, https:\/\/granada.wordcamp.org\/2018\/files\/2018\/08\/hashtag-oficial-WCGranada-150x150.png 150w, https:\/\/granada.wordcamp.org\/2018\/files\/2018\/08\/hashtag-oficial-WCGranada-300x300.png 300w, https:\/\/granada.wordcamp.org\/2018\/files\/2018\/08\/hashtag-oficial-WCGranada-768x768.png 768w\" sizes=\"auto, (max-width: 400px) 100vw, 400px\" \/><\/figure><\/div>\n\n\n\n<h2 class=\"wp-block-heading\">Social Media<\/h2>\n\n\n\n<p>We manage two social media profiles for WordCamp Granada 2018. Here we announce the different news, events and everything we want to tell you about this event in Granada.<\/p>\n\n\n\n<div class=\"wp-block-columns has-2-columns is-layout-flex wp-container-core-columns-is-layout-9d6595d7 wp-block-columns-is-layout-flex\">\n<div class=\"wp-block-column is-layout-flow wp-block-column-is-layout-flow\">\n<h3 class=\"wp-block-heading\">Twitter<\/h3>\n\n\n\n<div class=\"wp-block-image\"><figure class=\"aligncenter is-resized\"><a href=\"https:\/\/twitter.com\/WPGranada\"><img loading=\"lazy\" decoding=\"async\" src=\"https:\/\/2018.granada.wordcamp.org\/files\/2018\/08\/Captura-de-pantalla-2018-08-29-a-las-20.16.38.png\" alt=\"\" class=\"wp-image-905\" width=\"60\" height=\"72\" \/><\/a><\/figure><\/div>\n\n\n\n<p>We are announcing almost everything on Twitter, specially the lasts news you can need close to the event&#8217;s dates.<\/p>\n\n\n\n<p>Remember that, if you want to follow us, you can do it in our Twitter profile\u00a0<a href=\"https:\/\/twitter.com\/WPGranada\" target=\"_blank\" rel=\"noopener\">@WPGranada<\/a>.<\/p>\n\n\n\n<p>At the end of WordCamp Granada, you can follow the news about the WordPress Community of Granada in this account.<\/p>\n<\/div>\n\n\n\n<div class=\"wp-block-column is-layout-flow wp-block-column-is-layout-flow\">\n<h3 class=\"wp-block-heading\">Instagram<\/h3>\n\n\n\n<div class=\"wp-block-image\"><figure class=\"aligncenter is-resized\"><a href=\"https:\/\/www.instagram.com\/wp.granada\/\"><img loading=\"lazy\" decoding=\"async\" src=\"https:\/\/2018.granada.wordcamp.org\/files\/2018\/08\/Captura-de-pantalla-2018-08-29-a-las-20.16.47.png\" alt=\"\" class=\"wp-image-906\" width=\"75\" height=\"77\" srcset=\"https:\/\/granada.wordcamp.org\/2018\/files\/2018\/08\/Captura-de-pantalla-2018-08-29-a-las-20.16.47.png 298w, https:\/\/granada.wordcamp.org\/2018\/files\/2018\/08\/Captura-de-pantalla-2018-08-29-a-las-20.16.47-292x300.png 292w\" sizes=\"auto, (max-width: 75px) 100vw, 75px\" \/><\/a><\/figure><\/div>\n\n\n\n<p>Instagram is a social network which is more visual. This is why we will post another kind of messages, more in the style of this network.<\/p>\n\n\n\n<p>For example, you could know things about our city. As the event approaches the profile\u00a0<a href=\"https:\/\/www.instagram.com\/wp.granada\/\" target=\"_blank\" rel=\"noopener\">@wp.granada<\/a>\u00a0will increase its activity. During and after the event we will publish interesting photos and small videis of WordCamp Granada.<\/p>\n<\/div>\n<\/div>\n\n\n\n<h3 class=\"wp-block-heading\">The official hashtag of the event<\/h3>\n\n\n\n<p>Sometimes there is confusion about hashtags for the events. Here is very straightforward. You can talk about the WordCamp Granada using the hashtag #WCGranada in Twitter and Instagram. This hashtag is not case sensitive.<\/p>\n\n\n\n<div class=\"wp-block-image\"><figure class=\"aligncenter is-resized\"><img loading=\"lazy\" decoding=\"async\" src=\"https:\/\/2018.granada.wordcamp.org\/files\/2018\/08\/hashtag-oficial-WCGranada.png\" alt=\"\" class=\"wp-image-908\" width=\"400\" height=\"400\" srcset=\"https:\/\/granada.wordcamp.org\/2018\/files\/2018\/08\/hashtag-oficial-WCGranada.png 800w, https:\/\/granada.wordcamp.org\/2018\/files\/2018\/08\/hashtag-oficial-WCGranada-150x150.png 150w, https:\/\/granada.wordcamp.org\/2018\/files\/2018\/08\/hashtag-oficial-WCGranada-300x300.png 300w, https:\/\/granada.wordcamp.org\/2018\/files\/2018\/08\/hashtag-oficial-WCGranada-768x768.png 768w\" sizes=\"auto, (max-width: 400px) 100vw, 400px\" \/><\/figure><\/div>\n","protected":false},"excerpt":{"rendered":"<p>Redes sociales WordCamp Granada 2018 ha establecido dos perfiles de redes sociales para anunciar las diferentes publicaciones, eventos y en definitiva comunicar todo lo relativo al evento. Estos canales son dos: Twitter En Twitter es donde se est\u00e1n realizando la mayor parte de los anuncios y comunicaciones, especialmente en los previos a la WordCamp Granada.\u00a0\u00a0 [&hellip;]<\/p>\n","protected":false},"author":14405179,"featured_media":0,"parent":251,"menu_order":0,"comment_status":"closed","ping_status":"closed","template":"","meta":{"jetpack_post_was_ever_published":false,"footnotes":""},"class_list":["post-902","page","type-page","status-publish","hentry"],"jetpack_sharing_enabled":true,"jetpack_shortlink":"https:\/\/wp.me\/P9ygk4-ey","_links":{"self":[{"href":"https:\/\/granada.wordcamp.org\/2018\/wp-json\/wp\/v2\/pages\/902","targetHints":{"allow":["GET"]}}],"collection":[{"href":"https:\/\/granada.wordcamp.org\/2018\/wp-json\/wp\/v2\/pages"}],"about":[{"href":"https:\/\/granada.wordcamp.org\/2018\/wp-json\/wp\/v2\/types\/page"}],"author":[{"embeddable":true,"href":"https:\/\/granada.wordcamp.org\/2018\/wp-json\/wp\/v2\/users\/14405179"}],"replies":[{"embeddable":true,"href":"https:\/\/granada.wordcamp.org\/2018\/wp-json\/wp\/v2\/comments?post=902"}],"version-history":[{"count":9,"href":"https:\/\/granada.wordcamp.org\/2018\/wp-json\/wp\/v2\/pages\/902\/revisions"}],"predecessor-version":[{"id":974,"href":"https:\/\/granada.wordcamp.org\/2018\/wp-json\/wp\/v2\/pages\/902\/revisions\/974"}],"up":[{"embeddable":true,"href":"https:\/\/granada.wordcamp.org\/2018\/wp-json\/wp\/v2\/pages\/251"}],"wp:attachment":[{"href":"https:\/\/granada.wordcamp.org\/2018\/wp-json\/wp\/v2\/media?parent=902"}],"curies":[{"name":"wp","href":"https:\/\/api.w.org\/{rel}","templated":true}]}}