{"id":13,"date":"2019-07-03T23:41:06","date_gmt":"2019-07-03T21:41:06","guid":{"rendered":"https:\/\/2019.granada.wordcamp.org\/?page_id=13"},"modified":"2019-11-29T07:55:11","modified_gmt":"2019-11-29T06:55:11","slug":"tickets","status":"publish","type":"page","link":"https:\/\/granada.wordcamp.org\/2019\/tickets\/","title":{"rendered":"Tickets"},"content":{"rendered":"\n<h2 class=\"wp-block-heading\">ENTRADAS VENDIDAS<\/h2>\n\n\n\n<div class=\"wp-block-group has-background\" style=\"background-color:#23487a\"><div class=\"wp-block-group__inner-container is-layout-flow wp-block-group-is-layout-flow\">\n<p style=\"color:#ffffff\" class=\"has-text-color wp-block-paragraph\"><strong>TODAS LAS ENTRADAS VENDIDAS<\/strong><\/p>\n\n\n\n<p style=\"color:#ffffff\" class=\"has-text-color wp-block-paragraph\">CAMPAAAANA Y SE ACAB\u00d3!<\/p>\n\n\n\n<h2 class=\"has-text-color wp-block-heading\" style=\"color:#ffffff\">Gracias por hacer posible esta Segunda WordCamp en Granada<\/h2>\n<\/div><\/div>\n\n\n\n<div style=\"height:50px\" aria-hidden=\"true\" class=\"wp-block-spacer\"><\/div>\n\n\n\n<p class=\"wp-block-paragraph\">Tambi\u00e9n <strong>cuenta con los <a href=\"https:\/\/2019.granada.wordcamp.org\/asistentes\/descuentos-discounts\/\">descuentos que estamos consiguiendo<\/a>, <\/strong>para que puedas aprovechar mejor la WordCamp.<\/p>\n\n\n\n<p class=\"wp-block-paragraph\">Segunda edici\u00f3n de la WordCamp Granada. Este a\u00f1o m\u00e1s grande y !con un equipo renovado para que sea mejor! Tambi\u00e9n ser\u00e1 en el <strong>Palacio de Congresos<\/strong>, un gran espacio para aprender y hacer WordPress.<\/p>\n\n\n\n<p class=\"wp-block-paragraph\"><\/p>\n","protected":false},"excerpt":{"rendered":"<p>ENTRADAS VENDIDAS TODAS LAS ENTRADAS VENDIDAS CAMPAAAANA Y SE ACAB\u00d3! Gracias por hacer posible esta Segunda WordCamp en Granada Tambi\u00e9n cuenta con los descuentos que estamos consiguiendo, para que puedas aprovechar mejor la WordCamp. Segunda edici\u00f3n de la WordCamp Granada. Este a\u00f1o m\u00e1s grande y !con un equipo renovado para que sea mejor! Tambi\u00e9n ser\u00e1 &hellip; <\/p>\n<p class=\"link-more\"><a href=\"https:\/\/granada.wordcamp.org\/2019\/tickets\/\" class=\"more-link\">Continuar leyendo<span class=\"screen-reader-text\"> \u00abTickets\u00bb<\/span><\/a><\/p>\n","protected":false},"author":14599257,"featured_media":0,"parent":0,"menu_order":0,"comment_status":"closed","ping_status":"closed","template":"","meta":{"_crdt_document":"","jetpack_post_was_ever_published":false,"footnotes":""},"class_list":["post-13","page","type-page","status-publish","hentry"],"jetpack_sharing_enabled":true,"jetpack_shortlink":"https:\/\/wp.me\/PaUkwA-d","_links":{"self":[{"href":"https:\/\/granada.wordcamp.org\/2019\/wp-json\/wp\/v2\/pages\/13","targetHints":{"allow":["GET"]}}],"collection":[{"href":"https:\/\/granada.wordcamp.org\/2019\/wp-json\/wp\/v2\/pages"}],"about":[{"href":"https:\/\/granada.wordcamp.org\/2019\/wp-json\/wp\/v2\/types\/page"}],"author":[{"embeddable":true,"href":"https:\/\/granada.wordcamp.org\/2019\/wp-json\/wp\/v2\/users\/14599257"}],"replies":[{"embeddable":true,"href":"https:\/\/granada.wordcamp.org\/2019\/wp-json\/wp\/v2\/comments?post=13"}],"version-history":[{"count":7,"href":"https:\/\/granada.wordcamp.org\/2019\/wp-json\/wp\/v2\/pages\/13\/revisions"}],"predecessor-version":[{"id":2504,"href":"https:\/\/granada.wordcamp.org\/2019\/wp-json\/wp\/v2\/pages\/13\/revisions\/2504"}],"wp:attachment":[{"href":"https:\/\/granada.wordcamp.org\/2019\/wp-json\/wp\/v2\/media?parent=13"}],"curies":[{"name":"wp","href":"https:\/\/api.w.org\/{rel}","templated":true}]}}