{"id":163,"date":"2019-06-04T17:16:32","date_gmt":"2019-06-04T15:16:32","guid":{"rendered":"https:\/\/2019.granada.wordcamp.org\/?page_id=163"},"modified":"2019-11-28T10:24:56","modified_gmt":"2019-11-28T09:24:56","slug":"inicio","status":"publish","type":"page","link":"https:\/\/granada.wordcamp.org\/2019\/","title":{"rendered":"Inicio"},"content":{"rendered":"\n<div id=\"city-section\" class=\"home-section\">\n<div class=\"container\">\n<div class=\"row two-col\">\n<div class=\"col\">\n<div class=\"text-wrap\">\n<h2 class=\"section-title\">Granada<\/h2>\n<div class=\"section-text\">Granada es una ciudad m\u00e1gica, llena de historia y situada en un enclave privilegiado. En menos de una hora podr\u00edas esquiar en las laderas de Sierra Nevada, o si lo deseas, en apenas 40 minutos caminar por alguna de las playas de la costa tropical. Una ciudad para pasear, en la que en un rato puedes admirar su imponente catedral, cruzar la Alcaicer\u00eda, y trasladarte por un momento a una peque\u00f1a calle comercial de Marruecos, y pasear junto al r\u00edo Darro para terminar admirando la grandiosa Alhambra. Pero a la vez es tecnol\u00f3gica y moderna. Un a\u00f1o m\u00e1s damos la bienvenida a la Comunidad WordPress en WordCamp Granada 2019.<\/div>\n<\/div>\n<\/div>\n<\/div>\n<\/div>\n<\/div>\n\n\n\n<div id=\"venue-section\" class=\"home-section\">\n<div class=\"container\">\n<div class=\"text-wrap\">\n<h2 class=\"section-title\">Lugar del evento<\/h2>\n<div class=\"section-text\">El Palacio de Congresos de Granada vuelve a acoger en 2019 la segunda WordCamp Granada. Su compromiso con nuestra particular fiesta WordPressera ha sido firme desde que se propuso celebrar la primera edici\u00f3n. Por ello, este a\u00f1o no hemos dudado en aceptar su invitaci\u00f3n y contar con ellos.<br><br>\nSituado en una zona muy c\u00e9ntrica de Granada, intercambiador de transporte urbano, y rodeado de m\u00faltiples hoteles y alojamientos. Para facilitar la asistencia tanto al Contributor Day como a WordCamp, este a\u00f1o se celebrar\u00e1 todo el evento en el Palacio de Congresos, que cuenta con unas infraestructuras excelentes para llevarlo a cabo con \u00e9xito.<\/div>\n<\/div>\n<\/div>\n<div class=\"venue-image\">\n<div class=\"venue-image-wrap\">&nbsp;<\/div>\n<\/div>\n<\/div>\n\n\n\n<div id=\"wcgranada2018\" class=\"home-section\">\n<div class=\"group-image\"><img loading=\"lazy\" decoding=\"async\" class=\"alignnone\" src=\"https:\/\/2019.granada.wordcamp.org\/files\/2019\/07\/WordCamp-Granada-2018-foto-de-grupo.jpg\" alt=\"WordCamp-Granada-2018 foto de grupo\" width=\"1920\" height=\"850\"><\/div>\n<div id=\"info\">\n<div class=\"container\">\n<h2>Pasada edici\u00f3n WordCamp Granada 2018<\/h2>\n<ul>\n<li><strong>300<\/strong> Asistentes<\/li>\n<li><strong>30<\/strong> Ponentes<\/li>\n<li><strong>21<\/strong> Patrocinadores<\/li>\n<\/ul>\n<\/div>\n<\/div>\n<\/div>\n\n\n\n<div id=\"sponsors-section-new\" class=\"home-section\">\n<div class=\"container\">\n\n\n\n<h2 class=\"section-title wp-block-heading\">Patrocinadores:<\/h2>\n\n\n\n\t<div class=\"wcorg-sponsors\">\n\t\t\n\t\t\t<div class=\"wcorg-sponsor-level-superadmin\">\n\t\t\t\t<h2>Superadmin<\/h2>\n\n\t\t\t\t\n\t\t\t\t\t<div id=\"wcorg-sponsor-20\" class=\"wcorg-sponsor\">\n\t\t\t\t\t\t\n\t\t\t\t\t\t<div class=\"wcorg-sponsor-description\">\n\t\t\t\t\t\t\t\t\t\t\t\t\t\t\t<a href=\"https:\/\/granada.wordcamp.org\/2019\/sponsor\/woocommerce\/\">\n\t\t\t\t\t\t\t\t\t<img loading=\"lazy\" decoding=\"async\" width=\"400\" height=\"150\" src=\"https:\/\/granada.wordcamp.org\/2019\/files\/2019\/04\/WooCommerce.png\" class=\"attachment-wcb-sponsor-logo-horizontal-2x size-wcb-sponsor-logo-horizontal-2x wp-post-image\" alt=\"WooCommerce\" srcset=\"https:\/\/granada.wordcamp.org\/2019\/files\/2019\/04\/WooCommerce.png 400w, https:\/\/granada.wordcamp.org\/2019\/files\/2019\/04\/WooCommerce-300x113.png 300w\" sizes=\"auto, 100vw\" \/>\t\t\t\t\t\t\t\t<\/a>\n\t\t\t\t\t\t\t\n\t\t\t\t\t\t\t\t\t\t\t\t\t<\/div>\n\t\t\t\t\t<\/div><!-- #sponsor -->\n\t\t\t\t\n\t\t\t\t\t<div id=\"wcorg-sponsor-22\" class=\"wcorg-sponsor\">\n\t\t\t\t\t\t\n\t\t\t\t\t\t<div class=\"wcorg-sponsor-description\">\n\t\t\t\t\t\t\t\t\t\t\t\t\t\t\t<a href=\"https:\/\/granada.wordcamp.org\/2019\/sponsor\/jetpack\/\">\n\t\t\t\t\t\t\t\t\t<img loading=\"lazy\" decoding=\"async\" width=\"400\" height=\"150\" src=\"https:\/\/granada.wordcamp.org\/2019\/files\/2019\/04\/Jetpack.png\" class=\"attachment-wcb-sponsor-logo-horizontal-2x size-wcb-sponsor-logo-horizontal-2x wp-post-image\" alt=\"Jetpack\" srcset=\"https:\/\/granada.wordcamp.org\/2019\/files\/2019\/04\/Jetpack.png 400w, https:\/\/granada.wordcamp.org\/2019\/files\/2019\/04\/Jetpack-300x113.png 300w\" sizes=\"auto, 100vw\" \/>\t\t\t\t\t\t\t\t<\/a>\n\t\t\t\t\t\t\t\n\t\t\t\t\t\t\t\t\t\t\t\t\t<\/div>\n\t\t\t\t\t<\/div><!-- #sponsor -->\n\t\t\t\t\n\t\t\t\t\t<div id=\"wcorg-sponsor-942\" class=\"wcorg-sponsor\">\n\t\t\t\t\t\t\n\t\t\t\t\t\t<div class=\"wcorg-sponsor-description\">\n\t\t\t\t\t\t\t\t\t\t\t\t\t\t\t<a href=\"https:\/\/granada.wordcamp.org\/2019\/sponsor\/siteground\/\">\n\t\t\t\t\t\t\t\t\t<img loading=\"lazy\" decoding=\"async\" width=\"400\" height=\"150\" src=\"https:\/\/granada.wordcamp.org\/2019\/files\/2019\/04\/Siteground.png\" class=\"attachment-wcb-sponsor-logo-horizontal-2x size-wcb-sponsor-logo-horizontal-2x wp-post-image\" alt=\"SiteGround\" srcset=\"https:\/\/granada.wordcamp.org\/2019\/files\/2019\/04\/Siteground.png 400w, https:\/\/granada.wordcamp.org\/2019\/files\/2019\/04\/Siteground-300x113.png 300w\" sizes=\"auto, 100vw\" \/>\t\t\t\t\t\t\t\t<\/a>\n\t\t\t\t\t\t\t\n\t\t\t\t\t\t\t\t\t\t\t\t\t<\/div>\n\t\t\t\t\t<\/div><!-- #sponsor -->\n\t\t\t\t\n\t\t\t\t\t<div id=\"wcorg-sponsor-951\" class=\"wcorg-sponsor\">\n\t\t\t\t\t\t\n\t\t\t\t\t\t<div class=\"wcorg-sponsor-description\">\n\t\t\t\t\t\t\t\t\t\t\t\t\t\t\t<a href=\"https:\/\/granada.wordcamp.org\/2019\/sponsor\/raiola\/\">\n\t\t\t\t\t\t\t\t\t<img loading=\"lazy\" decoding=\"async\" width=\"400\" height=\"150\" src=\"https:\/\/granada.wordcamp.org\/2019\/files\/2019\/04\/Raiola-Networks.png\" class=\"attachment-wcb-sponsor-logo-horizontal-2x size-wcb-sponsor-logo-horizontal-2x wp-post-image\" alt=\"Raiola\" srcset=\"https:\/\/granada.wordcamp.org\/2019\/files\/2019\/04\/Raiola-Networks.png 400w, https:\/\/granada.wordcamp.org\/2019\/files\/2019\/04\/Raiola-Networks-300x113.png 300w\" sizes=\"auto, 100vw\" \/>\t\t\t\t\t\t\t\t<\/a>\n\t\t\t\t\t\t\t\n\t\t\t\t\t\t\t\t\t\t\t\t\t<\/div>\n\t\t\t\t\t<\/div><!-- #sponsor -->\n\t\t\t\t\n\t\t\t\t\t<div id=\"wcorg-sponsor-1014\" class=\"wcorg-sponsor\">\n\t\t\t\t\t\t\n\t\t\t\t\t\t<div class=\"wcorg-sponsor-description\">\n\t\t\t\t\t\t\t\t\t\t\t\t\t\t\t<a href=\"https:\/\/granada.wordcamp.org\/2019\/sponsor\/cubenode\/\">\n\t\t\t\t\t\t\t\t\t<img loading=\"lazy\" decoding=\"async\" width=\"400\" height=\"150\" src=\"https:\/\/granada.wordcamp.org\/2019\/files\/2019\/09\/cubenode.png\" class=\"attachment-wcb-sponsor-logo-horizontal-2x size-wcb-sponsor-logo-horizontal-2x wp-post-image\" alt=\"Cubenode\" srcset=\"https:\/\/granada.wordcamp.org\/2019\/files\/2019\/09\/cubenode.png 400w, https:\/\/granada.wordcamp.org\/2019\/files\/2019\/09\/cubenode-300x113.png 300w\" sizes=\"auto, 100vw\" \/>\t\t\t\t\t\t\t\t<\/a>\n\t\t\t\t\t\t\t\n\t\t\t\t\t\t\t\t\t\t\t\t\t<\/div>\n\t\t\t\t\t<\/div><!-- #sponsor -->\n\t\t\t\t\t\t\t<\/div><!-- .wcorg-sponsor-level -->\n\t\t\n\t\t\t<div class=\"wcorg-sponsor-level-admin\">\n\t\t\t\t<h2>Admin<\/h2>\n\n\t\t\t\t\n\t\t\t\t\t<div id=\"wcorg-sponsor-24\" class=\"wcorg-sponsor\">\n\t\t\t\t\t\t\n\t\t\t\t\t\t<div class=\"wcorg-sponsor-description\">\n\t\t\t\t\t\t\t\t\t\t\t\t\t\t\t<a href=\"https:\/\/granada.wordcamp.org\/2019\/sponsor\/bluehost\/\">\n\t\t\t\t\t\t\t\t\t<img loading=\"lazy\" decoding=\"async\" width=\"400\" height=\"150\" src=\"https:\/\/granada.wordcamp.org\/2019\/files\/2019\/04\/bluehost.png\" class=\"attachment-wcb-sponsor-logo-horizontal-2x size-wcb-sponsor-logo-horizontal-2x wp-post-image\" alt=\"Bluehost\" srcset=\"https:\/\/granada.wordcamp.org\/2019\/files\/2019\/04\/bluehost.png 400w, https:\/\/granada.wordcamp.org\/2019\/files\/2019\/04\/bluehost-300x113.png 300w\" sizes=\"auto, 100vw\" \/>\t\t\t\t\t\t\t\t<\/a>\n\t\t\t\t\t\t\t\n\t\t\t\t\t\t\t\t\t\t\t\t\t<\/div>\n\t\t\t\t\t<\/div><!-- #sponsor -->\n\t\t\t\t\n\t\t\t\t\t<div id=\"wcorg-sponsor-26\" class=\"wcorg-sponsor\">\n\t\t\t\t\t\t\n\t\t\t\t\t\t<div class=\"wcorg-sponsor-description\">\n\t\t\t\t\t\t\t\t\t\t\t\t\t\t\t<a href=\"https:\/\/granada.wordcamp.org\/2019\/sponsor\/godaddy\/\">\n\t\t\t\t\t\t\t\t\t<img loading=\"lazy\" decoding=\"async\" width=\"400\" height=\"150\" src=\"https:\/\/granada.wordcamp.org\/2019\/files\/2019\/04\/godaddy.png\" class=\"attachment-wcb-sponsor-logo-horizontal-2x size-wcb-sponsor-logo-horizontal-2x wp-post-image\" alt=\"GoDaddy\" srcset=\"https:\/\/granada.wordcamp.org\/2019\/files\/2019\/04\/godaddy.png 400w, https:\/\/granada.wordcamp.org\/2019\/files\/2019\/04\/godaddy-300x113.png 300w\" sizes=\"auto, 100vw\" \/>\t\t\t\t\t\t\t\t<\/a>\n\t\t\t\t\t\t\t\n\t\t\t\t\t\t\t\t\t\t\t\t\t<\/div>\n\t\t\t\t\t<\/div><!-- #sponsor -->\n\t\t\t\t\n\t\t\t\t\t<div id=\"wcorg-sponsor-174\" class=\"wcorg-sponsor\">\n\t\t\t\t\t\t\n\t\t\t\t\t\t<div class=\"wcorg-sponsor-description\">\n\t\t\t\t\t\t\t\t\t\t\t\t\t\t\t<a href=\"https:\/\/granada.wordcamp.org\/2019\/sponsor\/hubspot\/\">\n\t\t\t\t\t\t\t\t\t<img loading=\"lazy\" decoding=\"async\" width=\"400\" height=\"150\" src=\"https:\/\/granada.wordcamp.org\/2019\/files\/2019\/07\/hubspot-Personalizado.png\" class=\"attachment-wcb-sponsor-logo-horizontal-2x size-wcb-sponsor-logo-horizontal-2x wp-post-image\" alt=\"HubSpot\" srcset=\"https:\/\/granada.wordcamp.org\/2019\/files\/2019\/07\/hubspot-Personalizado.png 400w, https:\/\/granada.wordcamp.org\/2019\/files\/2019\/07\/hubspot-Personalizado-300x113.png 300w\" sizes=\"auto, 100vw\" \/>\t\t\t\t\t\t\t\t<\/a>\n\t\t\t\t\t\t\t\n\t\t\t\t\t\t\t\t\t\t\t\t\t<\/div>\n\t\t\t\t\t<\/div><!-- #sponsor -->\n\t\t\t\t\n\t\t\t\t\t<div id=\"wcorg-sponsor-946\" class=\"wcorg-sponsor\">\n\t\t\t\t\t\t\n\t\t\t\t\t\t<div class=\"wcorg-sponsor-description\">\n\t\t\t\t\t\t\t\t\t\t\t\t\t\t\t<a href=\"https:\/\/granada.wordcamp.org\/2019\/sponsor\/weglot\/\">\n\t\t\t\t\t\t\t\t\t<img loading=\"lazy\" decoding=\"async\" width=\"400\" height=\"150\" src=\"https:\/\/granada.wordcamp.org\/2019\/files\/2019\/07\/weglot-1.png\" class=\"attachment-wcb-sponsor-logo-horizontal-2x size-wcb-sponsor-logo-horizontal-2x wp-post-image\" alt=\"Weglot\" srcset=\"https:\/\/granada.wordcamp.org\/2019\/files\/2019\/07\/weglot-1.png 400w, https:\/\/granada.wordcamp.org\/2019\/files\/2019\/07\/weglot-1-300x113.png 300w\" sizes=\"auto, 100vw\" \/>\t\t\t\t\t\t\t\t<\/a>\n\t\t\t\t\t\t\t\n\t\t\t\t\t\t\t\t\t\t\t\t\t<\/div>\n\t\t\t\t\t<\/div><!-- #sponsor -->\n\t\t\t\t\n\t\t\t\t\t<div id=\"wcorg-sponsor-1244\" class=\"wcorg-sponsor\">\n\t\t\t\t\t\t\n\t\t\t\t\t\t<div class=\"wcorg-sponsor-description\">\n\t\t\t\t\t\t\t\t\t\t\t\t\t\t\t<a href=\"https:\/\/granada.wordcamp.org\/2019\/sponsor\/dinahosting\/\">\n\t\t\t\t\t\t\t\t\t<img loading=\"lazy\" decoding=\"async\" width=\"400\" height=\"150\" src=\"https:\/\/granada.wordcamp.org\/2019\/files\/2019\/09\/dinahosting.png\" class=\"attachment-wcb-sponsor-logo-horizontal-2x size-wcb-sponsor-logo-horizontal-2x wp-post-image\" alt=\"Dinahosting\" srcset=\"https:\/\/granada.wordcamp.org\/2019\/files\/2019\/09\/dinahosting.png 400w, https:\/\/granada.wordcamp.org\/2019\/files\/2019\/09\/dinahosting-300x113.png 300w\" sizes=\"auto, 100vw\" \/>\t\t\t\t\t\t\t\t<\/a>\n\t\t\t\t\t\t\t\n\t\t\t\t\t\t\t\t\t\t\t\t\t<\/div>\n\t\t\t\t\t<\/div><!-- #sponsor -->\n\t\t\t\t\n\t\t\t\t\t<div id=\"wcorg-sponsor-999\" class=\"wcorg-sponsor\">\n\t\t\t\t\t\t\n\t\t\t\t\t\t<div class=\"wcorg-sponsor-description\">\n\t\t\t\t\t\t\t\t\t\t\t\t\t\t\t<a href=\"https:\/\/granada.wordcamp.org\/2019\/sponsor\/yith\/\">\n\t\t\t\t\t\t\t\t\t<img loading=\"lazy\" decoding=\"async\" width=\"400\" height=\"150\" src=\"https:\/\/granada.wordcamp.org\/2019\/files\/2019\/09\/Yith.png\" class=\"attachment-wcb-sponsor-logo-horizontal-2x size-wcb-sponsor-logo-horizontal-2x wp-post-image\" alt=\"Yith\" srcset=\"https:\/\/granada.wordcamp.org\/2019\/files\/2019\/09\/Yith.png 400w, https:\/\/granada.wordcamp.org\/2019\/files\/2019\/09\/Yith-300x113.png 300w\" sizes=\"auto, 100vw\" \/>\t\t\t\t\t\t\t\t<\/a>\n\t\t\t\t\t\t\t\n\t\t\t\t\t\t\t\t\t\t\t\t\t<\/div>\n\t\t\t\t\t<\/div><!-- #sponsor -->\n\t\t\t\t\t\t\t<\/div><!-- .wcorg-sponsor-level -->\n\t\t\n\t\t\t<div class=\"wcorg-sponsor-level-editor\">\n\t\t\t\t<h2>Editor<\/h2>\n\n\t\t\t\t\n\t\t\t\t\t<div id=\"wcorg-sponsor-379\" class=\"wcorg-sponsor\">\n\t\t\t\t\t\t\n\t\t\t\t\t\t<div class=\"wcorg-sponsor-description\">\n\t\t\t\t\t\t\t\t\t\t\t\t\t\t\t<a href=\"https:\/\/granada.wordcamp.org\/2019\/sponsor\/catunambu\/\">\n\t\t\t\t\t\t\t\t\t<img loading=\"lazy\" decoding=\"async\" width=\"400\" height=\"150\" src=\"https:\/\/granada.wordcamp.org\/2019\/files\/2019\/07\/catunamb\u00fa-Personalizado.png\" class=\"attachment-wcb-sponsor-logo-horizontal-2x size-wcb-sponsor-logo-horizontal-2x wp-post-image\" alt=\"Catunamb\u00fa\" srcset=\"https:\/\/granada.wordcamp.org\/2019\/files\/2019\/07\/catunamb\u00fa-Personalizado.png 400w, https:\/\/granada.wordcamp.org\/2019\/files\/2019\/07\/catunamb\u00fa-Personalizado-300x113.png 300w\" sizes=\"auto, 100vw\" \/>\t\t\t\t\t\t\t\t<\/a>\n\t\t\t\t\t\t\t\n\t\t\t\t\t\t\t\t\t\t\t\t\t<\/div>\n\t\t\t\t\t<\/div><!-- #sponsor -->\n\t\t\t\t\n\t\t\t\t\t<div id=\"wcorg-sponsor-385\" class=\"wcorg-sponsor\">\n\t\t\t\t\t\t\n\t\t\t\t\t\t<div class=\"wcorg-sponsor-description\">\n\t\t\t\t\t\t\t\t\t\t\t\t\t\t\t<a href=\"https:\/\/granada.wordcamp.org\/2019\/sponsor\/el-botijo\/\">\n\t\t\t\t\t\t\t\t\t<img loading=\"lazy\" decoding=\"async\" width=\"400\" height=\"150\" src=\"https:\/\/granada.wordcamp.org\/2019\/files\/2019\/07\/elbotijo-Personalizado.png\" class=\"attachment-wcb-sponsor-logo-horizontal-2x size-wcb-sponsor-logo-horizontal-2x wp-post-image\" alt=\"El botijo\" srcset=\"https:\/\/granada.wordcamp.org\/2019\/files\/2019\/07\/elbotijo-Personalizado.png 400w, https:\/\/granada.wordcamp.org\/2019\/files\/2019\/07\/elbotijo-Personalizado-300x113.png 300w\" sizes=\"auto, 100vw\" \/>\t\t\t\t\t\t\t\t<\/a>\n\t\t\t\t\t\t\t\n\t\t\t\t\t\t\t\t\t\t\t\t\t<\/div>\n\t\t\t\t\t<\/div><!-- #sponsor -->\n\t\t\t\t\n\t\t\t\t\t<div id=\"wcorg-sponsor-1173\" class=\"wcorg-sponsor\">\n\t\t\t\t\t\t\n\t\t\t\t\t\t<div class=\"wcorg-sponsor-description\">\n\t\t\t\t\t\t\t\t\t\t\t\t\t\t\t<a href=\"https:\/\/granada.wordcamp.org\/2019\/sponsor\/sticker-mule\/\">\n\t\t\t\t\t\t\t\t\t<img loading=\"lazy\" decoding=\"async\" width=\"400\" height=\"150\" src=\"https:\/\/granada.wordcamp.org\/2019\/files\/2019\/09\/stickermule-Personalizado.png\" class=\"attachment-wcb-sponsor-logo-horizontal-2x size-wcb-sponsor-logo-horizontal-2x wp-post-image\" alt=\"Sticker Mule\" srcset=\"https:\/\/granada.wordcamp.org\/2019\/files\/2019\/09\/stickermule-Personalizado.png 400w, https:\/\/granada.wordcamp.org\/2019\/files\/2019\/09\/stickermule-Personalizado-300x113.png 300w\" sizes=\"auto, 100vw\" \/>\t\t\t\t\t\t\t\t<\/a>\n\t\t\t\t\t\t\t\n\t\t\t\t\t\t\t\t\t\t\t\t\t<\/div>\n\t\t\t\t\t<\/div><!-- #sponsor -->\n\t\t\t\t\n\t\t\t\t\t<div id=\"wcorg-sponsor-1002\" class=\"wcorg-sponsor\">\n\t\t\t\t\t\t\n\t\t\t\t\t\t<div class=\"wcorg-sponsor-description\">\n\t\t\t\t\t\t\t\t\t\t\t\t\t\t\t<a href=\"https:\/\/granada.wordcamp.org\/2019\/sponsor\/arsys\/\">\n\t\t\t\t\t\t\t\t\t<img loading=\"lazy\" decoding=\"async\" width=\"400\" height=\"150\" src=\"https:\/\/granada.wordcamp.org\/2019\/files\/2019\/09\/arsys.png\" class=\"attachment-wcb-sponsor-logo-horizontal-2x size-wcb-sponsor-logo-horizontal-2x wp-post-image\" alt=\"Arsys\" srcset=\"https:\/\/granada.wordcamp.org\/2019\/files\/2019\/09\/arsys.png 400w, https:\/\/granada.wordcamp.org\/2019\/files\/2019\/09\/arsys-300x113.png 300w\" sizes=\"auto, 100vw\" \/>\t\t\t\t\t\t\t\t<\/a>\n\t\t\t\t\t\t\t\n\t\t\t\t\t\t\t\t\t\t\t\t\t<\/div>\n\t\t\t\t\t<\/div><!-- #sponsor -->\n\t\t\t\t\t\t\t<\/div><!-- .wcorg-sponsor-level -->\n\t\t\n\t\t\t<div class=\"wcorg-sponsor-level-autor\">\n\t\t\t\t<h2>Autor<\/h2>\n\n\t\t\t\t\n\t\t\t\t\t<div id=\"wcorg-sponsor-376\" class=\"wcorg-sponsor\">\n\t\t\t\t\t\t\n\t\t\t\t\t\t<div class=\"wcorg-sponsor-description\">\n\t\t\t\t\t\t\t\t\t\t\t\t\t\t\t<a href=\"https:\/\/granada.wordcamp.org\/2019\/sponsor\/findergraphic\/\">\n\t\t\t\t\t\t\t\t\t<img loading=\"lazy\" decoding=\"async\" width=\"400\" height=\"150\" src=\"https:\/\/granada.wordcamp.org\/2019\/files\/2019\/07\/findergraphic-Personalizado.png\" class=\"attachment-wcb-sponsor-logo-horizontal-2x size-wcb-sponsor-logo-horizontal-2x wp-post-image\" alt=\"Findergraphic\" srcset=\"https:\/\/granada.wordcamp.org\/2019\/files\/2019\/07\/findergraphic-Personalizado.png 400w, https:\/\/granada.wordcamp.org\/2019\/files\/2019\/07\/findergraphic-Personalizado-300x113.png 300w\" sizes=\"auto, 100vw\" \/>\t\t\t\t\t\t\t\t<\/a>\n\t\t\t\t\t\t\t\n\t\t\t\t\t\t\t\t\t\t\t\t\t<\/div>\n\t\t\t\t\t<\/div><!-- #sponsor -->\n\t\t\t\t\n\t\t\t\t\t<div id=\"wcorg-sponsor-1024\" class=\"wcorg-sponsor\">\n\t\t\t\t\t\t\n\t\t\t\t\t\t<div class=\"wcorg-sponsor-description\">\n\t\t\t\t\t\t\t\t\t\t\t\t\t\t\t<a href=\"https:\/\/granada.wordcamp.org\/2019\/sponsor\/metricool\/\">\n\t\t\t\t\t\t\t\t\t<img loading=\"lazy\" decoding=\"async\" width=\"400\" height=\"150\" src=\"https:\/\/granada.wordcamp.org\/2019\/files\/2019\/07\/metricool-1.png\" class=\"attachment-wcb-sponsor-logo-horizontal-2x size-wcb-sponsor-logo-horizontal-2x wp-post-image\" alt=\"Metricool\" srcset=\"https:\/\/granada.wordcamp.org\/2019\/files\/2019\/07\/metricool-1.png 400w, https:\/\/granada.wordcamp.org\/2019\/files\/2019\/07\/metricool-1-300x113.png 300w\" sizes=\"auto, 100vw\" \/>\t\t\t\t\t\t\t\t<\/a>\n\t\t\t\t\t\t\t\n\t\t\t\t\t\t\t\t\t\t\t\t\t<\/div>\n\t\t\t\t\t<\/div><!-- #sponsor -->\n\t\t\t\t\n\t\t\t\t\t<div id=\"wcorg-sponsor-1171\" class=\"wcorg-sponsor\">\n\t\t\t\t\t\t\n\t\t\t\t\t\t<div class=\"wcorg-sponsor-description\">\n\t\t\t\t\t\t\t\t\t\t\t\t\t\t\t<a href=\"https:\/\/granada.wordcamp.org\/2019\/sponsor\/consultoria-informatica-del-sur-s-l\/\">\n\t\t\t\t\t\t\t\t\t<img loading=\"lazy\" decoding=\"async\" width=\"400\" height=\"150\" src=\"https:\/\/granada.wordcamp.org\/2019\/files\/2019\/10\/cisur-consultores.png\" class=\"attachment-wcb-sponsor-logo-horizontal-2x size-wcb-sponsor-logo-horizontal-2x wp-post-image\" alt=\"Consultor\u00eda Inform\u00e1tica del Sur S.L.\" srcset=\"https:\/\/granada.wordcamp.org\/2019\/files\/2019\/10\/cisur-consultores.png 400w, https:\/\/granada.wordcamp.org\/2019\/files\/2019\/10\/cisur-consultores-300x113.png 300w\" sizes=\"auto, 100vw\" \/>\t\t\t\t\t\t\t\t<\/a>\n\t\t\t\t\t\t\t\n\t\t\t\t\t\t\t\t\t\t\t\t\t<\/div>\n\t\t\t\t\t<\/div><!-- #sponsor -->\n\t\t\t\t\n\t\t\t\t\t<div id=\"wcorg-sponsor-1973\" class=\"wcorg-sponsor\">\n\t\t\t\t\t\t\n\t\t\t\t\t\t<div class=\"wcorg-sponsor-description\">\n\t\t\t\t\t\t\t\t\t\t\t\t\t\t\t<a href=\"https:\/\/granada.wordcamp.org\/2019\/sponsor\/velit\/\">\n\t\t\t\t\t\t\t\t\t<img loading=\"lazy\" decoding=\"async\" width=\"400\" height=\"150\" src=\"https:\/\/granada.wordcamp.org\/2019\/files\/2019\/10\/Velit.png\" class=\"attachment-wcb-sponsor-logo-horizontal-2x size-wcb-sponsor-logo-horizontal-2x wp-post-image\" alt=\"Vel\u00edt\" srcset=\"https:\/\/granada.wordcamp.org\/2019\/files\/2019\/10\/Velit.png 400w, https:\/\/granada.wordcamp.org\/2019\/files\/2019\/10\/Velit-300x113.png 300w\" sizes=\"auto, 100vw\" \/>\t\t\t\t\t\t\t\t<\/a>\n\t\t\t\t\t\t\t\n\t\t\t\t\t\t\t\t\t\t\t\t\t<\/div>\n\t\t\t\t\t<\/div><!-- #sponsor -->\n\t\t\t\t\n\t\t\t\t\t<div id=\"wcorg-sponsor-1931\" class=\"wcorg-sponsor\">\n\t\t\t\t\t\t\n\t\t\t\t\t\t<div class=\"wcorg-sponsor-description\">\n\t\t\t\t\t\t\t\t\t\t\t\t\t\t\t<a href=\"https:\/\/granada.wordcamp.org\/2019\/sponsor\/zonadam\/\">\n\t\t\t\t\t\t\t\t\t<img loading=\"lazy\" decoding=\"async\" width=\"400\" height=\"150\" src=\"https:\/\/granada.wordcamp.org\/2019\/files\/2019\/10\/zonadam.png\" class=\"attachment-wcb-sponsor-logo-horizontal-2x size-wcb-sponsor-logo-horizontal-2x wp-post-image\" alt=\"ZonaDAM\" srcset=\"https:\/\/granada.wordcamp.org\/2019\/files\/2019\/10\/zonadam.png 400w, https:\/\/granada.wordcamp.org\/2019\/files\/2019\/10\/zonadam-300x113.png 300w\" sizes=\"auto, 100vw\" \/>\t\t\t\t\t\t\t\t<\/a>\n\t\t\t\t\t\t\t\n\t\t\t\t\t\t\t\t\t\t\t\t\t<\/div>\n\t\t\t\t\t<\/div><!-- #sponsor -->\n\t\t\t\t\t\t\t<\/div><!-- .wcorg-sponsor-level -->\n\t\t\t<\/div><!-- .wcorg-sponsors -->\n\n\t\n\n\n\n<div class=\"wp-block-button aligncenter is-style-squared\"><a class=\"wp-block-button__link has-background\" href=\"https:\/\/2019.granada.wordcamp.org\/programa\/\" rel=\"nofollow\">VER EL PROGRAMA<\/a><\/div>\n\n\n\n<div id=\"blog-section\" class=\"home-section\">\n<div class=\"container\">\n<h2 class=\"section-title\">Noticias m\u00e1s importantes:<\/h2>\n<div class=\"posts-list\">\n<div class=\"single-post\">\n<div class=\"post-wrap\">\n<div class=\"post-image\"><a href=\"https:\/\/2019.granada.wordcamp.org\/2019\/11\/25\/cena-de-asistentes\/\" rel=\"nofollow\"><img loading=\"lazy\" decoding=\"async\" class=\"alignnone size-full wp-image-317\" src=\"https:\/\/2019.granada.wordcamp.org\/files\/2019\/10\/foto-grupo-wcgranada2018.jpg\" alt=\"Cena de asistentes WordCamp Granada 2019\" width=\"1644\" height=\"890\"><\/a><\/div>\n<div class=\"post-detail \">\n<h3><a href=\"https:\/\/2019.granada.wordcamp.org\/2019\/11\/25\/cena-de-asistentes\/\" rel=\"nofollow\">Cena de asistentes<\/a><\/h3>\n<p>\u00bfVienes a WordCamp Granada este a\u00f1o? \u00bfte apetece hacer un poquito de networking en un ambiente familiar donde conocer\u00e1s a un mont\u00f3n de gente interesante?<\/p>\n<div class=\"section-btn\"><a title=\"Leer m\u00e1s\" href=\"https:\/\/2019.granada.wordcamp.org\/2019\/11\/25\/cena-de-asistentes\/\" rel=\"nofollow\">Leer m\u00e1s<\/a><\/div>\n<\/div>\n<\/div>\n<\/div>\n<div class=\"single-post\">\n<div class=\"post-wrap\">\n<div class=\"post-image\"><a href=\"https:\/\/2019.granada.wordcamp.org\/2019\/11\/23\/que-es-el-contributor-day\/\" rel=\"nofollow\"><img loading=\"lazy\" decoding=\"async\" class=\"alignnone size-full wp-image-317\" src=\"https:\/\/2019.granada.wordcamp.org\/files\/2019\/11\/contributor-day.jpg\" alt=\"WordCamp Granada 2019\" width=\"1644\" height=\"890\"><\/a><\/div>\n<div class=\"post-detail \">\n<h3><a href=\"https:\/\/2019.granada.wordcamp.org\/2019\/11\/23\/que-es-el-contributor-day\/\" rel=\"nofollow\">\u00bfQu\u00e9 es el contributor day?<\/a><\/h3>\n<p>A poco que sepas algo de ingl\u00e9s, sabr\u00e1s que \u00abcontributor day\u00bb significa \u00abd\u00eda del contribuidor\u00bb. Pero \u00bfqu\u00e9 es un contribuidor en WordPress? Somos todos los que participamos en la comunidad y contribuimos a mejorar el CMS que acapara m\u00e1s del 30% de internet.<\/p>\n<div class=\"section-btn\"><a title=\"Leer m\u00e1s\" href=\"https:\/\/2019.granada.wordcamp.org\/2019\/11\/23\/que-es-el-contributor-day\/\" rel=\"nofollow\">Leer m\u00e1s<\/a><\/div>\n<\/div>\n<\/div>\n<\/div>\n<div class=\"single-post right\">\n<div class=\"post-wrap\">\n<div class=\"post-image\"><a href=\"https:\/\/2019.granada.wordcamp.org\/2019\/11\/22\/entrevista-en-cadena-cope-granada\/\" rel=\"nofollow\"><img loading=\"lazy\" decoding=\"async\" class=\"alignnone size-full wp-image-317\" src=\"https:\/\/2019.granada.wordcamp.org\/files\/2019\/11\/Entrevista-COPE-Granada-2.jpg\" alt=\"WordCamp Granada 2019\" width=\"1644\" height=\"890\"><\/a><\/div>\n<div class=\"post-detail \">\n<h3><a href=\"https:\/\/2019.granada.wordcamp.org\/2019\/11\/22\/entrevista-en-cadena-cope-granada\/\" rel=\"nofollow\">Entrevista en Cadena Cope Granada<\/a><\/h3>\n<p>El Jueves 21 de Noviembre nos invitaron a Jes\u00fas Yesares y a m\u00ed a la Cope Granada, para poder hablar de la WordCamp Granada, y nos sirvi\u00f3 para explicar un poco mejor este evento y nuestra comunidad aqu\u00ed en granada.<\/p>\n<div class=\"section-btn\"><a title=\"Leer m\u00e1s\" href=\"https:\/\/2019.granada.wordcamp.org\/2019\/11\/22\/entrevista-en-cadena-cope-granada\/\" rel=\"nofollow\">Leer m\u00e1s<\/a><\/div>\n<\/div>\n<\/div>\n<\/div>\n<div class=\"wp-block-button aligncenter is-style-squared\"><a class=\"wp-block-button__link has-background\" href=\"https:\/\/2019.granada.wordcamp.org\/category\/blog\/\" rel=\"nofollow\">Ver todo<\/a><\/div>\n<\/div>\n<\/div>\n<\/div>\n","protected":false},"excerpt":{"rendered":"<p>Granada Granada es una ciudad m\u00e1gica, llena de historia y situada en un enclave privilegiado. En menos de una hora podr\u00edas esquiar en las laderas de Sierra Nevada, o si lo deseas, en apenas 40 minutos caminar por alguna de las playas de la costa tropical. Una ciudad para pasear, en la que en un &hellip; <\/p>\n<p class=\"link-more\"><a href=\"https:\/\/granada.wordcamp.org\/2019\/sponsor\/zonadam\/\" class=\"more-link\">Continuar leyendo<span class=\"screen-reader-text\"> \u00abZonaDAM\u00bb<\/span><\/a><\/p>\n","protected":false},"author":14599257,"featured_media":0,"parent":0,"menu_order":0,"comment_status":"closed","ping_status":"closed","template":"","meta":{"_crdt_document":"","jetpack_post_was_ever_published":false,"footnotes":""},"class_list":["post-163","page","type-page","status-publish","hentry"],"jetpack_sharing_enabled":true,"jetpack_shortlink":"https:\/\/wp.me\/PaUkwA-2D","_links":{"self":[{"href":"https:\/\/granada.wordcamp.org\/2019\/wp-json\/wp\/v2\/pages\/163","targetHints":{"allow":["GET"]}}],"collection":[{"href":"https:\/\/granada.wordcamp.org\/2019\/wp-json\/wp\/v2\/pages"}],"about":[{"href":"https:\/\/granada.wordcamp.org\/2019\/wp-json\/wp\/v2\/types\/page"}],"author":[{"embeddable":true,"href":"https:\/\/granada.wordcamp.org\/2019\/wp-json\/wp\/v2\/users\/14599257"}],"replies":[{"embeddable":true,"href":"https:\/\/granada.wordcamp.org\/2019\/wp-json\/wp\/v2\/comments?post=163"}],"version-history":[{"count":40,"href":"https:\/\/granada.wordcamp.org\/2019\/wp-json\/wp\/v2\/pages\/163\/revisions"}],"predecessor-version":[{"id":2476,"href":"https:\/\/granada.wordcamp.org\/2019\/wp-json\/wp\/v2\/pages\/163\/revisions\/2476"}],"wp:attachment":[{"href":"https:\/\/granada.wordcamp.org\/2019\/wp-json\/wp\/v2\/media?parent=163"}],"curies":[{"name":"wp","href":"https:\/\/api.w.org\/{rel}","templated":true}]}}