{"id":187,"date":"2019-07-04T10:16:30","date_gmt":"2019-07-04T08:16:30","guid":{"rendered":"https:\/\/2019.granada.wordcamp.org\/?page_id=187"},"modified":"2019-07-17T10:21:47","modified_gmt":"2019-07-17T08:21:47","slug":"como-venir-a-granada","status":"publish","type":"page","link":"https:\/\/granada.wordcamp.org\/2019\/granada\/como-venir-a-granada\/","title":{"rendered":"\u00bfC\u00f3mo venir a Granada?\/ How to get to Granada?"},"content":{"rendered":"\n<p class=\"wp-block-paragraph\" style=\"text-align:center\"><strong>Espa\u00f1ol<\/strong><\/p>\n\n\n\n<p class=\"wp-block-paragraph\">Granada est\u00e1 bien conectada co las principales ciudades de Espa\u00f1a y Europa, tanto por avi\u00f3n como por tren.<\/p>\n\n\n\n<hr class=\"wp-block-separator\" \/>\n\n\n\n<p class=\"wp-block-paragraph\" style=\"text-align:center\"><strong>English<\/strong><\/p>\n\n\n\n<p class=\"wp-block-paragraph\">Granada is well connected with the main cities in Spain and Europe by both plane and train.<\/p>\n\n\n\n<h2 class=\"wp-block-heading\">En avi\u00f3n\/By plane<\/h2>\n\n\n\n<figure class=\"wp-block-image\"><img loading=\"lazy\" decoding=\"async\" width=\"1024\" height=\"659\" src=\"https:\/\/2019.granada.wordcamp.org\/files\/2019\/07\/Aeropuerto_de_Granada-1024x659.png\" alt=\"\" class=\"wp-image-210\" \/><figcaption>Aeropuerto de Granada\/Granada&#8217;s Airport<\/figcaption><\/figure>\n\n\n\n<p class=\"wp-block-paragraph\" style=\"text-align:center\"><strong>Espa\u00f1ol<\/strong><\/p>\n\n\n\n<p class=\"wp-block-paragraph\">Si ya est\u00e1s en Espa\u00f1a, podr\u00e1s llegar a Granada en avi\u00f3n desde estas ciudades: Madrid, Barcelona, Bilbao, Gran Canaria, Palma de Mallorca and Tenerife.<\/p>\n\n\n\n<p class=\"wp-block-paragraph\">Si hablamos de Europa, hay vuelos directos desde Londres (Reino Unido), Par\u00eds (Francia), Berl\u00edn (Alemania), Manchester (Reino Unido), Mil\u00e1n (Italia) y N\u00e1poles (Italia). <\/p>\n\n\n\n<p class=\"wp-block-paragraph\">El aeropuerto de Granada est\u00e1 conectado al centro de de la ciudad con un autob\u00fas de enlace desde las 5 de la ma\u00f1ana hasta las 11:30 de la noche. Cada viaje cuesta 3 euros y dura unos 40-45 minutos desde el aeropuerto hasta el Palacio de Congresos (parada de inicio y final).<\/p>\n\n\n\n<p class=\"wp-block-paragraph\">Este es el horario del autob\u00fas:<\/p>\n\n\n\n<table class=\"wp-block-table is-style-stripes\"><tbody><tr><td>HORA<\/td><td>PALACIO CONGRESOS-AEROPUERTO<\/td><td>AEROPUERTO &#8211; PALACIO<\/td><\/tr><tr><td>05:00<\/td><td>Lunes, Martes, Mi\u00e9rcoles, Jueves, <br>Viernes, S\u00e1bado, domingo.<\/td><td>Buses leave approximately <br>30 minutes after flight arrival times.<\/td><\/tr><tr><td>07:00<\/td><td>Lunes, Martes, Mi\u00e9rcoles, Jueves, <br>Viernes, S\u00e1bado, domingo.<\/td><td><\/td><\/tr><tr><td>08:15<\/td><td>Lunes, Martes, Mi\u00e9rcoles, Jueves, <br>Viernes, S\u00e1bado, domingo.<\/td><td><\/td><\/tr><tr><td>10:00<\/td><td>Lunes, Martes, Mi\u00e9rcoles, Jueves, <br>Viernes, S\u00e1bado, domingo.<\/td><td><\/td><\/tr><tr><td>10:30<\/td><td>Lunes, Martes, Mi\u00e9rcoles, Viernes.<\/td><td><\/td><\/tr><tr><td>11:30<\/td><td>Lunes, Martes, Mi\u00e9rcoles, Jueves, <br>Viernes, S\u00e1bado, domingo.<\/td><td><\/td><\/tr><tr><td>12:30<\/td><td>Jueves, Viernes<\/td><td><\/td><\/tr><tr><td>13:30<\/td><td>Lunes, Martes, Mi\u00e9rcoles, S\u00e1bado, <br>domingo.<\/td><td><\/td><\/tr><tr><td>14:15<\/td><td>Lunes, Martes, Mi\u00e9rcoles, Jueves, <br>Viernes, S\u00e1bado, domingo.<\/td><td><\/td><\/tr><tr><td>15:45<\/td><td>Lunes, Martes, Mi\u00e9rcoles, Jueves, <br>Viernes, S\u00e1bado, domingo.<\/td><td><\/td><\/tr><tr><td>16:30<\/td><td>Domingo<\/td><td><\/td><\/tr><tr><td>17:00<\/td><td>Lunes, Martes, Mi\u00e9rcoles, Jueves, <br>Viernes, S\u00e1bado, domingo.<\/td><td><\/td><\/tr><tr><td>17:30<\/td><td>Domingo<\/td><td><\/td><\/tr><tr><td>18:45<\/td><td>Lunes, Martes, Mi\u00e9rcoles, Jueves, <br>Viernes, S\u00e1bado, domingo.<\/td><td><\/td><\/tr><tr><td>20:00<\/td><td>Lunes, Martes, Mi\u00e9rcoles, Jueves, <br>Viernes, S\u00e1bado, domingo.<\/td><td><\/td><\/tr><tr><td>21:45<\/td><td>Lunes, Martes, Mi\u00e9rcoles, Jueves, <br>Viernes, S\u00e1bado, domingo.<\/td><td><\/td><\/tr><\/tbody><\/table>\n\n\n\n<hr class=\"wp-block-separator\" \/>\n\n\n\n<p class=\"wp-block-paragraph\" style=\"text-align:center\"><strong>English<\/strong><\/p>\n\n\n\n<p class=\"wp-block-paragraph\">If you are already in Spain, you\u2019ll be able to get to Granada by plane from these cities: Madrid, Barcelona, Bilbao, Gran Canaria, Palma de Mallorca and Tenerife.<\/p>\n\n\n\n<p class=\"wp-block-paragraph\">If we talk about Europe, direct flights from London (United Kingdom), Paris (France), Berlin (Germany), Manchester (United Kingdom), Milan (Italy) and Naples (Italy) are also available.<\/p>\n\n\n\n<p class=\"wp-block-paragraph\">Granada\u2019s airport is connected to the city centre and the venue with a bus shuttle from 5 am to 11:30 pm. The ticket cost 3 \u20ac and the journey last 40-45 minutes from airport to Convention centre (first and last stop).<\/p>\n\n\n\n<p class=\"wp-block-paragraph\">Here is the bus schedule:<\/p>\n\n\n\n<table class=\"wp-block-table is-style-stripes\"><tbody><tr><td>TIME<\/td><td>CONVENTION CENTER &#8211; AIRPORT<\/td><td>AIRPORT &#8211; CONVENTION CENTER<\/td><\/tr><tr><td>05:00<\/td><td>Monday, Tuesday, Wednesday, <br>Thursday, Friday, Saturday, Sunday.<\/td><td>Buses leave approximately <br>30 minutes after flight arrival times.<\/td><\/tr><tr><td>07:00<\/td><td>Monday, Tuesday, Wednesday, <br>Thursday, Friday, Saturday, Sunday.<\/td><td><\/td><\/tr><tr><td>08:15<\/td><td>Monday, Tuesday, Wednesday, <br>Thursday, Friday, Saturday, Sunday.<\/td><td><\/td><\/tr><tr><td>10:00<\/td><td>Monday, Tuesday, Wednesday, <br>Thursday, Friday, Saturday, Sunday.<\/td><td><\/td><\/tr><tr><td>10:30<\/td><td>Monday, Tuesday, Wednesday, <br>Friday<\/td><td><\/td><\/tr><tr><td>11:30<\/td><td>Monday, Tuesday, Wednesday, <br>Thursday, Friday, Saturday, Sunday.<\/td><td><\/td><\/tr><tr><td>12:30<\/td><td>Thursday, Friday<\/td><td><\/td><\/tr><tr><td>13:30<\/td><td>Monday, Tuesday, Wednesday, <br>Saturday, Sunday<\/td><td><\/td><\/tr><tr><td>14:15<\/td><td>Monday, Tuesday, Wednesday, <br>Thursday, Friday, Saturday, Sunday.<\/td><td><\/td><\/tr><tr><td>15:45<\/td><td>Monday, Tuesday, Wednesday, <br>Thursday, Friday, Saturday, Sunday.<\/td><td><\/td><\/tr><tr><td>16:30<\/td><td>Sunday<\/td><td><\/td><\/tr><tr><td>17:00<\/td><td>Monday, Tuesday, Wednesday, <br>Thursday, Friday, Saturday, Sunday.<\/td><td><\/td><\/tr><tr><td>17:30<\/td><td>Sunday<\/td><td><\/td><\/tr><tr><td>18:45<\/td><td>Monday, Tuesday, Wednesday, <br>Thursday, Friday, Saturday, Sunday.<\/td><td><\/td><\/tr><tr><td>20:00<\/td><td>Monday, Tuesday, Wednesday, <br>Thursday, Friday, Saturday, Sunday.<\/td><td><\/td><\/tr><tr><td>21:45<\/td><td>Monday, Tuesday, Wednesday, <br>Thursday, Friday, Saturday, Sunday.<\/td><td><\/td><\/tr><\/tbody><\/table>\n\n\n\n<h2 class=\"wp-block-heading\">En tren\/By train<\/h2>\n\n\n\n<figure class=\"wp-block-image\"><img loading=\"lazy\" decoding=\"async\" width=\"1024\" height=\"768\" src=\"https:\/\/2019.granada.wordcamp.org\/files\/2019\/07\/wcgranada-estacion-tren-2-1024x768.jpg\" alt=\"\" class=\"wp-image-214\" \/><figcaption>Estaci\u00f3n de tren de Granada\/Granada&#8217;s Train Station<\/figcaption><\/figure>\n\n\n\n<p class=\"wp-block-paragraph\" style=\"text-align:center\"><strong>Espa\u00f1ol<\/strong><\/p>\n\n\n\n<p class=\"wp-block-paragraph\">Granada est\u00e1 muy bien conectada con las principales ciudades de Espa\u00f1a, tales como Madrid o Barcelona por AVE.<\/p>\n\n\n\n<p class=\"wp-block-paragraph\">Trenes regionales y \u00abAlvia\u00bb conectan Granada con Sevilla, M\u00e1laga o Almer\u00eda en no m\u00e1s de dos horas.<\/p>\n\n\n\n<p class=\"wp-block-paragraph\">Desde all\u00ed, la linea 1 del metro o la linea 4 del bus urbano te llevar\u00e1n a buena parte de los principales enclaves de la cuidad, incluyendo el centro. <\/p>\n\n\n\n<p class=\"wp-block-paragraph\">Puedes comprar un billete en la <a href=\"http:\/\/www.renfe.com\/\" target=\"_blank\" rel=\"noreferrer noopener\" aria-label=\" (opens in a new tab)\">Web Oficial de Renfe<\/a><\/p>\n\n\n\n<hr class=\"wp-block-separator\" \/>\n\n\n\n<p class=\"wp-block-paragraph\" style=\"text-align:center\"><strong>English<\/strong><\/p>\n\n\n\n<p class=\"wp-block-paragraph\">Granada is well connected to the main cities in Spain, such as Madrid or Barcelona by the Spanish High-speed Train or AVE.<\/p>\n\n\n\n<p class=\"wp-block-paragraph\">Regional and \u00abAlvia\u00bb trains connect Sevilla, M\u00e1laga or Almer\u00eda to Granada in no more than two hours.<\/p>\n\n\n\n<p class=\"wp-block-paragraph\">From there, Metro line 1 or Bus Line 4 will take you to most parts of the city, including the city center.<\/p>\n\n\n\n<p class=\"wp-block-paragraph\">To purchase a ticket, please visit: <a href=\"http:\/\/www.renfe.com\/\" target=\"_blank\" rel=\"noreferrer noopener\" aria-label=\" (opens in a new tab)\">http:\/\/www.renfe.com\/<\/a><\/p>\n\n\n\n<h2 class=\"wp-block-heading\">En coche o autobus\/By car or bus<\/h2>\n\n\n\n<figure class=\"wp-block-image\"><img loading=\"lazy\" decoding=\"async\" width=\"1024\" height=\"768\" src=\"https:\/\/2019.granada.wordcamp.org\/files\/2019\/07\/wpgranada-coche-1024x768.jpg\" alt=\"\" class=\"wp-image-221\" \/><\/figure>\n\n\n\n<p class=\"wp-block-paragraph\" style=\"text-align:center\"><strong>Espa\u00f1ol<\/strong><\/p>\n\n\n\n<p class=\"wp-block-paragraph\">Para llegar a Granada en coche desde Madrid, puedes hacerlo por la A-4 o Autov\u00eda de Andaluc\u00eda. A la altura de Bail\u00e9n, toma la A-44 hasta Granada.<\/p>\n\n\n\n<p class=\"wp-block-paragraph\">Desde Barcelona puedes conger la AP-7 y la A-7, tambi\u00e9n llamada Autov\u00eda del Mediterr\u00e1neo. A la altura de Almer\u00eda, coge la A-92 hasta Granada.<\/p>\n\n\n\n<p class=\"wp-block-paragraph\">Para venir desde Sevilla solamente tendr\u00e1s que seguir la A-92, direcci\u00f3n a Almer\u00eda, y desde M\u00e1laga la A-45 primero y la A-92, direcci\u00f3n Almer\u00eda, despu\u00e9s.<\/p>\n\n\n\n<p class=\"wp-block-paragraph\">Tienes posibilidad de llegar a Granada desde casi cualquier ciudad de Espa\u00f1a. Una vez llegado a la estaci\u00f3n, podr\u00e1s coger el metro o cualquiera de los autobuses urbanos en la parada cercana para llegar al centro de la ciudad.<\/p>\n\n\n\n<hr class=\"wp-block-separator\" \/>\n\n\n\n<p class=\"wp-block-paragraph\" style=\"text-align:center\"><strong>English<\/strong><\/p>\n\n\n\n<p class=\"wp-block-paragraph\">To get to Granada from Madrid,  you can take the A-4 highway or \u00abAutov\u00eda de Andaluc\u00eda\u00bb. Take the A-44 highway in Bailen and continue to Granada.<\/p>\n\n\n\n<p class=\"wp-block-paragraph\">From Barcelona, you can take take AP-7 and A-7 highways (also called Autov\u00eda del Mediterr\u00e1neo). Take A-92 highway in Almer\u00eda and continue to Granada.<\/p>\n\n\n\n<p class=\"wp-block-paragraph\">If you are in Seville, take the A-92 highway heading Almer\u00eda and continue to Granada. From Malaga take the A-54 highway first and then A-92 highway heading Almer\u00eda.<\/p>\n\n\n\n<p class=\"wp-block-paragraph\">You&#8217;ll be able to come to Granada by bus from almost anywhere in Spain. Once you arrive to the bus station, you can take an the metro line or any in the stop near it to go to the city center. <\/p>\n","protected":false},"excerpt":{"rendered":"<p>Espa\u00f1ol Granada est\u00e1 bien conectada co las principales ciudades de Espa\u00f1a y Europa, tanto por avi\u00f3n como por tren. English Granada is well connected with the main cities in Spain and Europe by both plane and train. En avi\u00f3n\/By plane Espa\u00f1ol Si ya est\u00e1s en Espa\u00f1a, podr\u00e1s llegar a Granada en avi\u00f3n desde estas ciudades: &hellip; <\/p>\n<p class=\"link-more\"><a href=\"https:\/\/granada.wordcamp.org\/2019\/granada\/como-venir-a-granada\/\" class=\"more-link\">Continuar leyendo<span class=\"screen-reader-text\"> \u00ab\u00bfC\u00f3mo venir a Granada?\/ How to get to Granada?\u00bb<\/span><\/a><\/p>\n","protected":false},"author":16620902,"featured_media":0,"parent":11,"menu_order":0,"comment_status":"closed","ping_status":"closed","template":"","meta":{"_crdt_document":"","jetpack_post_was_ever_published":false,"footnotes":""},"class_list":["post-187","page","type-page","status-publish","hentry"],"jetpack_sharing_enabled":true,"jetpack_shortlink":"https:\/\/wp.me\/PaUkwA-31","_links":{"self":[{"href":"https:\/\/granada.wordcamp.org\/2019\/wp-json\/wp\/v2\/pages\/187","targetHints":{"allow":["GET"]}}],"collection":[{"href":"https:\/\/granada.wordcamp.org\/2019\/wp-json\/wp\/v2\/pages"}],"about":[{"href":"https:\/\/granada.wordcamp.org\/2019\/wp-json\/wp\/v2\/types\/page"}],"author":[{"embeddable":true,"href":"https:\/\/granada.wordcamp.org\/2019\/wp-json\/wp\/v2\/users\/16620902"}],"replies":[{"embeddable":true,"href":"https:\/\/granada.wordcamp.org\/2019\/wp-json\/wp\/v2\/comments?post=187"}],"version-history":[{"count":9,"href":"https:\/\/granada.wordcamp.org\/2019\/wp-json\/wp\/v2\/pages\/187\/revisions"}],"predecessor-version":[{"id":973,"href":"https:\/\/granada.wordcamp.org\/2019\/wp-json\/wp\/v2\/pages\/187\/revisions\/973"}],"up":[{"embeddable":true,"href":"https:\/\/granada.wordcamp.org\/2019\/wp-json\/wp\/v2\/pages\/11"}],"wp:attachment":[{"href":"https:\/\/granada.wordcamp.org\/2019\/wp-json\/wp\/v2\/media?parent=187"}],"curies":[{"name":"wp","href":"https:\/\/api.w.org\/{rel}","templated":true}]}}