{"id":323,"date":"2019-07-05T08:43:07","date_gmt":"2019-07-05T06:43:07","guid":{"rendered":"https:\/\/2019.granada.wordcamp.org\/?page_id=323"},"modified":"2019-07-17T15:03:16","modified_gmt":"2019-07-17T13:03:16","slug":"beneficios-patrocinar","status":"publish","type":"page","link":"https:\/\/granada.wordcamp.org\/2019\/patrocinadores\/beneficios-patrocinar\/","title":{"rendered":"Beneficios de Patrocinar"},"content":{"rendered":"\n<p class=\"wp-block-paragraph\"><\/p>\n\n\n\n<h1 class=\"wp-block-heading\" style=\"text-align:center\"><strong>Beneficios de Patrocinar el segundo mayor evento WordPress de Espa\u00f1a<\/strong><\/h1>\n\n\n\n<div class=\"wp-block-columns has-2-columns is-layout-flex wp-container-core-columns-is-layout-8f761849 wp-block-columns-is-layout-flex\">\n<div class=\"wp-block-column is-layout-flow wp-block-column-is-layout-flow\">\n<figure class=\"wp-block-image\"><img loading=\"lazy\" decoding=\"async\" width=\"1000\" height=\"667\" src=\"https:\/\/2019.granada.wordcamp.org\/files\/2019\/07\/WordCamp-Granada-2018-foto-de-grupo.jpg\" alt=\"WordCamp-Granada-2018 foto de grupo\" class=\"wp-image-392\" srcset=\"https:\/\/granada.wordcamp.org\/2019\/files\/2019\/07\/WordCamp-Granada-2018-foto-de-grupo.jpg 1000w, https:\/\/granada.wordcamp.org\/2019\/files\/2019\/07\/WordCamp-Granada-2018-foto-de-grupo-300x200.jpg 300w, https:\/\/granada.wordcamp.org\/2019\/files\/2019\/07\/WordCamp-Granada-2018-foto-de-grupo-768x512.jpg 768w, https:\/\/granada.wordcamp.org\/2019\/files\/2019\/07\/WordCamp-Granada-2018-foto-de-grupo-450x300.jpg 450w\" sizes=\"auto, (max-width: 767px) 89vw, (max-width: 1000px) 54vw, (max-width: 1071px) 543px, 580px\" \/><figcaption>Foto WordCamp Asistentes Granada 2018<\/figcaption><\/figure>\n<\/div>\n\n\n\n<div class=\"wp-block-column is-layout-flow wp-block-column-is-layout-flow\"><p class=\"p1\"><span class=\"s1\"><b>WordCamp Granada 2019<\/b>\u00a0es un evento de la\u00a0<a href=\"https:\/\/wpgranada.es\/blog\/meetup\/comunidad-wordpress-aparece\/\"><span class=\"s2\">comunidad WordPress<\/span><\/a>, auspiciado por la<strong> Fundaci\u00f3n WordPress<\/strong> y llevado a cabo por voluntarios. Los patrocinios hacen posible que este evento se pueda celebrar, y adem\u00e1s de ser esencial para existencia de este evento y la difusi\u00f3n de WordPress, patrocinar te aportar\u00e1 los siguientes beneficios:<\/span><\/p><\/div>\n<\/div>\n\n\n\n<h3 class=\"wp-block-heading\" style=\"text-align:center\"><strong>1. Exposici\u00f3n local, \u00a1y m\u00e1s all\u00e1!<\/strong><\/h3>\n\n\n<p>WordCamp Granada es un evento Oficial de WordPress, y por ello mueve a una gran cantidad de gente a nivel local y nacional relacionada con ello. Se espera una afluencia de 400 personas, y su repercusi\u00f3n va m\u00e1s lejos del nivel local.<\/p>\n\n\n<h3 class=\"wp-block-heading\" style=\"text-align:center\"><strong>2. Presencia online<\/strong><\/h3>\n\n\n\n<p class=\"wp-block-paragraph\"><strong>Pondremos logotipos de tu empresa en la web oficial<\/strong>, un art\u00edculo de agradecimiento*,&nbsp; y enviaremos un email a los asistentes con un <strong>mensaje personalizado<\/strong>*. De este modo aseguraremos que tu marca se posicione online alineada con el evento de comunidad WordCamp Granada 2018.<\/p>\n\n\n\n<h3 class=\"wp-block-heading\" style=\"text-align:center\"><strong>3. Repercusi\u00f3n en las redes sociales<\/strong><\/h3>\n\n\n\n<p class=\"wp-block-paragraph\">Ten en cuenta que <strong>la mayor parte de los asistentes a la WordCamp Granada son personas y empresas con p\u00e1ginas, blogs y redes sociales.<\/strong> \u00a1Y te animamos a interactuar con ellos! Esto har\u00e1 que la exposici\u00f3n de tu empresa\/marca sea a\u00fan mayor. Adem\u00e1s nosotros tambi\u00e9n interactuaremos contigo con las cuentas sociales oficiales.<\/p>\n\n\n\n<h3 class=\"wp-block-heading\" style=\"text-align:center\"><strong>4. Presencia f\u00edsica en el evento<\/strong><\/h3>\n\n\n\n<p class=\"wp-block-paragraph\">Podr\u00e1s disponer de un espacio f\u00edsico en el evento para colocar tus materiales* e interaccionar con los asistentes*, adem\u00e1s existen posibilidades de aumentar esa visibilidad pudiendo estar presente en los rollups oficiales del evento* e incluso poniendo tus propios rollups en las salas* y\/o zona de caf\u00e9*.<\/p>\n\n\n\n<h3 class=\"wp-block-heading\" style=\"text-align:center\"><strong>5. \u00a1Mira lo que me he encontrado en mi bolsa!<\/strong><\/h3>\n\n\n\n<p class=\"wp-block-paragraph\">Podr\u00e1s incluir material promocional en la bolsa de bienvenida que daremos a los asistentes*. Es una forma de asegurarte un impacto sobre los asistentes, incluso aunque no se hayan podido acercar a tu mesa.<\/p>\n\n\n\n<h3 class=\"wp-block-heading\" style=\"text-align:center\"><strong>6. Impacto indirecto de tu marca en el escenario principal<\/strong><\/h3>\n\n\n\n<p class=\"wp-block-paragraph\">Adem\u00e1s de la posibilidad de estar mediante<strong> rollups en el escenario principal<\/strong>*, tu marca tambi\u00e9n podr\u00eda ser proyectada entre charlas* en las pantallas de la sala.<\/p>\n\n\n\n<h3 class=\"wp-block-heading\" style=\"text-align:center\"><strong>7. Impacto directo de tu marca en el escenario principal<\/strong><\/h3>\n\n\n\n<p class=\"wp-block-paragraph\">Tu marca podr\u00eda ser especialmente mencionada en todas las charlas de apertura y cierre del evento* y podr\u00edas realizar un concurso entre los asistentes*.<\/p>\n\n\n\n<h3 class=\"wp-block-heading\" style=\"text-align:center\"><strong>8. Estamos grabando<\/strong><\/h3>\n\n\n\n<p class=\"wp-block-paragraph\">Las ponencias<strong> ser\u00e1n grabadas, al igual que un resumen global del evento<\/strong>. Estos v\u00eddeos ser\u00e1n subidos a <a href=\"https:\/\/wordpress.tv\/\">wordpress.tv<\/a> y en ellos podr\u00eda aparecer tu marca  (a trav\u00e9s de los dem\u00e1s m\u00e9todos de impacto de tu marca)\u2026 \u00a1m\u00e1s exposici\u00f3n mundial!<\/p>\n\n\n\n<h3 class=\"wp-block-heading\" style=\"text-align:center\"><strong>9. Cena de patrocinadores y ponentes<\/strong><\/h3>\n\n\n\n<p class=\"wp-block-paragraph\"><strong>El viernes 29 de Noviembre<\/strong> se celebrar\u00e1 una cena a la cual podr\u00edas tener acceso*. Aqu\u00ed podr\u00e1s conocer y conectar con patrocinadores, organizadores, voluntarios, ponentes.<\/p>\n\n\n\n<h3 class=\"wp-block-heading\" style=\"text-align:center\"><strong>10. \u00a1Segunda Edici\u00f3n en Granada!<\/strong><\/h3>\n\n\n\n<p class=\"wp-block-paragraph\">Es la segunda vez que una WordCamp se celebra en Granada, ya que la primera edici\u00f3n fue todo un \u00e9xito, tanto en asistencia como en resultados y satisfacci\u00f3n general de los asistentes  \u00a1Podr\u00e1s llegar a gente nueva!<\/p>\n\n\n\n<p class=\"wp-block-paragraph\">Somos m\u00e1s de 500 personas en <a href=\"https:\/\/www.meetup.com\/es-ES\/Granada-WordPress-Meetup\/\" target=\"_blank\" rel=\"noreferrer noopener\" aria-label=\" (opens in a new tab)\">nuestro grupo de Meetup<\/a>, donde hacemos eventos peri\u00f3dicos, y nuestra comunidad crece mes a mes, y es alimentada con estos grandes eventos. Estamos confiados y con ganas de hacer que WordCamp Granada sea un evento peri\u00f3dico y nos gustar\u00eda contar con tu apoyo e ir creciendo juntos.<\/p>\n\n\n\n<div class=\"wp-block-button aligncenter is-style-default\"><a class=\"wp-block-button__link has-text-color has-background has-vivid-red-background-color\" href=\"https:\/\/2019.granada.wordcamp.org\/patrocinadores\/llamada-patrocinadores\/\" style=\"color:#ffffff\">\u00bfTe convence? Patrocina este evento<\/a><\/div>\n\n\n\n<p class=\"wp-block-paragraph\"><em>*Depende del nivel de patrocinio contratado.<\/em><\/p>\n\n\n\n<h4 class=\"wp-block-heading\" style=\"text-align:center\">\ud83c\uddec\ud83c\udde7English Version \ud83c\uddec\ud83c\udde7<\/h4>\n\n\n\n<h3 class=\"wp-block-heading\" style=\"text-align:center\"><strong>Benefits of Sponsoring<\/strong><\/h3>\n\n\n\n<p class=\"wp-block-paragraph\"><strong>WordCamp Granada 2019<\/strong> is an event of the WordPress community, sponsored by the WordPress Foundation and carried out by volunteers. The sponsorships make it possible for this event to be done, and in addition to being essential for the existence of this event and the spread of WordPress, sponsoring will provide you with the following benefits:<\/p>\n\n\n\n<h3 class=\"wp-block-heading\" style=\"text-align:center\"><strong>1. Local exhibition, and beyond!<\/strong><\/h3>\n\n\n\n<p class=\"wp-block-paragraph\">WordCamp Granada is an Official WordPress event, therefore it moves a large number of people locally and nationally related to it. 400 people are expected, and their impact goes further from the local level.<\/p>\n\n\n\n<h3 class=\"wp-block-heading\" style=\"text-align:center\"><strong>2. Online presence<\/strong><\/h3>\n\n\n\n<p class=\"wp-block-paragraph\">We will put logos of your company on the official website, an article of appreciation*, and we will send an email to the attendees with a personalized message*. In this way we will ensure that your brand is positioned online aligned with the Granada 2018 WordCamp community event.<\/p>\n\n\n\n<h3 class=\"wp-block-heading\" style=\"text-align:center\"><strong>3. Online impact<\/strong><\/h3>\n\n\n\n<p class=\"wp-block-paragraph\">Keep in mind that most of the attendees of WordCamp Granada are people and companies with pages, blogs and social networks. And we encourage you to interact with them! This will make the exposure of your company \/ brand even greater. In addition we will also interact with you with our official social media accounts.<\/p>\n\n\n\n<h3 class=\"wp-block-heading\" style=\"text-align:center\"><strong>4. Physical presence at the event<\/strong><\/h3>\n\n\n\n<p class=\"wp-block-paragraph\">You can have a physical space in the event to place your materials* and interact with the attendees*, there are also possibilities to increase your visibility having your logo present in the official rollups of the event* and even being able to position your own rollups in the rooms* and\/or coffee area*.<\/p>\n\n\n\n<h3 class=\"wp-block-heading\" style=\"text-align:center\"><strong>5. Look what I found in my swag!<\/strong><\/h3>\n\n\n\n<p class=\"wp-block-paragraph\">You can include promotional material in the welcome bag that we will give to the attendees*. It is a way to ensure an impact on the attendees, even if they didn&#8217;t approach your table.<\/p>\n\n\n\n<h3 class=\"wp-block-heading\" style=\"text-align:center\"><strong>6. Indirect impact of your brand on the main stage<\/strong><\/h3>\n\n\n\n<p class=\"wp-block-paragraph\">In addition to the possibility of being visible through rollups on the main stage*, your brand could also be projected between talks* on the screens of the room.<\/p>\n\n\n\n<h3 class=\"wp-block-heading\" style=\"text-align:center\"><strong>7. Direct impact of your brand on the main stage<\/strong><\/h3>\n\n\n\n<p class=\"wp-block-paragraph\">Your brand could be specially mentioned in all the opening and closing talks of the event * and you could hold a contest among the attendees*.<\/p>\n\n\n\n<h3 class=\"wp-block-heading\" style=\"text-align:center\"><strong>8. We are recording<\/strong><\/h3>\n\n\n\n<p class=\"wp-block-paragraph\">The speeches will be recorded, as well as a global summary of the event. These videos will be uploaded to wordpress.tv and in them your brand could appear (through the other impact methods of your brand) &#8230; more global exposure!<\/p>\n\n\n\n<h3 class=\"wp-block-heading\" style=\"text-align:center\"><strong>9. Dinner of sponsors and speakers<\/strong><\/h3>\n\n\n\n<p class=\"wp-block-paragraph\">On Friday, November 29, there will be a dinner to which you could have access*. Here you can meet and connect with sponsors, organizers, volunteers, and speakers.<\/p>\n\n\n\n<h3 class=\"wp-block-heading\" style=\"text-align:center\"><strong>10. Second Edition on Granada<\/strong><\/h3>\n\n\n\n<p class=\"wp-block-paragraph\">It is the second time that a WordCamp is celebrated in Granada, since the first edition was a success, both in attendance and in results and general satisfaction of the attendees. You can reach new people!<\/p>\n\n\n\n<p class=\"wp-block-paragraph\">We are more than 500 people on\u00a0<a href=\"https:\/\/www.meetup.com\/es-ES\/Granada-WordPress-Meetup\/\" target=\"_blank\" rel=\"noreferrer noopener\" aria-label=\" (opens in a new tab)\">our Meetup group<\/a>, in which we organize periodic events, and our community grows every month, and is growing up helped by this great events. We are confident and eager to make WordCamp Granada a regular event and we would welcome your support to grow together.<\/p>\n\n\n\n<div class=\"wp-block-button aligncenter is-style-default\"><a class=\"wp-block-button__link has-text-color has-background has-vivid-red-background-color\" href=\"https:\/\/2019.granada.wordcamp.org\/patrocinadores\/llamada-patrocinadores\/\" style=\"color:#ffffff\">Sponsor this event now!<\/a><\/div>\n\n\n\n<p class=\"wp-block-paragraph\">* Depends on the level of sponsorship contracted.<\/p>\n\n\n\n<p class=\"wp-block-paragraph\"><\/p>\n","protected":false},"excerpt":{"rendered":"<p>Beneficios de Patrocinar el segundo mayor evento WordPress de Espa\u00f1a WordCamp Granada 2019\u00a0es un evento de la\u00a0comunidad WordPress, auspiciado por la Fundaci\u00f3n WordPress y llevado a cabo por voluntarios. Los patrocinios hacen posible que este evento se pueda celebrar, y adem\u00e1s de ser esencial para existencia de este evento y la difusi\u00f3n de WordPress, patrocinar &hellip; <\/p>\n<p class=\"link-more\"><a href=\"https:\/\/granada.wordcamp.org\/2019\/patrocinadores\/beneficios-patrocinar\/\" class=\"more-link\">Continuar leyendo<span class=\"screen-reader-text\"> \u00abBeneficios de Patrocinar\u00bb<\/span><\/a><\/p>\n","protected":false},"author":14599257,"featured_media":0,"parent":10,"menu_order":0,"comment_status":"closed","ping_status":"closed","template":"","meta":{"_crdt_document":"","jetpack_post_was_ever_published":false,"footnotes":""},"class_list":["post-323","page","type-page","status-publish","hentry"],"jetpack_sharing_enabled":true,"jetpack_shortlink":"https:\/\/wp.me\/PaUkwA-5d","_links":{"self":[{"href":"https:\/\/granada.wordcamp.org\/2019\/wp-json\/wp\/v2\/pages\/323","targetHints":{"allow":["GET"]}}],"collection":[{"href":"https:\/\/granada.wordcamp.org\/2019\/wp-json\/wp\/v2\/pages"}],"about":[{"href":"https:\/\/granada.wordcamp.org\/2019\/wp-json\/wp\/v2\/types\/page"}],"author":[{"embeddable":true,"href":"https:\/\/granada.wordcamp.org\/2019\/wp-json\/wp\/v2\/users\/14599257"}],"replies":[{"embeddable":true,"href":"https:\/\/granada.wordcamp.org\/2019\/wp-json\/wp\/v2\/comments?post=323"}],"version-history":[{"count":22,"href":"https:\/\/granada.wordcamp.org\/2019\/wp-json\/wp\/v2\/pages\/323\/revisions"}],"predecessor-version":[{"id":986,"href":"https:\/\/granada.wordcamp.org\/2019\/wp-json\/wp\/v2\/pages\/323\/revisions\/986"}],"up":[{"embeddable":true,"href":"https:\/\/granada.wordcamp.org\/2019\/wp-json\/wp\/v2\/pages\/10"}],"wp:attachment":[{"href":"https:\/\/granada.wordcamp.org\/2019\/wp-json\/wp\/v2\/media?parent=323"}],"curies":[{"name":"wp","href":"https:\/\/api.w.org\/{rel}","templated":true}]}}