{"id":349,"date":"2019-07-05T15:20:10","date_gmt":"2019-07-05T13:20:10","guid":{"rendered":"https:\/\/2019.granada.wordcamp.org\/?page_id=349"},"modified":"2019-07-15T09:31:10","modified_gmt":"2019-07-15T07:31:10","slug":"lugar-del-evento","status":"publish","type":"page","link":"https:\/\/granada.wordcamp.org\/2019\/lugar-del-evento\/","title":{"rendered":"Lugar del evento"},"content":{"rendered":"\n<p>WordCamp Granada 2019 se celebrar\u00e1 en dos bonitas localizaciones:<\/p>\n\n\n\n<ul class=\"wp-block-list\"><li><a href=\"#unpalacio\">Palacio de Congresos de Granada<\/a>. <ul><li>Viernes 29, Contributor Day<\/li><\/ul><ul><li>S\u00e1bado 30, d\u00eda principal.<\/li><\/ul><\/li><li>Ciudad de Granada. Domingo 1, StreetNetworking + Tapas. (Quedamos en Palacio de Congresos).<\/li><\/ul>\n\n\n\n<a id=\"unpalacio\"><\/a><h2>Palacio de Congresos de Granada<\/h2>\n\n\n\n<p>Este a\u00f1o concentramos <strong>WordCamp<\/strong> <strong>Granada<\/strong> <strong>2019<\/strong> en el <a href=\"https:\/\/www.pcgr.org\/\" target=\"_blank\" rel=\"noreferrer noopener\" aria-label=\" (opens in a new tab)\">Palacio de Congresos de Granada<\/a>, con el objetivo de facilitar a los asistentes al evento la localizaci\u00f3n del mismo a la hora de reservar el alojamiento.<\/p>\n\n\n\n<figure class=\"wp-block-image\"><img decoding=\"async\" src=\"https:\/\/2018.granada.wordcamp.org\/files\/2018\/05\/IMG_3413_2000x1333-1024x682.jpg\" alt=\"Esta imagen tiene un atributo ALT vac\u00edo; su nombre de archivo es IMG_3413_2000x1333-1024x682.jpg\" \/><\/figure>\n\n\n\n<p>Tambi\u00e9n queremos informaros que como hemos aumentado el n\u00famero de asistentes, aun siendo la <strong>WordCamp<\/strong> <strong>Granada<\/strong> <strong>2019<\/strong>  en el Palacio de Congresos, vamos a utilizar alg\u00fan espacio nuevo con m\u00e1s amplitud, para esta edici\u00f3n vamos a usar el  Sala Manuel de Falla que es el <strong><a rel=\"noreferrer noopener\" aria-label=\"Teatro del Palacio (opens in a new tab)\" href=\"https:\/\/www.pcgr.org\/organizacion-eventos\/instalaciones\/f-auditorio-manuel-de-falla\/\" target=\"_blank\">Teatro del Palacio<\/a><\/strong> que cuenta con 240 pax en patio de butacas y 299 pax en anfiteatro y una pantalla fija de 150\u201d (8\u00d74 m).<\/p>\n\n\n\n<ul class=\"wp-block-gallery aligncenter columns-2 is-cropped wp-block-gallery-1 is-layout-flex wp-block-gallery-is-layout-flex\"><li class=\"blocks-gallery-item\"><figure><img decoding=\"async\" src=\"https:\/\/2019.granada.wordcamp.org\/files\/2019\/07\/Sala-Manuel-de-Falla-2.jpg\" alt=\"\" data-id=\"610\" data-link=\"https:\/\/2019.granada.wordcamp.org\/lugar-del-evento\/sala-manuel-de-falla-2\/\" class=\"wp-image-610\" \/><\/figure><\/li><li class=\"blocks-gallery-item\"><figure><img loading=\"lazy\" decoding=\"async\" width=\"1024\" height=\"576\" src=\"https:\/\/2019.granada.wordcamp.org\/files\/2019\/07\/Sala-Manuel-de-Falla-1024x576.jpg\" alt=\"\" data-id=\"605\" data-link=\"https:\/\/2019.granada.wordcamp.org\/lugar-del-evento\/sala-manuel-de-falla\/\" class=\"wp-image-605\" \/><\/figure><\/li><\/ul>\n\n\n\n<p>Las <a rel=\"noreferrer noopener\" aria-label=\"Salas Andaluc\u00eda I, II y III (opens in a new tab)\" href=\"https:\/\/www.pcgr.org\/organizacion-eventos\/instalaciones\/d1-d2-d3-andalucia-i-ii-y-iii\/\" target=\"_blank\">Salas Andaluc\u00eda I, II y III<\/a>, que ya las conoc\u00e9is porque hicimos uso de ellas el a\u00f1o pasado  .<\/p>\n\n\n\n<ul class=\"wp-block-gallery columns-2 is-cropped wp-block-gallery-2 is-layout-flex wp-block-gallery-is-layout-flex\"><li class=\"blocks-gallery-item\"><figure><img loading=\"lazy\" decoding=\"async\" width=\"543\" height=\"412\" src=\"https:\/\/2019.granada.wordcamp.org\/files\/2019\/07\/Sala-Andalucia-2.jpg\" alt=\"\" data-id=\"607\" data-link=\"https:\/\/2019.granada.wordcamp.org\/lugar-del-evento\/sala-andalucia-2\/\" class=\"wp-image-607\" srcset=\"https:\/\/granada.wordcamp.org\/2019\/files\/2019\/07\/Sala-Andalucia-2.jpg 543w, https:\/\/granada.wordcamp.org\/2019\/files\/2019\/07\/Sala-Andalucia-2-300x228.jpg 300w, https:\/\/granada.wordcamp.org\/2019\/files\/2019\/07\/Sala-Andalucia-2-395x300.jpg 395w\" sizes=\"auto, (max-width: 543px) 100vw, 543px\" \/><\/figure><\/li><li class=\"blocks-gallery-item\"><figure><img loading=\"lazy\" decoding=\"async\" width=\"1024\" height=\"739\" src=\"https:\/\/2019.granada.wordcamp.org\/files\/2019\/07\/Sala-Andalucia-3-1024x739.jpg\" alt=\"\" data-id=\"608\" data-link=\"https:\/\/2019.granada.wordcamp.org\/lugar-del-evento\/sala-andalucia-3\/\" class=\"wp-image-608\" \/><\/figure><\/li><\/ul>\n\n\n\n<h3 class=\"wp-block-heading\">Direcci\u00f3n<\/h3>\n\n\n\n<p>Paseo del Viol\u00f3n, s\/n, 18006 Granada.<\/p>\n\n\n\n<h3 class=\"wp-block-heading\">Mapa<\/h3>\n\n\n\n<div class=\"googlemaps\">\n\t\t\t\t<iframe loading=\"lazy\" width=\"800\" height=\"600\" frameborder=\"0\" scrolling=\"no\" marginheight=\"0\" marginwidth=\"0\"  src=\"https:\/\/www.google.com\/maps\/d\/u\/0\/embed?mid=10U5hVtJ8YrevOrQVIcva5d3ImMah0-KZ\"><\/iframe>\n\t\t\t<\/div>\n\n\n\n<p>Si tienes cualquier duda sobre la ubicaci\u00f3n del evento, no dudes en <a href=\"https:\/\/2019.granada.wordcamp.org\/asistentes\/contacto\/\">contactarnos<\/a>.<\/p>\n\n\n\n<h3 class=\"wp-block-heading\">C\u00f3mo llegar<\/h3>\n\n\n\n<p><strong>Si vienes desde los principales puntos:<\/strong><\/p>\n\n\n\n<ul class=\"wp-block-list\"><li><strong>Estaci\u00f3n de autobuses o estaci\u00f3n de tren<\/strong>: <ul><li>Metro: Toma el Metropolitano de Granada direcci\u00f3n Armilla (informaci\u00f3n sobre tarifas abajo) y baja en la parada \u00abAlc\u00e1zar Genil\u00bb (esta parada est\u00e1 ubicada en el Camino de Ronda). Desde ah\u00ed camina hacia la rotonda que tiene un helic\u00f3ptero (direcci\u00f3n sur) y cuando llegues a la rotonda toma la calle que queda a tu izquierda, a 300 m est\u00e1 el Palacio de Congresos. <\/li><li>UBER: Algo m\u00e1s caro que el metropolitano, pero con la ventaja que vas de puerta a puerta sin tener que andar, sobre todo si llevas equipaje.<\/li><\/ul><\/li><li><strong>Aeropuerto de Granada<\/strong>: <ul><li>Bus: Toma el bus que conecta el aeropuerto con la ciudad, tiene un coste de 3\u20ac y la \u00faltima parada es el Palacio de Congresos.<\/li><li>Taxi: Hay taxis que se pueden tomar tanto en el aeropuerto como en la ciudad. La tarifa aproximada desde\/hac\u00eda el aeropuerto son 20-23\u20ac, pero depender\u00e1 de lo que marque el tax\u00edmetro. <\/li><li>UBER: Seg\u00fan d\u00eda y hora, pero rondara como la tarifa del taxi tradicional. <\/li><\/ul><\/li><\/ul>\n\n\n\n<p><strong>Si vienes desde cualquier otro sitio:<\/strong><\/p>\n\n\n\n<ul class=\"wp-block-list\"><li><strong>En metro<\/strong>: <ul><li>Toma la \u00fanica l\u00ednea que hay en direcci\u00f3n a Armilla. \u00a1Simple!<\/li><li>Baja en&nbsp;\u00abAlc\u00e1zar Genil\u00bb  (esta parada est\u00e1 ubicada en el Camino de Ronda)  y desde ah\u00ed camina hacia la rotonda que tiene un helic\u00f3ptero (direcci\u00f3n sur), cuando llegues a la rotonda toma la calle que queda a tu izquierda, a 300 m est\u00e1 el Palacio de Congresos. <\/li><\/ul><\/li><li><strong>En bus urbano (buses rojos y gris-azul)<\/strong>: <ul><li>Toma cualquiera de estas l\u00edneas 4, 8, 11, 21, 13, SN4, C7 y todas las l\u00edneas de la zona sur (S1, S2, S3)<\/li><li>Baja en cualquiera de estas paradas: Palacio de Congresos, Profesor tierno galv\u00e1n &#8211; Palacio de Congresos, Plaza Rotary, Paseo del Viol\u00f3n, Poeta Manuel de G\u00f3ngora.&nbsp;Todas estas paradas pertenecen a un mismo intercambiador de transportes que rodea el edificio del Palacio de Congresos. <\/li><\/ul><\/li><li><strong>En bus Interurbano (buses amarillos)<\/strong>: <ul><li>Toma cualquiera de estas l\u00edneas: <ul><li>Aeropuerto de Granada (esta l\u00ednea empieza y termina en el Palacio de Congresos, tiene una tarifa especial de 3\u20ac).<\/li><li>Corredor Armilla &#8211; Churriana \/ Las Gabias \/ Alhend\u00edn \/ Otura: 151, 154, 155, 156, 157, 160, 360, etc.<\/li><li>Corredor Og\u00edjares y la Zubia &#8211; G\u00f3jar \/ D\u00edlar: 170, 171, 174A, 174B, 175, 176, 177, etc.<\/li><li>Corredor Huetor Vega &#8211; Monachil \/ C\u00e1jar: 181, 183, 184.<\/li><li>Corredor Cenes de la Vega: SN1. <\/li><\/ul><\/li><li>Baja en las paradas: Palacio de Congresos o Plaza Rotary o Parque sur de bomberos.&nbsp;Todas estas paradas pertenecen a un mismo intercambiador de transportes que rodea el edificio del Palacio de Congresos. <\/li><\/ul><\/li><li><strong>En coche<\/strong>: Dado que es zona c\u00e9ntrica el aparcamiento y el desplazamiento libre en coche est\u00e1 limitado. <ul><li>Parkings cercanos: Parking Palacio de Congresos, Parking Violon y Parking APK2 Escolapios. <\/li><\/ul><\/li><\/ul>\n\n\n\n<p>Para los que sois usuarios o usuarias de la plataforma UBER, Granada est\u00e1 incluida entre las ciudades \u00abUBER mueve\u00bb con un radio bastante grande de actuaci\u00f3n, puedes consultar <a rel=\"noreferrer noopener\" aria-label=\" (opens in a new tab)\" href=\"https:\/\/www.uber.com\/es-ES\/cities\/granada\/\" target=\"_blank\">aqu\u00ed <\/a>las localidades desde donde dan servicio, incluido el aeropuerto.<\/p>\n\n\n\n<p><\/p>\n","protected":false},"excerpt":{"rendered":"<p>WordCamp Granada 2019 se celebrar\u00e1 en dos bonitas localizaciones: Palacio de Congresos de Granada. Viernes 29, Contributor Day S\u00e1bado 30, d\u00eda principal. Ciudad de Granada. Domingo 1, StreetNetworking + Tapas. (Quedamos en Palacio de Congresos). Palacio de Congresos de Granada Este a\u00f1o concentramos WordCamp Granada 2019 en el Palacio de Congresos de Granada, con el &hellip; <\/p>\n<p class=\"link-more\"><a href=\"https:\/\/granada.wordcamp.org\/2019\/lugar-del-evento\/\" class=\"more-link\">Continuar leyendo<span class=\"screen-reader-text\"> \u00abLugar del evento\u00bb<\/span><\/a><\/p>\n","protected":false},"author":14405179,"featured_media":0,"parent":0,"menu_order":0,"comment_status":"closed","ping_status":"closed","template":"","meta":{"jetpack_post_was_ever_published":false,"footnotes":""},"class_list":["post-349","page","type-page","status-publish","hentry"],"jetpack_sharing_enabled":true,"jetpack_shortlink":"https:\/\/wp.me\/PaUkwA-5D","_links":{"self":[{"href":"https:\/\/granada.wordcamp.org\/2019\/wp-json\/wp\/v2\/pages\/349","targetHints":{"allow":["GET"]}}],"collection":[{"href":"https:\/\/granada.wordcamp.org\/2019\/wp-json\/wp\/v2\/pages"}],"about":[{"href":"https:\/\/granada.wordcamp.org\/2019\/wp-json\/wp\/v2\/types\/page"}],"author":[{"embeddable":true,"href":"https:\/\/granada.wordcamp.org\/2019\/wp-json\/wp\/v2\/users\/14405179"}],"replies":[{"embeddable":true,"href":"https:\/\/granada.wordcamp.org\/2019\/wp-json\/wp\/v2\/comments?post=349"}],"version-history":[{"count":18,"href":"https:\/\/granada.wordcamp.org\/2019\/wp-json\/wp\/v2\/pages\/349\/revisions"}],"predecessor-version":[{"id":837,"href":"https:\/\/granada.wordcamp.org\/2019\/wp-json\/wp\/v2\/pages\/349\/revisions\/837"}],"wp:attachment":[{"href":"https:\/\/granada.wordcamp.org\/2019\/wp-json\/wp\/v2\/media?parent=349"}],"curies":[{"name":"wp","href":"https:\/\/api.w.org\/{rel}","templated":true}]}}