{"id":516,"date":"2019-07-12T17:46:56","date_gmt":"2019-07-12T15:46:56","guid":{"rendered":"https:\/\/2019.granada.wordcamp.org\/?page_id=516"},"modified":"2019-07-15T11:47:56","modified_gmt":"2019-07-15T09:47:56","slug":"testimonios-wordcamp-granada-2018","status":"publish","type":"page","link":"https:\/\/granada.wordcamp.org\/2019\/testimonios-wordcamp-granada-2018\/","title":{"rendered":"Testimonios WordCamp Granada 2018"},"content":{"rendered":"\n<p class=\"wp-block-paragraph\">Dicen por ah\u00ed que las grandes locuras dejan buenos recuerdos. WordCamp Granada 2018 fue una de esas \u00ablocuras\u00bb que guardaremos en la memoria todos los que formamos parte de ella, desde los organizadores, pasando por los voluntarios, ponentes y asistentes a la misma. Y es que fue la primera en la ciudad,  y adem\u00e1s, sali\u00f3 rodada&#8230;<\/p>\n\n\n\n<p class=\"wp-block-paragraph\">Y para muestra un bot\u00f3n, o mejor dicho, varios \u00abbotones\u00bb en forma de testimonios que dejaron muchas de las personas que asistieron a #WCGranada 2018<\/p>\n\n\n\n<blockquote class=\"wp-block-quote is-layout-flow wp-block-quote-is-layout-flow\"><p> <em>Las ponencias de las WordCamps suelen tener un nivel incre\u00edble, y aunque era la primera WordCamp en Granada superaron el nivel de expectativa y fueron incre\u00edbles.<\/em><\/p><p> <em>Nunca se ha visto al sol a tantos programadores, dise\u00f1adores, profesionales de seo, marketinianos e inform\u00e1ticos.<\/em><\/p><cite>Gerardo G. Asensio de <a href=\"https:\/\/sensacionweb.com\/mi-experiencia-en-la-wordcamp-de-granada-2018\/\" target=\"_blank\" rel=\"noreferrer noopener\" aria-label=\" (opens in a new tab)\">Sensaci\u00f3n Web<\/a><\/cite><\/blockquote>\n\n\n\n<figure class=\"wp-block-image\"><img loading=\"lazy\" decoding=\"async\" width=\"1000\" height=\"667\" src=\"https:\/\/2019.granada.wordcamp.org\/files\/2019\/07\/WordCamp-Granada-2018-foto-de-grupo.jpg\" alt=\"WordCamp-Granada-2018 foto de grupo\" class=\"wp-image-392\" srcset=\"https:\/\/granada.wordcamp.org\/2019\/files\/2019\/07\/WordCamp-Granada-2018-foto-de-grupo.jpg 1000w, https:\/\/granada.wordcamp.org\/2019\/files\/2019\/07\/WordCamp-Granada-2018-foto-de-grupo-300x200.jpg 300w, https:\/\/granada.wordcamp.org\/2019\/files\/2019\/07\/WordCamp-Granada-2018-foto-de-grupo-768x512.jpg 768w, https:\/\/granada.wordcamp.org\/2019\/files\/2019\/07\/WordCamp-Granada-2018-foto-de-grupo-450x300.jpg 450w\" sizes=\"auto, (max-width: 767px) 89vw, (max-width: 1000px) 54vw, (max-width: 1071px) 543px, 580px\" \/><\/figure>\n\n\n\n<blockquote class=\"wp-block-quote is-layout-flow wp-block-quote-is-layout-flow\"><p> No quiero terminar sin agradecer, una vez m\u00e1s, a todos los organizadores, voluntarios y patrocinadores de la primera WordCamp de Granada, porque hab\u00e9is hecho una&nbsp;<strong>WordCamp de libro, superando todas las expectativas.<\/strong>&nbsp;Os hab\u00e9is pegado un currazo impresionante, y se ha notado mucho. Os lo digo de coraz\u00f3n, y s\u00e9 de lo que hablo, que este a\u00f1o he ido a todas las de Espa\u00f1a, y parte del extranjero.&nbsp;<strong>Ole, ole y ole.<\/strong> <\/p><cite>Ana Cirujano de <a href=\"https:\/\/www.easyworkation.com\/wordcamp-granada\/\" target=\"_blank\" rel=\"noreferrer noopener\" aria-label=\" (opens in a new tab)\">easyworkation.com<\/a><\/cite><\/blockquote>\n\n\n\n<figure class=\"wp-block-embed-twitter wp-block-embed is-type-rich is-provider-twitter\"><div class=\"wp-block-embed__wrapper\">\n<blockquote class=\"twitter-tweet\" data-width=\"525\" data-dnt=\"true\"><p lang=\"fr\" dir=\"ltr\">\u00a1\u00a1Este es mi resumen de WordCamp Granada 2018!!<a href=\"https:\/\/t.co\/LJNfUG0a7k\">https:\/\/t.co\/LJNfUG0a7k<\/a> <a href=\"https:\/\/twitter.com\/hashtag\/WCGranada?src=hash&amp;ref_src=twsrc%5Etfw\">#WCGranada<\/a> <br>cc\/ <a href=\"https:\/\/twitter.com\/EnlacePermanent?ref_src=twsrc%5Etfw\">@EnlacePermanent<\/a> <a href=\"https:\/\/t.co\/glYLiXHfDi\">pic.twitter.com\/glYLiXHfDi<\/a><\/p>&mdash; Ana Cirujano \ud83c\udff3\ufe0f\u200d\ud83c\udf08 #WCChiclana (@acirujano) <a href=\"https:\/\/twitter.com\/acirujano\/status\/1065774618915602432?ref_src=twsrc%5Etfw\">November 23, 2018<\/a><\/blockquote><script async src=\"https:\/\/platform.twitter.com\/widgets.js\" charset=\"utf-8\"><\/script>\n<\/div><\/figure>\n\n\n\n<blockquote class=\"wp-block-quote is-layout-flow wp-block-quote-is-layout-flow\"><p> La organizaci\u00f3n del evento estuvo genial (os lo dije en repetidas ocasiones), pero es que con esta ruta por Granada ya me robasteis el coraz\u00f3n. <\/p><cite> <strong><a href=\"https:\/\/www.losmundosdeceli.com\/ruta-por-granada-edicion-wordcamp-2018\/\" target=\"_blank\" rel=\"noreferrer noopener\" aria-label=\" (opens in a new tab)\">Los mundos de Celi<\/a><\/strong> <\/cite><\/blockquote>\n\n\n\n<figure class=\"wp-block-embed-twitter wp-block-embed is-type-rich is-provider-twitter\"><div class=\"wp-block-embed__wrapper\">\n<blockquote class=\"twitter-tweet\" data-width=\"525\" data-dnt=\"true\"><p lang=\"es\" dir=\"ltr\">Impresionante labor de todo el equipazo de <a href=\"https:\/\/twitter.com\/WPGranada?ref_src=twsrc%5Etfw\">@WPGranada<\/a>, pero no solo durante la WordCamp. Mirad lo espectacular que han dejado la ciudad para nosotros. \ud83d\ude0d <a href=\"https:\/\/twitter.com\/hashtag\/WCGranada?src=hash&amp;ref_src=twsrc%5Etfw\">#WCGranada<\/a> <a href=\"https:\/\/t.co\/hhOmgBPzXw\">pic.twitter.com\/hhOmgBPzXw<\/a><\/p>&mdash; Nahuai Badiola (@nahuaibadiola) <a href=\"https:\/\/twitter.com\/nahuaibadiola\/status\/1064634148156002305?ref_src=twsrc%5Etfw\">November 19, 2018<\/a><\/blockquote><script async src=\"https:\/\/platform.twitter.com\/widgets.js\" charset=\"utf-8\"><\/script>\n<\/div><\/figure>\n\n\n\n<figure class=\"wp-block-embed-twitter wp-block-embed is-type-rich is-provider-twitter\"><div class=\"wp-block-embed__wrapper\">\n<blockquote class=\"twitter-tweet\" data-width=\"525\" data-dnt=\"true\"><p lang=\"es\" dir=\"ltr\">Enhorabuena a todos los que han hecho posible la <a href=\"https:\/\/twitter.com\/hashtag\/WCGranada?src=hash&amp;ref_src=twsrc%5Etfw\">#WCGranada<\/a><br><br>\u00a1Se nota el esfuerzo que han invertido para que saliera todo genial! \ud83d\udc4f\ud83d\udc4f\ud83d\udc4f\ud83d\udc4f\ud83d\udc4f\ud83d\udc4f\ud83d\udc4f <a href=\"https:\/\/t.co\/K0tgLLAnzC\">pic.twitter.com\/K0tgLLAnzC<\/a><\/p>&mdash; Sara (@sararijogarcia) <a href=\"https:\/\/twitter.com\/sararijogarcia\/status\/1064222305868492801?ref_src=twsrc%5Etfw\">November 18, 2018<\/a><\/blockquote><script async src=\"https:\/\/platform.twitter.com\/widgets.js\" charset=\"utf-8\"><\/script>\n<\/div><\/figure>\n\n\n\n<figure class=\"wp-block-embed-twitter wp-block-embed is-type-rich is-provider-twitter\"><div class=\"wp-block-embed__wrapper\">\n<blockquote class=\"twitter-tweet\" data-width=\"525\" data-dnt=\"true\"><p lang=\"es\" dir=\"ltr\">El honor es m\u00edo. \u00a1Gracias por la invitaci\u00f3n! <a href=\"https:\/\/t.co\/P0L7Ia51FA\">https:\/\/t.co\/P0L7Ia51FA<\/a><\/p>&mdash; Kira Schroder (@GetSource) <a href=\"https:\/\/twitter.com\/GetSource\/status\/1063769140178112512?ref_src=twsrc%5Etfw\">November 17, 2018<\/a><\/blockquote><script async src=\"https:\/\/platform.twitter.com\/widgets.js\" charset=\"utf-8\"><\/script>\n<\/div><\/figure>\n\n\n\n<blockquote class=\"wp-block-quote is-layout-flow wp-block-quote-is-layout-flow\"><p> Las mismas 8:30 de la ma\u00f1ana y all\u00ed est\u00e1bamos, cogiendo fuerzas y esperando con ganas todo lo que se ven\u00eda. Aunque m\u00e1s adelante nos dar\u00edamos cuenta de que fuerzas no nos iban a faltar, precisamente, gracias a todo el desayuno, almuerzo y merienda que nos encontrar\u00edamos all\u00ed. \u00a1No nos falt\u00f3 de nada!  <\/p><cite> <strong><a href=\"https:\/\/baeticadigital.com\/wordcamp-granada-2018\/\" target=\"_blank\" rel=\"noreferrer noopener\" aria-label=\" (opens in a new tab)\">Baetica Digital Projects<\/a><\/strong> <\/cite><\/blockquote>\n\n\n\n<figure class=\"wp-block-embed-twitter wp-block-embed is-type-rich is-provider-twitter\"><div class=\"wp-block-embed__wrapper\">\nhttps:\/\/twitter.com\/weiko\/status\/1066483581881585664\n<\/div><\/figure>\n\n\n\n<blockquote class=\"wp-block-quote is-layout-flow wp-block-quote-is-layout-flow\"><p>&#8230;organizaci\u00f3n magn\u00edficamente capitaneada&#8230;<br><\/p><p>&#8230;hab\u00e9is hecho un trabajo magn\u00edfico del que pod\u00e9is sentiros muy orgullosos.&nbsp;<strong>Ya sois protagonistas de la historia de WordPress en Espa\u00f1a y no digamos en Granada<\/strong>. Os debemos una de las mejores WordCamps que ha habido. Eso solo se consigue con tanto esfuerzo como ilusi\u00f3n y de esto \u00faltimo s\u00e9 que os ha sobrado a raudales, se nota en cada detalle y en cada palabra que os he escuchado. Sois MUY GRANDES.<br><\/p><p>Por otra parte un equipazo de voluntarios que se han dejado la piel y sin los que nada hubiera sido posible.&nbsp;<strong>Son la gasolina de las WordCamp y han hecho un trabajo magn\u00edfico, atentos a todos los detalles<\/strong>. Tambi\u00e9n han tenido tiempo de disfrutar y eso es otro punto a favor de la organizaci\u00f3n. <\/p><cite><a href=\"https:\/\/pablomoratinos.es\/wordcamp-granada-2018\/\" target=\"_blank\" rel=\"noreferrer noopener\" aria-label=\" (opens in a new tab)\">Pablo Moratinos<\/a> <\/cite><\/blockquote>\n\n\n\n<figure class=\"wp-block-embed-twitter wp-block-embed is-type-rich is-provider-twitter\"><div class=\"wp-block-embed__wrapper\">\n<blockquote class=\"twitter-tweet\" data-width=\"525\" data-dnt=\"true\"><p lang=\"es\" dir=\"ltr\">Resumen de WordCamp Granada 2018 desde los ojos de un WordCamper enamorado de esta fant\u00e1stica comunidad. Sois lo m\u00e1s grande \u00a1lav\u00edn! <a href=\"https:\/\/t.co\/v0y87mLjYT\">https:\/\/t.co\/v0y87mLjYT<\/a> <a href=\"https:\/\/twitter.com\/hashtag\/WCGranada?src=hash&amp;ref_src=twsrc%5Etfw\">#WCGranada<\/a> <a href=\"https:\/\/twitter.com\/hashtag\/WordCamp?src=hash&amp;ref_src=twsrc%5Etfw\">#WordCamp<\/a> <a href=\"https:\/\/twitter.com\/hashtag\/WordPress?src=hash&amp;ref_src=twsrc%5Etfw\">#WordPress<\/a> <a href=\"https:\/\/twitter.com\/hashtag\/Granada?src=hash&amp;ref_src=twsrc%5Etfw\">#Granada<\/a> cc <a href=\"https:\/\/twitter.com\/WPGranada?ref_src=twsrc%5Etfw\">@WPGranada<\/a><\/p>&mdash; Pablo Moratinos (@pablomoratinos) <a href=\"https:\/\/twitter.com\/pablomoratinos\/status\/1064543713261699073?ref_src=twsrc%5Etfw\">November 19, 2018<\/a><\/blockquote><script async src=\"https:\/\/platform.twitter.com\/widgets.js\" charset=\"utf-8\"><\/script>\n<\/div><\/figure>\n\n\n\n<blockquote class=\"wp-block-quote is-layout-flow wp-block-quote-is-layout-flow\"><p> La WordCamp Granada ha sido la suma de todo lo que he contado a lo largo de este texto: amigos, compa\u00f1erismo, buen rollo, buena comida, turismo,conocimiento,&nbsp;<em>show<\/em>&nbsp;(en el que me incluyo) y,&nbsp;<strong>en resumen, WordPress<\/strong>. <\/p><cite><a href=\"https:\/\/2018.granada.wordcamp.org\/blog\/como-he-vivido-un-ano2018-de-wordcamp%EF%BB%BF-por-javier-casares\/\" target=\"_blank\" rel=\"noreferrer noopener\" aria-label=\" (opens in a new tab)\">Javier Casares<\/a><\/cite><\/blockquote>\n\n\n\n<figure class=\"wp-block-embed-twitter wp-block-embed is-type-rich is-provider-twitter\"><div class=\"wp-block-embed__wrapper\">\n<blockquote class=\"twitter-tweet\" data-width=\"525\" data-dnt=\"true\"><p lang=\"es\" dir=\"ltr\"><a href=\"https:\/\/twitter.com\/hashtag\/WCGranada?src=hash&amp;ref_src=twsrc%5Etfw\">#WCGranada<\/a> ha cerrado la ronda de WordCamps en Espa\u00f1a dejando un nivel alt\u00edsimo de calidad y atenci\u00f3n al detalle en todo. Es brutal que eventos organizados por voluntarios sean de tant\u00edsimo nivel, mejores que la mayor\u00eda de eventos profesionales \ud83d\udc4f\ud83d\udc4f\ud83d\udc4f\ud83d\udc4f\ud83d\udc4f\ud83d\udc4f\ud83d\udc4f\ud83d\udc4f\ud83d\udc4f\ud83d\udc4f\ud83d\udc4f\ud83d\udc4f\ud83d\udc4f\ud83d\udc4f\ud83d\udc4f\ud83d\udc4f\ud83d\udc4f<\/p>&mdash; Fernando Tellado \u24cc (@fernandot) <a href=\"https:\/\/twitter.com\/fernandot\/status\/1063874499668598785?ref_src=twsrc%5Etfw\">November 17, 2018<\/a><\/blockquote><script async src=\"https:\/\/platform.twitter.com\/widgets.js\" charset=\"utf-8\"><\/script>\n<\/div><\/figure>\n\n\n\n<figure class=\"wp-block-embed-twitter wp-block-embed is-type-rich is-provider-twitter\"><div class=\"wp-block-embed__wrapper\">\n<blockquote class=\"twitter-tweet\" data-width=\"525\" data-dnt=\"true\"><p lang=\"es\" dir=\"ltr\">Grand\u00edsimo e insuperable <a href=\"https:\/\/twitter.com\/frantorres?ref_src=twsrc%5Etfw\">@frantorres<\/a> en la apertura de una WordCamp m\u00e1s impresionante jam\u00e1s vista <a href=\"https:\/\/twitter.com\/hashtag\/wcgranada?src=hash&amp;ref_src=twsrc%5Etfw\">#wcgranada<\/a> <a href=\"https:\/\/t.co\/7C1wBVsPv8\">https:\/\/t.co\/7C1wBVsPv8<\/a><\/p>&mdash; Fernando Tellado \u24cc (@fernandot) <a href=\"https:\/\/twitter.com\/fernandot\/status\/1063721573436219392?ref_src=twsrc%5Etfw\">November 17, 2018<\/a><\/blockquote><script async src=\"https:\/\/platform.twitter.com\/widgets.js\" charset=\"utf-8\"><\/script>\n<\/div><\/figure>\n\n\n\n<blockquote class=\"wp-block-quote is-layout-flow wp-block-quote-is-layout-flow\"><p> Me he encontrado una comunidad muy diversa en todos los sentidos. Y sobre todo, una comunidad volcada con el software libre. El software libre en el sentido m\u00e1s amplio: no s\u00f3lo se trata de oye, mira, tienes este software que es gratis, qu\u00e9 guay, sino en una comunidad que es muy consciente de que hay que crear y difundir conocimiento libre, y que eso acaba beneficiando a todo el mundo: a tu empresa, a ti como persona, pero tambi\u00e9n a tu grupo m\u00e1s inmediato. <\/p><cite>JJ. Merelo de <a href=\"https:\/\/desdegranada.home.blog\/2018\/11\/17\/the-journey-begins\/\" target=\"_blank\" rel=\"noreferrer noopener\" aria-label=\" (opens in a new tab)\">Desde Gran\u00e1<\/a><\/cite><\/blockquote>\n\n\n\n<figure class=\"wp-block-embed-twitter wp-block-embed is-type-rich is-provider-twitter\"><div class=\"wp-block-embed__wrapper\">\nhttps:\/\/twitter.com\/katchristofer\/status\/1063834399878332416\n<\/div><\/figure>\n\n\n\n<figure class=\"wp-block-embed-twitter wp-block-embed is-type-rich is-provider-twitter\"><div class=\"wp-block-embed__wrapper\">\n<blockquote class=\"twitter-tweet\" data-width=\"525\" data-dnt=\"true\"><p lang=\"es\" dir=\"ltr\">Hay tanta gente buena en esta <a href=\"https:\/\/twitter.com\/hashtag\/comunidad?src=hash&amp;ref_src=twsrc%5Etfw\">#comunidad<\/a> que ni caben en la foto. Muchisimas gracias por vuestro trabajo, <a href=\"https:\/\/twitter.com\/WPGranada?ref_src=twsrc%5Etfw\">@WPGranada<\/a>! \ud83d\ude42 <a href=\"https:\/\/twitter.com\/hashtag\/WCGranada?src=hash&amp;ref_src=twsrc%5Etfw\">#WCGranada<\/a> <a href=\"https:\/\/t.co\/qZixdk7UJm\">pic.twitter.com\/qZixdk7UJm<\/a><\/p>&mdash; Iv\u00e1n Exp\u00f3sito (@exp_ivan) <a href=\"https:\/\/twitter.com\/exp_ivan\/status\/1063861461104164864?ref_src=twsrc%5Etfw\">November 17, 2018<\/a><\/blockquote><script async src=\"https:\/\/platform.twitter.com\/widgets.js\" charset=\"utf-8\"><\/script>\n<\/div><\/figure>\n\n\n\n<figure class=\"wp-block-embed-twitter wp-block-embed is-type-rich is-provider-twitter\"><div class=\"wp-block-embed__wrapper\">\n<blockquote class=\"twitter-tweet\" data-width=\"525\" data-dnt=\"true\"><p lang=\"es\" dir=\"ltr\">Menuda maravilla la <a href=\"https:\/\/twitter.com\/hashtag\/WCGranada?src=hash&amp;ref_src=twsrc%5Etfw\">#WCGranada<\/a>, el \u00faltimo evento de la comunidad WordPress. De verdad, much\u00edsimas gracias a todos los voluntarios de <a href=\"https:\/\/twitter.com\/WPGranada?ref_src=twsrc%5Etfw\">@WPGranada<\/a> que habeis montado un evento tan memorable. Espero que nos veamos a la siguiente en Zaragoza! Hab\u00e9is puesto el list\u00f3n muy alto. <a href=\"https:\/\/t.co\/yjYdLAoU2D\">pic.twitter.com\/yjYdLAoU2D<\/a><\/p>&mdash; Diego Esteban Gisbert (@Diego_EsGis) <a href=\"https:\/\/twitter.com\/Diego_EsGis\/status\/1064503420416155648?ref_src=twsrc%5Etfw\">November 19, 2018<\/a><\/blockquote><script async src=\"https:\/\/platform.twitter.com\/widgets.js\" charset=\"utf-8\"><\/script>\n<\/div><\/figure>\n\n\n\n<figure class=\"wp-block-embed-twitter wp-block-embed is-type-rich is-provider-twitter\"><div class=\"wp-block-embed__wrapper\">\n<blockquote class=\"twitter-tweet\" data-width=\"525\" data-dnt=\"true\"><p lang=\"es\" dir=\"ltr\">In love con el <a href=\"https:\/\/twitter.com\/hashtag\/wapuu?src=hash&amp;ref_src=twsrc%5Etfw\">#wapuu<\/a> granadino! \ud83d\ude0d <a href=\"https:\/\/twitter.com\/hashtag\/WCGranada?src=hash&amp;ref_src=twsrc%5Etfw\">#WCGranada<\/a> <a href=\"https:\/\/t.co\/TQXmKFlqYr\">pic.twitter.com\/TQXmKFlqYr<\/a><\/p>&mdash; Beatriz Lavela P\u00e9rez (@BeatrizLavela) <a href=\"https:\/\/twitter.com\/BeatrizLavela\/status\/1063727737851047936?ref_src=twsrc%5Etfw\">November 17, 2018<\/a><\/blockquote><script async src=\"https:\/\/platform.twitter.com\/widgets.js\" charset=\"utf-8\"><\/script>\n<\/div><\/figure>\n\n\n\n<figure class=\"wp-block-embed-twitter wp-block-embed is-type-rich is-provider-twitter\"><div class=\"wp-block-embed__wrapper\">\n<blockquote class=\"twitter-tweet\" data-width=\"525\" data-dnt=\"true\"><p lang=\"es\" dir=\"ltr\">La zona de guarder\u00eda de la <a href=\"https:\/\/twitter.com\/WPGranada?ref_src=twsrc%5Etfw\">@WPGranada<\/a> gestionada por <a href=\"https:\/\/twitter.com\/Catwoman_cri?ref_src=twsrc%5Etfw\">@Catwoman_cri<\/a>, <a href=\"https:\/\/twitter.com\/mereloc?ref_src=twsrc%5Etfw\">@mereloc<\/a> y <a href=\"https:\/\/twitter.com\/elens_merelo?ref_src=twsrc%5Etfw\">@elens_merelo<\/a> ha sido todo un exitazo \ud83d\udd1d <a href=\"https:\/\/twitter.com\/hashtag\/WCGranada?src=hash&amp;ref_src=twsrc%5Etfw\">#WCGranada<\/a> <a href=\"https:\/\/t.co\/QBzj55xUY3\">pic.twitter.com\/QBzj55xUY3<\/a><\/p>&mdash; Manuel Mart\u00edn (@draxus) <a href=\"https:\/\/twitter.com\/draxus\/status\/1063878014042296323?ref_src=twsrc%5Etfw\">November 17, 2018<\/a><\/blockquote><script async src=\"https:\/\/platform.twitter.com\/widgets.js\" charset=\"utf-8\"><\/script>\n<\/div><\/figure>\n\n\n\n<figure class=\"wp-block-embed-twitter wp-block-embed is-type-rich is-provider-twitter\"><div class=\"wp-block-embed__wrapper\">\n<blockquote class=\"twitter-tweet\" data-width=\"525\" data-dnt=\"true\"><p lang=\"es\" dir=\"ltr\">La primera wordcamp a la que asisto ten\u00eda que ser esta \ud83d\ude42 <a href=\"https:\/\/twitter.com\/hashtag\/WCGranada?src=hash&amp;ref_src=twsrc%5Etfw\">#WCGranada<\/a> Ha sido genial!!! Enhorabuena <a href=\"https:\/\/twitter.com\/WPGranada?ref_src=twsrc%5Etfw\">@WPGranada<\/a>!! Mi palabra grana\u00edna es Bulla <a href=\"https:\/\/twitter.com\/hashtag\/EncuentraTuMediaGranada?src=hash&amp;ref_src=twsrc%5Etfw\">#EncuentraTuMediaGranada<\/a> <a href=\"https:\/\/t.co\/jEjM8CQFUd\">pic.twitter.com\/jEjM8CQFUd<\/a><\/p>&mdash; Sonia Gil (@soniagil_) <a href=\"https:\/\/twitter.com\/soniagil_\/status\/1063881631008808961?ref_src=twsrc%5Etfw\">November 17, 2018<\/a><\/blockquote><script async src=\"https:\/\/platform.twitter.com\/widgets.js\" charset=\"utf-8\"><\/script>\n<\/div><\/figure>\n\n\n\n<p class=\"wp-block-paragraph\">Estas son algunas de las opiniones e impresiones que se llevaron participantes de todo tipo a la WordCamp 2018. Ponentes, organizadores, voluntarios y asistentes. Todos salimos con muy buen sabor de boca, mucho aprendido y compartido y con una sensaci\u00f3n inconfundible, la de comunidad.<\/p>\n\n\n\n<p class=\"wp-block-paragraph\">Tanto nos gust\u00f3 la experiencia que este a\u00f1o queremos repetirla. Por ello <strong>os animamos a todos a disfrutar de WordCamp Granada 2019.<\/strong> La organizaci\u00f3n y voluntarios prometemos dar el 100% de nosotros para volver a pasar unas jornadas WordCamp para el recuerdo&#8230; Y es que, las locuras tambi\u00e9n se contagian&#8230; ;P \u00bfTe animas a venir?<\/p>\n\n\n\n<p class=\"wp-block-paragraph\"><\/p>\n\n\n\n<p class=\"wp-block-paragraph\"><\/p>\n","protected":false},"excerpt":{"rendered":"<p>Dicen por ah\u00ed que las grandes locuras dejan buenos recuerdos. WordCamp Granada 2018 fue una de esas \u00ablocuras\u00bb que guardaremos en la memoria todos los que formamos parte de ella, desde los organizadores, pasando por los voluntarios, ponentes y asistentes a la misma. Y es que fue la primera en la ciudad, y adem\u00e1s, sali\u00f3 &hellip; <\/p>\n<p class=\"link-more\"><a href=\"https:\/\/granada.wordcamp.org\/2019\/testimonios-wordcamp-granada-2018\/\" class=\"more-link\">Continuar leyendo<span class=\"screen-reader-text\"> \u00abTestimonios WordCamp Granada 2018\u00bb<\/span><\/a><\/p>\n","protected":false},"author":16837856,"featured_media":0,"parent":0,"menu_order":0,"comment_status":"closed","ping_status":"closed","template":"","meta":{"_crdt_document":"","jetpack_post_was_ever_published":false,"footnotes":""},"class_list":["post-516","page","type-page","status-publish","hentry"],"jetpack_sharing_enabled":true,"jetpack_shortlink":"https:\/\/wp.me\/PaUkwA-8k","_links":{"self":[{"href":"https:\/\/granada.wordcamp.org\/2019\/wp-json\/wp\/v2\/pages\/516","targetHints":{"allow":["GET"]}}],"collection":[{"href":"https:\/\/granada.wordcamp.org\/2019\/wp-json\/wp\/v2\/pages"}],"about":[{"href":"https:\/\/granada.wordcamp.org\/2019\/wp-json\/wp\/v2\/types\/page"}],"author":[{"embeddable":true,"href":"https:\/\/granada.wordcamp.org\/2019\/wp-json\/wp\/v2\/users\/16837856"}],"replies":[{"embeddable":true,"href":"https:\/\/granada.wordcamp.org\/2019\/wp-json\/wp\/v2\/comments?post=516"}],"version-history":[{"count":7,"href":"https:\/\/granada.wordcamp.org\/2019\/wp-json\/wp\/v2\/pages\/516\/revisions"}],"predecessor-version":[{"id":892,"href":"https:\/\/granada.wordcamp.org\/2019\/wp-json\/wp\/v2\/pages\/516\/revisions\/892"}],"wp:attachment":[{"href":"https:\/\/granada.wordcamp.org\/2019\/wp-json\/wp\/v2\/media?parent=516"}],"curies":[{"name":"wp","href":"https:\/\/api.w.org\/{rel}","templated":true}]}}