{"id":619,"date":"2019-07-12T17:50:50","date_gmt":"2019-07-12T15:50:50","guid":{"rendered":"https:\/\/2019.granada.wordcamp.org\/?page_id=619"},"modified":"2019-07-12T17:52:04","modified_gmt":"2019-07-12T15:52:04","slug":"que-encontraras-wordcamp-granada","status":"publish","type":"page","link":"https:\/\/granada.wordcamp.org\/2019\/asistentes\/que-encontraras-wordcamp-granada\/","title":{"rendered":"\u00bfQu\u00e9 encontrar\u00e1s en WordCamp Granada?"},"content":{"rendered":"\n<p class=\"wp-block-paragraph\">Toda WordCamp es&nbsp;<strong>un evento sin \u00e1nimo de lucro de dos d\u00edas de duraci\u00f3n centrado en WordPress<\/strong>&nbsp;y organizado por los voluntarios de la comunidad de WordPress local con el apoyo de la WordPress Foundation, organizaci\u00f3n internacional con amplia experiencia en estos eventos a lo largo y ancho de todo el mundo.<\/p>\n\n\n\n<h2 class=\"wp-block-heading\">\u00bfQu\u00e9 es una WordCamp?<\/h2>\n\n\n\n<p class=\"wp-block-paragraph\">No es una conferencia exclusiva con contenidos sobre desarrollo y programaci\u00f3n, sino que&nbsp;<strong>cualquier tema relacionado con WordPress<\/strong>&nbsp;a cualquier nivel es bienvenido: blogs, negocios, accesibilidad, redes sociales, tiendas online\u2026<\/p>\n\n\n\n<p class=\"wp-block-paragraph\">Las WordCamp no son eventos grandes y caros. Su objetivo es&nbsp;<strong>ser asequible para permitir a todo el mundo asistir, conocer a gente, compartir y aprender<\/strong>. Los patrocinadores y las donaciones hacen esto posible, permitiendo tener precios de entradas bajos (25 euros por dos d\u00edas).<\/p>\n\n\n\n<p class=\"wp-block-paragraph\">Se celebran WordCamps por todo el mundo y todas est\u00e1n organizadas por usuarios, desarrolladores y fans de WordPress locales. Los ponentes tambi\u00e9n son&nbsp;<strong>voluntarios<\/strong>&nbsp;y el dinero recaudado con las entradas y los patrocinios&nbsp;<strong>repercute exclusivamente en el propio evento<\/strong>&nbsp;(comida para los dos d\u00edas, caf\u00e9s, refrescos, camiseta conmemorativa, impresi\u00f3n, carteler\u00eda\u2026).<\/p>\n\n\n\n<p class=\"wp-block-paragraph\">Si existe super\u00e1vit, el dinero&nbsp;<strong>se dona a la Fundaci\u00f3n<\/strong>&nbsp;para colaborar con otros eventos de otros continentes donde es m\u00e1s complicado conseguirlo; y si hay excedentes de comida\/bebida, se colabora con asociaciones locales que necesiten de ello.<\/p>\n\n\n\n<h2 class=\"wp-block-heading\">\u00bfQu\u00e9 ocurrir\u00e1 en WordCamp Granada?<\/h2>\n\n\n\n<p class=\"wp-block-paragraph\">La WordCamp Granada, como&nbsp;<strong>segunda WordCamp que se celebrar\u00e1 en la ciudad de la Alhambra<\/strong>, despu\u00e9s del \u00e9xito del a\u00f1o pasado, espera una&nbsp;<strong>asistencia de 400 personas<\/strong>&nbsp;y se propone acercar a la comunidad andaluza y de otros lugares de Espa\u00f1a los mejores contenidos con ponentes de todo el pa\u00eds y, tambi\u00e9n, poner en valor el trabajo y conocimiento de los profesionales de aqu\u00ed.<\/p>\n\n\n\n<p class=\"wp-block-paragraph\">A diferencia de otras WordCamps, comenzaremos con el <strong>D\u00eda del Contribuidor<\/strong> en la jornada del viernes, donde aprenderemos a colaborar en el proyecto de WordPress en diferentes \u00e1mbitos: traducci\u00f3n, soporte, desarrollo, v\u00eddeo, etc. En la jornada del s\u00e1bado habr\u00e1\u00a0<strong>3\u00a0<em>tracks<\/em>\u00a0de conferencias<\/strong>\u00a0con m\u00e1s de 30 ponentes que abarcar\u00e1n todas las tem\u00e1ticas posibles para que tanto novatos como expertos aprendan y disfruten.<\/p>\n\n\n\n<p class=\"wp-block-paragraph\">Adem\u00e1s, se celebrar\u00e1n diferentes actividades como una cena para ponentes, voluntarios y patrocinadores, y el domingo, ya un poco m\u00e1s relajados, conoceremos la ciudad dando un paseo por sus calles y conociendo algunos de sus monumentos.<\/p>\n","protected":false},"excerpt":{"rendered":"<p>Toda WordCamp es&nbsp;un evento sin \u00e1nimo de lucro de dos d\u00edas de duraci\u00f3n centrado en WordPress&nbsp;y organizado por los voluntarios de la comunidad de WordPress local con el apoyo de la WordPress Foundation, organizaci\u00f3n internacional con amplia experiencia en estos eventos a lo largo y ancho de todo el mundo. \u00bfQu\u00e9 es una WordCamp? No &hellip; <\/p>\n<p class=\"link-more\"><a href=\"https:\/\/granada.wordcamp.org\/2019\/asistentes\/que-encontraras-wordcamp-granada\/\" class=\"more-link\">Continuar leyendo<span class=\"screen-reader-text\"> \u00ab\u00bfQu\u00e9 encontrar\u00e1s en WordCamp Granada?\u00bb<\/span><\/a><\/p>\n","protected":false},"author":14405179,"featured_media":0,"parent":14,"menu_order":0,"comment_status":"closed","ping_status":"closed","template":"","meta":{"_crdt_document":"","jetpack_post_was_ever_published":false,"footnotes":""},"class_list":["post-619","page","type-page","status-publish","hentry"],"jetpack_sharing_enabled":true,"jetpack_shortlink":"https:\/\/wp.me\/PaUkwA-9Z","_links":{"self":[{"href":"https:\/\/granada.wordcamp.org\/2019\/wp-json\/wp\/v2\/pages\/619","targetHints":{"allow":["GET"]}}],"collection":[{"href":"https:\/\/granada.wordcamp.org\/2019\/wp-json\/wp\/v2\/pages"}],"about":[{"href":"https:\/\/granada.wordcamp.org\/2019\/wp-json\/wp\/v2\/types\/page"}],"author":[{"embeddable":true,"href":"https:\/\/granada.wordcamp.org\/2019\/wp-json\/wp\/v2\/users\/14405179"}],"replies":[{"embeddable":true,"href":"https:\/\/granada.wordcamp.org\/2019\/wp-json\/wp\/v2\/comments?post=619"}],"version-history":[{"count":3,"href":"https:\/\/granada.wordcamp.org\/2019\/wp-json\/wp\/v2\/pages\/619\/revisions"}],"predecessor-version":[{"id":703,"href":"https:\/\/granada.wordcamp.org\/2019\/wp-json\/wp\/v2\/pages\/619\/revisions\/703"}],"up":[{"embeddable":true,"href":"https:\/\/granada.wordcamp.org\/2019\/wp-json\/wp\/v2\/pages\/14"}],"wp:attachment":[{"href":"https:\/\/granada.wordcamp.org\/2019\/wp-json\/wp\/v2\/media?parent=619"}],"curies":[{"name":"wp","href":"https:\/\/api.w.org\/{rel}","templated":true}]}}