{"id":943,"date":"2019-07-16T16:50:26","date_gmt":"2019-07-16T14:50:26","guid":{"rendered":"https:\/\/2019.granada.wordcamp.org\/?page_id=943"},"modified":"2019-09-30T09:22:52","modified_gmt":"2019-09-30T07:22:52","slug":"voluntarios","status":"publish","type":"page","link":"https:\/\/granada.wordcamp.org\/2019\/voluntarios\/","title":{"rendered":"Llamada a voluntarios \/ Call for volunteers"},"content":{"rendered":"\n<p class=\"wp-block-paragraph\" style=\"text-align:center\"><strong>Espa\u00f1ol<\/strong><\/p>\n\n\n\n<h2 class=\"wp-block-heading\">\u00bfQuieres formar parte del equipo de voluntarios de WordCamp Granada 2019? <\/h2>\n\n\n\n<p class=\"wp-block-paragraph\">Una WordCamp es un evento organizado por personas voluntarias, WordPressers con ganas de ceder parte de su tiempo y esfuerzo con el objetivo com\u00fan de que todos disfrutemos de un fin de semana en Comunidad. Y es que lo mejor de una WordCamp son las personas. Eres t\u00fa, \u00e9l, ella, yo y todos los que participamos en ella. <\/p>\n\n\n\n<div class=\"wp-block-image\"><figure class=\"aligncenter\"><img loading=\"lazy\" decoding=\"async\" width=\"5472\" height=\"3648\" src=\"https:\/\/2019.granada.wordcamp.org\/files\/2019\/07\/voluntarios-WordCamp-Granada-2018.jpg\" alt=\"Voluntarios WordCamp Granada 2018\" class=\"wp-image-963\" srcset=\"https:\/\/granada.wordcamp.org\/2019\/files\/2019\/07\/voluntarios-WordCamp-Granada-2018.jpg 5472w, https:\/\/granada.wordcamp.org\/2019\/files\/2019\/07\/voluntarios-WordCamp-Granada-2018-300x200.jpg 300w, https:\/\/granada.wordcamp.org\/2019\/files\/2019\/07\/voluntarios-WordCamp-Granada-2018-768x512.jpg 768w, https:\/\/granada.wordcamp.org\/2019\/files\/2019\/07\/voluntarios-WordCamp-Granada-2018-1024x683.jpg 1024w, https:\/\/granada.wordcamp.org\/2019\/files\/2019\/07\/voluntarios-WordCamp-Granada-2018-450x300.jpg 450w\" sizes=\"auto, (max-width: 767px) 89vw, (max-width: 1000px) 54vw, (max-width: 1071px) 543px, 580px\" \/><figcaption><em>Voluntarios WordCamp Granada 2018<\/em><\/figcaption><\/figure><\/div>\n\n\n\n<p class=\"wp-block-paragraph\" style=\"text-align:center\"><strong>English<\/strong><\/p>\n\n\n\n<h2 class=\"wp-block-heading\">Would you like to be part of the WordCamp 2019 Volunteers Team? <\/h2>\n\n\n\n<p class=\"wp-block-paragraph\">A WordCamp is an event organized by volunteers, WordPressers wanting to give up part of their time and effort with the common goal of making us to enjoy a weekend in Community. And the best thing about a WordCamp is people. It&#8217;s you, he, she, me and everyone who participates in it. <\/p>\n\n\n\n<hr class=\"wp-block-separator\" \/>\n\n\n\n<p class=\"wp-block-paragraph\" style=\"text-align:center\"><strong>Espa\u00f1ol<\/strong><\/p>\n\n\n\n<h2 class=\"wp-block-heading\">\u00bfPor qu\u00e9 hacerme voluntaria\/o?<\/h2>\n\n\n\n<p class=\"wp-block-paragraph\">Sin los voluntarios y voluntarias la WordCamp no ser\u00eda posible, son parte imprescindible del equipo durante la WordCamp. Pero es que adem\u00e1s, formar parte del equipo de voluntarios y voluntarias tambi\u00e9n te da muchas cosas: <\/p>\n\n\n\n<ul class=\"wp-block-list\"><li>Experimentar\u00e1s en primera persona c\u00f3mo sucede todo desde dentro. <\/li><li>Compartir\u00e1s todo el evento con la organizaci\u00f3n, los ponentes, los patrocinadores y todos los asistentes. <\/li><li>Asistir\u00e1s a la cena de ponentes, organizadores y patrocinadores <\/li><li>Tendr\u00e1s algunos ratitos libres para asistir a esas ponencias que no querr\u00edas perderte por nada del mundo.  <\/li><li>Tendr\u00e1s una camiseta exclusiva de voluntario\/a de #WCGranada 2019 \ud83d\ude42 <\/li><li>Tu entrada corre de nuestra cuenta.<\/li><\/ul>\n\n\n\n<p class=\"wp-block-paragraph\" style=\"text-align:center\"><strong>English<\/strong><\/p>\n\n\n\n<h2 class=\"wp-block-heading\">Why become a volunteer?<\/h2>\n\n\n\n<p class=\"wp-block-paragraph\">Without the volunteers, a WordCamp would not be possible, they are an essential part of the team during WordCamp. In addition, being part of the team of volunteers also gives you many things: <\/p>\n\n\n\n<ul class=\"wp-block-list\"><li>You will experience in first person how everything happens from within.<\/li><li>You will share the entire event with the organizers, speakers, sponsors and all the attendees.<\/li><li>You will attend the dinner of speakers, organizers and sponsors.<\/li><li>You will have some free time to attend those presentations that you would not want to miss for anything in the world.<\/li><li>You will have an exclusive #WCGranada 2019 volunteer T-shirt \ud83d\ude42<\/li><li>Your ticket is on us. <\/li><\/ul>\n\n\n\n<hr class=\"wp-block-separator\" \/>\n\n\n\n<p class=\"wp-block-paragraph\" style=\"text-align:center\"><strong>Espa\u00f1ol<\/strong><\/p>\n\n\n\n<h2 class=\"wp-block-heading\">\u00a1Bien! \u00a1Quieres formar parte del equipazo! \u00bfEn qu\u00e9 podr\u00e1s ayudar? <\/h2>\n\n\n\n<p class=\"wp-block-paragraph\">Son muchos los preparativos previos, durante y post WordCamp. Por eso los voluntarios y voluntarias son un pilar fundamental en el funcionamiento de estos d\u00edas. Las tareas en las que participar\u00e1s como voluntario\/a son: <\/p>\n\n\n\n<ul class=\"wp-block-list\"><li>Preparaci\u00f3n, organizaci\u00f3n y entrega de <strong>acreditaciones<\/strong> <\/li><li>Preparaci\u00f3n, organizaci\u00f3n y entrega de <strong>swag<\/strong><\/li><li>Asistencia a <strong>ponentes<\/strong><\/li><li>Ayudar en el montaje de las <strong>salas<\/strong><\/li><li>Atenci\u00f3n a <strong>patrocinadores<\/strong> <\/li><li>Colaborar en los momentos de <strong>caf\u00e9 y comida<\/strong><\/li><li>Control de <strong>tiempos<\/strong> en salas<\/li><li>Control de <strong>micr\u00f3fonos<\/strong> en salas durante la ronda de preguntas<\/li><li><strong>Log\u00edstica<\/strong> en general<\/li><li>Ayudar a los <strong>asistentes<\/strong> resolviendo dudas, acompa\u00f1\u00e1ndolos y fomentando en buen rollo \ud83d\ude42 <\/li><li>Ayudar en la <strong>comunicaci\u00f3n<\/strong> del evento<\/li><\/ul>\n\n\n\n<p class=\"wp-block-paragraph\" style=\"text-align:center\"><strong>English<\/strong><\/p>\n\n\n\n<h2 class=\"wp-block-heading\">Great! You are up to become part of the awesome team! How can you help? <\/h2>\n\n\n\n<p class=\"wp-block-paragraph\">There are many previous preparations, during and post WordCamp. That is why the volunteers are a essential pillar these days for the WordCamp to run properly. The tasks in which you will participate as a volunteer are:<\/p>\n\n\n\n<ul class=\"wp-block-list\"><li>Preparation, organization and <strong>accreditations<\/strong> hand-over<\/li><li>Preparation, organization and <strong>swag<\/strong> hand-over<\/li><li><strong>Speakers<\/strong> Assistance<\/li><li>Help in the <strong>halls<\/strong> set-up<\/li><li><strong>Sponsors<\/strong> Service<\/li><li>Collaborate in <strong>coffee and food<\/strong> breaks<\/li><li>Halls<strong> time<\/strong> control<\/li><li><strong>Microphones <\/strong>control in the halls during the round of questions<\/li><li><strong>Logistics<\/strong> in general<\/li><li>Help <strong>attendees<\/strong> answering questions, accompanying them and encouraging them to provide a good environment. \ud83d\ude42<\/li><li>Help in the <strong>communication tasks<\/strong> of the event<\/li><\/ul>\n\n\n\n<hr class=\"wp-block-separator\" \/>\n\n\n\n<p class=\"wp-block-paragraph\" style=\"text-align:center\"><strong>Espa\u00f1ol<\/strong><\/p>\n\n\n\n<h2 class=\"wp-block-heading\">\u00a1Ya puedes enviarnos tu solicitud para ser voluntario\/a! <\/h2>\n\n\n\n<p class=\"wp-block-paragraph\">S\u00f3lo tienes que rellenar el siguiente formulario del 16 al 29 de septiembre<\/p>\n\n\n\n<p class=\"wp-block-paragraph\" style=\"text-align:center\"><strong>English<\/strong><\/p>\n\n\n\n<h2 class=\"wp-block-heading\">You can now send us your request to be a volunteer!<\/h2>\n\n\n\n<p class=\"wp-block-paragraph\">You only have to fill in this form from 16 to 29 september<\/p>\n","protected":false},"excerpt":{"rendered":"<p>\u00bfQuieres formar parte del equipo de voluntarios de WordCamp Granada 2019? Una WordCamp es un evento organizado por personas voluntarias, WordPressers con ganas de ceder parte de su tiempo y esfuerzo con el objetivo com\u00fan de que todos disfrutemos de un fin de semana en Comunidad. Y es que lo mejor de una WordCamp son &hellip; <\/p>\n<p class=\"link-more\"><a href=\"https:\/\/granada.wordcamp.org\/2019\/voluntarios\/\" class=\"more-link\">Continuar leyendo<span class=\"screen-reader-text\"> \u00abLlamada a voluntarios \/ Call for volunteers\u00bb<\/span><\/a><\/p>\n","protected":false},"author":15787004,"featured_media":963,"parent":0,"menu_order":0,"comment_status":"closed","ping_status":"closed","template":"","meta":{"_crdt_document":"","jetpack_post_was_ever_published":false,"footnotes":""},"class_list":["post-943","page","type-page","status-publish","has-post-thumbnail","hentry"],"jetpack_sharing_enabled":true,"jetpack_shortlink":"https:\/\/wp.me\/PaUkwA-fd","_links":{"self":[{"href":"https:\/\/granada.wordcamp.org\/2019\/wp-json\/wp\/v2\/pages\/943","targetHints":{"allow":["GET"]}}],"collection":[{"href":"https:\/\/granada.wordcamp.org\/2019\/wp-json\/wp\/v2\/pages"}],"about":[{"href":"https:\/\/granada.wordcamp.org\/2019\/wp-json\/wp\/v2\/types\/page"}],"author":[{"embeddable":true,"href":"https:\/\/granada.wordcamp.org\/2019\/wp-json\/wp\/v2\/users\/15787004"}],"replies":[{"embeddable":true,"href":"https:\/\/granada.wordcamp.org\/2019\/wp-json\/wp\/v2\/comments?post=943"}],"version-history":[{"count":11,"href":"https:\/\/granada.wordcamp.org\/2019\/wp-json\/wp\/v2\/pages\/943\/revisions"}],"predecessor-version":[{"id":1622,"href":"https:\/\/granada.wordcamp.org\/2019\/wp-json\/wp\/v2\/pages\/943\/revisions\/1622"}],"wp:featuredmedia":[{"embeddable":true,"href":"https:\/\/granada.wordcamp.org\/2019\/wp-json\/wp\/v2\/media\/963"}],"wp:attachment":[{"href":"https:\/\/granada.wordcamp.org\/2019\/wp-json\/wp\/v2\/media?parent=943"}],"curies":[{"name":"wp","href":"https:\/\/api.w.org\/{rel}","templated":true}]}}