{"id":13,"date":"2024-05-21T09:25:51","date_gmt":"2024-05-21T07:25:51","guid":{"rendered":"https:\/\/granada.wordcamp.org\/2024\/?page_id=13"},"modified":"2024-11-12T19:43:07","modified_gmt":"2024-11-12T18:43:07","slug":"tickets","status":"publish","type":"page","link":"https:\/\/granada.wordcamp.org\/2024\/tickets\/","title":{"rendered":"Comprar entradas"},"content":{"rendered":"\n<details class=\"wp-block-details is-style-default is-layout-flow wp-container-core-details-is-layout-c6aab7f7 wp-block-details-is-layout-flow\"><summary>English<\/summary>\n<div class=\"wp-block-columns is-layout-flex wp-container-core-columns-is-layout-3a88641f wp-block-columns-is-layout-flex\">\n<div class=\"wp-block-column is-layout-flow wp-block-column-is-layout-flow\" style=\"flex-basis:66.66%\">\n<p class=\"wp-block-paragraph\">Here you can purchase your <strong>ticket for WordCamp Granada 2024<\/strong>, the <em>Open Congress on Innovation in Tourism<\/em> to be held on October 26th and 27th, 2024 in Granada.<\/p>\n\n\n\n<p class=\"wp-block-paragraph\">Your ticket includes:<\/p>\n\n\n\n<ul class=\"wp-block-list\">\n<li>Attendance to both days of the event: activities on October 26 + Contributor Day on October 27.<\/li>\n\n\n\n<li>Lunch, snacks, coffee \/ tea \/ water.<\/li>\n\n\n\n<li>Welcome pack.<\/li>\n\n\n\n<li>Invitation to the After Party on Saturday night.<\/li>\n<\/ul>\n\n\n\n<p class=\"wp-block-paragraph\">If you choose to appear on the attendee page, this information will be displayed:<\/p>\n\n\n\n<ul class=\"wp-block-list\">\n<li>Name on the attendee page<\/li>\n\n\n\n<li>Gravatar.com profile picture<\/li>\n<\/ul>\n<\/div>\n\n\n\n<div class=\"wp-block-column is-layout-flow wp-block-column-is-layout-flow\" style=\"flex-basis:33.33%\">\n<p class=\"has-large-font-size wp-block-paragraph\">Before you buy your ticket:<\/p>\n\n\n\n<ul class=\"wp-block-list\">\n<li>Would you like to be a <strong>speaker<\/strong>, help as a <strong>volunteer <\/strong>or <strong>sponsor<\/strong>? Don&#8217;t buy your ticket yet! If you are selected, your attendance will be free.<\/li>\n\n\n\n<li>For community building and promotional purposes, there will be volunteer and\/or professional photographers at this WordCamp Granada. By attending the event, you give your consent for your image to be used in the resulting photos or videos that may show your participation in this WordCamp.<\/li>\n<\/ul>\n<\/div>\n<\/div>\n<\/details>\n\n\n\n<div class=\"wp-block-columns is-layout-flex wp-container-core-columns-is-layout-3a88641f wp-block-columns-is-layout-flex\">\n<div class=\"wp-block-column is-layout-flow wp-block-column-is-layout-flow\" style=\"flex-basis:66.66%\">\n<p class=\"wp-block-paragraph\">Aqu\u00ed puedes adquirir tu <strong>entrada para WordCamp Granada 2024<\/strong>, el <em>Congreso Abierto de Innovaci\u00f3n en Turismo<\/em> que se celebrar\u00e1 los d\u00edas 26 y 27 de octubre de 2024 en Granada.<\/p>\n\n\n\n<p class=\"wp-block-paragraph\">Tu entrada incluye:<\/p>\n\n\n\n<ul class=\"wp-block-list\">\n<li>Asistencia a los dos d\u00edas del evento: actividades el 26 octubre + Contributor Day el 27 octubre.<\/li>\n\n\n\n<li>Comidas, aperitivos, caf\u00e9s \/ infusiones \/ agua.<\/li>\n\n\n\n<li>Pack de bienvenida.<\/li>\n\n\n\n<li>Invitaci\u00f3n a la After Party del s\u00e1bado por la noche.<\/li>\n<\/ul>\n\n\n\n<p class=\"wp-block-paragraph\">Si eliges aparecer en la p\u00e1gina de asistentes, se mostrar\u00e1 esta informaci\u00f3n:<\/p>\n\n\n\n<ul class=\"wp-block-list\">\n<li>Nombre en la p\u00e1gina de asistentes<\/li>\n\n\n\n<li>Foto de perfil de <a href=\"https:\/\/gravatar.com\/\" data-type=\"link\" data-id=\"https:\/\/gravatar.com\/\" target=\"_blank\" rel=\"noreferrer noopener nofollow\">Gravatar.com<\/a><\/li>\n<\/ul>\n<\/div>\n\n\n\n<div class=\"wp-block-column is-layout-flow wp-block-column-is-layout-flow\" style=\"flex-basis:33.33%\">\n<p class=\"has-large-font-size wp-block-paragraph\">Antes de comprar tu entrada:<\/p>\n\n\n\n<ul class=\"wp-block-list has-medium-font-size\">\n<li>\u00bfTe gustar\u00eda <a href=\"https:\/\/granada.wordcamp.org\/2024\/patrocinadores\/\" data-type=\"page\" data-id=\"10\"><strong>patrocinar<\/strong> este evento<\/a>? \u00a1No compres a\u00fan tu entrada! Si te seleccionamos, tu asistencia ser\u00e1 gratuita.<\/li>\n\n\n\n<li>Con el fin de crear Comunidad y con fines promocionales, habr\u00e1 fot\u00f3grafos voluntarios y\/o profesionales en esta WordCamp Granada. Al asistir al evento, das tu consentimiento para que tu imagen sea utilizada en las fotos o v\u00eddeos resultantes que puedan mostrar tu participaci\u00f3n en esta WordCamp.<\/li>\n\n\n\n<li>Ponentes y voluntarios disponen de una entrada gratuita por su contribuci\u00f3n.<\/li>\n<\/ul>\n<\/div>\n<\/div>\n\n\n\n<div style=\"height:var(--wp--preset--spacing--30)\" aria-hidden=\"true\" class=\"wp-block-spacer\"><\/div>\n\n\n\n<div style=\"height:var(--wp--preset--spacing--30)\" aria-hidden=\"true\" class=\"wp-block-spacer\"><\/div>\n\n\n\n<h2 class=\"wp-block-heading\">Compra tu entrada<\/h2>\n\n\n\n<p class=\"wp-block-paragraph\">Si tienes alguna duda en el proceso de compra de tickets, no dudes en escribirnos a <strong><a href=\"mailto:granada@wordcamp.org\">granada@wordcamp.org<\/a><\/strong>, tambi\u00e9n t ayudamos mediante <strong>WhatsApp <\/strong> \ud83d\ude42 \u00a1Nos vemos el d\u00eda 26!<\/p>\n\n\n\n<div class=\"wp-block-columns has-custom-sand-background-color has-background is-layout-flex wp-container-core-columns-is-layout-3a88641f wp-block-columns-is-layout-flex\">\n<div class=\"wp-block-column is-layout-flow wp-container-core-column-is-layout-dc30fa84 wp-block-column-is-layout-flow\" style=\"padding-right:var(--wp--preset--spacing--20);padding-left:var(--wp--preset--spacing--20)\">\n<p class=\"wp-block-paragraph\"><strong>IMPORTANTE: Antes de comprar tu entrada<\/strong>, aseg\u00farate de tener una cuenta en el sitio WordPress.ORG. \u00a1Es gratis!<\/p>\n\n\n\n<p class=\"wp-block-paragraph\">Si no tienes una cuenta, <a href=\"https:\/\/login.wordpress.org\/register?locale=es_ES&amp;redirect_to=https%3A%2F%2Flogin.wordpress.org%2F%3Ffrom%3Dgranada.wordcamp.org%26redirect_to%3Dhttps%253A%252F%252Fgranada.wordcamp.org%252F2024%252Ftickets%252F%26locale%3Des_ES\">por favor, hazte una cuenta gratuita<\/a> y luego contin\u00faa con la compra de tu entrada en este sitio.<\/p>\n\n\n\n<details class=\"wp-block-details has-small-font-size is-layout-flow wp-block-details-is-layout-flow\"><summary>\u00bfPor qu\u00e9 necesito una cuenta gratuita en WordPress.org para comprar una entrada?<\/summary>\n<p class=\"wp-block-paragraph\">Desde el 11 de octubre de 2024, es necesario tener una cuenta gratuita en wordpress.org para cuestiones como facilitarte el seguimiento de tu asistencia o si necesitas modificar alg\u00fan dato relacionado con tu entrada. Tambi\u00e9n as\u00ed se agiliza el funcionamiento de los talleres del Contributor Day (domingo 27 octubre).<\/p>\n<\/details>\n<\/div>\n<\/div>\n\n\n<a href=\"https:\/\/granada.wordcamp.org\/2024\/tickets\/\">Por favor, ve esta p\u00e1gina en un navegador para hacer una compra o gestionar entradas.<\/a>\n\n\n\n<p class=\"wp-block-paragraph\"><\/p>\n\n\n\n<p class=\"wp-block-paragraph\"><\/p>\n","protected":false},"excerpt":{"rendered":"<p>Aqu\u00ed puedes adquirir tu entrada para WordCamp Granada 2024, el Congreso Abierto de Innovaci\u00f3n en Turismo que se celebrar\u00e1 los d\u00edas 26 y 27 de octubre de 2024 en Granada. Tu entrada incluye: Si eliges aparecer en la p\u00e1gina de asistentes, se mostrar\u00e1 esta informaci\u00f3n: Antes de comprar tu entrada: Compra tu entrada Si tienes [&hellip;]<\/p>\n","protected":false},"author":16614963,"featured_media":2220,"parent":0,"menu_order":0,"comment_status":"closed","ping_status":"closed","template":"wp-custom-template-tickets","meta":{"_crdt_document":"","jetpack_post_was_ever_published":false,"footnotes":""},"class_list":["post-13","page","type-page","status-publish","has-post-thumbnail","hentry"],"jetpack_sharing_enabled":true,"_links":{"self":[{"href":"https:\/\/granada.wordcamp.org\/2024\/wp-json\/wp\/v2\/pages\/13","targetHints":{"allow":["GET"]}}],"collection":[{"href":"https:\/\/granada.wordcamp.org\/2024\/wp-json\/wp\/v2\/pages"}],"about":[{"href":"https:\/\/granada.wordcamp.org\/2024\/wp-json\/wp\/v2\/types\/page"}],"author":[{"embeddable":true,"href":"https:\/\/granada.wordcamp.org\/2024\/wp-json\/wp\/v2\/users\/16614963"}],"replies":[{"embeddable":true,"href":"https:\/\/granada.wordcamp.org\/2024\/wp-json\/wp\/v2\/comments?post=13"}],"version-history":[{"count":35,"href":"https:\/\/granada.wordcamp.org\/2024\/wp-json\/wp\/v2\/pages\/13\/revisions"}],"predecessor-version":[{"id":6068,"href":"https:\/\/granada.wordcamp.org\/2024\/wp-json\/wp\/v2\/pages\/13\/revisions\/6068"}],"wp:featuredmedia":[{"embeddable":true,"href":"https:\/\/granada.wordcamp.org\/2024\/wp-json\/wp\/v2\/media\/2220"}],"wp:attachment":[{"href":"https:\/\/granada.wordcamp.org\/2024\/wp-json\/wp\/v2\/media?parent=13"}],"curies":[{"name":"wp","href":"https:\/\/api.w.org\/{rel}","templated":true}]}}