{"id":20,"date":"2024-01-26T21:28:57","date_gmt":"2024-01-26T20:28:57","guid":{"rendered":"https:\/\/granada.wordcamp.org\/2024\/code-of-conduct\/"},"modified":"2024-07-21T12:38:04","modified_gmt":"2024-07-21T10:38:04","slug":"codigo-de-conducta","status":"publish","type":"page","link":"https:\/\/granada.wordcamp.org\/2024\/codigo-de-conducta\/","title":{"rendered":"C\u00f3digo de conducta"},"content":{"rendered":"\n<div class=\"wp-block-group alignfull has-custom-sea-background-color has-background has-global-padding is-layout-constrained wp-container-core-group-is-layout-d7ca5b4a wp-block-group-is-layout-constrained\" style=\"margin-top:0;margin-bottom:var(--wp--preset--spacing--50);padding-top:250px;padding-right:0;padding-bottom:var(--wp--preset--spacing--60);padding-left:0;background-image:url(&apos;https:\/\/granada.wordcamp.org\/2024\/files\/2024\/05\/tile-sand-border-3px.png&apos;);background-position:11% 48%;background-repeat:no-repeat;background-size:auto;\">\n<h1 class=\"wp-block-heading has-text-align-center is-style-default has-base-2-color has-text-color has-link-color wp-elements-8b0f0bcfddf6997b47609ae6a9d8b57f\" style=\"padding-top:0;padding-bottom:0\">C\u00f3digo de conducta<\/h1>\n\n\n\n<h3 class=\"wp-block-heading has-text-align-center is-style-default has-base-2-color has-text-color has-link-color has-montserrat-font-family wp-elements-9a30a5835ecd0a39efed2c5d244da680\" style=\"padding-top:0;padding-bottom:0\">Code of Conduct<\/h3>\n<\/div>\n\n\n\n<details class=\"wp-block-details has-medium-font-size is-layout-flow wp-block-details-is-layout-flow\"><summary>Espa\u00f1ol<\/summary>\n<div class=\"wp-block-group has-global-padding is-layout-constrained wp-block-group-is-layout-constrained\">\n<h3 class=\"wp-block-heading\">Prop\u00f3sito<\/h3>\n\n\n\n<p><strong>WordCamp Granada<\/strong>&nbsp;cree en una&nbsp;<strong>comunidad abierta<\/strong>&nbsp;a todo el mundo. Como tal, nos comprometemos a proporcionar un<strong>&nbsp;ambiente amigable, seguro y acogedor<\/strong>&nbsp;para todas las personas independientemente de su sexo, orientaci\u00f3n sexual, discapacidad, etnia, religi\u00f3n, sistema operativo preferido, lenguaje de programaci\u00f3n o editor de texto.<\/p>\n\n\n\n<p>Este c\u00f3digo de conducta resume nuestras expectativas para el&nbsp;<strong>comportamiento de los participantes<\/strong>, as\u00ed como las consecuencias de un comportamiento inaceptable.<\/p>\n\n\n\n<p>Instamos a todos los patrocinadores, voluntarios, ponentes, asistentes y cualquier otro participante, a que ayuden a tener una experiencia de evento segura y agradable para todos.<\/p>\n\n\n\n<h3 class=\"wp-block-heading\">Ciudadan\u00eda Open Source<\/h3>\n\n\n\n<p>Un objetivo adicional de este c\u00f3digo de conducta es&nbsp;<strong>ampliar la ciudadan\u00eda de c\u00f3digo abierto<\/strong>&nbsp;alentando a los participantes a reconocer y fortalecer las relaciones entre lo que hacemos y&nbsp;<strong>la comunidad<\/strong>&nbsp;en general.<\/p>\n\n\n\n<p>Con este objetivo, la organizaci\u00f3n de&nbsp;<strong>WordCamp Granada <\/strong>recoger\u00e1 candidaturas de personas ejemplares a lo largo de todo el evento y se har\u00e1 p\u00fablica en la web una selecci\u00f3n de participantes con este reconocimiento.<\/p>\n\n\n\n<p>Si ves a alguien que est\u00e1 haciendo un esfuerzo extra para asegurar que nuestra comunidad resulte acogedora, amable, y que anime a todos los participantes a contribuir en la mayor medida posible, lo queremos saber.<\/p>\n\n\n\n<p>Puedes nominar a alguien en la mesa de registro o dici\u00e9ndolo a alguna persona de la organizaci\u00f3n.<\/p>\n\n\n\n<h3 class=\"wp-block-heading\">Comportamiento esperado<\/h3>\n\n\n\n<ul class=\"wp-block-list\">\n<li>Ser considerado, respetuoso y colaborativo.<\/li>\n\n\n\n<li>Abstenerse de comportamiento degradante, discriminatorio o de acoso.<\/li>\n\n\n\n<li>Ser consciente del entorno y de tus compa\u00f1eros participantes. <strong>Alerta a los organizadores si observas una situaci\u00f3n peligrosa o alguien en apuros.<\/strong><\/li>\n\n\n\n<li>Participa de una manera aut\u00e9ntica y activa. Al hacerlo, est\u00e1s ayudando a que&nbsp;<strong>WordCamp Granada&nbsp;<\/strong>sea una realidad.<\/li>\n<\/ul>\n\n\n\n<h3 class=\"wp-block-heading\">Comportamiento inaceptable<\/h3>\n\n\n\n<p>Como comportamientos inaceptables se incluyen: intimidatorio, acosador, abusivo, conducta discriminatoria, despectiva o degradante por cualquier asistente a WordCamp Granada o a actividades relacionadas.<\/p>\n\n\n\n<p>El lugar donde se realiza&nbsp;<strong>WordCamp Granada<\/strong>&nbsp;es un lugar p\u00fablico y puede ser compartido con otros visitantes; por favor, s\u00e9 respetuoso con todos los visitantes de este lugar y con el propio entorno.<\/p>\n\n\n\n<p>El acoso incluye: comentarios verbales ofensivos relacionados con el g\u00e9nero, la orientaci\u00f3n sexual, la raza, la religi\u00f3n, la discapacidad; uso inadecuado de desnudez y\/o im\u00e1genes sexuales en espacios p\u00fablicos (incluyendo diapositivas de la presentaci\u00f3n); intimidaci\u00f3n deliberada, acecho o acoso con fotograf\u00eda o grabaci\u00f3n; interrupci\u00f3n sostenida de charlas y otros eventos; contacto f\u00edsico inapropiado y atenci\u00f3n sexual no deseada.<\/p>\n\n\n\n<h3 class=\"wp-block-heading\">Consecuencias de un comportamiento inaceptable<\/h3>\n\n\n\n<p>El comportamiento inaceptable no ser\u00e1 tolerado. Ya sea por parte de los asistentes, organizadores, personal local, patrocinadores u otros participantes en<strong>&nbsp;WordCamp Granada.<\/strong><\/p>\n\n\n\n<p>Se espera que cualquiera cumpla inmediatamente en caso de que se le llame la atenci\u00f3n por un comportamiento inaceptable.<\/p>\n\n\n\n<p>Si un participante se involucra en una conducta inaceptable, los organizadores de la conferencia pueden tomar cualquier acci\u00f3n que consideren apropiada, incluso la expulsi\u00f3n de la conferencia sin previo aviso o reembolso si fuera necesario.<\/p>\n\n\n\n<h3 class=\"wp-block-heading\">\u00bfQu\u00e9 hacer si eres testigo u objeto de un comportamiento inaceptable?<\/h3>\n\n\n\n<p>Si est\u00e1s involucrado en un comportamiento inaceptable, eres testigo de otra persona con dicho comportamiento o tienes otras preocupaciones, por favor notif\u00edcalo a alguien del equipo organizador tan pronto como sea posible.<\/p>\n\n\n\n<p>El equipo organizador de&nbsp;<strong>WordCamp Granada&nbsp;<\/strong>estar\u00e1 disponible para ayudar a los participantes a contactar con la seguridad del venue o con las Fuerzas de Seguridad locales, o para ofrecer cualquier tipo de ayuda a aquellos que experimentan un comportamiento inaceptable.<\/p>\n\n\n\n<p>Durante el evento, los organizadores y voluntarios vestir\u00e1n diferente al resto de asistentes. Cualquier persona puede ponerse en contacto con un\/a organizador\/a o voluntario\/a del evento. Tambi\u00e9n puedes venir a la mesa de inscripci\u00f3n en el vest\u00edbulo y preguntar por alguien de la organizaci\u00f3n.<\/p>\n\n\n\n<h3 class=\"wp-block-heading\">\u00c1mbito de aplicaci\u00f3n<\/h3>\n\n\n\n<p>Esperamos que todas las personas participantes del evento (patrocinadores, voluntarios, ponentes, asistentes y otros invitados) cumplan con este c\u00f3digo de conducta en todas las salas de conferencias y actividades relacionadas con la <strong>WordCamp Granada<\/strong>, durante todos los d\u00edas y las horas en que se celebra este evento.<\/p>\n\n\n\n<h3 class=\"wp-block-heading\">Informaci\u00f3n de contacto<\/h3>\n\n\n\n<p>Si te ves en la necesidad de contactar con la organizaci\u00f3n de este evento, busca a una persona de de la organizaci\u00f3n durante el evento, acude a&nbsp;<a href=\"https:\/\/granada.wordcamp.org\/2024\/contacto\/\"><strong>esta p\u00e1gina<\/strong><\/a>&nbsp;o escr\u00edbenos un email a <a href=\"mailto:granada@wordcamp.org\">granada@wordcamp.org<\/a>.<\/p>\n\n\n\n<h3 class=\"wp-block-heading\">Licencia y atribuci\u00f3n<\/h3>\n\n\n\n<p>Este c\u00f3digo de conducta es una copia directa del impresionante trabajo del Open Source Bridge, pero sustituido con nuestra informaci\u00f3n del evento. El original est\u00e1 disponible en&nbsp;<a href=\"http:\/\/opensourcebridge.org\/about\/code-of-conduct\/\" target=\"_blank\" rel=\"noreferrer noopener\"><strong> Open Source Bridge 2018 [web ya archivada]<\/strong><\/a>&nbsp;y est\u00e1 compartido bajo una&nbsp;<a href=\"https:\/\/creativecommons.org\/licenses\/by-sa\/3.0\/\" target=\"_blank\" rel=\"noreferrer noopener\"><strong>Licencia de Creative Commons Attribution-ShareAlike<\/strong><\/a>.<\/p>\n\n\n\n<h3 class=\"wp-block-heading\">Declaraci\u00f3n sobre los eventos sociales o complementarios<\/h3>\n\n\n\n<p>Los eventos sociales y complementarios est\u00e1n pensados para proporcionar oportunidades adicionales de networking y aprendizaje, as\u00ed como una forma de relajarse despu\u00e9s de una WordCamp intensa y completa. Tambi\u00e9n deben ser lugares donde los asistentes puedan sentirse seguros y protegidos.<\/p>\n\n\n\n<p>Queremos que disfrutes en estos eventos, y queremos que lo hagas de forma segura. Si experimentas una violaci\u00f3n del C\u00f3digo de Conducta, eres testigo de un comportamiento inaceptable, est\u00e1s preocupado por el bienestar, la seguridad o el comportamiento de otro asistente, o tienes una pregunta en general, cont\u00e1ctanos inmediatamente notific\u00e1ndolo a alguien de la organizaci\u00f3n o granada@wordcamp.org. En los eventos presenciales, si necesitas ayuda o eres incapaz de retirarte de forma c\u00f3moda o segura de una situaci\u00f3n en la que no quieres estar, los organizadores dar\u00e1n prioridad a ayudarte de forma inmediata y discreta. Por ejemplo, si no te encuentras bien, si est\u00e1s confuso con el transporte, si est\u00e1s ebrio o ves a alguien perdiendo el contro, si est\u00e1s solo o con alguien en quien no conf\u00edas, si te sientes abrumado o si has sido testigo de una infracci\u00f3n de este C\u00f3digo de Conducta, pide ayuda a cualquier voluntario u organizador cercano.<\/p>\n<\/div>\n\n\n\n<p><\/p>\n<\/details>\n\n\n\n<details class=\"wp-block-details has-medium-font-size is-layout-flow wp-block-details-is-layout-flow\"><summary>English<\/summary>\n<div class=\"wp-block-group has-global-padding is-layout-constrained wp-block-group-is-layout-constrained\">\n<h3 class=\"wp-block-heading\">1. Purpose<\/h3>\n\n\n\n<p>WordCamp Granada believes our community should be truly open for everyone. As such, we are committed to providing a friendly, safe and welcoming environment for all, regardless of gender, sexual orientation, disability, ethnicity, religion, age, caste, social class, preferred operating system, programming language, or text editor, among other identifying characteristics.<\/p>\n\n\n\n<p>This code of conduct outlines our expectations for participant behavior as well as the consequences for unacceptable behavior.<\/p>\n\n\n\n<p>We invite all sponsors, volunteers, speakers, attendees, and other participants to help us realize a safe and positive conference experience for everyone.<\/p>\n\n\n\n<h3 class=\"wp-block-heading\">2. Open Source Citizenship<\/h3>\n\n\n\n<p>A supplemental goal of this code of conduct is to increase open source citizenship by encouraging participants to recognize and strengthen the relationships between what we do and the community at large.<\/p>\n\n\n\n<p>In service of this goal, WordCamp Granada organizers will be taking nominations for exemplary citizens throughout the event and will recognize select participants after the conference on the website.<\/p>\n\n\n\n<p>If you see someone who is making an extra effort to ensure our community is welcoming, friendly, and encourages all participants to contribute to the fullest extent, we want to know. Please get in touch with us by speaking to an organiser or using&nbsp;<a href=\"https:\/\/granada.wordcamp.org\/2024\/contacto\/\" data-type=\"page\" data-id=\"17\">the contact form<\/a>&nbsp;on this website.<\/p>\n\n\n\n<h3 class=\"wp-block-heading\">3. Expected Behavior<\/h3>\n\n\n\n<ul class=\"wp-block-list\">\n<li>Be considerate, respectful, and collaborative.<\/li>\n\n\n\n<li>Refrain from demeaning, discriminatory or harassing behavior and speech.<\/li>\n\n\n\n<li>Be mindful of your surroundings and of your fellow participants. Alert conference organizers if you notice a dangerous situation or someone in distress.<\/li>\n\n\n\n<li>Participate in an authentic and active way. In doing so, you help to create WordCamp Granada and make it your own.<\/li>\n<\/ul>\n\n\n\n<h3 class=\"wp-block-heading\">4. Unacceptable Behavior<\/h3>\n\n\n\n<p>Unacceptable behaviors include: intimidating, harassing, abusive, discriminatory, derogatory or demeaning conduct by any attendees of WordCamp Granada  and related events. All WordCamp Granada  venues may be shared with members of the public; please be respectful to all patrons of these locations.<\/p>\n\n\n\n<p>Harassment includes: offensive verbal comments related to gender, sexual orientation, race, religion, disability; inappropriate use of nudity and\/or sexual images in public spaces (including presentation slides); deliberate intimidation, stalking or following; harassing photography or recording; sustained disruption of talks or other events; inappropriate physical contact, and unwelcome sexual attention.<\/p>\n\n\n\n<h3 class=\"wp-block-heading\">5. Consequences Of Unacceptable Behavior<\/h3>\n\n\n\n<p>Unacceptable behavior will not be tolerated whether by other attendees, organizers, venue staff, sponsors, or other patrons of WordCamp Granada venues.<\/p>\n\n\n\n<p>Anyone asked to stop unacceptable behavior is expected to comply immediately.<\/p>\n\n\n\n<p>If a participant engages in unacceptable behavior, the conference organizers may take any action they deem appropriate, up to and including expulsion from the conference without warning or refund.<\/p>\n\n\n\n<h3 class=\"wp-block-heading\">6. What To Do If You Witness Or Are Subject To Unacceptable Behavior<\/h3>\n\n\n\n<p>If you are subject to unacceptable behavior, notice that someone else is being subject to unacceptable behavior, or have any other concerns, please notify a conference organizer as soon as possible.<\/p>\n\n\n\n<p>The WordCamp Granada team will be available to help participants contact venue security or local law enforcement, to provide escorts, or to otherwise assist those experiencing unacceptable behavior to feel safe for the duration of the conference. Volunteers will be wearing yellow. Any volunteer can connect you with a conference organizer. You can also come to the special registration desk in the lobby and ask for the organizers.<\/p>\n\n\n\n<h3 class=\"wp-block-heading\">7. Scope<\/h3>\n\n\n\n<p>We expect all conference participants (sponsors, volunteers, speakers, attendees, and other guests) to abide by this code of conduct at all conference venues and conference-related social events.<\/p>\n\n\n\n<h3 class=\"wp-block-heading\">8. Contact Information<\/h3>\n\n\n\n<p>Please approach one of the WordCamp Granada team directly, use <a href=\"https:\/\/granada.wordcamp.org\/2024\/contacto\/\" data-type=\"page\" data-id=\"17\">our contact page<\/a>, or write to us at&nbsp;<a href=\"mailto:granada@wordcamp.org\">granada@wordcamp.org<\/a><strong>.<\/strong><\/p>\n\n\n\n<h3 class=\"wp-block-heading\">9. License And Attribution<\/h3>\n\n\n\n<p>This Code of Conduct is a direct swipe from the awesome work of Open Source Bridge, but with our event information substituted. The original is available at <a href=\"http:\/\/web.archive.org\/web\/20191206083557\/http:\/\/opensourcebridge.org\/about\/code-of-conduct\/\">Open Source Bridge 2018 [archived]<\/a> and is released under a <a href=\"http:\/\/creativecommons.org\/licenses\/by-sa\/3.0\/\">Creative Commons Attribution-ShareAlike<\/a> license.<\/p>\n\n\n\n<h3 class=\"wp-block-heading\">Statement about Socials or Supplemental Events<\/h3>\n\n\n\n<p>Social and supplemental events are intended to provide networking and additional educational opportunities, as well as an opportunity to unwind after a full WordCamp. They should also be places where attendees can feel safe and secure.<\/p>\n\n\n\n<p>We want you to enjoy yourself at these events, and we want you to do so safely. If you experience a Code of Conduct violation, see a violation, are concerned about the well-being, safety or behavior of another attendee, or have a general question (we understand that violations are not always obvious!) contact us immediately by notifying a WordCamp organizer or emailing <a href=\"mailto:report@wordcamp.org\">report@wordcamp.org<\/a>. For in-person events, if you need help or are unable to comfortably or safely remove yourself from a situation you do not want to be in, organizers will prioritize assisting you immediately and discretely. Some examples are: not feeling well; your transportation arrangements fall through; you are intoxicated, you are alone or with someone you do not trust, you are overwhelmed, you have experienced or witnessed a Code of Conduct violation. Please ask any nearby event volunteer or organizer to help you.<\/p>\n<\/div>\n\n\n\n<p><\/p>\n<\/details>\n","protected":false},"excerpt":{"rendered":"<p>C\u00f3digo de conducta Code of Conduct<\/p>\n","protected":false},"author":16614963,"featured_media":0,"parent":0,"menu_order":0,"comment_status":"closed","ping_status":"closed","template":"wp-custom-template-es-pagina-sin-titulo","meta":{"jetpack_post_was_ever_published":false,"footnotes":""},"class_list":["post-20","page","type-page","status-publish","hentry"],"jetpack_sharing_enabled":true,"_links":{"self":[{"href":"https:\/\/granada.wordcamp.org\/2024\/wp-json\/wp\/v2\/pages\/20","targetHints":{"allow":["GET"]}}],"collection":[{"href":"https:\/\/granada.wordcamp.org\/2024\/wp-json\/wp\/v2\/pages"}],"about":[{"href":"https:\/\/granada.wordcamp.org\/2024\/wp-json\/wp\/v2\/types\/page"}],"author":[{"embeddable":true,"href":"https:\/\/granada.wordcamp.org\/2024\/wp-json\/wp\/v2\/users\/16614963"}],"replies":[{"embeddable":true,"href":"https:\/\/granada.wordcamp.org\/2024\/wp-json\/wp\/v2\/comments?post=20"}],"version-history":[{"count":18,"href":"https:\/\/granada.wordcamp.org\/2024\/wp-json\/wp\/v2\/pages\/20\/revisions"}],"predecessor-version":[{"id":3545,"href":"https:\/\/granada.wordcamp.org\/2024\/wp-json\/wp\/v2\/pages\/20\/revisions\/3545"}],"wp:attachment":[{"href":"https:\/\/granada.wordcamp.org\/2024\/wp-json\/wp\/v2\/media?parent=20"}],"curies":[{"name":"wp","href":"https:\/\/api.w.org\/{rel}","templated":true}]}}