{"id":2978,"date":"2024-08-07T10:30:13","date_gmt":"2024-08-07T08:30:13","guid":{"rendered":"https:\/\/granada.wordcamp.org\/2024\/?page_id=2978"},"modified":"2024-08-07T10:37:53","modified_gmt":"2024-08-07T08:37:53","slug":"ediciones-pasadas","status":"publish","type":"page","link":"https:\/\/granada.wordcamp.org\/2024\/ediciones-pasadas\/","title":{"rendered":"Ediciones Pasadas"},"content":{"rendered":"\n<div class=\"wp-block-group alignfull has-custom-gold-1-background-color has-background has-global-padding is-layout-constrained wp-container-core-group-is-layout-f023e98c wp-block-group-is-layout-constrained\" style=\"margin-top:0;margin-bottom:var(--wp--preset--spacing--50);padding-top:200px;padding-right:0;padding-bottom:var(--wp--preset--spacing--60);padding-left:0;background-image:url(&apos;https:\/\/granada.wordcamp.org\/2024\/files\/2024\/05\/tile-sand-border-3px.png&apos;);background-position:11% 48%;background-repeat:no-repeat;background-size:auto;\">\n<h1 class=\"wp-block-heading has-text-align-center is-style-default\" style=\"padding-top:0;padding-bottom:0\">Ediciones Pasadas<\/h1>\n<\/div>\n\n\n\n<div class=\"wp-block-group has-global-padding is-layout-constrained wp-block-group-is-layout-constrained\" style=\"padding-bottom:var(--wp--preset--spacing--50)\">\n<h2 class=\"wp-block-heading has-text-align-center is-style-default\">WordCamp Granada 2018<\/h2>\n\n\n\n<div class=\"wp-block-columns is-layout-flex wp-container-core-columns-is-layout-28f84493 wp-block-columns-is-layout-flex\">\n<div class=\"wp-block-column is-layout-flow wp-block-column-is-layout-flow\" style=\"flex-basis:10%\"><\/div>\n\n\n\n<div class=\"wp-block-column is-layout-flow wp-block-column-is-layout-flow\" style=\"flex-basis:80%\">\n<figure class=\"wp-block-image size-large\"><img data-recalc-dims=\"1\" loading=\"lazy\" decoding=\"async\" width=\"1024\" height=\"457\" src=\"https:\/\/i0.wp.com\/granada.wordcamp.org\/2024\/files\/2024\/06\/wordcamp-granada-2018.jpg?resize=1024%2C457&#038;ssl=1\" alt=\"\" class=\"wp-image-2984\" srcset=\"https:\/\/i0.wp.com\/granada.wordcamp.org\/2024\/files\/2024\/06\/wordcamp-granada-2018.jpg?resize=1024%2C457&amp;ssl=1 1024w, https:\/\/i0.wp.com\/granada.wordcamp.org\/2024\/files\/2024\/06\/wordcamp-granada-2018.jpg?resize=300%2C134&amp;ssl=1 300w, https:\/\/i0.wp.com\/granada.wordcamp.org\/2024\/files\/2024\/06\/wordcamp-granada-2018.jpg?resize=768%2C342&amp;ssl=1 768w, https:\/\/i0.wp.com\/granada.wordcamp.org\/2024\/files\/2024\/06\/wordcamp-granada-2018.jpg?resize=500%2C223&amp;ssl=1 500w, https:\/\/i0.wp.com\/granada.wordcamp.org\/2024\/files\/2024\/06\/wordcamp-granada-2018.jpg?w=1200&amp;ssl=1 1200w\" sizes=\"auto, (max-width: 1000px) 100vw, 1000px\" \/><\/figure>\n<\/div>\n\n\n\n<div class=\"wp-block-column is-layout-flow wp-block-column-is-layout-flow\" style=\"flex-basis:10%\"><\/div>\n<\/div>\n\n\n\n<p class=\"has-text-align-left\"><\/p>\n\n\n\n<div class=\"wp-block-media-text is-stacked-on-mobile is-vertically-aligned-top\" style=\"padding-top:var(--wp--preset--spacing--30);padding-bottom:var(--wp--preset--spacing--30)\"><figure class=\"wp-block-media-text__media\"><img data-recalc-dims=\"1\" loading=\"lazy\" decoding=\"async\" width=\"1024\" height=\"684\" src=\"https:\/\/i0.wp.com\/granada.wordcamp.org\/2024\/files\/2024\/06\/wcvolunteers-1-1024x684-wordcamp-2018.jpg?resize=1024%2C684&#038;ssl=1\" alt=\"\" class=\"wp-image-2987 size-full\" srcset=\"https:\/\/i0.wp.com\/granada.wordcamp.org\/2024\/files\/2024\/06\/wcvolunteers-1-1024x684-wordcamp-2018.jpg?w=1024&amp;ssl=1 1024w, https:\/\/i0.wp.com\/granada.wordcamp.org\/2024\/files\/2024\/06\/wcvolunteers-1-1024x684-wordcamp-2018.jpg?resize=300%2C200&amp;ssl=1 300w, https:\/\/i0.wp.com\/granada.wordcamp.org\/2024\/files\/2024\/06\/wcvolunteers-1-1024x684-wordcamp-2018.jpg?resize=768%2C513&amp;ssl=1 768w, https:\/\/i0.wp.com\/granada.wordcamp.org\/2024\/files\/2024\/06\/wcvolunteers-1-1024x684-wordcamp-2018.jpg?resize=449%2C300&amp;ssl=1 449w\" sizes=\"auto, (max-width: 1000px) 100vw, 1000px\" \/><\/figure><div class=\"wp-block-media-text__content\">\n<p>En 2018, Granada alberg\u00f3 por primera vez en su historia, la primera WordCamp que se celebraba en la ciudad. Con este hecho tan significativo fue unos de los g\u00e9rmenes del inicio de la comunidad WordPress en Granada. Fue un evento muy especial, ya que conseguimos reunir a <strong>292 WordCampers<\/strong>, <strong>30 ponentes y 21 patrocinadores<\/strong>. Fue un evento que se organizo en varios d\u00edas. El d\u00eda principal fue en el<strong> Palacio de Congresos de Granada<\/strong>, seguidamente en el <strong>Espacio BREAKER de la Universidad de Granada<\/strong>. <\/p>\n<\/div><\/div>\n\n\n\n<p><\/p>\n\n\n\n<div class=\"wp-block-media-text is-stacked-on-mobile is-vertically-aligned-top\"><figure class=\"wp-block-media-text__media\"><img data-recalc-dims=\"1\" loading=\"lazy\" decoding=\"async\" width=\"1024\" height=\"683\" src=\"https:\/\/i0.wp.com\/granada.wordcamp.org\/2024\/files\/2024\/06\/foto-grupo-wcgranada2018-1.jpg?resize=1024%2C683&#038;ssl=1\" alt=\"\" class=\"wp-image-2999 size-full\" srcset=\"https:\/\/i0.wp.com\/granada.wordcamp.org\/2024\/files\/2024\/06\/foto-grupo-wcgranada2018-1.jpg?resize=1024%2C683&amp;ssl=1 1024w, https:\/\/i0.wp.com\/granada.wordcamp.org\/2024\/files\/2024\/06\/foto-grupo-wcgranada2018-1.jpg?resize=300%2C200&amp;ssl=1 300w, https:\/\/i0.wp.com\/granada.wordcamp.org\/2024\/files\/2024\/06\/foto-grupo-wcgranada2018-1.jpg?resize=768%2C512&amp;ssl=1 768w, https:\/\/i0.wp.com\/granada.wordcamp.org\/2024\/files\/2024\/06\/foto-grupo-wcgranada2018-1.jpg?resize=450%2C300&amp;ssl=1 450w, https:\/\/i0.wp.com\/granada.wordcamp.org\/2024\/files\/2024\/06\/foto-grupo-wcgranada2018-1.jpg?w=1200&amp;ssl=1 1200w\" sizes=\"auto, (max-width: 1000px) 100vw, 1000px\" \/><\/figure><div class=\"wp-block-media-text__content\">\n<p>Sin duda otro de los momentos clave que marc\u00f3 esta comunidad, fueron las personas, voluntarios y gente comprometida que se sumaron a la comunidad de Granada. De ah\u00ed se inici\u00f3 el grupo de <a href=\"https:\/\/www.meetup.com\/es-ES\/granada-wordpress-meetup\/\" target=\"_blank\" rel=\"noreferrer noopener\"><strong>Meetup de WordPress Granada<\/strong><\/a>, donde mensualmente nos reunimos para compartir sobre WordPress, Marketing Digital, negocios online, resolver dudas etc.<\/p>\n<\/div><\/div>\n\n\n\n<div class=\"wp-block-columns is-layout-flex wp-container-core-columns-is-layout-28f84493 wp-block-columns-is-layout-flex\">\n<div class=\"wp-block-column is-layout-flow wp-block-column-is-layout-flow\" style=\"flex-basis:25%\"><\/div>\n\n\n\n<div class=\"wp-block-column is-layout-flow wp-block-column-is-layout-flow\" style=\"flex-basis:50%\">\n<div class=\"wp-block-buttons is-content-justification-center is-layout-flex wp-container-core-buttons-is-layout-a89b3969 wp-block-buttons-is-layout-flex\">\n<div class=\"wp-block-button\"><a class=\"wp-block-button__link has-text-align-center wp-element-button\" href=\"https:\/\/granada.wordcamp.org\/2018\/\" target=\"_blank\" rel=\"noreferrer noopener\">WordCamp 2018<\/a><\/div>\n\n\n\n<div class=\"wp-block-button\"><a class=\"wp-block-button__link has-text-align-center wp-element-button\" href=\"https:\/\/www.meetup.com\/es-ES\/granada-wordpress-meetup\/\" target=\"_blank\" rel=\"noreferrer noopener\">Meetup WP GR<\/a><\/div>\n<\/div>\n<\/div>\n\n\n\n<div class=\"wp-block-column is-layout-flow wp-block-column-is-layout-flow\" style=\"flex-basis:25%\"><\/div>\n<\/div>\n<\/div>\n\n\n\n<h2 class=\"wp-block-heading has-text-align-center\">WordCamp Granada 2019<\/h2>\n\n\n\n<figure class=\"wp-block-image aligncenter size-large is-resized\"><img data-recalc-dims=\"1\" loading=\"lazy\" decoding=\"async\" width=\"1024\" height=\"529\" src=\"https:\/\/i0.wp.com\/granada.wordcamp.org\/2024\/files\/2024\/06\/wordcamp-granada-2019.jpg?resize=1024%2C529&#038;ssl=1\" alt=\"\" class=\"wp-image-2985\" style=\"width:757px;height:auto\" srcset=\"https:\/\/i0.wp.com\/granada.wordcamp.org\/2024\/files\/2024\/06\/wordcamp-granada-2019.jpg?resize=1024%2C529&amp;ssl=1 1024w, https:\/\/i0.wp.com\/granada.wordcamp.org\/2024\/files\/2024\/06\/wordcamp-granada-2019.jpg?resize=300%2C155&amp;ssl=1 300w, https:\/\/i0.wp.com\/granada.wordcamp.org\/2024\/files\/2024\/06\/wordcamp-granada-2019.jpg?resize=768%2C397&amp;ssl=1 768w, https:\/\/i0.wp.com\/granada.wordcamp.org\/2024\/files\/2024\/06\/wordcamp-granada-2019.jpg?resize=500%2C258&amp;ssl=1 500w, https:\/\/i0.wp.com\/granada.wordcamp.org\/2024\/files\/2024\/06\/wordcamp-granada-2019.jpg?w=1200&amp;ssl=1 1200w\" sizes=\"auto, (max-width: 1000px) 100vw, 1000px\" \/><\/figure>\n\n\n\n<p class=\"has-text-align-left\"><\/p>\n\n\n\n<p><\/p>\n\n\n\n<figure class=\"wp-block-image size-full\"><img data-recalc-dims=\"1\" loading=\"lazy\" decoding=\"async\" width=\"1024\" height=\"682\" src=\"https:\/\/i0.wp.com\/granada.wordcamp.org\/2024\/files\/2024\/08\/foto-oficial-wordcamp-granada-2019-1024x682-1.webp?resize=1024%2C682&#038;ssl=1\" alt=\"\" class=\"wp-image-4207\" srcset=\"https:\/\/i0.wp.com\/granada.wordcamp.org\/2024\/files\/2024\/08\/foto-oficial-wordcamp-granada-2019-1024x682-1.webp?w=1024&amp;ssl=1 1024w, https:\/\/i0.wp.com\/granada.wordcamp.org\/2024\/files\/2024\/08\/foto-oficial-wordcamp-granada-2019-1024x682-1.webp?resize=300%2C200&amp;ssl=1 300w, https:\/\/i0.wp.com\/granada.wordcamp.org\/2024\/files\/2024\/08\/foto-oficial-wordcamp-granada-2019-1024x682-1.webp?resize=768%2C512&amp;ssl=1 768w, https:\/\/i0.wp.com\/granada.wordcamp.org\/2024\/files\/2024\/08\/foto-oficial-wordcamp-granada-2019-1024x682-1.webp?resize=450%2C300&amp;ssl=1 450w\" sizes=\"auto, (max-width: 1000px) 100vw, 1000px\" \/><\/figure>\n\n\n\n<p><\/p>\n\n\n\n<p>Sin duda esta WordCamp fue un evento mucho m\u00e1s <strong>social, m\u00e1s participativo y sobre todo m\u00e1s multitudinario<\/strong>, en el que conseguimos reunir a m\u00e1s de <strong>350 WordCampers<\/strong>, <strong>35 ponentes y 20 Sponsors<\/strong>. Sin duda fue un evento recordado con cari\u00f1o por gran parte de la comunidad WordPress en Espa\u00f1a. <br><br>Fue un evento maravilloso, en el que creci\u00f3 la <strong>comunidad WordPress de Granada<\/strong>, se establecieron canales de comunicaci\u00f3n, se cogi\u00f3 ritmo en la celebraci\u00f3n de eventos mensuales y parte de la comunidad de WordPress de Granada empez\u00f3 a tener relevancia nacional e internacional dentro del ecosistema WordPress. <\/p>\n\n\n\n<p>Las WordCamp te brindan la posibilidad de tener relevancia y visibilidad en el \u00e1rea de trabajo de marketing digital, es una oportunidad \u00fanica para aprender, desarrollarte profesionalmente y aprender como organizar eventos, adem\u00e1s de estar acompa\u00f1ado de grandes personas que te hacen el camino mucho m\u00e1s f\u00e1cil y sencillo.<\/p>\n\n\n\n<ul class=\"wp-block-list\">\n<li><strong><a href=\"https:\/\/flickr.com\/photos\/weikoatwordcamps\/albums\/72157712101002013\/\" data-type=\"link\" data-id=\"https:\/\/flickr.com\/photos\/weikoatwordcamps\/albums\/72157712101002013\/\" target=\"_blank\" rel=\"noreferrer noopener\">Album fotos 1<\/a><\/strong><\/li>\n\n\n\n<li><strong><a href=\"https:\/\/flickr.com\/photos\/126059240@N08\/albums\/72157712063682087\/page2\" data-type=\"link\" data-id=\"https:\/\/flickr.com\/photos\/126059240@N08\/albums\/72157712063682087\/page2\" target=\"_blank\" rel=\"noreferrer noopener\">Album fotos 2<\/a><\/strong><\/li>\n<\/ul>\n\n\n\n<div class=\"wp-block-columns is-layout-flex wp-container-core-columns-is-layout-28f84493 wp-block-columns-is-layout-flex\">\n<div class=\"wp-block-column is-layout-flow wp-block-column-is-layout-flow\">\n<figure class=\"wp-block-image size-large\"><img data-recalc-dims=\"1\" loading=\"lazy\" decoding=\"async\" width=\"1024\" height=\"768\" src=\"https:\/\/i0.wp.com\/granada.wordcamp.org\/2024\/files\/2024\/06\/EKtCJxLW4AYISAL.jpg?resize=1024%2C768&#038;ssl=1\" alt=\"\" class=\"wp-image-2994\" srcset=\"https:\/\/i0.wp.com\/granada.wordcamp.org\/2024\/files\/2024\/06\/EKtCJxLW4AYISAL.jpg?resize=1024%2C768&amp;ssl=1 1024w, https:\/\/i0.wp.com\/granada.wordcamp.org\/2024\/files\/2024\/06\/EKtCJxLW4AYISAL.jpg?resize=300%2C225&amp;ssl=1 300w, https:\/\/i0.wp.com\/granada.wordcamp.org\/2024\/files\/2024\/06\/EKtCJxLW4AYISAL.jpg?resize=768%2C576&amp;ssl=1 768w, https:\/\/i0.wp.com\/granada.wordcamp.org\/2024\/files\/2024\/06\/EKtCJxLW4AYISAL.jpg?resize=400%2C300&amp;ssl=1 400w, https:\/\/i0.wp.com\/granada.wordcamp.org\/2024\/files\/2024\/06\/EKtCJxLW4AYISAL.jpg?resize=1536%2C1152&amp;ssl=1 1536w, https:\/\/i0.wp.com\/granada.wordcamp.org\/2024\/files\/2024\/06\/EKtCJxLW4AYISAL.jpg?w=2048&amp;ssl=1 2048w\" sizes=\"auto, (max-width: 1000px) 100vw, 1000px\" \/><\/figure>\n<\/div>\n\n\n\n<div class=\"wp-block-column is-layout-flow wp-block-column-is-layout-flow\">\n<figure class=\"wp-block-image size-large\"><img data-recalc-dims=\"1\" loading=\"lazy\" decoding=\"async\" width=\"1024\" height=\"766\" src=\"https:\/\/i0.wp.com\/granada.wordcamp.org\/2024\/files\/2024\/06\/EKsuyCdXsAAFuYt-1.jpg?resize=1024%2C766&#038;ssl=1\" alt=\"\" class=\"wp-image-2993\" srcset=\"https:\/\/i0.wp.com\/granada.wordcamp.org\/2024\/files\/2024\/06\/EKsuyCdXsAAFuYt-1.jpg?resize=1024%2C766&amp;ssl=1 1024w, https:\/\/i0.wp.com\/granada.wordcamp.org\/2024\/files\/2024\/06\/EKsuyCdXsAAFuYt-1.jpg?resize=300%2C225&amp;ssl=1 300w, https:\/\/i0.wp.com\/granada.wordcamp.org\/2024\/files\/2024\/06\/EKsuyCdXsAAFuYt-1.jpg?resize=768%2C575&amp;ssl=1 768w, https:\/\/i0.wp.com\/granada.wordcamp.org\/2024\/files\/2024\/06\/EKsuyCdXsAAFuYt-1.jpg?resize=401%2C300&amp;ssl=1 401w, https:\/\/i0.wp.com\/granada.wordcamp.org\/2024\/files\/2024\/06\/EKsuyCdXsAAFuYt-1.jpg?w=1200&amp;ssl=1 1200w\" sizes=\"auto, (max-width: 1000px) 100vw, 1000px\" \/><\/figure>\n<\/div>\n\n\n\n<div class=\"wp-block-column is-layout-flow wp-block-column-is-layout-flow\">\n<figure class=\"wp-block-image size-full\"><img data-recalc-dims=\"1\" loading=\"lazy\" decoding=\"async\" width=\"680\" height=\"510\" src=\"https:\/\/i0.wp.com\/granada.wordcamp.org\/2024\/files\/2024\/06\/EKsjfXDXUAE-pg4.jpg?resize=680%2C510&#038;ssl=1\" alt=\"\" class=\"wp-image-2992\" srcset=\"https:\/\/i0.wp.com\/granada.wordcamp.org\/2024\/files\/2024\/06\/EKsjfXDXUAE-pg4.jpg?w=680&amp;ssl=1 680w, https:\/\/i0.wp.com\/granada.wordcamp.org\/2024\/files\/2024\/06\/EKsjfXDXUAE-pg4.jpg?resize=300%2C225&amp;ssl=1 300w, https:\/\/i0.wp.com\/granada.wordcamp.org\/2024\/files\/2024\/06\/EKsjfXDXUAE-pg4.jpg?resize=400%2C300&amp;ssl=1 400w\" sizes=\"auto, (max-width: 680px) 100vw, 680px\" \/><\/figure>\n<\/div>\n<\/div>\n\n\n\n<div class=\"wp-block-columns is-layout-flex wp-container-core-columns-is-layout-28f84493 wp-block-columns-is-layout-flex\">\n<div class=\"wp-block-column is-layout-flow wp-block-column-is-layout-flow\" style=\"flex-basis:25%\"><\/div>\n\n\n\n<div class=\"wp-block-column is-layout-flow wp-block-column-is-layout-flow\" style=\"flex-basis:50%\">\n<div class=\"wp-block-buttons is-content-justification-center is-layout-flex wp-container-core-buttons-is-layout-a89b3969 wp-block-buttons-is-layout-flex\">\n<div class=\"wp-block-button\"><a class=\"wp-block-button__link has-text-align-center wp-element-button\" href=\"https:\/\/granada.wordcamp.org\/2019\/\" target=\"_blank\" rel=\"noreferrer noopener\">WordCamp 2019<\/a><\/div>\n\n\n\n<div class=\"wp-block-button\"><a class=\"wp-block-button__link has-text-align-center wp-element-button\" href=\"https:\/\/www.meetup.com\/es-ES\/granada-wordpress-meetup\/\" target=\"_blank\" rel=\"noreferrer noopener\">Meetup WP GR<\/a><\/div>\n<\/div>\n<\/div>\n\n\n\n<div class=\"wp-block-column is-layout-flow wp-block-column-is-layout-flow\" style=\"flex-basis:25%\"><\/div>\n<\/div>\n","protected":false},"excerpt":{"rendered":"<p>Ediciones Pasadas WordCamp Granada 2018 En 2018, Granada alberg\u00f3 por primera vez en su historia, la primera WordCamp que se celebraba en la ciudad. Con este hecho tan significativo fue unos de los g\u00e9rmenes del inicio de la comunidad WordPress en Granada. Fue un evento muy especial, ya que conseguimos reunir a 292 WordCampers, 30 [&hellip;]<\/p>\n","protected":false},"author":16614963,"featured_media":0,"parent":0,"menu_order":0,"comment_status":"closed","ping_status":"closed","template":"wp-custom-template-es-pagina-sin-titulo","meta":{"jetpack_post_was_ever_published":false,"footnotes":""},"class_list":["post-2978","page","type-page","status-publish","hentry"],"jetpack_sharing_enabled":true,"_links":{"self":[{"href":"https:\/\/granada.wordcamp.org\/2024\/wp-json\/wp\/v2\/pages\/2978","targetHints":{"allow":["GET"]}}],"collection":[{"href":"https:\/\/granada.wordcamp.org\/2024\/wp-json\/wp\/v2\/pages"}],"about":[{"href":"https:\/\/granada.wordcamp.org\/2024\/wp-json\/wp\/v2\/types\/page"}],"author":[{"embeddable":true,"href":"https:\/\/granada.wordcamp.org\/2024\/wp-json\/wp\/v2\/users\/16614963"}],"replies":[{"embeddable":true,"href":"https:\/\/granada.wordcamp.org\/2024\/wp-json\/wp\/v2\/comments?post=2978"}],"version-history":[{"count":22,"href":"https:\/\/granada.wordcamp.org\/2024\/wp-json\/wp\/v2\/pages\/2978\/revisions"}],"predecessor-version":[{"id":4209,"href":"https:\/\/granada.wordcamp.org\/2024\/wp-json\/wp\/v2\/pages\/2978\/revisions\/4209"}],"wp:attachment":[{"href":"https:\/\/granada.wordcamp.org\/2024\/wp-json\/wp\/v2\/media?parent=2978"}],"curies":[{"name":"wp","href":"https:\/\/api.w.org\/{rel}","templated":true}]}}