{"id":4296,"date":"2024-08-22T17:10:06","date_gmt":"2024-08-22T15:10:06","guid":{"rendered":"https:\/\/granada.wordcamp.org\/2024\/?page_id=4296"},"modified":"2024-10-21T09:18:22","modified_gmt":"2024-10-21T07:18:22","slug":"ludoteca-gratuita","status":"publish","type":"page","link":"https:\/\/granada.wordcamp.org\/2024\/ludoteca-gratuita\/","title":{"rendered":"Ludoteca gratuita"},"content":{"rendered":"\n<div class=\"wp-block-group alignfull has-custom-sea-background-color has-background has-global-padding is-layout-constrained wp-container-core-group-is-layout-d7ca5b4a wp-block-group-is-layout-constrained\" style=\"margin-top:0;margin-bottom:var(--wp--preset--spacing--50);padding-top:250px;padding-right:0;padding-bottom:var(--wp--preset--spacing--60);padding-left:0;background-image:url(&apos;https:\/\/granada.wordcamp.org\/2024\/files\/2024\/05\/tile-sand-border-3px.png&apos;);background-position:11% 48%;background-repeat:no-repeat;background-size:auto;\">\n<h1 class=\"wp-block-heading has-text-align-center is-style-default has-base-2-color has-text-color has-link-color wp-elements-3412b8abff9b062db9790eaf650a0b1c\" style=\"padding-top:0;padding-bottom:0\">Ludoteca gratuita Asistentes<\/h1>\n\n\n\n<h3 class=\"wp-block-heading has-text-align-center is-style-default has-base-2-color has-text-color has-link-color has-montserrat-font-family wp-elements-4964e1053a56ea5510fafa867825c78c\" style=\"padding-top:0;padding-bottom:0\">Ven con tus hijos a la WordCamp Granada 2024<\/h3>\n<\/div>\n\n\n\n<h2 class=\"wp-block-heading has-text-align-left has-x-large-font-size\" style=\"padding-top:var(--wp--preset--spacing--10);padding-bottom:var(--wp--preset--spacing--10)\">Ponemos a disposici\u00f3n de los asistentes la opci\u00f3n gratuita de ludoteca para ni\u00f1os.<\/h2>\n\n\n\n<figure class=\"wp-block-image size-large\"><img data-recalc-dims=\"1\" loading=\"lazy\" decoding=\"async\" width=\"1024\" height=\"683\" src=\"https:\/\/i0.wp.com\/granada.wordcamp.org\/2024\/files\/2024\/08\/ludoteca-wordcamp-granada-2024.jpg?resize=1024%2C683&#038;ssl=1\" alt=\"\" class=\"wp-image-4300\" style=\"aspect-ratio:16\/9;object-fit:cover\" srcset=\"https:\/\/i0.wp.com\/granada.wordcamp.org\/2024\/files\/2024\/08\/ludoteca-wordcamp-granada-2024.jpg?resize=1024%2C683&amp;ssl=1 1024w, https:\/\/i0.wp.com\/granada.wordcamp.org\/2024\/files\/2024\/08\/ludoteca-wordcamp-granada-2024.jpg?resize=300%2C200&amp;ssl=1 300w, https:\/\/i0.wp.com\/granada.wordcamp.org\/2024\/files\/2024\/08\/ludoteca-wordcamp-granada-2024.jpg?resize=768%2C512&amp;ssl=1 768w, https:\/\/i0.wp.com\/granada.wordcamp.org\/2024\/files\/2024\/08\/ludoteca-wordcamp-granada-2024.jpg?resize=450%2C300&amp;ssl=1 450w, https:\/\/i0.wp.com\/granada.wordcamp.org\/2024\/files\/2024\/08\/ludoteca-wordcamp-granada-2024.jpg?w=1200&amp;ssl=1 1200w\" sizes=\"auto, (max-width: 1000px) 100vw, 1000px\" \/><\/figure>\n\n\n\n<p class=\"has-text-align-left\"><br>Ponemos a disposici\u00f3n de los padres asistentes a un gran equipo <strong>dedicado<\/strong> a la organizaci\u00f3n de eventos infantiles en Granada. La ludoteca de WordCamp Granada consistir\u00e1 en crear un espacio dentro del propio Palacio de Congresos de Granada, donde los m\u00e1s peques vivir\u00e1n una experiencia inolvidable, mientras sus papas est\u00e1n disfrutando de la WordCamp Granada 2024. <\/p>\n\n\n\n<p class=\"has-text-align-left\">El equipo de profesionales formado por <strong>profesionales en la animaci\u00f3n infantil<\/strong>. Son verdaderos artistas, capaces de <strong>hacer re\u00edr y brillar a los ni\u00f1os con sus incre\u00edbles habilidades.<\/strong><\/p>\n\n\n\n<h3 class=\"wp-block-heading has-text-align-left\">\u00bfC\u00f3mo solicitar la ludoteca?<\/h3>\n\n\n\n<p>La ludoteca se solicita <a href=\"https:\/\/granada.wordcamp.org\/2024\/tickets\/\" data-type=\"link\" data-id=\"https:\/\/granada.wordcamp.org\/2024\/tickets\/\">al comprar tu entrada<\/a>, marcando la opci\u00f3n \u00ab<strong>\u00bfVienes con ni\u00f1os?<\/strong>\u00bb Marcar, <strong>S\u00ed<\/strong>. Las plazas de la ludoteca se asignan por orden de llegada, ya que tenemos un n\u00famero m\u00e1ximo de 15 ni\u00f1os.<\/p>\n\n\n\n<p>Se permiten ni\u00f1os con una edad <strong>de 3 a 12 a\u00f1os<\/strong>. <br><strong>Horario ludoteca<\/strong>: <strong>9:30 -14:00<\/strong>  y por la tarde abrimos <strong>15:00-19:00<\/strong><\/p>\n\n\n\n<h3 class=\"wp-block-heading has-text-align-left\">Actividades incluidas<\/h3>\n\n\n\n<p>La empresa responsable de la ludoteca ofrecer\u00e1 actividades tem\u00e1ticas, cient\u00edficas, manualidades etc. En ning\u00fan momento se saldr\u00e1 fuera del recinto, todas las actividades se har\u00e1n dentro del propio Palacio de Congresos.<br><br>Durante el almuerzo, <strong>los ni\u00f1os tienen incluido el almuerzo<\/strong> al igual que todos los asistentes a la WordCamp. Aunque <strong>recomendamos que los padres les echen en una bolsa o mochila una merienda o similar para el d\u00eda.<\/strong><\/p>\n\n\n\n<h3 class=\"wp-block-heading has-text-align-left\">Horario de la Ludoteca<\/h3>\n\n\n\n<p>La ludoteca estar\u00e1 disponible desde el comienzo de la WordCamp. <strong><strong>9:30 -14:00<\/strong>  y por la tarde abrimos <strong>15:00-19:00<\/strong><\/strong><\/p>\n\n\n\n<div class=\"wp-block-buttons is-content-justification-center is-layout-flex wp-container-core-buttons-is-layout-a89b3969 wp-block-buttons-is-layout-flex\">\n<div class=\"wp-block-button\"><a class=\"wp-block-button__link has-text-align-center wp-element-button\" href=\"https:\/\/granada.wordcamp.org\/2024\/tickets\/\">Comprar entrada<\/a><\/div>\n<\/div>\n","protected":false},"excerpt":{"rendered":"<p>Ludoteca gratuita Asistentes Ven con tus hijos a la WordCamp Granada 2024 Ponemos a disposici\u00f3n de los asistentes la opci\u00f3n gratuita de ludoteca para ni\u00f1os. Ponemos a disposici\u00f3n de los padres asistentes a un gran equipo dedicado a la organizaci\u00f3n de eventos infantiles en Granada. La ludoteca de WordCamp Granada consistir\u00e1 en crear un espacio [&hellip;]<\/p>\n","protected":false},"author":16614963,"featured_media":0,"parent":0,"menu_order":0,"comment_status":"closed","ping_status":"closed","template":"page-no-title","meta":{"jetpack_post_was_ever_published":false,"footnotes":""},"class_list":["post-4296","page","type-page","status-publish","hentry"],"jetpack_sharing_enabled":true,"_links":{"self":[{"href":"https:\/\/granada.wordcamp.org\/2024\/wp-json\/wp\/v2\/pages\/4296","targetHints":{"allow":["GET"]}}],"collection":[{"href":"https:\/\/granada.wordcamp.org\/2024\/wp-json\/wp\/v2\/pages"}],"about":[{"href":"https:\/\/granada.wordcamp.org\/2024\/wp-json\/wp\/v2\/types\/page"}],"author":[{"embeddable":true,"href":"https:\/\/granada.wordcamp.org\/2024\/wp-json\/wp\/v2\/users\/16614963"}],"replies":[{"embeddable":true,"href":"https:\/\/granada.wordcamp.org\/2024\/wp-json\/wp\/v2\/comments?post=4296"}],"version-history":[{"count":9,"href":"https:\/\/granada.wordcamp.org\/2024\/wp-json\/wp\/v2\/pages\/4296\/revisions"}],"predecessor-version":[{"id":5798,"href":"https:\/\/granada.wordcamp.org\/2024\/wp-json\/wp\/v2\/pages\/4296\/revisions\/5798"}],"wp:attachment":[{"href":"https:\/\/granada.wordcamp.org\/2024\/wp-json\/wp\/v2\/media?parent=4296"}],"curies":[{"name":"wp","href":"https:\/\/api.w.org\/{rel}","templated":true}]}}