{"id":4458,"date":"2024-09-09T14:41:59","date_gmt":"2024-09-09T12:41:59","guid":{"rendered":"https:\/\/granada.wordcamp.org\/2024\/?page_id=4458"},"modified":"2024-09-19T18:10:41","modified_gmt":"2024-09-19T16:10:41","slug":"afterparty","status":"publish","type":"page","link":"https:\/\/granada.wordcamp.org\/2024\/afterparty\/","title":{"rendered":"AfterParty"},"content":{"rendered":"\n<div class=\"wp-block-group alignfull has-custom-sea-background-color has-background has-global-padding is-layout-constrained wp-container-core-group-is-layout-d7ca5b4a wp-block-group-is-layout-constrained\" style=\"margin-top:0;margin-bottom:var(--wp--preset--spacing--50);padding-top:250px;padding-right:0;padding-bottom:var(--wp--preset--spacing--60);padding-left:0;background-image:url(&apos;https:\/\/granada.wordcamp.org\/2024\/files\/2024\/05\/tile-sand-border-3px.png&apos;);background-position:11% 48%;background-repeat:no-repeat;background-size:auto;\">\n<h1 class=\"wp-block-heading has-text-align-center is-style-default has-base-2-color has-text-color has-link-color wp-elements-c6fa742b214000146c83799f18621561\" style=\"padding-top:0;padding-bottom:0\">AfterParty<\/h1>\n\n\n\n<h3 class=\"wp-block-heading has-text-align-center is-style-default has-base-2-color has-text-color has-link-color has-montserrat-font-family wp-elements-a47e1b8aad203a4a3b594cd88d03e16e\" style=\"padding-top:0;padding-bottom:0\"><strong>WORDCAMP<\/strong> <strong>GRANADA<\/strong> <strong>2024<\/strong><\/h3>\n<\/div>\n\n\n\n<p>Despu\u00e9s de una jornada intensa en la <strong>WordCamp Granada 2024<\/strong>. Nos veremos todos en <strong>La Plaza de Ganivet<\/strong>. (Terraza de arriba) Un lugar en pleno centro de Granada, donde pasarlo bien, compartir y seguir haciendo networking. <\/p>\n\n\n\n<p><strong>Un punto de encuentro<\/strong> de todos los WordPresseros que asaltemos Granada los d\u00edas 26 y 27 de octubre.  Todos los asistentes dispondr\u00e1n de una carnet VIP v\u00e1lido para ese fin de semana con muchas ventajas y alguna sorpresa incluida.<br><br>Un espacio moderno y co\u0301modo, donde <strong>disfrutar de la mu\u0301sica<\/strong> que todo el mundo conoce, la que todo el mundo tararea (sin reggaeto\u0301n), porque para eso so\u0301lo tendra\u0301s que bajar las escaleras interiores que conectan con nuestro Ganivet.<\/p>\n\n\n\n<p>En La Plaza te encontrara\u0301s con la <strong>gente del congreso<\/strong> en el que aunar las buenas conversaciones, el baile y el desafine de los que cantan sus canciones favoritas.<\/p>\n\n\n\n<h3 class=\"wp-block-heading\">AfterParty<br><\/h3>\n\n\n\n<p><strong>Lugar:<\/strong> La Terraza de Ganivet. <a href=\"https:\/\/www.google.com\/maps\/place\/\/data=!4m2!3m1!1s0xd71fcbc18aed281:0xc1f6caf45357ad28?sa=X&amp;ved=1t:8290&amp;ictx=111\">C. \u00c1ngel Ganivet, 13, Centro, 18009 Granada<\/a> (Entrar por arriba)<br><strong>Hora:<\/strong> A partir de las 21:30<\/p>\n\n\n\n<div class=\"wp-block-columns is-layout-flex wp-container-core-columns-is-layout-28f84493 wp-block-columns-is-layout-flex\">\n<div class=\"wp-block-column is-layout-flow wp-block-column-is-layout-flow\">\n<figure class=\"wp-block-gallery has-nested-images columns-default is-cropped wp-block-gallery-1 is-layout-flex wp-block-gallery-is-layout-flex\">\n<figure data-wp-context=\"{&quot;imageId&quot;:&quot;69d8c573bb521&quot;}\" data-wp-interactive=\"core\/image\" data-wp-key=\"69d8c573bb521\" class=\"wp-block-image size-large wp-lightbox-container\"><img data-recalc-dims=\"1\" loading=\"lazy\" decoding=\"async\" width=\"1024\" height=\"683\" data-wp-class--hide=\"state.isContentHidden\" data-wp-class--show=\"state.isContentVisible\" data-wp-init=\"callbacks.setButtonStyles\" data-wp-on--click=\"actions.showLightbox\" data-wp-on--load=\"callbacks.setButtonStyles\" data-wp-on--pointerdown=\"actions.preloadImage\" data-wp-on--pointerenter=\"actions.preloadImageWithDelay\" data-wp-on--pointerleave=\"actions.cancelPreload\" data-wp-on-window--resize=\"callbacks.setButtonStyles\" data-id=\"4459\" src=\"https:\/\/i0.wp.com\/granada.wordcamp.org\/2024\/files\/2024\/09\/ganivet-after-par65ty-7-min-103044x687-1.jpg?resize=1024%2C683&#038;ssl=1\" alt=\"\" class=\"wp-image-4459\" srcset=\"https:\/\/i0.wp.com\/granada.wordcamp.org\/2024\/files\/2024\/09\/ganivet-after-par65ty-7-min-103044x687-1.jpg?resize=1024%2C683&amp;ssl=1 1024w, https:\/\/i0.wp.com\/granada.wordcamp.org\/2024\/files\/2024\/09\/ganivet-after-par65ty-7-min-103044x687-1.jpg?resize=300%2C200&amp;ssl=1 300w, https:\/\/i0.wp.com\/granada.wordcamp.org\/2024\/files\/2024\/09\/ganivet-after-par65ty-7-min-103044x687-1.jpg?resize=768%2C512&amp;ssl=1 768w, https:\/\/i0.wp.com\/granada.wordcamp.org\/2024\/files\/2024\/09\/ganivet-after-par65ty-7-min-103044x687-1.jpg?resize=450%2C300&amp;ssl=1 450w, https:\/\/i0.wp.com\/granada.wordcamp.org\/2024\/files\/2024\/09\/ganivet-after-par65ty-7-min-103044x687-1.jpg?w=1030&amp;ssl=1 1030w\" sizes=\"auto, (max-width: 1000px) 100vw, 1000px\" \/><button\n\t\t\tclass=\"lightbox-trigger\"\n\t\t\ttype=\"button\"\n\t\t\taria-haspopup=\"dialog\"\n\t\t\taria-label=\"Enlarge\"\n\t\t\tdata-wp-init=\"callbacks.initTriggerButton\"\n\t\t\tdata-wp-on--click=\"actions.showLightbox\"\n\t\t\tdata-wp-style--right=\"state.imageButtonRight\"\n\t\t\tdata-wp-style--top=\"state.imageButtonTop\"\n\t\t>\n\t\t\t<svg xmlns=\"http:\/\/www.w3.org\/2000\/svg\" width=\"12\" height=\"12\" fill=\"none\" viewBox=\"0 0 12 12\">\n\t\t\t\t<path fill=\"#fff\" d=\"M2 0a2 2 0 0 0-2 2v2h1.5V2a.5.5 0 0 1 .5-.5h2V0H2Zm2 10.5H2a.5.5 0 0 1-.5-.5V8H0v2a2 2 0 0 0 2 2h2v-1.5ZM8 12v-1.5h2a.5.5 0 0 0 .5-.5V8H12v2a2 2 0 0 1-2 2H8Zm2-12a2 2 0 0 1 2 2v2h-1.5V2a.5.5 0 0 0-.5-.5H8V0h2Z\" \/>\n\t\t\t<\/svg>\n\t\t<\/button><\/figure>\n\n\n\n<figure data-wp-context=\"{&quot;imageId&quot;:&quot;69d8c573bbe05&quot;}\" data-wp-interactive=\"core\/image\" data-wp-key=\"69d8c573bbe05\" class=\"wp-block-image size-large wp-lightbox-container\"><img data-recalc-dims=\"1\" loading=\"lazy\" decoding=\"async\" width=\"1024\" height=\"683\" data-wp-class--hide=\"state.isContentHidden\" data-wp-class--show=\"state.isContentVisible\" data-wp-init=\"callbacks.setButtonStyles\" data-wp-on--click=\"actions.showLightbox\" data-wp-on--load=\"callbacks.setButtonStyles\" data-wp-on--pointerdown=\"actions.preloadImage\" data-wp-on--pointerenter=\"actions.preloadImageWithDelay\" data-wp-on--pointerleave=\"actions.cancelPreload\" data-wp-on-window--resize=\"callbacks.setButtonStyles\" data-id=\"4460\" src=\"https:\/\/i0.wp.com\/granada.wordcamp.org\/2024\/files\/2024\/09\/ganivet-after-party-7-min-1030x687-1.jpg?resize=1024%2C683&#038;ssl=1\" alt=\"\" class=\"wp-image-4460\" srcset=\"https:\/\/i0.wp.com\/granada.wordcamp.org\/2024\/files\/2024\/09\/ganivet-after-party-7-min-1030x687-1.jpg?resize=1024%2C683&amp;ssl=1 1024w, https:\/\/i0.wp.com\/granada.wordcamp.org\/2024\/files\/2024\/09\/ganivet-after-party-7-min-1030x687-1.jpg?resize=300%2C200&amp;ssl=1 300w, https:\/\/i0.wp.com\/granada.wordcamp.org\/2024\/files\/2024\/09\/ganivet-after-party-7-min-1030x687-1.jpg?resize=768%2C512&amp;ssl=1 768w, https:\/\/i0.wp.com\/granada.wordcamp.org\/2024\/files\/2024\/09\/ganivet-after-party-7-min-1030x687-1.jpg?resize=450%2C300&amp;ssl=1 450w, https:\/\/i0.wp.com\/granada.wordcamp.org\/2024\/files\/2024\/09\/ganivet-after-party-7-min-1030x687-1.jpg?w=1030&amp;ssl=1 1030w\" sizes=\"auto, (max-width: 1000px) 100vw, 1000px\" \/><button\n\t\t\tclass=\"lightbox-trigger\"\n\t\t\ttype=\"button\"\n\t\t\taria-haspopup=\"dialog\"\n\t\t\taria-label=\"Enlarge\"\n\t\t\tdata-wp-init=\"callbacks.initTriggerButton\"\n\t\t\tdata-wp-on--click=\"actions.showLightbox\"\n\t\t\tdata-wp-style--right=\"state.imageButtonRight\"\n\t\t\tdata-wp-style--top=\"state.imageButtonTop\"\n\t\t>\n\t\t\t<svg xmlns=\"http:\/\/www.w3.org\/2000\/svg\" width=\"12\" height=\"12\" fill=\"none\" viewBox=\"0 0 12 12\">\n\t\t\t\t<path fill=\"#fff\" d=\"M2 0a2 2 0 0 0-2 2v2h1.5V2a.5.5 0 0 1 .5-.5h2V0H2Zm2 10.5H2a.5.5 0 0 1-.5-.5V8H0v2a2 2 0 0 0 2 2h2v-1.5ZM8 12v-1.5h2a.5.5 0 0 0 .5-.5V8H12v2a2 2 0 0 1-2 2H8Zm2-12a2 2 0 0 1 2 2v2h-1.5V2a.5.5 0 0 0-.5-.5H8V0h2Z\" \/>\n\t\t\t<\/svg>\n\t\t<\/button><\/figure>\n\n\n\n<figure data-wp-context=\"{&quot;imageId&quot;:&quot;69d8c573bc79d&quot;}\" data-wp-interactive=\"core\/image\" data-wp-key=\"69d8c573bc79d\" class=\"wp-block-image size-large wp-lightbox-container\"><img data-recalc-dims=\"1\" loading=\"lazy\" decoding=\"async\" width=\"1024\" height=\"683\" data-wp-class--hide=\"state.isContentHidden\" data-wp-class--show=\"state.isContentVisible\" data-wp-init=\"callbacks.setButtonStyles\" data-wp-on--click=\"actions.showLightbox\" data-wp-on--load=\"callbacks.setButtonStyles\" data-wp-on--pointerdown=\"actions.preloadImage\" data-wp-on--pointerenter=\"actions.preloadImageWithDelay\" data-wp-on--pointerleave=\"actions.cancelPreload\" data-wp-on-window--resize=\"callbacks.setButtonStyles\" data-id=\"4461\" src=\"https:\/\/i0.wp.com\/granada.wordcamp.org\/2024\/files\/2024\/09\/ganivet-after-party-7-min-103044x687-1.jpg?resize=1024%2C683&#038;ssl=1\" alt=\"\" class=\"wp-image-4461\" srcset=\"https:\/\/i0.wp.com\/granada.wordcamp.org\/2024\/files\/2024\/09\/ganivet-after-party-7-min-103044x687-1.jpg?resize=1024%2C683&amp;ssl=1 1024w, https:\/\/i0.wp.com\/granada.wordcamp.org\/2024\/files\/2024\/09\/ganivet-after-party-7-min-103044x687-1.jpg?resize=300%2C200&amp;ssl=1 300w, https:\/\/i0.wp.com\/granada.wordcamp.org\/2024\/files\/2024\/09\/ganivet-after-party-7-min-103044x687-1.jpg?resize=768%2C512&amp;ssl=1 768w, https:\/\/i0.wp.com\/granada.wordcamp.org\/2024\/files\/2024\/09\/ganivet-after-party-7-min-103044x687-1.jpg?resize=450%2C300&amp;ssl=1 450w, https:\/\/i0.wp.com\/granada.wordcamp.org\/2024\/files\/2024\/09\/ganivet-after-party-7-min-103044x687-1.jpg?w=1030&amp;ssl=1 1030w\" sizes=\"auto, (max-width: 1000px) 100vw, 1000px\" \/><button\n\t\t\tclass=\"lightbox-trigger\"\n\t\t\ttype=\"button\"\n\t\t\taria-haspopup=\"dialog\"\n\t\t\taria-label=\"Enlarge\"\n\t\t\tdata-wp-init=\"callbacks.initTriggerButton\"\n\t\t\tdata-wp-on--click=\"actions.showLightbox\"\n\t\t\tdata-wp-style--right=\"state.imageButtonRight\"\n\t\t\tdata-wp-style--top=\"state.imageButtonTop\"\n\t\t>\n\t\t\t<svg xmlns=\"http:\/\/www.w3.org\/2000\/svg\" width=\"12\" height=\"12\" fill=\"none\" viewBox=\"0 0 12 12\">\n\t\t\t\t<path fill=\"#fff\" d=\"M2 0a2 2 0 0 0-2 2v2h1.5V2a.5.5 0 0 1 .5-.5h2V0H2Zm2 10.5H2a.5.5 0 0 1-.5-.5V8H0v2a2 2 0 0 0 2 2h2v-1.5ZM8 12v-1.5h2a.5.5 0 0 0 .5-.5V8H12v2a2 2 0 0 1-2 2H8Zm2-12a2 2 0 0 1 2 2v2h-1.5V2a.5.5 0 0 0-.5-.5H8V0h2Z\" \/>\n\t\t\t<\/svg>\n\t\t<\/button><\/figure>\n\n\n\n<figure data-wp-context=\"{&quot;imageId&quot;:&quot;69d8c573bcfa0&quot;}\" data-wp-interactive=\"core\/image\" data-wp-key=\"69d8c573bcfa0\" class=\"wp-block-image size-large wp-lightbox-container\"><img data-recalc-dims=\"1\" loading=\"lazy\" decoding=\"async\" width=\"1024\" height=\"683\" data-wp-class--hide=\"state.isContentHidden\" data-wp-class--show=\"state.isContentVisible\" data-wp-init=\"callbacks.setButtonStyles\" data-wp-on--click=\"actions.showLightbox\" data-wp-on--load=\"callbacks.setButtonStyles\" data-wp-on--pointerdown=\"actions.preloadImage\" data-wp-on--pointerenter=\"actions.preloadImageWithDelay\" data-wp-on--pointerleave=\"actions.cancelPreload\" data-wp-on-window--resize=\"callbacks.setButtonStyles\" data-id=\"4462\" src=\"https:\/\/i0.wp.com\/granada.wordcamp.org\/2024\/files\/2024\/09\/ganivet-after-party-7-min-104430x687-1.jpg?resize=1024%2C683&#038;ssl=1\" alt=\"\" class=\"wp-image-4462\" srcset=\"https:\/\/i0.wp.com\/granada.wordcamp.org\/2024\/files\/2024\/09\/ganivet-after-party-7-min-104430x687-1.jpg?resize=1024%2C683&amp;ssl=1 1024w, https:\/\/i0.wp.com\/granada.wordcamp.org\/2024\/files\/2024\/09\/ganivet-after-party-7-min-104430x687-1.jpg?resize=300%2C200&amp;ssl=1 300w, https:\/\/i0.wp.com\/granada.wordcamp.org\/2024\/files\/2024\/09\/ganivet-after-party-7-min-104430x687-1.jpg?resize=768%2C512&amp;ssl=1 768w, https:\/\/i0.wp.com\/granada.wordcamp.org\/2024\/files\/2024\/09\/ganivet-after-party-7-min-104430x687-1.jpg?resize=450%2C300&amp;ssl=1 450w, https:\/\/i0.wp.com\/granada.wordcamp.org\/2024\/files\/2024\/09\/ganivet-after-party-7-min-104430x687-1.jpg?w=1030&amp;ssl=1 1030w\" sizes=\"auto, (max-width: 1000px) 100vw, 1000px\" \/><button\n\t\t\tclass=\"lightbox-trigger\"\n\t\t\ttype=\"button\"\n\t\t\taria-haspopup=\"dialog\"\n\t\t\taria-label=\"Enlarge\"\n\t\t\tdata-wp-init=\"callbacks.initTriggerButton\"\n\t\t\tdata-wp-on--click=\"actions.showLightbox\"\n\t\t\tdata-wp-style--right=\"state.imageButtonRight\"\n\t\t\tdata-wp-style--top=\"state.imageButtonTop\"\n\t\t>\n\t\t\t<svg xmlns=\"http:\/\/www.w3.org\/2000\/svg\" width=\"12\" height=\"12\" fill=\"none\" viewBox=\"0 0 12 12\">\n\t\t\t\t<path fill=\"#fff\" d=\"M2 0a2 2 0 0 0-2 2v2h1.5V2a.5.5 0 0 1 .5-.5h2V0H2Zm2 10.5H2a.5.5 0 0 1-.5-.5V8H0v2a2 2 0 0 0 2 2h2v-1.5ZM8 12v-1.5h2a.5.5 0 0 0 .5-.5V8H12v2a2 2 0 0 1-2 2H8Zm2-12a2 2 0 0 1 2 2v2h-1.5V2a.5.5 0 0 0-.5-.5H8V0h2Z\" \/>\n\t\t\t<\/svg>\n\t\t<\/button><\/figure>\n\n\n\n<figure data-wp-context=\"{&quot;imageId&quot;:&quot;69d8c573bd7b4&quot;}\" data-wp-interactive=\"core\/image\" data-wp-key=\"69d8c573bd7b4\" class=\"wp-block-image size-large wp-lightbox-container\"><img data-recalc-dims=\"1\" loading=\"lazy\" decoding=\"async\" width=\"1024\" height=\"683\" data-wp-class--hide=\"state.isContentHidden\" data-wp-class--show=\"state.isContentVisible\" data-wp-init=\"callbacks.setButtonStyles\" data-wp-on--click=\"actions.showLightbox\" data-wp-on--load=\"callbacks.setButtonStyles\" data-wp-on--pointerdown=\"actions.preloadImage\" data-wp-on--pointerenter=\"actions.preloadImageWithDelay\" data-wp-on--pointerleave=\"actions.cancelPreload\" data-wp-on-window--resize=\"callbacks.setButtonStyles\" data-id=\"4463\" src=\"https:\/\/i0.wp.com\/granada.wordcamp.org\/2024\/files\/2024\/09\/ganivet-after-party-7-min-1039044x687-1.jpg?resize=1024%2C683&#038;ssl=1\" alt=\"\" class=\"wp-image-4463\" srcset=\"https:\/\/i0.wp.com\/granada.wordcamp.org\/2024\/files\/2024\/09\/ganivet-after-party-7-min-1039044x687-1.jpg?resize=1024%2C683&amp;ssl=1 1024w, https:\/\/i0.wp.com\/granada.wordcamp.org\/2024\/files\/2024\/09\/ganivet-after-party-7-min-1039044x687-1.jpg?resize=300%2C200&amp;ssl=1 300w, https:\/\/i0.wp.com\/granada.wordcamp.org\/2024\/files\/2024\/09\/ganivet-after-party-7-min-1039044x687-1.jpg?resize=768%2C512&amp;ssl=1 768w, https:\/\/i0.wp.com\/granada.wordcamp.org\/2024\/files\/2024\/09\/ganivet-after-party-7-min-1039044x687-1.jpg?resize=450%2C300&amp;ssl=1 450w, https:\/\/i0.wp.com\/granada.wordcamp.org\/2024\/files\/2024\/09\/ganivet-after-party-7-min-1039044x687-1.jpg?w=1030&amp;ssl=1 1030w\" sizes=\"auto, (max-width: 1000px) 100vw, 1000px\" \/><button\n\t\t\tclass=\"lightbox-trigger\"\n\t\t\ttype=\"button\"\n\t\t\taria-haspopup=\"dialog\"\n\t\t\taria-label=\"Enlarge\"\n\t\t\tdata-wp-init=\"callbacks.initTriggerButton\"\n\t\t\tdata-wp-on--click=\"actions.showLightbox\"\n\t\t\tdata-wp-style--right=\"state.imageButtonRight\"\n\t\t\tdata-wp-style--top=\"state.imageButtonTop\"\n\t\t>\n\t\t\t<svg xmlns=\"http:\/\/www.w3.org\/2000\/svg\" width=\"12\" height=\"12\" fill=\"none\" viewBox=\"0 0 12 12\">\n\t\t\t\t<path fill=\"#fff\" d=\"M2 0a2 2 0 0 0-2 2v2h1.5V2a.5.5 0 0 1 .5-.5h2V0H2Zm2 10.5H2a.5.5 0 0 1-.5-.5V8H0v2a2 2 0 0 0 2 2h2v-1.5ZM8 12v-1.5h2a.5.5 0 0 0 .5-.5V8H12v2a2 2 0 0 1-2 2H8Zm2-12a2 2 0 0 1 2 2v2h-1.5V2a.5.5 0 0 0-.5-.5H8V0h2Z\" \/>\n\t\t\t<\/svg>\n\t\t<\/button><\/figure>\n\n\n\n<figure data-wp-context=\"{&quot;imageId&quot;:&quot;69d8c573bdf8f&quot;}\" data-wp-interactive=\"core\/image\" data-wp-key=\"69d8c573bdf8f\" class=\"wp-block-image size-large wp-lightbox-container\"><img data-recalc-dims=\"1\" loading=\"lazy\" decoding=\"async\" width=\"1024\" height=\"683\" data-wp-class--hide=\"state.isContentHidden\" data-wp-class--show=\"state.isContentVisible\" data-wp-init=\"callbacks.setButtonStyles\" data-wp-on--click=\"actions.showLightbox\" data-wp-on--load=\"callbacks.setButtonStyles\" data-wp-on--pointerdown=\"actions.preloadImage\" data-wp-on--pointerenter=\"actions.preloadImageWithDelay\" data-wp-on--pointerleave=\"actions.cancelPreload\" data-wp-on-window--resize=\"callbacks.setButtonStyles\" data-id=\"4464\" src=\"https:\/\/i0.wp.com\/granada.wordcamp.org\/2024\/files\/2024\/09\/ganivet-after-party-73-min-103044x687-1.jpg?resize=1024%2C683&#038;ssl=1\" alt=\"\" class=\"wp-image-4464\" srcset=\"https:\/\/i0.wp.com\/granada.wordcamp.org\/2024\/files\/2024\/09\/ganivet-after-party-73-min-103044x687-1.jpg?resize=1024%2C683&amp;ssl=1 1024w, https:\/\/i0.wp.com\/granada.wordcamp.org\/2024\/files\/2024\/09\/ganivet-after-party-73-min-103044x687-1.jpg?resize=300%2C200&amp;ssl=1 300w, https:\/\/i0.wp.com\/granada.wordcamp.org\/2024\/files\/2024\/09\/ganivet-after-party-73-min-103044x687-1.jpg?resize=768%2C512&amp;ssl=1 768w, https:\/\/i0.wp.com\/granada.wordcamp.org\/2024\/files\/2024\/09\/ganivet-after-party-73-min-103044x687-1.jpg?resize=450%2C300&amp;ssl=1 450w, https:\/\/i0.wp.com\/granada.wordcamp.org\/2024\/files\/2024\/09\/ganivet-after-party-73-min-103044x687-1.jpg?w=1030&amp;ssl=1 1030w\" sizes=\"auto, (max-width: 1000px) 100vw, 1000px\" \/><button\n\t\t\tclass=\"lightbox-trigger\"\n\t\t\ttype=\"button\"\n\t\t\taria-haspopup=\"dialog\"\n\t\t\taria-label=\"Enlarge\"\n\t\t\tdata-wp-init=\"callbacks.initTriggerButton\"\n\t\t\tdata-wp-on--click=\"actions.showLightbox\"\n\t\t\tdata-wp-style--right=\"state.imageButtonRight\"\n\t\t\tdata-wp-style--top=\"state.imageButtonTop\"\n\t\t>\n\t\t\t<svg xmlns=\"http:\/\/www.w3.org\/2000\/svg\" width=\"12\" height=\"12\" fill=\"none\" viewBox=\"0 0 12 12\">\n\t\t\t\t<path fill=\"#fff\" d=\"M2 0a2 2 0 0 0-2 2v2h1.5V2a.5.5 0 0 1 .5-.5h2V0H2Zm2 10.5H2a.5.5 0 0 1-.5-.5V8H0v2a2 2 0 0 0 2 2h2v-1.5ZM8 12v-1.5h2a.5.5 0 0 0 .5-.5V8H12v2a2 2 0 0 1-2 2H8Zm2-12a2 2 0 0 1 2 2v2h-1.5V2a.5.5 0 0 0-.5-.5H8V0h2Z\" \/>\n\t\t\t<\/svg>\n\t\t<\/button><\/figure>\n<\/figure>\n<\/div>\n<\/div>\n","protected":false},"excerpt":{"rendered":"<p>AfterParty WORDCAMP GRANADA 2024 Despu\u00e9s de una jornada intensa en la WordCamp Granada 2024. Nos veremos todos en La Plaza de Ganivet. (Terraza de arriba) Un lugar en pleno centro de Granada, donde pasarlo bien, compartir y seguir haciendo networking. Un punto de encuentro de todos los WordPresseros que asaltemos Granada los d\u00edas 26 y [&hellip;]<\/p>\n","protected":false},"author":16614963,"featured_media":0,"parent":0,"menu_order":0,"comment_status":"closed","ping_status":"closed","template":"page-no-title","meta":{"jetpack_post_was_ever_published":false,"footnotes":""},"class_list":["post-4458","page","type-page","status-publish","hentry"],"jetpack_sharing_enabled":true,"_links":{"self":[{"href":"https:\/\/granada.wordcamp.org\/2024\/wp-json\/wp\/v2\/pages\/4458","targetHints":{"allow":["GET"]}}],"collection":[{"href":"https:\/\/granada.wordcamp.org\/2024\/wp-json\/wp\/v2\/pages"}],"about":[{"href":"https:\/\/granada.wordcamp.org\/2024\/wp-json\/wp\/v2\/types\/page"}],"author":[{"embeddable":true,"href":"https:\/\/granada.wordcamp.org\/2024\/wp-json\/wp\/v2\/users\/16614963"}],"replies":[{"embeddable":true,"href":"https:\/\/granada.wordcamp.org\/2024\/wp-json\/wp\/v2\/comments?post=4458"}],"version-history":[{"count":5,"href":"https:\/\/granada.wordcamp.org\/2024\/wp-json\/wp\/v2\/pages\/4458\/revisions"}],"predecessor-version":[{"id":4819,"href":"https:\/\/granada.wordcamp.org\/2024\/wp-json\/wp\/v2\/pages\/4458\/revisions\/4819"}],"wp:attachment":[{"href":"https:\/\/granada.wordcamp.org\/2024\/wp-json\/wp\/v2\/media?parent=4458"}],"curies":[{"name":"wp","href":"https:\/\/api.w.org\/{rel}","templated":true}]}}