{"id":7,"date":"2024-01-26T21:28:57","date_gmt":"2024-01-26T20:28:57","guid":{"rendered":"https:\/\/granada.wordcamp.org\/2024\/schedule\/"},"modified":"2024-10-25T14:34:24","modified_gmt":"2024-10-25T12:34:24","slug":"programa","status":"publish","type":"page","link":"https:\/\/granada.wordcamp.org\/2024\/programa\/","title":{"rendered":"Programa"},"content":{"rendered":"\n<div class=\"wp-block-group alignfull has-custom-sea-background-color has-background has-global-padding is-layout-constrained wp-container-core-group-is-layout-f023e98c wp-block-group-is-layout-constrained\" style=\"margin-top:0;margin-bottom:var(--wp--preset--spacing--50);padding-top:200px;padding-right:0;padding-bottom:var(--wp--preset--spacing--60);padding-left:0;background-image:url(&apos;https:\/\/granada.wordcamp.org\/2024\/files\/2024\/05\/tile-white-border-3px.png&apos;);background-position:11% 48%;background-repeat:no-repeat;background-size:auto;\">\n<h1 class=\"wp-block-heading has-text-align-center is-style-default has-base-2-color has-text-color has-link-color wp-elements-43c1e57f8cf6a19a7d935b9e46c915ae\" style=\"padding-top:0;padding-bottom:0\">Programa<\/h1>\n<\/div>\n\n\n\n<p>Tour virtual: <a href=\"https:\/\/my.mpskin.com\/tour\/5p4mkkk9nc\">https:\/\/my.mpskin.com\/tour\/5p4mkkk9nc<\/a><\/p>\n\n\n\n<p>\ud83d\udccd D\u00eda 26: Todo el congreso transcurrir\u00e1 en el <strong><a href=\"https:\/\/g.co\/kgs\/ALJum7t\" target=\"_blank\" rel=\"noreferrer noopener\">Palacio de Congresos de Granada<\/a><\/strong><br>\ud83d\udccd D\u00eda 26: After Party en Pub Ganivet: <a href=\"https:\/\/granada.wordcamp.org\/2024\/session\/after-party\/\">https:\/\/granada.wordcamp.org\/2024\/session\/after-party\/<\/a><br>\ud83d\udccd D\u00eda 27: <a href=\"https:\/\/granada.wordcamp.org\/2024\/session\/contributor-day\/\" data-type=\"wcb_session\" data-id=\"4065\">Contributor Day<\/a>: <strong><a href=\"https:\/\/g.co\/kgs\/yDDmL4B\" target=\"_blank\" rel=\"noreferrer noopener\">Digital Business Hub Granada<\/a><\/strong><\/p>\n\n\n\n<h2 class=\"wp-block-heading\">2 d\u00edas de <mark class=\"has-inline-color has-custom-gold-3-color\">Marketing<\/mark> y <mark class=\"has-inline-color has-custom-gold-3-color\">Turismo<\/mark><\/h2>\n\n\n\n<p><strong>WordCamp Granada 2024 <\/strong>estar\u00e1 orientada este a\u00f1o en las <strong>tecnolog\u00edas abiertas aplicadas en el sector tur\u00edstico<\/strong>. Ser\u00e1 la <strong>primera WordCamp del mundo dedicada al sector del turismo<\/strong> y la industria tur\u00edstica. Por ello tendremos preparado un evento donde tendremos mucho conocimiento compartido y mucho m\u00e1s.<\/p>\n\n\n\n<p>Un punto de encuentro abierto a todas las personas que quieran <strong>crear negocio, colaborar, compartir conocimientos y experiencias, y aprender unas de otras.<\/strong><\/p>\n\n\n\n<p>Si te gusta <strong>WordPress<\/strong>, tienes un <strong>proyecto <\/strong>relacionado con el sector tur\u00edstico y <strong>tecnolog\u00edas libres<\/strong>, una <strong>web<\/strong>, un <strong>blog<\/strong>, trabajas en algo relacionado con el turismo o simplemente quieres descubrir c\u00f3mo es una <strong>WordCamp,<\/strong> no te puedes perder esta gran celebraci\u00f3n.<\/p>\n\n\n\n<h2 class=\"wp-block-heading\">2 d\u00edas:<\/h2>\n\n\n\n<ul class=\"wp-block-list\">\n<li><strong>D\u00eda principal con +20 actividades: charlas, talleres, WC Connect y mesa de debate<\/strong><\/li>\n\n\n\n<li><strong>Contributor Day<\/strong><\/li>\n\n\n\n<li>+ 300 asistentes<\/li>\n\n\n\n<li>Sorteos<\/li>\n\n\n\n<li>Desayuno y almuerzo<\/li>\n\n\n\n<li>Merchandising<\/li>\n\n\n\n<li>AfterParty en Ganivet<\/li>\n\n\n\n<li>\u00a1Mucho networking!<\/li>\n<\/ul>\n\n\n\n<div class=\"wp-block-buttons is-layout-flex wp-block-buttons-is-layout-flex\">\n<div class=\"wp-block-button\"><a class=\"wp-block-button__link wp-element-button\" href=\"https:\/\/granada.wordcamp.org\/2024\/tickets\/\">COMPRAR ENTRADA<\/a><\/div>\n<\/div>\n\n\n\n<div style=\"height:35px\" aria-hidden=\"true\" class=\"wp-block-spacer\"><\/div>\n\n\n\n<div\n\tclass=\"wp-block-wordcamp-schedule alignwide is-loading\"\n\t\tdata-attributes=\"{&quot;__isStylesPreview&quot;:false,&quot;align&quot;:&quot;wide&quot;,&quot;chooseSpecificDays&quot;:false,&quot;chosenDays&quot;:[],&quot;chooseSpecificTracks&quot;:false,&quot;chosenTrackIds&quot;:[],&quot;showCategories&quot;:true,&quot;useClientTimezone&quot;:false}\"\n>\n\tCargando\u2026<\/div>\n\n\n\t<div class=\"email-form fav-session-email-form-hide\">\n\t\t<!-- Tab links -->\n\t\t<div class=\"fav-session-share-tab\">\n\t\t\t\t\t\t\t<div class=\"fav-session-tablinks\" id=\"fav-session-btn-email\">\n\t\t\t\t\tCorreo electr\u00f3nico\t\t\t\t<\/div>\n\t\t\t\n\t\t\t<div class=\"fav-session-tablinks\" id=\"fav-session-btn-link\">\n\t\t\t\tEnlace\t\t\t<\/div>\n\n\t\t\t<div class=\"fav-session-tablinks\" id=\"fav-session-btn-print\">\n\t\t\t\tImprimir\t\t\t<\/div>\n\t\t<\/div>\n\n\t\t<!-- Tab content -->\n\t\t\t\t\t<div id=\"fav-session-tab-email\" class=\"fav-session-share-tabcontent\">\n\t\t\t\t<div id=\"fav-session-email-form\">\n\t\t\t\t\tEnv\u00edame mis sesiones favoritas:\n\t\t\t\t\t<form id=\"fav-sessions-form\">\n\t\t\t\t\t\t<input\n\t\t\t\t\t\t\ttype=\"text\"\n\t\t\t\t\t\t\tname=\"email_address\"\n\t\t\t\t\t\t\tid=\"fav-sessions-email-address\"\n\t\t\t\t\t\t\tplaceholder=\"me@protonmail.com\"\n\t\t\t\t\t\t\/>\n\t\t\t\t\t\t<input type=\"submit\" value=\"Enviar\" \/>\n\t\t\t\t\t<\/form>\n\t\t\t\t<\/div>\n\n\t\t\t\t<div class=\"fav-session-email-wait-spinner\"><\/div>\n\t\t\t\t<div class=\"fav-session-email-result\"><\/div>\n\t\t\t<\/div>\n\t\t\n\t\t<div id=\"fav-session-tab-link\" class=\"fav-session-share-tabcontent\">\n\t\t\tEnlace compartible:\t\t\t<br \/>\n\t\t\t<a id=\"fav-sessions-link\" href=\"\"><\/a>\n\t\t<\/div>\n\n\t\t<div id=\"fav-session-tab-print\" class=\"fav-session-share-tabcontent\">\n\t\t\t<button id=\"fav-session-print\">\n\t\t\t\tImprimir sesiones favoritas\t\t\t<\/button>\n\t\t<\/div>\n\t<\/div>\n\n\t<a class=\"show-email-form\" href=\"javascript:\">\n\t\t<span class=\"dashicons dashicons-star-filled\"><\/span>\n\t\t<span class=\"dashicons dashicons-email-alt\"><\/span>\n\t<\/a>\n\n\t\n\n\n<div style=\"height:35px\" aria-hidden=\"true\" class=\"wp-block-spacer\"><\/div>\n\n\n\n<h2 class=\"wp-block-heading\">Algunas de las tem\u00e1ticas que tendremos:<\/h2>\n\n\n\n<ul class=\"wp-block-list\">\n<li>Creaci\u00f3n de contenido para destinos tur\u00edsticos.<\/li>\n\n\n\n<li>Plugins, temas y herramientas para webs de destinos tur\u00edsticos, reservas, etc.<\/li>\n\n\n\n<li>Adaptaci\u00f3n del turismo a las nuevas tecnolog\u00edas y cambios en las pr\u00e1cticas de viaje.<\/li>\n\n\n\n<li>Software libre y de las redes sociales.<\/li>\n\n\n\n<li>Uso de software libre en la gesti\u00f3n del patrimonio cultural y tur\u00edstico.<\/li>\n\n\n\n<li>Las fintech y el turismo.<\/li>\n\n\n\n<li>Software libre para empresas tur\u00edsticas: eficiencia, innovaci\u00f3n competitividad y\/o sostenibilidad.<\/li>\n\n\n\n<li>Formaci\u00f3n para el turismo.<\/li>\n\n\n\n<li>An\u00e1lisis de datos y an\u00e1lisis de tendencias para mejorar la estrategia de marketing tur\u00edstico.<\/li>\n\n\n\n<li>Herramientas de software libre para GIS, geolocalizaci\u00f3n, mapeo, ubicaciones, etc.<\/li>\n\n\n\n<li>Herramientas y t\u00e9cnicas SEO, SEM, marketing, etc.<\/li>\n\n\n\n<li>Realidad virtual o Realidad aumentada para el turismo.<\/li>\n<\/ul>\n","protected":false},"excerpt":{"rendered":"<p>Programa Tour virtual: https:\/\/my.mpskin.com\/tour\/5p4mkkk9nc \ud83d\udccd D\u00eda 26: Todo el congreso transcurrir\u00e1 en el Palacio de Congresos de Granada\ud83d\udccd D\u00eda 26: After Party en Pub Ganivet: https:\/\/granada.wordcamp.org\/2024\/session\/after-party\/\ud83d\udccd D\u00eda 27: Contributor Day: Digital Business Hub Granada 2 d\u00edas de Marketing y Turismo WordCamp Granada 2024 estar\u00e1 orientada este a\u00f1o en las tecnolog\u00edas abiertas aplicadas en el sector [&hellip;]<\/p>\n","protected":false},"author":16614963,"featured_media":0,"parent":0,"menu_order":0,"comment_status":"closed","ping_status":"closed","template":"wp-custom-template-es-pagina-sin-titulo","meta":{"jetpack_post_was_ever_published":true,"footnotes":""},"class_list":["post-7","page","type-page","status-publish","hentry"],"jetpack_sharing_enabled":false,"_links":{"self":[{"href":"https:\/\/granada.wordcamp.org\/2024\/wp-json\/wp\/v2\/pages\/7","targetHints":{"allow":["GET"]}}],"collection":[{"href":"https:\/\/granada.wordcamp.org\/2024\/wp-json\/wp\/v2\/pages"}],"about":[{"href":"https:\/\/granada.wordcamp.org\/2024\/wp-json\/wp\/v2\/types\/page"}],"author":[{"embeddable":true,"href":"https:\/\/granada.wordcamp.org\/2024\/wp-json\/wp\/v2\/users\/16614963"}],"replies":[{"embeddable":true,"href":"https:\/\/granada.wordcamp.org\/2024\/wp-json\/wp\/v2\/comments?post=7"}],"version-history":[{"count":31,"href":"https:\/\/granada.wordcamp.org\/2024\/wp-json\/wp\/v2\/pages\/7\/revisions"}],"predecessor-version":[{"id":5938,"href":"https:\/\/granada.wordcamp.org\/2024\/wp-json\/wp\/v2\/pages\/7\/revisions\/5938"}],"wp:attachment":[{"href":"https:\/\/granada.wordcamp.org\/2024\/wp-json\/wp\/v2\/media?parent=7"}],"curies":[{"name":"wp","href":"https:\/\/api.w.org\/{rel}","templated":true}]}}