{"id":8,"date":"2024-01-26T21:28:57","date_gmt":"2024-01-26T20:28:57","guid":{"rendered":"https:\/\/granada.wordcamp.org\/2024\/speakers\/"},"modified":"2024-09-27T10:01:33","modified_gmt":"2024-09-27T08:01:33","slug":"ponentes","status":"publish","type":"page","link":"https:\/\/granada.wordcamp.org\/2024\/ponentes\/","title":{"rendered":"Ponentes"},"content":{"rendered":"\n<div class=\"wp-block-group alignfull has-custom-gold-1-background-color has-background has-global-padding is-layout-constrained wp-container-core-group-is-layout-d7ca5b4a wp-block-group-is-layout-constrained\" style=\"margin-top:0;margin-bottom:var(--wp--preset--spacing--50);padding-top:250px;padding-right:0;padding-bottom:var(--wp--preset--spacing--60);padding-left:0;background-image:url(&apos;https:\/\/granada.wordcamp.org\/2024\/files\/2024\/05\/tile-sand-border-3px.png&apos;);background-position:11% 48%;background-repeat:no-repeat;background-size:auto;\">\n<h1 class=\"wp-block-heading has-text-align-center is-style-default\" style=\"padding-top:0;padding-bottom:0\">Ponentes<\/h1>\n\n\n\n<h3 class=\"wp-block-heading has-text-align-center is-style-default has-montserrat-font-family\" style=\"padding-top:0;padding-bottom:0;font-style:normal;font-weight:400\">Speakers<br><\/h3>\n<\/div>\n\n\n\n<div class=\"wp-block-query alignwide has-global-padding is-layout-constrained wp-block-query-is-layout-constrained\"><ul class=\"columns-3 alignwide wp-block-post-template is-layout-grid wp-container-core-post-template-is-layout-6d3fbd8f wp-block-post-template-is-layout-grid\"><li class=\"wp-block-post post-4271 wcb_speaker type-wcb_speaker status-publish hentry\">\n<figure style=\"width:96px;height:96px;\" class=\"aligncenter is-style-rounded wp-block-wordcamp-avatar\"><img decoding=\"async\" src=\"https:\/\/secure.gravatar.com\/avatar\/8439c0b8e69dba402a16468e80e8f09ee3113b50c71fecbe41426ef070b3d1cd?s=96&amp;d=mm&amp;r=g\" alt=\"\u00c1lvaro Torres\" \/><\/figure>\n\n<h2 class=\"has-text-align-center wp-block-post-title has-large-font-size\"><a href=\"https:\/\/granada.wordcamp.org\/2024\/speaker\/alvaro-torres\/\" target=\"_self\" >\u00c1lvaro Torres<\/a><\/h2>\n\n<ul style=\"margin-top:var(--wp--preset--spacing--20);margin-bottom:0;\" class=\"has-text-align-center wp-block-wordcamp-speaker-sessions\"><li><p><a href=\"https:\/\/granada.wordcamp.org\/2024\/session\/juego-sobre-wordpress-y-turismo\/\">Juego sobre WordPress y Turismo<\/a><\/p><\/li><\/ul>\n\n\n<div class=\"wp-block-group has-global-padding is-layout-constrained wp-block-group-is-layout-constrained\"><a class=\"wp-block-read-more\" href=\"https:\/\/granada.wordcamp.org\/2024\/speaker\/alvaro-torres\/\" target=\"_self\">Leer m\u00e1s<span class=\"screen-reader-text\">: \u00c1lvaro Torres<\/span><\/a><\/div>\n\n<\/li><li class=\"wp-block-post post-3192 wcb_speaker type-wcb_speaker status-publish hentry wcb_speaker_group-taller-practico\">\n<figure style=\"width:96px;height:96px;\" class=\"aligncenter is-style-rounded wp-block-wordcamp-avatar\"><img decoding=\"async\" src=\"https:\/\/secure.gravatar.com\/avatar\/1d4b367190f7b67d1e0f92665a518a69c382aa8caa63cfe1c18b4dd9d4e85abd?s=96&amp;d=mm&amp;r=g\" alt=\"\u00c1ngel Cano Yd\u00e1\u00f1ez\" \/><\/figure>\n\n<h2 class=\"has-text-align-center wp-block-post-title has-large-font-size\"><a href=\"https:\/\/granada.wordcamp.org\/2024\/speaker\/angel-cano-ydanez\/\" target=\"_self\" >\u00c1ngel Cano Yd\u00e1\u00f1ez<\/a><\/h2>\n\n<ul style=\"margin-top:var(--wp--preset--spacing--20);margin-bottom:0;\" class=\"has-text-align-center wp-block-wordcamp-speaker-sessions\"><li><p><a href=\"https:\/\/granada.wordcamp.org\/2024\/session\/apis-turisticas-mil-y-una-formas-de-monetizar-tu-sitio-web\/\">Taller: Las API tur\u00edsticas: mil y una formas de monetizar tu sitio web<\/a><\/p><\/li><\/ul>\n\n\n<div class=\"wp-block-group has-global-padding is-layout-constrained wp-block-group-is-layout-constrained\"><a class=\"wp-block-read-more\" href=\"https:\/\/granada.wordcamp.org\/2024\/speaker\/angel-cano-ydanez\/\" target=\"_self\">Leer m\u00e1s<span class=\"screen-reader-text\">: \u00c1ngel Cano Yd\u00e1\u00f1ez<\/span><\/a><\/div>\n\n<\/li><li class=\"wp-block-post post-3430 wcb_speaker type-wcb_speaker status-publish hentry wcb_speaker_group-charla\">\n<figure style=\"width:96px;height:96px;\" class=\"aligncenter is-style-rounded wp-block-wordcamp-avatar\"><img decoding=\"async\" src=\"https:\/\/secure.gravatar.com\/avatar\/54003be59f5955589be8e53298772b05bdbfcf63e849aaa56989ed16d5e2bda0?s=96&amp;d=mm&amp;r=g\" alt=\"Celia Rozalen\" \/><\/figure>\n\n<h2 class=\"has-text-align-center wp-block-post-title has-large-font-size\"><a href=\"https:\/\/granada.wordcamp.org\/2024\/speaker\/celia-rozalen\/\" target=\"_self\" >Celia Rozalen<\/a><\/h2>\n\n<ul style=\"margin-top:var(--wp--preset--spacing--20);margin-bottom:0;\" class=\"has-text-align-center wp-block-wordcamp-speaker-sessions\"><li><p><a href=\"https:\/\/granada.wordcamp.org\/2024\/session\/la-nueva-manera-de-promocionar-tu-negocio-turistico\/\">La nueva manera de promocionar tu negocio tur\u00edstico<\/a><\/p><\/li><\/ul>\n\n\n<div class=\"wp-block-group has-global-padding is-layout-constrained wp-block-group-is-layout-constrained\"><a class=\"wp-block-read-more\" href=\"https:\/\/granada.wordcamp.org\/2024\/speaker\/celia-rozalen\/\" target=\"_self\">Leer m\u00e1s<span class=\"screen-reader-text\">: Celia Rozalen<\/span><\/a><\/div>\n\n<\/li><li class=\"wp-block-post post-3184 wcb_speaker type-wcb_speaker status-publish hentry wcb_speaker_group-minicharla\">\n<figure style=\"width:96px;height:96px;\" class=\"aligncenter is-style-rounded wp-block-wordcamp-avatar\"><img decoding=\"async\" src=\"https:\/\/secure.gravatar.com\/avatar\/7299613c340bd6d5349476995ae7bea65b99e18761347e9e18c970f5778606bb?s=96&amp;d=mm&amp;r=g\" alt=\"Corina Burri\" \/><\/figure>\n\n<h2 class=\"has-text-align-center wp-block-post-title has-large-font-size\"><a href=\"https:\/\/granada.wordcamp.org\/2024\/speaker\/corina-burri\/\" target=\"_self\" >Corina Burri<\/a><\/h2>\n\n<ul style=\"margin-top:var(--wp--preset--spacing--20);margin-bottom:0;\" class=\"has-text-align-center wp-block-wordcamp-speaker-sessions\"><li><p><a href=\"https:\/\/granada.wordcamp.org\/2024\/session\/seo-busqueda-de-palabras-clave-para-webs-de-hoteles\/\">SEO: B\u00fasqueda de palabras clave para webs de hoteles<\/a><\/p><\/li><\/ul>\n\n\n<div class=\"wp-block-group has-global-padding is-layout-constrained wp-block-group-is-layout-constrained\"><a class=\"wp-block-read-more\" href=\"https:\/\/granada.wordcamp.org\/2024\/speaker\/corina-burri\/\" target=\"_self\">Leer m\u00e1s<span class=\"screen-reader-text\">: Corina Burri<\/span><\/a><\/div>\n\n<\/li><li class=\"wp-block-post post-3248 wcb_speaker type-wcb_speaker status-publish hentry wcb_speaker_group-minicharla\">\n<figure style=\"width:96px;height:96px;\" class=\"aligncenter is-style-rounded wp-block-wordcamp-avatar\"><img decoding=\"async\" src=\"https:\/\/secure.gravatar.com\/avatar\/6ddc525ae47cdce6c4d632d40ad0ebdfa590fdb36dfca0c85a4cbd5cccaf5351?s=96&amp;d=mm&amp;r=g\" alt=\"Fernando Tellado\" \/><\/figure>\n\n<h2 class=\"has-text-align-center wp-block-post-title has-large-font-size\"><a href=\"https:\/\/granada.wordcamp.org\/2024\/speaker\/fernando-tellado\/\" target=\"_self\" >Fernando Tellado<\/a><\/h2>\n\n<ul style=\"margin-top:var(--wp--preset--spacing--20);margin-bottom:0;\" class=\"has-text-align-center wp-block-wordcamp-speaker-sessions\"><li><p><a href=\"https:\/\/granada.wordcamp.org\/2024\/session\/juventud-rural-y-nuevas-tecnologias-como-solucion-a-la-espana-vaciada\/\">Juventud rural y nuevas tecnolog\u00edas como soluci\u00f3n a la Espa\u00f1a vaciada<\/a><\/p><\/li><\/ul>\n\n\n<div class=\"wp-block-group has-global-padding is-layout-constrained wp-block-group-is-layout-constrained\"><a class=\"wp-block-read-more\" href=\"https:\/\/granada.wordcamp.org\/2024\/speaker\/fernando-tellado\/\" target=\"_self\">Leer m\u00e1s<span class=\"screen-reader-text\">: Fernando Tellado<\/span><\/a><\/div>\n\n<\/li><li class=\"wp-block-post post-3722 wcb_speaker type-wcb_speaker status-publish hentry wcb_speaker_group-taller-practico\">\n<figure style=\"width:96px;height:96px;\" class=\"aligncenter is-style-rounded wp-block-wordcamp-avatar\"><img decoding=\"async\" src=\"https:\/\/secure.gravatar.com\/avatar\/4613e35f51d7e0420f8dbd1dc3eeb61289d3b528e3d4cfb53d3e8ca0a35ab63d?s=96&amp;d=mm&amp;r=g\" alt=\"Francisca Rodriguez Picazos\" \/><\/figure>\n\n<h2 class=\"has-text-align-center wp-block-post-title has-large-font-size\"><a href=\"https:\/\/granada.wordcamp.org\/2024\/speaker\/francisca-rodriguez-picazos\/\" target=\"_self\" >Francisca Rodriguez Picazos<\/a><\/h2>\n\n<ul style=\"margin-top:var(--wp--preset--spacing--20);margin-bottom:0;\" class=\"has-text-align-center wp-block-wordcamp-speaker-sessions\"><li><p><a href=\"https:\/\/granada.wordcamp.org\/2024\/session\/planteamiento-de-un-proyecto-de-diseno-web-para-un-cliente-del-sector-turistico\/\">Taller: Planteamiento de un proyecto de dise\u00f1o web para un cliente del sector tur\u00edstico<\/a><\/p><\/li><\/ul>\n\n\n<div class=\"wp-block-group has-global-padding is-layout-constrained wp-block-group-is-layout-constrained\"><a class=\"wp-block-read-more\" href=\"https:\/\/granada.wordcamp.org\/2024\/speaker\/francisca-rodriguez-picazos\/\" target=\"_self\">Leer m\u00e1s<span class=\"screen-reader-text\">: Francisca Rodriguez Picazos<\/span><\/a><\/div>\n\n<\/li><li class=\"wp-block-post post-3215 wcb_speaker type-wcb_speaker status-publish hentry wcb_speaker_group-charla\">\n<figure style=\"width:96px;height:96px;\" class=\"aligncenter is-style-rounded wp-block-wordcamp-avatar\"><img decoding=\"async\" src=\"https:\/\/secure.gravatar.com\/avatar\/2216913a6c2b85fecc965405140952fa013ddc987fb596f55c6895c4121fa5fc?s=96&amp;d=mm&amp;r=g\" alt=\"Gustavo Galati\" \/><\/figure>\n\n<h2 class=\"has-text-align-center wp-block-post-title has-large-font-size\"><a href=\"https:\/\/granada.wordcamp.org\/2024\/speaker\/gustavo-galati\/\" target=\"_self\" >Gustavo Galati<\/a><\/h2>\n\n<ul style=\"margin-top:var(--wp--preset--spacing--20);margin-bottom:0;\" class=\"has-text-align-center wp-block-wordcamp-speaker-sessions\"><li><p><a href=\"https:\/\/granada.wordcamp.org\/2024\/session\/la-relevancia-de-wordpress-dentro-del-modelo-dti-destino-turistico-inteligente\/\">La relevancia de WordPress dentro del modelo DTI (Destino Tur\u00edstico Inteligente)<\/a><\/p><\/li><\/ul>\n\n\n<div class=\"wp-block-group has-global-padding is-layout-constrained wp-block-group-is-layout-constrained\"><a class=\"wp-block-read-more\" href=\"https:\/\/granada.wordcamp.org\/2024\/speaker\/gustavo-galati\/\" target=\"_self\">Leer m\u00e1s<span class=\"screen-reader-text\">: Gustavo Galati<\/span><\/a><\/div>\n\n<\/li><li class=\"wp-block-post post-3512 wcb_speaker type-wcb_speaker status-publish hentry wcb_speaker_group-charla\">\n<figure style=\"width:96px;height:96px;\" class=\"aligncenter is-style-rounded wp-block-wordcamp-avatar\"><img decoding=\"async\" src=\"https:\/\/secure.gravatar.com\/avatar\/6c7e63a755826f238780a681048656b633a5d5033ba02f2374139caef22c805d?s=96&amp;d=mm&amp;r=g\" alt=\"Jose Antonio Ruiz Cantero\" \/><\/figure>\n\n<h2 class=\"has-text-align-center wp-block-post-title has-large-font-size\"><a href=\"https:\/\/granada.wordcamp.org\/2024\/speaker\/jose-antonio-ruiz-cantero\/\" target=\"_self\" >Jose Antonio Ruiz Cantero<\/a><\/h2>\n\n<ul style=\"margin-top:var(--wp--preset--spacing--20);margin-bottom:0;\" class=\"has-text-align-center wp-block-wordcamp-speaker-sessions\"><li><p><a href=\"https:\/\/granada.wordcamp.org\/2024\/session\/potencia-tu-empresa-conectando-wordpress-con-tu-ficha-de-google-business-profile\/\">Potencia tu empresa conectando WordPress con tu ficha de Google Business Profile<\/a><\/p><\/li><\/ul>\n\n\n<div class=\"wp-block-group has-global-padding is-layout-constrained wp-block-group-is-layout-constrained\"><a class=\"wp-block-read-more\" href=\"https:\/\/granada.wordcamp.org\/2024\/speaker\/jose-antonio-ruiz-cantero\/\" target=\"_self\">Leer m\u00e1s<span class=\"screen-reader-text\">: Jose Antonio Ruiz Cantero<\/span><\/a><\/div>\n\n<\/li><li class=\"wp-block-post post-3361 wcb_speaker type-wcb_speaker status-publish hentry wcb_speaker_group-charla\">\n<figure style=\"width:96px;height:96px;\" class=\"aligncenter is-style-rounded wp-block-wordcamp-avatar\"><img decoding=\"async\" src=\"https:\/\/secure.gravatar.com\/avatar\/70a7820ae1337487d3bb2708b294bac40e37de9c99ea7b682a517503ae62ef52?s=96&amp;d=mm&amp;r=g\" alt=\"Juanma Rodriguez Jurado\" \/><\/figure>\n\n<h2 class=\"has-text-align-center wp-block-post-title has-large-font-size\"><a href=\"https:\/\/granada.wordcamp.org\/2024\/speaker\/__trashed-15\/\" target=\"_self\" >Juanma Rodriguez Jurado<\/a><\/h2>\n\n<ul style=\"margin-top:var(--wp--preset--spacing--20);margin-bottom:0;\" class=\"has-text-align-center wp-block-wordcamp-speaker-sessions\"><li><p><a href=\"https:\/\/granada.wordcamp.org\/2024\/session\/descubre-el-potencial-del-turismo-espanol-con-el-analisis-de-datos-geoespaciales-y-wordpress\/\">Descubre el Potencial del Turismo Espa\u00f1ol con Datos Geoespaciales y WordPress<\/a><\/p><\/li><\/ul>\n\n\n<div class=\"wp-block-group has-global-padding is-layout-constrained wp-block-group-is-layout-constrained\"><a class=\"wp-block-read-more\" href=\"https:\/\/granada.wordcamp.org\/2024\/speaker\/__trashed-15\/\" target=\"_self\">Leer m\u00e1s<span class=\"screen-reader-text\">: Juanma Rodriguez Jurado<\/span><\/a><\/div>\n\n<\/li><li class=\"wp-block-post post-3427 wcb_speaker type-wcb_speaker status-publish hentry wcb_speaker_group-charla\">\n<figure style=\"width:96px;height:96px;\" class=\"aligncenter is-style-rounded wp-block-wordcamp-avatar\"><img decoding=\"async\" src=\"https:\/\/secure.gravatar.com\/avatar\/b293ae2eada0abc7dba78cfc2563789b870536f7f5d68f4d3605de13ce3e9ef0?s=96&amp;d=mm&amp;r=g\" alt=\"Lidia Marb\u00e1n\" \/><\/figure>\n\n<h2 class=\"has-text-align-center wp-block-post-title has-large-font-size\"><a href=\"https:\/\/granada.wordcamp.org\/2024\/speaker\/lidia-marban\/\" target=\"_self\" >Lidia Marb\u00e1n<\/a><\/h2>\n\n<ul style=\"margin-top:var(--wp--preset--spacing--20);margin-bottom:0;\" class=\"has-text-align-center wp-block-wordcamp-speaker-sessions\"><li><p><a href=\"https:\/\/granada.wordcamp.org\/2024\/session\/creando-experiencias-memorables-diseno-web-para-yacimientos-arqueologicos-visitables\/\">Creando experiencias memorables: dise\u00f1o web para yacimientos arqueol\u00f3gicos visitables<\/a><\/p><\/li><\/ul>\n\n\n<div class=\"wp-block-group has-global-padding is-layout-constrained wp-block-group-is-layout-constrained\"><a class=\"wp-block-read-more\" href=\"https:\/\/granada.wordcamp.org\/2024\/speaker\/lidia-marban\/\" target=\"_self\">Leer m\u00e1s<span class=\"screen-reader-text\">: Lidia Marb\u00e1n<\/span><\/a><\/div>\n\n<\/li><li class=\"wp-block-post post-3551 wcb_speaker type-wcb_speaker status-publish hentry wcb_speaker_group-minicharla\">\n<figure style=\"width:96px;height:96px;\" class=\"aligncenter is-style-rounded wp-block-wordcamp-avatar\"><img decoding=\"async\" src=\"https:\/\/secure.gravatar.com\/avatar\/716940c4c1eba81a3e934f5180e39f0c51b5b5a7eabbbc36fd971214ca91b452?s=96&amp;d=mm&amp;r=g\" alt=\"Mayl\u00e9n Garc\u00eda\" \/><\/figure>\n\n<h2 class=\"has-text-align-center wp-block-post-title has-large-font-size\"><a href=\"https:\/\/granada.wordcamp.org\/2024\/speaker\/maylen-garcia\/\" target=\"_self\" >Mayl\u00e9n Garc\u00eda<\/a><\/h2>\n\n<ul style=\"margin-top:var(--wp--preset--spacing--20);margin-bottom:0;\" class=\"has-text-align-center wp-block-wordcamp-speaker-sessions\"><li><p><a href=\"https:\/\/granada.wordcamp.org\/2024\/session\/disenos-de-bucles-creativos-para-webs-de-turismo\/\">Dise\u00f1os de bucles creativos para webs de turismo<\/a><\/p><\/li><\/ul>\n\n\n<div class=\"wp-block-group has-global-padding is-layout-constrained wp-block-group-is-layout-constrained\"><a class=\"wp-block-read-more\" href=\"https:\/\/granada.wordcamp.org\/2024\/speaker\/maylen-garcia\/\" target=\"_self\">Leer m\u00e1s<span class=\"screen-reader-text\">: Mayl\u00e9n Garc\u00eda<\/span><\/a><\/div>\n\n<\/li><li class=\"wp-block-post post-3433 wcb_speaker type-wcb_speaker status-publish hentry wcb_speaker_group-charla\">\n<figure style=\"width:96px;height:96px;\" class=\"aligncenter is-style-rounded wp-block-wordcamp-avatar\"><img decoding=\"async\" src=\"https:\/\/secure.gravatar.com\/avatar\/dcfbe8ed7ab4029a9871877a43afc05537e5f528e4f4e07422365c8500c5fc43?s=96&amp;d=mm&amp;r=g\" alt=\"Melani Cazorla\" \/><\/figure>\n\n<h2 class=\"has-text-align-center wp-block-post-title has-large-font-size\"><a href=\"https:\/\/granada.wordcamp.org\/2024\/speaker\/melani-cazorla\/\" target=\"_self\" >Melani Cazorla<\/a><\/h2>\n\n<ul style=\"margin-top:var(--wp--preset--spacing--20);margin-bottom:0;\" class=\"has-text-align-center wp-block-wordcamp-speaker-sessions\"><li><p><a href=\"https:\/\/granada.wordcamp.org\/2024\/session\/como-usar-el-videomarketing-para-atraer-mas-huespedes\/\">C\u00f3mo usar el videomarketing para atraer m\u00e1s hu\u00e9spedes<\/a><\/p><\/li><\/ul>\n\n\n<div class=\"wp-block-group has-global-padding is-layout-constrained wp-block-group-is-layout-constrained\"><a class=\"wp-block-read-more\" href=\"https:\/\/granada.wordcamp.org\/2024\/speaker\/melani-cazorla\/\" target=\"_self\">Leer m\u00e1s<span class=\"screen-reader-text\">: Melani Cazorla<\/span><\/a><\/div>\n\n<\/li><li class=\"wp-block-post post-6151 wcb_speaker type-wcb_speaker status-publish hentry wcb_speaker_group-charla\">\n<figure style=\"width:96px;height:96px;\" class=\"aligncenter is-style-rounded wp-block-wordcamp-avatar\"><img decoding=\"async\" src=\"https:\/\/secure.gravatar.com\/avatar\/ecfae3b641b4cd015e1bb3b6b4bef5078f5f9922c82eebf6053ba9ac4eaebda5?s=96&amp;d=mm&amp;r=g\" alt=\"Miguel \u00c1ngel P\u00e9rez\" \/><\/figure>\n\n<h2 class=\"has-text-align-center wp-block-post-title has-large-font-size\"><a href=\"https:\/\/granada.wordcamp.org\/2024\/speaker\/miguel-angel-perez\/\" target=\"_self\" >Miguel \u00c1ngel P\u00e9rez<\/a><\/h2>\n\n<ul style=\"margin-top:var(--wp--preset--spacing--20);margin-bottom:0;\" class=\"has-text-align-center wp-block-wordcamp-speaker-sessions\"><li><p><a href=\"https:\/\/granada.wordcamp.org\/2024\/session\/apertura-y-bienvenida\/\">Apertura y Bienvenida<\/a><\/p><\/li><\/ul>\n\n\n<div class=\"wp-block-group has-global-padding is-layout-constrained wp-block-group-is-layout-constrained\"><a class=\"wp-block-read-more\" href=\"https:\/\/granada.wordcamp.org\/2024\/speaker\/miguel-angel-perez\/\" target=\"_self\">Leer m\u00e1s<span class=\"screen-reader-text\">: Miguel \u00c1ngel P\u00e9rez<\/span><\/a><\/div>\n\n<\/li><li class=\"wp-block-post post-3287 wcb_speaker type-wcb_speaker status-publish hentry wcb_speaker_group-minicharla\">\n<figure style=\"width:96px;height:96px;\" class=\"aligncenter is-style-rounded wp-block-wordcamp-avatar\"><img decoding=\"async\" src=\"https:\/\/secure.gravatar.com\/avatar\/09a19d6c3d35d136db80cd14757e532d95a3b54dd9aebded06dcee529ed3d285?s=96&amp;d=mm&amp;r=g\" alt=\"Nilo V\u00e9lez\" \/><\/figure>\n\n<h2 class=\"has-text-align-center wp-block-post-title has-large-font-size\"><a href=\"https:\/\/granada.wordcamp.org\/2024\/speaker\/nilo-velez\/\" target=\"_self\" >Nilo V\u00e9lez<\/a><\/h2>\n\n<ul style=\"margin-top:var(--wp--preset--spacing--20);margin-bottom:0;\" class=\"has-text-align-center wp-block-wordcamp-speaker-sessions\"><li><p><a href=\"https:\/\/granada.wordcamp.org\/2024\/session\/web-propia-plataforma-externa-de-reservas-o-mitad-y-mitad\/\">\u00bfWeb propia, plataforma externa de reservas o mitad y mitad?<\/a><\/p><\/li><\/ul>\n\n\n<div class=\"wp-block-group has-global-padding is-layout-constrained wp-block-group-is-layout-constrained\"><a class=\"wp-block-read-more\" href=\"https:\/\/granada.wordcamp.org\/2024\/speaker\/nilo-velez\/\" target=\"_self\">Leer m\u00e1s<span class=\"screen-reader-text\">: Nilo V\u00e9lez<\/span><\/a><\/div>\n\n<\/li><li class=\"wp-block-post post-4046 wcb_speaker type-wcb_speaker status-publish hentry wcb_speaker_group-charla\">\n<figure style=\"width:96px;height:96px;\" class=\"aligncenter is-style-rounded wp-block-wordcamp-avatar\"><img decoding=\"async\" src=\"https:\/\/secure.gravatar.com\/avatar\/e1991a64ef1391bfc192c0c4e8938ba904e436ca32cf934f1862b3358f6af59d?s=96&amp;d=mm&amp;r=g\" alt=\"Pablo Cirre\" \/><\/figure>\n\n<h2 class=\"has-text-align-center wp-block-post-title has-large-font-size\"><a href=\"https:\/\/granada.wordcamp.org\/2024\/speaker\/pablo-cirre\/\" target=\"_self\" >Pablo Cirre<\/a><\/h2>\n\n<ul style=\"margin-top:var(--wp--preset--spacing--20);margin-bottom:0;\" class=\"has-text-align-center wp-block-wordcamp-speaker-sessions\"><li><p><a href=\"https:\/\/granada.wordcamp.org\/2024\/session\/gana-miles-visitantes-nueva-forma-crear-contenidos-turisti\/\">Gana Miles de Visitantes: La Nueva Forma de Crear Contenidos Tur\u00edsticos en WordPress con IA<\/a><\/p><\/li><\/ul>\n\n\n<div class=\"wp-block-group has-global-padding is-layout-constrained wp-block-group-is-layout-constrained\"><a class=\"wp-block-read-more\" href=\"https:\/\/granada.wordcamp.org\/2024\/speaker\/pablo-cirre\/\" target=\"_self\">Leer m\u00e1s<span class=\"screen-reader-text\">: Pablo Cirre<\/span><\/a><\/div>\n\n<\/li><li class=\"wp-block-post post-3381 wcb_speaker type-wcb_speaker status-publish hentry wcb_speaker_group-minicharla\">\n<figure style=\"width:96px;height:96px;\" class=\"aligncenter is-style-rounded wp-block-wordcamp-avatar\"><img decoding=\"async\" src=\"https:\/\/secure.gravatar.com\/avatar\/69b0fac4eef0e4ee1d57e1c82414afc867a7142ed437cb28cd92c59a8fc3310c?s=96&amp;d=mm&amp;r=g\" alt=\"Paula Carmona\" \/><\/figure>\n\n<h2 class=\"has-text-align-center wp-block-post-title has-large-font-size\"><a href=\"https:\/\/granada.wordcamp.org\/2024\/speaker\/paula-carmona\/\" target=\"_self\" >Paula Carmona<\/a><\/h2>\n\n<ul style=\"margin-top:var(--wp--preset--spacing--20);margin-bottom:0;\" class=\"has-text-align-center wp-block-wordcamp-speaker-sessions\"><li><p><a href=\"https:\/\/granada.wordcamp.org\/2024\/session\/la-magia-del-storytelling-en-el-turismo\/\">La magia del storytelling en el turismo<\/a><\/p><\/li><\/ul>\n\n\n<div class=\"wp-block-group has-global-padding is-layout-constrained wp-block-group-is-layout-constrained\"><a class=\"wp-block-read-more\" href=\"https:\/\/granada.wordcamp.org\/2024\/speaker\/paula-carmona\/\" target=\"_self\">Leer m\u00e1s<span class=\"screen-reader-text\">: Paula Carmona<\/span><\/a><\/div>\n\n<\/li><li class=\"wp-block-post post-5557 wcb_speaker type-wcb_speaker status-publish hentry wcb_speaker_group-charla\">\n<figure style=\"width:96px;height:96px;\" class=\"aligncenter is-style-rounded wp-block-wordcamp-avatar\"><img decoding=\"async\" src=\"https:\/\/secure.gravatar.com\/avatar\/4d21369cfc27b3e1bb9561cd6e88ce86b3a64a766bb7f1ac3b5cee1f13e29061?s=96&amp;d=mm&amp;r=g\" alt=\"Rafa M\u00e9rida\" \/><\/figure>\n\n<h2 class=\"has-text-align-center wp-block-post-title has-large-font-size\"><a href=\"https:\/\/granada.wordcamp.org\/2024\/speaker\/rafa-merida\/\" target=\"_self\" >Rafa M\u00e9rida<\/a><\/h2>\n\n<ul style=\"margin-top:var(--wp--preset--spacing--20);margin-bottom:0;\" class=\"has-text-align-center wp-block-wordcamp-speaker-sessions\"><li><p><a href=\"https:\/\/granada.wordcamp.org\/2024\/session\/turismo-de-interior-fiestas-y-actividades-culturales-montando-la-guia-definitiva-de-pueblos-con-wordpress\/\">Turismo de interior, fiestas y actividades culturales: montando la gu\u00eda definitiva de pueblos con WordPress<\/a><\/p><\/li><\/ul>\n\n\n<div class=\"wp-block-group has-global-padding is-layout-constrained wp-block-group-is-layout-constrained\"><a class=\"wp-block-read-more\" href=\"https:\/\/granada.wordcamp.org\/2024\/speaker\/rafa-merida\/\" target=\"_self\">Leer m\u00e1s<span class=\"screen-reader-text\">: Rafa M\u00e9rida<\/span><\/a><\/div>\n\n<\/li><li class=\"wp-block-post post-3718 wcb_speaker type-wcb_speaker status-publish hentry wcb_speaker_group-charla\">\n<figure style=\"width:96px;height:96px;\" class=\"aligncenter is-style-rounded wp-block-wordcamp-avatar\"><img decoding=\"async\" src=\"https:\/\/secure.gravatar.com\/avatar\/d82f70d186b0ea4d5b0b3c5f4ac136b19ba12dc78d560dcff408a330d4447d48?s=96&amp;d=mm&amp;r=g\" alt=\"Vanesa G\u00f3mez del R\u00edo\" \/><\/figure>\n\n<h2 class=\"has-text-align-center wp-block-post-title has-large-font-size\"><a href=\"https:\/\/granada.wordcamp.org\/2024\/speaker\/vanesa-gomez-del-rio\/\" target=\"_self\" >Vanesa G\u00f3mez del R\u00edo<\/a><\/h2>\n\n<ul style=\"margin-top:var(--wp--preset--spacing--20);margin-bottom:0;\" class=\"has-text-align-center wp-block-wordcamp-speaker-sessions\"><li><p><a href=\"https:\/\/granada.wordcamp.org\/2024\/session\/vivir-viajando-gracias-a-wordpress\/\">Vivir viajando gracias a WordPress<\/a><\/p><\/li><\/ul>\n\n\n<div class=\"wp-block-group has-global-padding is-layout-constrained wp-block-group-is-layout-constrained\"><a class=\"wp-block-read-more\" href=\"https:\/\/granada.wordcamp.org\/2024\/speaker\/vanesa-gomez-del-rio\/\" target=\"_self\">Leer m\u00e1s<span class=\"screen-reader-text\">: Vanesa G\u00f3mez del R\u00edo<\/span><\/a><\/div>\n\n<\/li><\/ul><\/div>\n","protected":false},"excerpt":{"rendered":"<p>Ponentes Speakers<\/p>\n","protected":false},"author":16614963,"featured_media":0,"parent":0,"menu_order":0,"comment_status":"closed","ping_status":"closed","template":"wp-custom-template-es-pagina-sin-titulo","meta":{"jetpack_post_was_ever_published":true,"footnotes":""},"class_list":["post-8","page","type-page","status-publish","hentry"],"jetpack_sharing_enabled":true,"_links":{"self":[{"href":"https:\/\/granada.wordcamp.org\/2024\/wp-json\/wp\/v2\/pages\/8","targetHints":{"allow":["GET"]}}],"collection":[{"href":"https:\/\/granada.wordcamp.org\/2024\/wp-json\/wp\/v2\/pages"}],"about":[{"href":"https:\/\/granada.wordcamp.org\/2024\/wp-json\/wp\/v2\/types\/page"}],"author":[{"embeddable":true,"href":"https:\/\/granada.wordcamp.org\/2024\/wp-json\/wp\/v2\/users\/16614963"}],"replies":[{"embeddable":true,"href":"https:\/\/granada.wordcamp.org\/2024\/wp-json\/wp\/v2\/comments?post=8"}],"version-history":[{"count":5,"href":"https:\/\/granada.wordcamp.org\/2024\/wp-json\/wp\/v2\/pages\/8\/revisions"}],"predecessor-version":[{"id":5016,"href":"https:\/\/granada.wordcamp.org\/2024\/wp-json\/wp\/v2\/pages\/8\/revisions\/5016"}],"wp:attachment":[{"href":"https:\/\/granada.wordcamp.org\/2024\/wp-json\/wp\/v2\/media?parent=8"}],"curies":[{"name":"wp","href":"https:\/\/api.w.org\/{rel}","templated":true}]}}